{"id":6970,"date":"2023-07-19T13:09:25","date_gmt":"2023-07-19T13:09:25","guid":{"rendered":"https:\/\/aedcolor.com\/?page_id=6970"},"modified":"2023-09-26T13:58:23","modified_gmt":"2023-09-26T13:58:23","slug":"epomax-mt-2","status":"publish","type":"page","link":"https:\/\/aedcolor.com\/index.php\/epomax-mt-2\/","title":{"rendered":"EPOMAX-MT"},"content":{"rendered":"<div class=\"wpb-content-wrapper\"><p>[vc_row css=&#8221;.vc_custom_1683099634441{padding-bottom: 30px !important;}&#8221;][vc_column width=&#8221;2\/3&#8243;][vc_custom_heading text=&#8221;EPOMAX-MT&#8221; font_container=&#8221;tag:h2|font_size:50|text_align:left&#8221; use_theme_fonts=&#8221;yes&#8221; link=&#8221;|title:AQUAMAT%20-%20SUPERELASTIC||&#8221;][\/vc_column][\/vc_row][vc_row][vc_column width=&#8221;1\/2&#8243;][vc_single_image image=&#8221;6971&#8243; img_size=&#8221;full&#8221;][\/vc_column][vc_column width=&#8221;1\/2&#8243;][vc_column_text]<span style=\"color: #000000;\"><strong>EPOMAX-MT \u00ebsht\u00eb nj\u00eb llac epoksid me tre p\u00ebrb\u00ebr\u00ebs, i dersh\u00ebm, pa tkurrje dhe me rezistenca t\u00eb larta.<\/strong> P\u00ebrb\u00ebhet prej rr\u00ebshire epokside pa tret\u00ebs dhe me 2 p\u00ebrb\u00ebr\u00ebs (p\u00ebrb\u00ebr\u00ebsi A,B) dhe prej r\u00ebse kuarcore me madh\u00ebsi kokrrash t\u00eb zgjedhur (p\u00ebrb\u00ebr\u00ebsi C). Ofron:<\/span><\/p>\n<ul>\n<li><span style=\"color: #000000;\">L\u00ebngshm\u00ebri shum\u00eb t\u00eb mir\u00eb<\/span><\/li>\n<li><span style=\"color: #000000;\">Rezistenc\u00eb t\u00eb lart\u00eb fillestare dhe p\u00ebrfundimtare<\/span><\/li>\n<li><span style=\"color: #000000;\">Forc\u00eb lidhjeje t\u00eb p\u00ebrkryer me celikun dhe betonin<\/span><\/li>\n<li><span style=\"color: #000000;\">Rezistenc\u00eb n\u00eb p\u00ebrplasje dhe dridhje<\/span><\/li>\n<li><span style=\"color: #000000;\">Rezistenc\u00eb kimike<\/span><\/li>\n<li><span style=\"color: #000000;\">Hidroizolim<\/span><\/li>\n<\/ul>\n<p><span style=\"color: #000000;\">I certifikuar sipas standardeve EN 1504-3 dhe EN 1504-6 si llac p\u00ebr riparimet e betonit dhe si produkt fiksues p\u00ebr p\u00ebrforcimin e shufrave t\u00eb celikut. Mban sh\u00ebnimin CE.<\/span><\/p>\n<p><strong><span style=\"color: #000000;\">EPOMAX-MT p\u00ebrshtatet p\u00ebr:<\/span><\/strong><\/p>\n<ul>\n<li><span style=\"color: #000000;\">Ankorime<\/span><\/li>\n<li><span style=\"color: #000000;\">Stabilizim makinerish<\/span><\/li>\n<li><span style=\"color: #000000;\">Shtylla urash<\/span><\/li>\n<li><span style=\"color: #000000;\">Stabilizim shtyllash.<\/span><\/li>\n<\/ul>\n<p><strong><span style=\"color: #000000;\">N\u00ebnshtresa<\/span><\/strong><br \/>\n<em><span style=\"color: #000000;\">Sip\u00ebrfaqja duhet t\u00eb jet\u00eb:<\/span><\/em><\/p>\n<ul>\n<li><span style=\"color: #000000;\">E that\u00eb dhe stab\u00ebl<\/span><\/li>\n<li><span style=\"color: #000000;\">E lir\u00eb nga materialet q\u00eb pengojn\u00eb ngjitjen, p.sh. pluhur, yndyr\u00eb,vaj nga kall\u00ebpet e drurit, materiale trajtimi t\u00eb betonit, bojra t\u00eb vjetra, etj.<\/span><\/li>\n<\/ul>\n<p><span style=\"color: #000000;\">N\u00ebnshtresa duhet t\u00eb p\u00ebrgatitet me baz\u00eb natyrore q\u00eb ka duke u fshir\u00eb, me bluajtje, me hedhje r\u00ebre, sp\u00ebrkatje me uj\u00eb, sp\u00ebrkatje me topthe, etj. Pas k\u00ebsaj, sip\u00ebrfaqja duhet t\u00eb pastrohet nga pluhuri me aj\u00ebr me presion.<\/span><\/p>\n<p><strong><span style=\"color: #000000;\">P\u00ebrzierja e p\u00ebrb\u00ebr\u00ebsve<\/span><\/strong><\/p>\n<p><span style=\"color: #000000;\">P\u00ebrb\u00ebr\u00ebsit A (rr\u00ebshira) B (forcuesi) dhe C (r\u00ebra) jan\u00eb t\u00eb paketuara n\u00eb bidona t\u00eb vecant\u00eb duke patur raportin e sakt\u00eb t\u00eb p\u00ebrzierjes sipas pesh\u00ebs. Fillimisht p\u00ebrb\u00ebr\u00ebsi A p\u00ebrzihet mir\u00eb. Pastaj gjith\u00eb sasia e p\u00ebrb\u00ebr\u00ebsit B hidhet n\u00eb p\u00ebrb\u00ebr\u00ebsin A. P\u00ebrzierja e dy p\u00ebrb\u00ebr\u00ebsve duhet t\u00eb zgjas\u00eb rreth 1-2 minuta, duke p\u00ebrdorur mikser me xhiro t\u00eb ul\u00ebta (300 rot\/min). \u00cbsht\u00eb e r\u00ebnd\u00ebsishme\u00a0 t\u00eb p\u00ebrzihet krejt p\u00ebrzierja anash dhe n\u00eb fund t\u00eb en\u00ebs, p\u00ebr t\u00eb arritur shp\u00ebrndarjen uniforme t\u00eb forcuesit. pvrb\u00ebr\u00ebsi A dhe B vihen n\u00eb nj\u00eb en\u00eb m\u00eb t\u00eb madhe dhe vazhdohen t\u00eb p\u00ebrzihen dhe shtohet p\u00ebrb\u00ebr\u00ebsi C.<\/span>[\/vc_column_text][vc_row_inner][vc_column_inner width=&#8221;1\/2&#8243;]<div class=\"standard-arrow bullet-top\"><ul>\n<li class=\"col-12 col-xs-6 col-sm-12 col-md-6 d-flex pb-2 pb-md-3 \">Rezistenc\u00eb t\u00eb lart\u00eb fillestare dhe<br \/>\np\u00ebrfundimtare<\/li>\n<li>Forc\u00eb lidhjeje t\u00eb p\u00ebrkryer me \u00e7elikun dhe<br \/>\nbetonin<\/li>\n<\/ul>\n<\/div>[\/vc_column_inner][vc_column_inner width=&#8221;1\/2&#8243;]<div class=\"standard-arrow bullet-top\"><ul>\n<li>Rezistenc\u00eb n\u00eb p\u00ebrplasje dhe dridhje<\/li>\n<li>L\u00ebngshm\u00ebri shum\u00eb t\u00eb mir\u00eb<\/li>\n<\/ul>\n<\/div>[\/vc_column_inner][\/vc_row_inner][vc_row_inner css=&#8221;.vc_custom_1683100048912{padding-top: 20px !important;}&#8221;][vc_column_inner width=&#8221;1\/2&#8243;]<div class=\"aio-icon-component    style_1\"><div id=\"Info-box-wrap-9968\" class=\"aio-icon-box default-icon\" style=\"\"  ><div class=\"aio-icon-default\"><div class=\"ult-just-icon-wrapper  \"><div class=\"align-icon\" style=\"text-align:center;\">\n<div class=\"aio-icon-img \" style=\"font-size:65px;display:inline-block;\" >\n\t<img decoding=\"async\" class=\"img-icon\" alt=\"null\" src=\"https:\/\/aedcolor.com\/wp-content\/uploads\/2023\/05\/image-2.png\"\/>\n<\/div><\/div><\/div><\/div><div class=\"aio-icon-header\" ><h3 class=\"aio-icon-title ult-responsive\"  data-ultimate-target='#Info-box-wrap-9968 .aio-icon-title'  data-responsive-json-new='{\"font-size\":\"\",\"line-height\":\"\"}'  style=\"\">Sip\u00ebrfaqe: Beton, suva<\/h3><\/div> <!-- header --><\/div> <!-- aio-icon-box --><\/div> <!-- aio-icon-component -->[\/vc_column_inner][vc_column_inner width=&#8221;1\/2&#8243;]<div class=\"aio-icon-component    style_1\"><div id=\"Info-box-wrap-3870\" class=\"aio-icon-box default-icon\" style=\"\"  ><div class=\"aio-icon-default\"><div class=\"ult-just-icon-wrapper  \"><div class=\"align-icon\" style=\"text-align:center;\">\n<div class=\"aio-icon-img \" style=\"font-size:65px;display:inline-block;\" >\n\t<img decoding=\"async\" class=\"img-icon\" alt=\"null\" src=\"https:\/\/aedcolor.com\/wp-content\/uploads\/2023\/05\/image-1.png\"\/>\n<\/div><\/div><\/div><\/div><div class=\"aio-icon-header\" ><h3 class=\"aio-icon-title ult-responsive\"  data-ultimate-target='#Info-box-wrap-3870 .aio-icon-title'  data-responsive-json-new='{\"font-size\":\"\",\"line-height\":\"\"}'  style=\"\">Aplikimi: Fur\u00e7\u00eb, rul<\/h3><\/div> <!-- header --><\/div> <!-- aio-icon-box --><\/div> <!-- aio-icon-component -->[\/vc_column_inner][\/vc_row_inner][\/vc_column][\/vc_row]<\/p>\n<\/div>","protected":false},"excerpt":{"rendered":"<p>[vc_row css=&#8221;.vc_custom_1683099634441{padding-bottom: 30px !important;}&#8221;][vc_column width=&#8221;2\/3&#8243;][vc_custom_heading text=&#8221;EPOMAX-MT&#8221; font_container=&#8221;tag:h2|font_size:50|text_align:left&#8221; use_theme_fonts=&#8221;yes&#8221; link=&#8221;|title:AQUAMAT%20-%20SUPERELASTIC||&#8221;][\/vc_column][\/vc_row][vc_row][vc_column width=&#8221;1\/2&#8243;][vc_single_image image=&#8221;6971&#8243; img_size=&#8221;full&#8221;][\/vc_column][vc_column width=&#8221;1\/2&#8243;][vc_column_text]EPOMAX-MT \u00ebsht\u00eb nj\u00eb llac epoksid me tre p\u00ebrb\u00ebr\u00ebs, i dersh\u00ebm, pa tkurrje dhe me rezistenca t\u00eb larta. P\u00ebrb\u00ebhet prej rr\u00ebshire epokside pa tret\u00ebs dhe me 2 p\u00ebrb\u00ebr\u00ebs (p\u00ebrb\u00ebr\u00ebsi A,B) dhe prej r\u00ebse kuarcore me madh\u00ebsi kokrrash t\u00eb zgjedhur (p\u00ebrb\u00ebr\u00ebsi C). Ofron: L\u00ebngshm\u00ebri shum\u00eb&hellip;<\/p>\n","protected":false},"author":2,"featured_media":0,"parent":0,"menu_order":0,"comment_status":"closed","ping_status":"closed","template":"","meta":{"footnotes":""},"class_list":["post-6970","page","type-page","status-publish","hentry","description-off"],"_links":{"self":[{"href":"https:\/\/aedcolor.com\/index.php\/wp-json\/wp\/v2\/pages\/6970","targetHints":{"allow":["GET"]}}],"collection":[{"href":"https:\/\/aedcolor.com\/index.php\/wp-json\/wp\/v2\/pages"}],"about":[{"href":"https:\/\/aedcolor.com\/index.php\/wp-json\/wp\/v2\/types\/page"}],"author":[{"embeddable":true,"href":"https:\/\/aedcolor.com\/index.php\/wp-json\/wp\/v2\/users\/2"}],"replies":[{"embeddable":true,"href":"https:\/\/aedcolor.com\/index.php\/wp-json\/wp\/v2\/comments?post=6970"}],"version-history":[{"count":2,"href":"https:\/\/aedcolor.com\/index.php\/wp-json\/wp\/v2\/pages\/6970\/revisions"}],"predecessor-version":[{"id":9224,"href":"https:\/\/aedcolor.com\/index.php\/wp-json\/wp\/v2\/pages\/6970\/revisions\/9224"}],"wp:attachment":[{"href":"https:\/\/aedcolor.com\/index.php\/wp-json\/wp\/v2\/media?parent=6970"}],"curies":[{"name":"wp","href":"https:\/\/api.w.org\/{rel}","templated":true}]}}