{"id":6980,"date":"2023-07-20T06:55:04","date_gmt":"2023-07-20T06:55:04","guid":{"rendered":"https:\/\/aedcolor.com\/?page_id=6980"},"modified":"2023-10-09T07:12:36","modified_gmt":"2023-10-09T07:12:36","slug":"durofloor","status":"publish","type":"page","link":"https:\/\/aedcolor.com\/index.php\/durofloor\/","title":{"rendered":"DUROFLOOR"},"content":{"rendered":"<div class=\"wpb-content-wrapper\"><p>[vc_row css=&#8221;.vc_custom_1683099634441{padding-bottom: 30px !important;}&#8221;][vc_column width=&#8221;2\/3&#8243;][vc_custom_heading text=&#8221;DUROFLOOR&#8221; font_container=&#8221;tag:h2|font_size:50|text_align:left&#8221; use_theme_fonts=&#8221;yes&#8221; link=&#8221;|title:AQUAMAT%20-%20SUPERELASTIC||&#8221;][\/vc_column][\/vc_row][vc_row][vc_column width=&#8221;1\/2&#8243;][vc_single_image image=&#8221;6981&#8243; img_size=&#8221;full&#8221;][\/vc_column][vc_column width=&#8221;1\/2&#8243;][vc_column_text]<span style=\"color: #000000;\"><strong>DUROFLOOR \u00ebsht\u00eb sistem epoksid vet\u00ebnivelues me ngjyr\u00eb, 2 komponent\u00ebsh.<\/strong> Ofron fort\u00ebsi t\u00eb lart\u00eb me rezistenc\u00eb ndaj f\u00ebrkimit. \u00cbsht\u00eb rezistent ndaj acideve organike dhe inorganike, alkaleve, produkteve vajgurore, mbeturinave, ujit, ujit t\u00eb detit dhe ndaj nj\u00eb numri t\u00eb madh tret\u00ebsish. Ka rezistenc\u00eb ndaj temperaturave nga -30oC deri m\u00eb +100 oC me ngarkesa n\u00eb gjendje t\u00eb that\u00eb dhe deri me +60oC me ngarkesa n\u00eb gjendje t\u00eb l\u00ebng\u00ebt. \u00cbsht\u00eb certifikuar me sh\u00ebnimin CE si shtres\u00eb mbrojtjeje p\u00ebr sip\u00ebrfaqet e betonit, sipas certifikat\u00ebs EN 1504-2. Certifikata Nr. 2032-CPR-10.11. Ai klasifikohet si SR-B2,0-AR0,5-IR4 sipas standardit EN 13813. DUROFLOOR p\u00ebrdoret si mbishtres\u00eb vet\u00ebniveluese e hedhur n\u00eb dysheme me baz\u00eb cimento, atje ku kemi k\u00ebrkesa p\u00ebr veti mekanike ose kimike t\u00eb larta. \u00cbsht\u00eb i p\u00ebrshtatsh\u00ebm p\u00ebr ambiente industriale, punishte artizanale, magazina, dyqane t\u00eb m\u00ebdha, hotele, garaze, mjedise me qarkullim t\u00eb lart\u00eb, pika shitjeje karburanti, oficina etj. \u00cbsht\u00eb i p\u00ebrshtatsh\u00ebm p\u00ebr mbishtresa n\u00eb sip\u00ebrfaqe q\u00eb do t\u00eb jen\u00eb n\u00eb kontakt t\u00eb drejtp\u00ebrdrejt\u00eb me ushqime, sipas k\u00ebrkesave t\u00eb W-347, ISO 8467. Ajo \u00ebsht\u00eb n\u00eb p\u00ebrputhje me standardet e LEED (Rregulli 1113-SCAQMD) q\u00eb kan\u00eb t\u00eb b\u00ebjn\u00eb me Limitet e P\u00ebrb\u00ebr\u00ebsve Organike t\u00eb Paq\u00ebndrueshme (VOC), t\u00eb kategorizuara si veshje t\u00eb natyr\u00ebs s\u00eb Mir\u00ebmbajtjes Industriale (IM).<\/span><\/p>\n<p><span style=\"color: #000000;\"><strong>N\u00ebnshtresa<\/strong><\/span><br \/>\n<span style=\"color: #000000;\"><strong>Sip\u00ebrfaqet q\u00eb do t\u00eb shtrohen duhet:<\/strong><\/span><\/p>\n<ul>\n<li><span style=\"color: #000000;\">T\u00eb jen\u00eb t\u00eb thata dhe solide.<\/span><\/li>\n<li><span style=\"color: #000000;\">T\u00eb jen\u00eb t\u00eb pastra, pa materiale q\u00eb pengojn\u00eb ngjitjen si pluhur, materiale t\u00eb prishura, l\u00ebnd\u00eb yndyrore etj.<\/span><\/li>\n<li><span style=\"color: #000000;\">T\u00eb jen\u00eb t\u00eb mbrojtura nga lag\u00ebshtia nga ana e brendshme e tyre.<\/span><\/li>\n<\/ul>\n<p><span style=\"color: #000000;\">Gjithashtu, n\u00eb var\u00ebsi t\u00eb natyr\u00ebs s\u00eb n\u00ebnshtres\u00ebs, duhet t\u00eb b\u00ebhet parap\u00ebrgatitja e p\u00ebrshtatshme si pastrim me furc\u00eb, f\u00ebrkim, frezim, pastrim me uj\u00eb me presion, me r\u00ebr\u00eb me presion, me sfera me presion etj. N\u00eb vazhdim sip\u00ebrfaqja duhet t\u00eb pastrohet shume mir\u00eb nga pluhurat me fshes\u00eb me aft\u00ebsi thith\u00ebse t\u00eb lart\u00eb.<\/span><\/p>\n<p><span style=\"color: #000000;\"><strong>Kalimi me primer (astarosje)<\/strong><\/span><br \/>\n<span style=\"color: #000000;\">Kalimi me prajmer (astarosje) b\u00ebhet me prajmer (astar) epoksid DUROFLOOR ose DUROPRIMER. Konsumi: 200-300 g\/m2. Pasi t\u00eb thahet prajmeri duhet q\u00eb t\u00eb metat q\u00eb mund t\u00eb ket\u00eb n\u00ebnshtresa (plasaritjet, vrima) t\u00eb stukohen me DUROFLOOR (A+B), t\u00eb p\u00ebrzier me r\u00ebr\u00eb kuarcore me granulometri 0-0,4 mm (ose me r\u00ebr\u00eb Q35) n\u00eb raporte 1:2 deri me 1:3 sipas pesh\u00ebs ose me DUROFLOOR-PSF t\u00eb p\u00ebrzier me r\u00ebr\u00eb kuarcore me granulometri 0-0,4 mm (ose me r\u00ebr\u00eb Q35) n\u00eb raporte 1:2 deri me 1:3 sipas pesh\u00ebs. Aplikimi i DUROFLOOR duhet t\u00eb b\u00ebhet brenda 24 or\u00ebsh nga lyerja me prajmer. N\u00eb rast se DUROFLOOR do t\u00eb aplikohet pas 24 or\u00ebsh nga lyerja me prajmer, p\u00ebr t\u00eb siguruar ngjitje t\u00eb mir\u00eb duhet q\u00eb n\u00eb sipvrfaqen e kaluar me prajmer, para se t\u00eb mpikset prajmeri, t\u00eb hidhet r\u00ebr\u00eb kuarcore me granulometri 0,3-0,8 mm.\u00a0 Pas mpiksjes s\u00eb prajmerit kokrrizat e r\u00ebr\u00ebs kuarcore q\u00eb nuk jan\u00eb ngjitur pastrohen me fshes\u00eb me aft\u00ebsi thith\u00ebse t\u00eb lart\u00eb.<\/span>[\/vc_column_text][vc_row_inner][vc_column_inner width=&#8221;1\/2&#8243;]<div class=\"standard-arrow bullet-top\"><ul>\n<li class=\"col-12 col-xs-6 col-sm-12 col-md-6 d-flex pb-2 pb-md-3 \"><span style=\"color: #000000;\">Koha e pvrpunimit t\u00eb sistemeve epokside pak\u00ebsohet me rritjen e temperatur\u00ebs s\u00eb mjedisit.<\/span><\/li>\n<li><span style=\"color: #000000;\">Ngjitja midis dy shtresave t\u00eb nj\u00ebpasnj\u00ebshme mund t\u00eb influencohet negativisht p\u00ebr shkak t\u00eb lag\u00ebshtir\u00ebs ose ndotjeve t\u00eb ndryshme ndvrmjet tyre.<\/span><\/li>\n<li><span style=\"color: #000000;\">Sip\u00ebrfaqet me shtresa epokside duhet q\u00eb t\u00eb mbrohen nga lag\u00ebshtia p\u00ebr rreth 4-6 or\u00eb pas p\u00ebrfundimit t\u00eb tyre. Ndikimi i lag\u00ebshtis\u00eb mund ti jap\u00eb sip\u00ebrfaqes nj\u00eb nuance t\u00eb bardh\u00eb ose ta shnd\u00ebrroj\u00eb n\u00eb sip\u00ebrfaqe ngjit\u00ebse. Gjithashtu mund t\u00eb ndikoj\u00eb negativisht gjat\u00eb ngurt\u00ebsimit. Shtresa t\u00eb cngjyrosura ose ngjit\u00ebse duhet\u00a0 t\u00eb hiqen me f\u00ebrkim ose frezim dhe n\u00eb vazhdim t\u00eb rishtrohen t\u00eb reja.<\/span><\/li>\n<\/ul>\n<\/div>[\/vc_column_inner][vc_column_inner width=&#8221;1\/2&#8243;]<div class=\"standard-arrow bullet-top\"><ul>\n<li><span style=\"color: #000000;\">N\u00eb rastet kur nd\u00ebrmjet dy shtresave t\u00eb nj\u00ebpasnj\u00ebshme koha q\u00eb kalon deri n\u00eb aplikimin e shtres\u00ebs s\u00eb dyt\u00eb \u00ebsht\u00eb m\u00eb e madhe se ajo q\u00eb parashikohet ose kur duam t\u00eb shtrojm\u00eb mbi sipvrfaqe t\u00eb vjetra, duhet q\u00eb sip\u00ebrfaqja t\u00eb pastrohet mir\u00eb dhe t\u00eb f\u00ebrkohet e gjitha. N\u00eb vazhdim aplikohet mbishtresa e re.<\/span><\/li>\n<li><span style=\"color: #000000;\">N\u00eb rastet kur DUROFLOOR p\u00ebrdoret n\u00eb sip\u00ebrfaqe vertikale ose t\u00eb pjerr\u00ebta duhet t\u00eb shtohet rregullator i rrjedhjes s\u00eb epoksideve n\u00eb mas\u00ebn 0,5% sipas pesh\u00ebs.<\/span><\/li>\n<li><span style=\"color: #000000;\">DUROFLOOR pas ngurt\u00ebsimit t\u00eb tij nuk \u00ebsht\u00eb i d\u00ebmsh\u00ebm p\u00ebr sh\u00ebndetin.<\/span><\/li>\n<\/ul>\n<\/div>[\/vc_column_inner][\/vc_row_inner][vc_row_inner css=&#8221;.vc_custom_1683100048912{padding-top: 20px !important;}&#8221;][vc_column_inner width=&#8221;1\/2&#8243;]<div class=\"aio-icon-component    style_1\"><div id=\"Info-box-wrap-2809\" class=\"aio-icon-box default-icon\" style=\"\"  ><div class=\"aio-icon-default\"><div class=\"ult-just-icon-wrapper  \"><div class=\"align-icon\" style=\"text-align:center;\">\n<div class=\"aio-icon-img \" style=\"font-size:65px;display:inline-block;\" >\n\t<img decoding=\"async\" class=\"img-icon\" alt=\"null\" src=\"https:\/\/aedcolor.com\/wp-content\/uploads\/2023\/05\/image-2.png\"\/>\n<\/div><\/div><\/div><\/div><div class=\"aio-icon-header\" ><h3 class=\"aio-icon-title ult-responsive\"  data-ultimate-target='#Info-box-wrap-2809 .aio-icon-title'  data-responsive-json-new='{\"font-size\":\"\",\"line-height\":\"\"}'  style=\"\">Sip\u00ebrfaqe: Beton, suva<\/h3><\/div> <!-- header --><\/div> <!-- aio-icon-box --><\/div> <!-- aio-icon-component -->[\/vc_column_inner][vc_column_inner width=&#8221;1\/2&#8243;]<div class=\"aio-icon-component    style_1\"><div id=\"Info-box-wrap-7387\" class=\"aio-icon-box default-icon\" style=\"\"  ><div class=\"aio-icon-default\"><div class=\"ult-just-icon-wrapper  \"><div class=\"align-icon\" style=\"text-align:center;\">\n<div class=\"aio-icon-img \" style=\"font-size:65px;display:inline-block;\" >\n\t<img decoding=\"async\" class=\"img-icon\" alt=\"null\" src=\"https:\/\/aedcolor.com\/wp-content\/uploads\/2023\/05\/image-1.png\"\/>\n<\/div><\/div><\/div><\/div><div class=\"aio-icon-header\" ><h3 class=\"aio-icon-title ult-responsive\"  data-ultimate-target='#Info-box-wrap-7387 .aio-icon-title'  data-responsive-json-new='{\"font-size\":\"\",\"line-height\":\"\"}'  style=\"\">Aplikimi: Fur\u00e7\u00eb, rul<\/h3><\/div> <!-- header --><\/div> <!-- aio-icon-box --><\/div> <!-- aio-icon-component -->[\/vc_column_inner][\/vc_row_inner][\/vc_column][\/vc_row]<\/p>\n<\/div>","protected":false},"excerpt":{"rendered":"<p>[vc_row css=&#8221;.vc_custom_1683099634441{padding-bottom: 30px !important;}&#8221;][vc_column width=&#8221;2\/3&#8243;][vc_custom_heading text=&#8221;DUROFLOOR&#8221; font_container=&#8221;tag:h2|font_size:50|text_align:left&#8221; use_theme_fonts=&#8221;yes&#8221; link=&#8221;|title:AQUAMAT%20-%20SUPERELASTIC||&#8221;][\/vc_column][\/vc_row][vc_row][vc_column width=&#8221;1\/2&#8243;][vc_single_image image=&#8221;6981&#8243; img_size=&#8221;full&#8221;][\/vc_column][vc_column width=&#8221;1\/2&#8243;][vc_column_text]DUROFLOOR \u00ebsht\u00eb sistem epoksid vet\u00ebnivelues me ngjyr\u00eb, 2 komponent\u00ebsh. Ofron fort\u00ebsi t\u00eb lart\u00eb me rezistenc\u00eb ndaj f\u00ebrkimit. \u00cbsht\u00eb rezistent ndaj acideve organike dhe inorganike, alkaleve, produkteve vajgurore, mbeturinave, ujit, ujit t\u00eb detit dhe ndaj nj\u00eb numri t\u00eb madh tret\u00ebsish. Ka rezistenc\u00eb ndaj temperaturave&hellip;<\/p>\n","protected":false},"author":2,"featured_media":0,"parent":0,"menu_order":0,"comment_status":"closed","ping_status":"closed","template":"","meta":{"footnotes":""},"class_list":["post-6980","page","type-page","status-publish","hentry","description-off"],"_links":{"self":[{"href":"https:\/\/aedcolor.com\/index.php\/wp-json\/wp\/v2\/pages\/6980","targetHints":{"allow":["GET"]}}],"collection":[{"href":"https:\/\/aedcolor.com\/index.php\/wp-json\/wp\/v2\/pages"}],"about":[{"href":"https:\/\/aedcolor.com\/index.php\/wp-json\/wp\/v2\/types\/page"}],"author":[{"embeddable":true,"href":"https:\/\/aedcolor.com\/index.php\/wp-json\/wp\/v2\/users\/2"}],"replies":[{"embeddable":true,"href":"https:\/\/aedcolor.com\/index.php\/wp-json\/wp\/v2\/comments?post=6980"}],"version-history":[{"count":3,"href":"https:\/\/aedcolor.com\/index.php\/wp-json\/wp\/v2\/pages\/6980\/revisions"}],"predecessor-version":[{"id":9483,"href":"https:\/\/aedcolor.com\/index.php\/wp-json\/wp\/v2\/pages\/6980\/revisions\/9483"}],"wp:attachment":[{"href":"https:\/\/aedcolor.com\/index.php\/wp-json\/wp\/v2\/media?parent=6980"}],"curies":[{"name":"wp","href":"https:\/\/api.w.org\/{rel}","templated":true}]}}