{"id":6987,"date":"2023-07-20T07:09:44","date_gmt":"2023-07-20T07:09:44","guid":{"rendered":"https:\/\/aedcolor.com\/?page_id=6987"},"modified":"2023-10-09T08:13:11","modified_gmt":"2023-10-09T08:13:11","slug":"durofloor-11","status":"publish","type":"page","link":"https:\/\/aedcolor.com\/index.php\/durofloor-11\/","title":{"rendered":"DUROFLOOR-11"},"content":{"rendered":"<div class=\"wpb-content-wrapper\"><p>[vc_row css=&#8221;.vc_custom_1683099634441{padding-bottom: 30px !important;}&#8221;][vc_column width=&#8221;2\/3&#8243;][vc_custom_heading text=&#8221;DUROFLOOR-11&#8243; font_container=&#8221;tag:h2|font_size:50|text_align:left&#8221; use_theme_fonts=&#8221;yes&#8221; link=&#8221;|title:AQUAMAT%20-%20SUPERELASTIC||&#8221;][\/vc_column][\/vc_row][vc_row][vc_column width=&#8221;1\/2&#8243;][vc_single_image image=&#8221;6988&#8243; img_size=&#8221;full&#8221;][\/vc_column][vc_column width=&#8221;1\/2&#8243;][vc_column_text]<span style=\"color: #000000;\"><strong>DUROFLOOR-11 \u00ebsht\u00eb nj\u00eb sistem epoksid me 2 p\u00ebrb\u00ebr\u00ebs q\u00eb nuk p\u00ebrmban tret\u00ebs dhe i ngjyrosur, i cili ofron forc\u00eb dhe rezistenc\u00eb t\u00eb lart\u00eb ndaj g\u00ebrryerjes.<\/strong> Ai \u00ebsht\u00eb rezistent ndaj acideve organike dhe inorganike, ndaj materialeve alkaline, produkteve t\u00eb naft\u00ebs, mbeturinave, ujit, ujit t\u00eb detit dhe ndaj nj\u00eb numri t\u00eb madh tret\u00ebsish. Ai i reziston temperaturave nga -30oC deri n\u00eb +100oC n\u00eb ngarkes\u00eb t\u00eb that\u00eb dhe deri n\u00eb +60 oC n\u00eb ngarkes\u00eb t\u00eb njom\u00eb. \u00cbsht\u00eb certifikuar me sh\u00ebnimin CE si shtres\u00eb mbrojtjeje p\u00ebr sip\u00ebrfaqet e betonit, sipas, certifikat\u00ebs EN 1504-2. Certifikata Nr. 2032-CPR-10.11. DUROFLOOR-11 p\u00ebrdoret, duke i shtuar r\u00ebr\u00eb kuarci me madh\u00ebsi kokrrizash nga 0,1-0,4 mm, si nj\u00eb mbishtres\u00eb epokside vet\u00ebniveluese mbi dyshemet\u00eb me baz\u00eb cimentoje q\u00eb k\u00ebrkojn\u00eb rezistenc\u00eb t\u00eb lart\u00eb mekanike dhe rezistenc\u00eb t\u00eb lart\u00eb ndaj kimikateve. Ai mund t\u00eb p\u00ebrdoret gjithashtu, pa i shtuar r\u00ebr\u00eb kuarci, si nj\u00eb shtres\u00eb lyer\u00ebse mbi sip\u00ebrfaqet me baz\u00eb cimentoje, si dhe mbi sip\u00ebrfaqet prej hekuri ose celiku. Ai \u00ebsht\u00eb i p\u00ebrshtatsh\u00ebm p\u00ebr hap\u00ebsira n\u00eb ambiente industriale, magazina, dyqane, oficina makinash, supermarkete, laborator\u00eb, hotele, garazhde, pika karburanti, zona me trafik t\u00eb madh etj.<\/span><\/p>\n<p><strong><span style=\"color: #000000;\">N\u00ebnshtresa<\/span><\/strong><br \/>\n<strong><span style=\"color: #000000;\">Sip\u00ebrfaqja e dyshemes\u00eb p\u00ebr shtrim duhet t\u00eb jet\u00eb:<\/span><\/strong><\/p>\n<ul>\n<li><span style=\"color: #000000;\">E that\u00eb dhe e q\u00ebndrueshme<\/span><\/li>\n<li><span style=\"color: #000000;\">Pa materiale q\u00eb pengojn\u00eb ngjitjen, si p.sh. pluhuri, grimcat e lira, grasoja etj.<\/span><\/li>\n<li><span style=\"color: #000000;\">E mbrojtur nga sulmi i lag\u00ebshtir\u00ebs nga posht\u00eb.<\/span><\/li>\n<\/ul>\n<p><strong><span style=\"color: #000000;\">P\u00ebrzierja e p\u00ebrb\u00ebr\u00ebsve<\/span><\/strong><br \/>\n<span style=\"color: #000000;\">P\u00ebrb\u00ebr\u00ebsit A (rr\u00ebshira) dhe B (forcuesi) jan\u00eb t\u00eb paketuar n\u00eb dy en\u00eb t\u00eb ndara, t\u00eb cilat kan\u00eb raportin e paracaktuar t\u00eb p\u00ebrzierjes sipas pesh\u00ebs. Fillimisht p\u00ebrb\u00ebr\u00ebsi A duhet t\u00eb trazohet\u00a0 mir\u00eb dhe t\u00eb derdhet n\u00eb nj\u00eb en\u00eb t\u00eb past\u00ebr. Pastaj e gjith\u00eb p\u00ebrmbajtja e p\u00ebrb\u00ebr\u00ebsit B hidhet n\u00eb p\u00ebrb\u00ebr\u00ebsin A duke u trazuar vazhdimisht. P\u00ebrzierja e t\u00eb 2 p\u00ebrb\u00ebr\u00ebsve duhet t\u00eb vazhdoj\u00eb p\u00ebr rreth 3 minuta duke pvrdorur nj\u00eb mikser me xhiro t\u00eb ul\u00ebta (300 rrot\/min). \u00cbsht\u00eb e r\u00ebnd\u00ebsishme q\u00eb p\u00ebrzierja t\u00eb trazohet plot\u00ebsisht pran\u00eb an\u00ebve dhe fundit t\u00eb en\u00ebs n\u00eb m\u00ebnyr\u00eb q\u00eb t\u00eb arrihet p\u00ebrhapja uniforme e forcuesit. N\u00eb rast t\u00eb p\u00ebrdorimit t\u00eb DUROFLOOR-11 si nj\u00eb shtres\u00eb epokside vet\u00ebniveluese p\u00ebr dysheme, n\u00eb p\u00ebrzierje shtrohet gradualisht duke utrazuar vazhdimisht r\u00ebr\u00eb kuarci me madh\u00ebsi kokrrizash 0,1-0,4 mm ( ose M32) dhe n\u00eb raport 1:1 sipas pesh\u00ebs derisa t\u00eb formohet nj\u00eb llac epoksid uniform.<\/span>[\/vc_column_text][vc_row_inner][vc_column_inner width=&#8221;1\/2&#8243;]<div class=\"standard-arrow bullet-top\"><ul>\n<li class=\"col-12 col-xs-6 col-sm-12 col-md-6 d-flex pb-2 pb-md-3 \"><span style=\"color: #000000;\">Punueshm\u00ebria e materialeve epokside ndikohet nga temperatura e tyre. Temperatura ideale e p\u00ebrdorimit \u00ebsht\u00eb midis +15oC dhe +25oC n\u00eb m\u00ebnyr\u00eb q\u00eb produkti t\u00eb jet\u00eb i leht\u00eb p\u00ebr tu p\u00ebrdorur dhe p\u00ebr tu thar\u00eb, ashtu sic shpjegohet m\u00eb lart\u00eb. Temperatura e ambientit n\u00ebn +15oC do t\u00eb rris\u00eb koh\u00ebn e tharjes dhe temperatura mbi +30oC do t\u00eb p\u00ebrshpejtoj\u00eb koh\u00ebn e tharjes. Gjat\u00eb dimrit rekomandohet nj\u00eb ngrohje paraprake e produktit, kurse n\u00eb ver\u00eb rekomandohet ruajtja e materialit n\u00eb nj\u00eb vend t\u00eb fresk\u00ebt p\u00ebrpara pvrdorimit.<\/span><\/li>\n<li><span style=\"color: #000000;\">Ngjitja e shtres\u00ebs pasuese mund t\u00eb ndikohet ndjesh\u00ebm nga nd\u00ebrhyrja e lag\u00ebshtir\u00ebs ose papast\u00ebrtive.<\/span><\/li>\n<li><span style=\"color: #000000;\">Shtresat epokside duhet t\u00eb mbrohen nga lag\u00ebshtira p\u00ebr 4-6 or\u00eb pas aplikimit t\u00eb tyre. Lag\u00ebshtira mund t\u00eb zbardh\u00eb sip\u00ebrfaqen dhe\/ose ta b\u00ebj\u00eb ngjit\u00ebse. Ajo mund t\u00eb crregulloj\u00eb mpiksjen gjithashtu. Shtresat e zbehura ose ngjit\u00ebse n\u00eb pjes\u00eb t\u00eb ndryshme t\u00eb sip\u00ebrfaqes duhet t\u00eb hiqen duke u g\u00ebrryer ose duke u f\u00ebrkuar dhe pastaj t\u00eb shtrohen p\u00ebrs\u00ebri.<\/span><\/li>\n<\/ul>\n<\/div>[\/vc_column_inner][vc_column_inner width=&#8221;1\/2&#8243;]<div class=\"standard-arrow bullet-top\"><ul>\n<li><span style=\"color: #000000;\">\u00a0N\u00ebse nj\u00eb koh\u00eb m\u00eb e gjat\u00eb se ajo e parrashikuar ndodh midis aplikimeve t\u00eb shtresave pasardh\u00ebse ose n\u00eb rast se dyshemet\u00eb e vjetra do t\u00eb shtrohen p\u00ebrs\u00ebri, sip\u00ebrfaqja duhet t\u00eb gvrryhet dhe t\u00eb pastrohet plot\u00ebsisht p\u00ebrpara aplikimit t\u00eb nj\u00eb shtrese t\u00eb re.<\/span><\/li>\n<li><span style=\"color: #000000;\">Pas ngurt\u00ebsimit, DUROFLOOR-11 \u00ebsht\u00eb totalisht e sigurt p\u00ebr sh\u00ebndetin.<\/span><\/li>\n<\/ul>\n<\/div>[\/vc_column_inner][\/vc_row_inner][vc_row_inner css=&#8221;.vc_custom_1683100048912{padding-top: 20px !important;}&#8221;][vc_column_inner width=&#8221;1\/2&#8243;]<div class=\"aio-icon-component    style_1\"><div id=\"Info-box-wrap-1854\" class=\"aio-icon-box default-icon\" style=\"\"  ><div class=\"aio-icon-default\"><div class=\"ult-just-icon-wrapper  \"><div class=\"align-icon\" style=\"text-align:center;\">\n<div class=\"aio-icon-img \" style=\"font-size:65px;display:inline-block;\" >\n\t<img decoding=\"async\" class=\"img-icon\" alt=\"null\" src=\"https:\/\/aedcolor.com\/wp-content\/uploads\/2023\/05\/image-2.png\"\/>\n<\/div><\/div><\/div><\/div><div class=\"aio-icon-header\" ><h3 class=\"aio-icon-title ult-responsive\"  data-ultimate-target='#Info-box-wrap-1854 .aio-icon-title'  data-responsive-json-new='{\"font-size\":\"\",\"line-height\":\"\"}'  style=\"\">Sip\u00ebrfaqe: Beton, suva<\/h3><\/div> <!-- header --><\/div> <!-- aio-icon-box --><\/div> <!-- aio-icon-component -->[\/vc_column_inner][vc_column_inner width=&#8221;1\/2&#8243;]<div class=\"aio-icon-component    style_1\"><div id=\"Info-box-wrap-4111\" class=\"aio-icon-box default-icon\" style=\"\"  ><div class=\"aio-icon-default\"><div class=\"ult-just-icon-wrapper  \"><div class=\"align-icon\" style=\"text-align:center;\">\n<div class=\"aio-icon-img \" style=\"font-size:65px;display:inline-block;\" >\n\t<img decoding=\"async\" class=\"img-icon\" alt=\"null\" src=\"https:\/\/aedcolor.com\/wp-content\/uploads\/2023\/05\/image-1.png\"\/>\n<\/div><\/div><\/div><\/div><div class=\"aio-icon-header\" ><h3 class=\"aio-icon-title ult-responsive\"  data-ultimate-target='#Info-box-wrap-4111 .aio-icon-title'  data-responsive-json-new='{\"font-size\":\"\",\"line-height\":\"\"}'  style=\"\">Aplikimi: Fur\u00e7\u00eb, rul<\/h3><\/div> <!-- header --><\/div> <!-- aio-icon-box --><\/div> <!-- aio-icon-component -->[\/vc_column_inner][\/vc_row_inner][\/vc_column][\/vc_row]<\/p>\n<\/div>","protected":false},"excerpt":{"rendered":"<p>[vc_row css=&#8221;.vc_custom_1683099634441{padding-bottom: 30px !important;}&#8221;][vc_column width=&#8221;2\/3&#8243;][vc_custom_heading text=&#8221;DUROFLOOR-11&#8243; font_container=&#8221;tag:h2|font_size:50|text_align:left&#8221; use_theme_fonts=&#8221;yes&#8221; link=&#8221;|title:AQUAMAT%20-%20SUPERELASTIC||&#8221;][\/vc_column][\/vc_row][vc_row][vc_column width=&#8221;1\/2&#8243;][vc_single_image image=&#8221;6988&#8243; img_size=&#8221;full&#8221;][\/vc_column][vc_column width=&#8221;1\/2&#8243;][vc_column_text]DUROFLOOR-11 \u00ebsht\u00eb nj\u00eb sistem epoksid me 2 p\u00ebrb\u00ebr\u00ebs q\u00eb nuk p\u00ebrmban tret\u00ebs dhe i ngjyrosur, i cili ofron forc\u00eb dhe rezistenc\u00eb t\u00eb lart\u00eb ndaj g\u00ebrryerjes. Ai \u00ebsht\u00eb rezistent ndaj acideve organike dhe inorganike, ndaj materialeve alkaline, produkteve t\u00eb naft\u00ebs, mbeturinave, ujit, ujit t\u00eb&hellip;<\/p>\n","protected":false},"author":2,"featured_media":0,"parent":0,"menu_order":0,"comment_status":"closed","ping_status":"closed","template":"","meta":{"footnotes":""},"class_list":["post-6987","page","type-page","status-publish","hentry","description-off"],"_links":{"self":[{"href":"https:\/\/aedcolor.com\/index.php\/wp-json\/wp\/v2\/pages\/6987","targetHints":{"allow":["GET"]}}],"collection":[{"href":"https:\/\/aedcolor.com\/index.php\/wp-json\/wp\/v2\/pages"}],"about":[{"href":"https:\/\/aedcolor.com\/index.php\/wp-json\/wp\/v2\/types\/page"}],"author":[{"embeddable":true,"href":"https:\/\/aedcolor.com\/index.php\/wp-json\/wp\/v2\/users\/2"}],"replies":[{"embeddable":true,"href":"https:\/\/aedcolor.com\/index.php\/wp-json\/wp\/v2\/comments?post=6987"}],"version-history":[{"count":3,"href":"https:\/\/aedcolor.com\/index.php\/wp-json\/wp\/v2\/pages\/6987\/revisions"}],"predecessor-version":[{"id":9485,"href":"https:\/\/aedcolor.com\/index.php\/wp-json\/wp\/v2\/pages\/6987\/revisions\/9485"}],"wp:attachment":[{"href":"https:\/\/aedcolor.com\/index.php\/wp-json\/wp\/v2\/media?parent=6987"}],"curies":[{"name":"wp","href":"https:\/\/api.w.org\/{rel}","templated":true}]}}