{"id":6994,"date":"2023-07-20T07:23:38","date_gmt":"2023-07-20T07:23:38","guid":{"rendered":"https:\/\/aedcolor.com\/?page_id=6994"},"modified":"2023-10-09T11:33:51","modified_gmt":"2023-10-09T11:33:51","slug":"durofloor-r","status":"publish","type":"page","link":"https:\/\/aedcolor.com\/index.php\/durofloor-r\/","title":{"rendered":"DUROFLOOR-R"},"content":{"rendered":"<div class=\"wpb-content-wrapper\"><p>[vc_row css=&#8221;.vc_custom_1683099634441{padding-bottom: 30px !important;}&#8221;][vc_column width=&#8221;2\/3&#8243;][vc_custom_heading text=&#8221;DUROFLOOR-R&#8221; font_container=&#8221;tag:h2|font_size:50|text_align:left&#8221; use_theme_fonts=&#8221;yes&#8221; link=&#8221;|title:AQUAMAT%20-%20SUPERELASTIC||&#8221;][\/vc_column][\/vc_row][vc_row][vc_column width=&#8221;1\/2&#8243;][vc_single_image image=&#8221;6992&#8243; img_size=&#8221;full&#8221;][\/vc_column][vc_column width=&#8221;1\/2&#8243;][vc_column_text]<span style=\"color: #000000;\"><strong>DUROFLOOR-R \u00ebsht\u00eb sistem epoksid me ngjyr\u00eb 2 komponent\u00ebsh. Ofron fort\u00ebsi t\u00eb lart\u00eb dhe rezistenc\u00eb ndaj f\u00ebrkimit.<\/strong> \u00cbsht\u00eb jasht\u00ebzakonisht rezistent ndaj acideve organike dhe inorganike, alkaleve, produkteve vajgurore, ndaj nj\u00eb numri t\u00eb caktuar tret\u00ebsish, mbeturinave, ujit, ujit t\u00eb detit dhe agjent\u00ebve atmosferike. Ka rezistenc\u00eb ndaj temperaturave nga -30oC deri ne +100oC me ngarkesa n\u00eb gjendje t\u00eb that\u00eb dhe deri me +60oC me ngarkesa n\u00eb gjendje t\u00eb l\u00ebng\u00ebt. \u00cbsht\u00eb certifikuar me sh\u00ebnimin CE si shtres\u00eb mbrojtjeje p\u00ebr sip\u00ebrfaqet e betonit, sipas certifikat\u00ebs EN 1504-2. Certifikata Nr. 2032-CPR-10.11. Ai klasifikohet si SR-B2,0-AR0,5-IR4 sipas standardit EN 13813.\u00a0 DUROFLOOR-R p\u00ebrdoret si mbishtres\u00eb lyer\u00ebse n\u00eb dysheme me k\u00ebrkesa p\u00ebr veti mekanike ose kimike t\u00eb larta. Aplikohet n\u00eb n\u00ebnshtresa me baz\u00eb cimento si n\u00eb beton, n\u00eb shtresa me llac cimento, si dhe n\u00eb sip\u00ebrfaqe metalike ose prej celiku. \u00cbsht\u00eb i pvrshtatsh\u00ebm p\u00ebr punishte artizanale, magazina, laboratore, thertore, spitale, fabrika vere, fabrika konservash, garazhe, oficina etj. \u00cbsht\u00eb i p\u00ebrshtatsh\u00ebm p\u00ebr mbishtresa n\u00eb sip\u00ebrfaqe q\u00eb do t\u00eb jen\u00eb n\u00eb kontakt t\u00eb drejtp\u00ebrdrejt\u00eb me ushqime, sipas kvrkesave t\u00eb W-347, ISO 8467. Ajo \u00ebsht\u00eb n\u00eb p\u00ebrputhje me standardet e LEED (Rregulli 1113-SCAQMD) q\u00eb kan\u00eb t\u00eb b\u00ebjn\u00eb me Limitet e pvrb\u00ebrjeve Organike t\u00eb Paq\u00ebndrueshme (VOC), t\u00eb kategorizuara si veshje t\u00eb natyr\u00ebs s\u00eb Mir\u00ebmbajtjes Industriale (IM), Kodi 19, limit i Voc: &lt;100 g\/l.<\/span><\/p>\n<p><strong><span style=\"color: #000000;\">N\u00ebnshtresa<\/span><\/strong><br \/>\n<strong><span style=\"color: #000000;\">Sip\u00ebrfaqet q\u00eb do t\u00eb shtrohen duhet:<\/span><\/strong><\/p>\n<ul>\n<li><span style=\"color: #000000;\">T\u00eb jen\u00eb t\u00eb thata dhe solide.<\/span><\/li>\n<li><span style=\"color: #000000;\">T\u00eb jen\u00eb t\u00eb pastra, pa materiale q\u00eb pengojn\u00eb ngjitjen si pluhura, materiale t\u00eb prishura, l\u00ebnd\u00eb yndyrore etj.<\/span><\/li>\n<li><span style=\"color: #000000;\">T\u00eb jen\u00eb t\u00eb mbrojtura nga lag\u00ebshtia nga ana e brendshme e tyre.<\/span><\/li>\n<\/ul>\n<p><strong><span style=\"color: #000000;\">P\u00ebrzierja e DUROFLOOR-R<\/span><\/strong><br \/>\n<span style=\"color: #000000;\">P\u00ebrb\u00ebr\u00ebsi A (rr\u00ebshira) dhe ai B (ngurt\u00ebsuesi) jan\u00eb t\u00eb paketuara n\u00eb dy ambalazhime t\u00eb ndara, n\u00eb raportin e duhur t\u00eb parap\u00ebrcaktuar sipas pesh\u00ebs. Pvrpara p\u00ebrzierjes, p\u00ebrbvr\u00ebsi A trazohet n\u00eb m\u00ebnyr\u00eb mekanike p\u00ebr 1 minut\u00eb. Pastaj, e gjith\u00eb p\u00ebrmbajtja e p\u00ebrb\u00ebr\u00ebsit B i shtohet p\u00ebrb\u00ebr\u00ebsit A dhe t\u00eb dy p\u00ebrb\u00ebr\u00ebsit p\u00ebrzihen n\u00eb m\u00ebnyr\u00eb t\u00eb vazhdueshme p\u00ebr afro 3 minuta me an\u00eb t\u00eb nj\u00eb mikseri me shpejt\u00ebsi t\u00eb ul\u00ebt (300 rpm). \u00cbsht\u00eb e r\u00ebnd\u00ebsishme q\u00eb p\u00ebrzierja t\u00eb trazohet t\u00ebr\u00ebsisht pran\u00eb skajeve dhe n\u00eb fund t\u00eb en\u00ebs p\u00ebr t\u00eb p\u00ebrfituar nj\u00eb shp\u00ebrndarje uniforme t\u00eb ngurt\u00ebsuesit. P\u00ebr t\u00eb siguruar nj\u00eb pvrzierje t\u00eb plot\u00eb, p\u00ebrmbajtja derdhet n\u00eb nj\u00eb en\u00eb t\u00eb past\u00ebr dhe p\u00ebrzihet p\u00ebrs\u00ebri p\u00ebr t\u00eb pakt\u00ebn 1 minut\u00eb derisa t\u00eb p\u00ebrftohet nj\u00eb p\u00ebrzierje e q\u00ebndrueshme.\u00a0<\/span><br \/>\n<span style=\"color: #000000;\">DUROFLOOR-R disponohet n\u00eb amballazh (A+B) me pesh\u00eb 10 kg dhe 24 kg. Komponentet A dhe B jan\u00eb n\u00eb raporte p\u00ebrzierjeje t\u00eb parap\u00ebrcaktuara sipas pesh\u00ebs. T\u00eb pakt\u00ebn 12 muaj nga data e prodhimit n\u00ebse ruhet n\u00eb paketimin origjinal t\u00eb izoluar, n\u00eb ambiente t\u00eb mbrojtura nga lag\u00ebshtia dhe ekspozimi n\u00eb drit\u00ebn e diellit. Temperatura e rekomanduar e magazinimit \u00ebsht\u00eb midis +5oC dhe +35oC.<\/span>[\/vc_column_text][vc_row_inner][vc_column_inner width=&#8221;1\/2&#8243;]<div class=\"standard-arrow bullet-top\"><ul>\n<li class=\"col-12 col-xs-6 col-sm-12 col-md-6 d-flex pb-2 pb-md-3 \"><span style=\"color: #000000;\">Koha e p\u00ebrpunimit t\u00eb sistemeve epokside pak\u00ebsohet me rritjen e temperatur\u00ebs s\u00eb mjedisit.<\/span><\/li>\n<li><span style=\"color: #000000;\">Ngjitja midis dy shtresave t\u00eb nj\u00ebpasnj\u00ebshme mund t\u00eb influencohet negativisht p\u00ebr shkak t\u00eb lag\u00ebshtis\u00eb ose ndotjeve t\u00eb ndryshme nd\u00ebrmjet tyre.<\/span><\/li>\n<li><span style=\"color: #000000;\">Sip\u00ebrfaqet me shtresa epokside duhet q\u00eb t\u00eb mbrohen nga lag\u00ebshtia p\u00ebr rreth 4-6 or\u00eb pas p\u00ebrfundimit t\u00eb tyre. Ndikimi i lag\u00ebshtis\u00eb mund ti jap sip\u00ebrfaqes nj\u00eb nuanc\u00eb t\u00eb bardh\u00eb ose ta shnd\u00ebrroj\u00eb n\u00eb sip\u00ebrfaqe ngjit\u00ebse. Gjithashtu mund t\u00eb ndikoj\u00eb negativisht gjat\u00eb ngurt\u00ebsimit. Shtresa t\u00eb cngjyrosura ose ngjit\u00ebse duhet\u00a0 t\u00eb hiqen me f\u00ebrkim ose frezim dhe n\u00eb vazhdim t\u00eb rishikohen t\u00eb reja.<\/span><\/li>\n<\/ul>\n<\/div>[\/vc_column_inner][vc_column_inner width=&#8221;1\/2&#8243;]<div class=\"standard-arrow bullet-top\"><ul>\n<li><span style=\"color: #000000;\">N\u00eb rastet kur nd\u00ebrmjet dy shtresave t\u00eb nj\u00ebpasnj\u00ebshme koha q\u00eb kalon deri n\u00eb aplikimin e shtres\u00ebs s\u00eb dyt\u00eb \u00ebsht\u00eb m\u00eb e madhe se ajo q\u00eb parashikohet ose kur duam t\u00eb shtrojm\u00eb mbi sip\u00ebrfaqe t\u00eb vjetra, duhet q\u00eb sip\u00ebrfaqja t\u00eb pastrohet mir\u00eb dhe t\u00eb f\u00ebrkohet e gjitha. N\u00eb vazhdim aplikohet mbishtresa e re.<\/span><\/li>\n<li><span style=\"color: #000000;\">N\u00eb rastet kur DUROFLOOR-R p\u00ebrdoret n\u00eb sip\u00ebrfaqe vertikale ose t\u00eb pjerr\u00ebta duhet t\u00eb shtohet rregullator i rrjedhjes s\u00eb epoksideve n\u00eb mas\u00eb 2,0% sipas pesh\u00ebs.<\/span><\/li>\n<li><span style=\"color: #000000;\">DUROFLOOR-R pas ngurt\u00ebsimit t\u00eb tij nuk \u00ebsht\u00eb i d\u00ebmsh\u00ebm p\u00ebr sh\u00ebndetin.<\/span><\/li>\n<\/ul>\n<\/div>[\/vc_column_inner][\/vc_row_inner][vc_row_inner css=&#8221;.vc_custom_1683100048912{padding-top: 20px !important;}&#8221;][vc_column_inner width=&#8221;1\/2&#8243;]<div class=\"aio-icon-component    style_1\"><div id=\"Info-box-wrap-8661\" class=\"aio-icon-box default-icon\" style=\"\"  ><div class=\"aio-icon-default\"><div class=\"ult-just-icon-wrapper  \"><div class=\"align-icon\" style=\"text-align:center;\">\n<div class=\"aio-icon-img \" style=\"font-size:65px;display:inline-block;\" >\n\t<img decoding=\"async\" class=\"img-icon\" alt=\"null\" src=\"https:\/\/aedcolor.com\/wp-content\/uploads\/2023\/05\/image-2.png\"\/>\n<\/div><\/div><\/div><\/div><div class=\"aio-icon-header\" ><h3 class=\"aio-icon-title ult-responsive\"  data-ultimate-target='#Info-box-wrap-8661 .aio-icon-title'  data-responsive-json-new='{\"font-size\":\"\",\"line-height\":\"\"}'  style=\"\">Sip\u00ebrfaqe: Beton, suva<\/h3><\/div> <!-- header --><\/div> <!-- aio-icon-box --><\/div> <!-- aio-icon-component -->[\/vc_column_inner][vc_column_inner width=&#8221;1\/2&#8243;]<div class=\"aio-icon-component    style_1\"><div id=\"Info-box-wrap-6369\" class=\"aio-icon-box default-icon\" style=\"\"  ><div class=\"aio-icon-default\"><div class=\"ult-just-icon-wrapper  \"><div class=\"align-icon\" style=\"text-align:center;\">\n<div class=\"aio-icon-img \" style=\"font-size:65px;display:inline-block;\" >\n\t<img decoding=\"async\" class=\"img-icon\" alt=\"null\" src=\"https:\/\/aedcolor.com\/wp-content\/uploads\/2023\/05\/image-1.png\"\/>\n<\/div><\/div><\/div><\/div><div class=\"aio-icon-header\" ><h3 class=\"aio-icon-title ult-responsive\"  data-ultimate-target='#Info-box-wrap-6369 .aio-icon-title'  data-responsive-json-new='{\"font-size\":\"\",\"line-height\":\"\"}'  style=\"\">Aplikimi: Fur\u00e7\u00eb, rul<\/h3><\/div> <!-- header --><\/div> <!-- aio-icon-box --><\/div> <!-- aio-icon-component -->[\/vc_column_inner][\/vc_row_inner][\/vc_column][\/vc_row]<\/p>\n<\/div>","protected":false},"excerpt":{"rendered":"<p>[vc_row css=&#8221;.vc_custom_1683099634441{padding-bottom: 30px !important;}&#8221;][vc_column width=&#8221;2\/3&#8243;][vc_custom_heading text=&#8221;DUROFLOOR-R&#8221; font_container=&#8221;tag:h2|font_size:50|text_align:left&#8221; use_theme_fonts=&#8221;yes&#8221; link=&#8221;|title:AQUAMAT%20-%20SUPERELASTIC||&#8221;][\/vc_column][\/vc_row][vc_row][vc_column width=&#8221;1\/2&#8243;][vc_single_image image=&#8221;6992&#8243; img_size=&#8221;full&#8221;][\/vc_column][vc_column width=&#8221;1\/2&#8243;][vc_column_text]DUROFLOOR-R \u00ebsht\u00eb sistem epoksid me ngjyr\u00eb 2 komponent\u00ebsh. Ofron fort\u00ebsi t\u00eb lart\u00eb dhe rezistenc\u00eb ndaj f\u00ebrkimit. \u00cbsht\u00eb jasht\u00ebzakonisht rezistent ndaj acideve organike dhe inorganike, alkaleve, produkteve vajgurore, ndaj nj\u00eb numri t\u00eb caktuar tret\u00ebsish, mbeturinave, ujit, ujit t\u00eb detit dhe agjent\u00ebve atmosferike. Ka rezistenc\u00eb&hellip;<\/p>\n","protected":false},"author":2,"featured_media":0,"parent":0,"menu_order":0,"comment_status":"closed","ping_status":"closed","template":"","meta":{"footnotes":""},"class_list":["post-6994","page","type-page","status-publish","hentry","description-off"],"_links":{"self":[{"href":"https:\/\/aedcolor.com\/index.php\/wp-json\/wp\/v2\/pages\/6994","targetHints":{"allow":["GET"]}}],"collection":[{"href":"https:\/\/aedcolor.com\/index.php\/wp-json\/wp\/v2\/pages"}],"about":[{"href":"https:\/\/aedcolor.com\/index.php\/wp-json\/wp\/v2\/types\/page"}],"author":[{"embeddable":true,"href":"https:\/\/aedcolor.com\/index.php\/wp-json\/wp\/v2\/users\/2"}],"replies":[{"embeddable":true,"href":"https:\/\/aedcolor.com\/index.php\/wp-json\/wp\/v2\/comments?post=6994"}],"version-history":[{"count":3,"href":"https:\/\/aedcolor.com\/index.php\/wp-json\/wp\/v2\/pages\/6994\/revisions"}],"predecessor-version":[{"id":9487,"href":"https:\/\/aedcolor.com\/index.php\/wp-json\/wp\/v2\/pages\/6994\/revisions\/9487"}],"wp:attachment":[{"href":"https:\/\/aedcolor.com\/index.php\/wp-json\/wp\/v2\/media?parent=6994"}],"curies":[{"name":"wp","href":"https:\/\/api.w.org\/{rel}","templated":true}]}}