{"id":7,"date":"2018-10-12T08:58:24","date_gmt":"2018-10-12T08:58:24","guid":{"rendered":"https:\/\/aedcolor.com\/?page_id=7"},"modified":"2024-11-05T10:16:32","modified_gmt":"2024-11-05T10:16:32","slug":"home","status":"publish","type":"page","link":"https:\/\/aedcolor.com\/","title":{"rendered":"Home"},"content":{"rendered":"<div class=\"wpb-content-wrapper\"><p>[vc_row][vc_column offset=&#8221;vc_hidden-sm vc_hidden-xs&#8221;][vc_custom_heading text=&#8221;Ne punojm\u00eb me m\u00eb t\u00eb mir\u00ebt&#8221; font_container=&#8221;tag:h2|text_align:center&#8221; google_fonts=&#8221;font_family:Roboto%3A100%2C100italic%2C300%2C300italic%2Cregular%2Citalic%2C500%2C500italic%2C700%2C700italic%2C900%2C900italic|font_style:500%20bold%20regular%3A500%3Anormal&#8221;][vc_column_text css=&#8221;.vc_custom_1685777348370{padding-right: 320px !important;padding-left: 320px !important;}&#8221;]<\/p>\n<p style=\"text-align: center;\"><span style=\"color: #000000;\">Objektiva afatgjate duke arritur t\u00eb jemi sot shoq\u00ebria model n\u00eb fush\u00ebn e artikujve t\u00eb nd\u00ebrtimit, q\u00eb nga hedhja e themeleve, izolimi, mbrojtja e deri tek dekorimi.<\/span><\/p>\n<p style=\"text-align: center;\"><span style=\"color: #000000;\">Festojm\u00eb 30 vjet krijimi histori, nd\u00ebrkoh\u00eb q\u00eb \u00ebsht\u00eb vet\u00ebm fillimi<\/span><\/p>\n<pre id=\"tw-target-text\" class=\"tw-data-text tw-text-large tw-ta\" dir=\"ltr\" data-placeholder=\"P\u00ebrkthimi\"><\/pre>\n<p>[\/vc_column_text][\/vc_column][\/vc_row][vc_row][vc_column offset=&#8221;vc_hidden-lg&#8221;][vc_custom_heading text=&#8221;Ne punojm\u00eb me m\u00eb t\u00eb mir\u00ebt&#8221; font_container=&#8221;tag:h2|text_align:center&#8221; google_fonts=&#8221;font_family:Roboto%3A100%2C100italic%2C300%2C300italic%2Cregular%2Citalic%2C500%2C500italic%2C700%2C700italic%2C900%2C900italic|font_style:500%20bold%20regular%3A500%3Anormal&#8221;][vc_column_text]<\/p>\n<p style=\"text-align: center;\"><span style=\"color: #3e424d;\">Objektiva afatgjate duke arritur te jemi sot shoqeria model ne fushen e artikujve te ndertimit, qe nga hedhja e themeleve, izolimi, mbrojtja e deri tek dekorimi.<\/span><\/p>\n<p>[\/vc_column_text][\/vc_column][\/vc_row][vc_row][vc_column]<div id=\"ult-carousel-87319345469e8b53a23959\" class=\"ult-carousel-wrapper   ult_horizontal\" data-gutter=\"15\" data-rtl=\"false\" ><div class=\"ult-carousel-295835976969e8b53a23826 \" >[vc_single_image image=&#8221;125&#8243; img_size=&#8221;300X150&#8243; alignment=&#8221;center&#8221; onclick=&#8221;custom_link&#8221; image_hovers=&#8221;false&#8221; el_class=&#8221;imazh&#8221; link=&#8221;https:\/\/www.vechro.gr\/en\/home\/vechro-home&#8221;][vc_single_image image=&#8221;124&#8243; img_size=&#8221;300X150&#8243; alignment=&#8221;center&#8221; onclick=&#8221;custom_link&#8221; image_hovers=&#8221;false&#8221; el_class=&#8221;imazh&#8221; link=&#8221;https:\/\/www.isomat.al\/&#8221;][vc_single_image image=&#8221;69&#8243; img_size=&#8221;300X150&#8243; alignment=&#8221;center&#8221; onclick=&#8221;custom_link&#8221; image_hovers=&#8221;false&#8221; el_class=&#8221;imazh&#8221; link=&#8221;https:\/\/www.oikos-group.it\/en\/home&#8221;][vc_single_image image=&#8221;505&#8243; img_size=&#8221;300X150&#8243; alignment=&#8221;center&#8221; onclick=&#8221;custom_link&#8221; image_hovers=&#8221;false&#8221; el_class=&#8221;imazh&#8221; link=&#8221;https:\/\/www.knauf.co.uk\/&#8221;][vc_single_image image=&#8221;64&#8243; img_size=&#8221;300X150&#8243; alignment=&#8221;center&#8221; onclick=&#8221;custom_link&#8221; image_hovers=&#8221;false&#8221; el_class=&#8221;imazh&#8221; link=&#8221;https:\/\/www.fibran.com\/frontend\/index.php&#8221;][vc_single_image image=&#8221;66&#8243; img_size=&#8221;300X150&#8243; alignment=&#8221;center&#8221; onclick=&#8221;custom_link&#8221; image_hovers=&#8221;false&#8221; el_class=&#8221;imazh&#8221; link=&#8221;https:\/\/esha.gr\/index.php\/en\/&#8221;][vc_single_image image=&#8221;366&#8243; img_size=&#8221;300X150&#8243; alignment=&#8221;center&#8221; onclick=&#8221;custom_link&#8221; image_hovers=&#8221;false&#8221; el_class=&#8221;imazh&#8221; link=&#8221;https:\/\/www.plasmacem.com\/&#8221;][vc_single_image image=&#8221;65&#8243; img_size=&#8221;300X150&#8243; alignment=&#8221;center&#8221; onclick=&#8221;custom_link&#8221; image_hovers=&#8221;false&#8221; el_class=&#8221;imazh&#8221; link=&#8221;http:\/\/www.kourasanit.com\/en&#8221;][vc_single_image image=&#8221;123&#8243; img_size=&#8221;300X150&#8243; alignment=&#8221;center&#8221; onclick=&#8221;custom_link&#8221; image_hovers=&#8221;false&#8221; el_class=&#8221;imazh&#8221; link=&#8221;https:\/\/www.decibel.bg\/&#8221;][vc_single_image image=&#8221;19184&#8243; img_size=&#8221;300X150&#8243; alignment=&#8221;center&#8221; onclick=&#8221;custom_link&#8221; image_hovers=&#8221;false&#8221; el_class=&#8221;imazh&#8221; link=&#8221;https:\/\/www.decibel.bg\/&#8221;]<\/div><\/div>\t\t\t<script type=\"text\/javascript\">\n\t\t\t\tjQuery(document).ready(function ($) {\n\t\t\t\t\tif( typeof jQuery('.ult-carousel-295835976969e8b53a23826').slick == \"function\"){\n\t\t\t\t\t\t$('.ult-carousel-295835976969e8b53a23826').slick({dots: false,autoplay: true,autoplaySpeed: \"3000\",speed: \"3000\",infinite: true,arrows: true,nextArrow: '<button type=\"button\" role=\"button\" aria-label=\"Next\" style=\"color:#333333; font-size:20px;\" class=\"slick-next default\"><i class=\"ultsl-arrow-right6\"><\/i><\/button>',prevArrow: '<button type=\"button\" role=\"button\" aria-label=\"Previous\" style=\"color:#333333; font-size:20px;\" class=\"slick-prev default\"><i class=\"ultsl-arrow-left6\"><\/i><\/button>',slidesToScroll:4,slidesToShow:4,swipe: true,draggable: true,touchMove: true,pauseOnHover: true,pauseOnFocus: false,responsive: [\n\t\t\t\t\t\t\t{\n\t\t\t\t\t\t\t  breakpoint: 1026,\n\t\t\t\t\t\t\t  settings: {\n\t\t\t\t\t\t\t\tslidesToShow: 4,\n\t\t\t\t\t\t\t\tslidesToScroll: 4,  \n\t\t\t\t\t\t\t  }\n\t\t\t\t\t\t\t},\n\t\t\t\t\t\t\t{\n\t\t\t\t\t\t\t  breakpoint: 1025,\n\t\t\t\t\t\t\t  settings: {\n\t\t\t\t\t\t\t\tslidesToShow: 3,\n\t\t\t\t\t\t\t\tslidesToScroll: 3\n\t\t\t\t\t\t\t  }\n\t\t\t\t\t\t\t},\n\t\t\t\t\t\t\t{\n\t\t\t\t\t\t\t  breakpoint: 760,\n\t\t\t\t\t\t\t  settings: {\n\t\t\t\t\t\t\t\tslidesToShow: 1,\n\t\t\t\t\t\t\t\tslidesToScroll: 1\n\t\t\t\t\t\t\t  }\n\t\t\t\t\t\t\t}\n\t\t\t\t\t\t],pauseOnDotsHover: true,customPaging: function(slider, i) {\n                   return '<i type=\"button\" style= \"color:#333333;\" class=\"ultsl-record\" data-role=\"none\"><\/i>';\n                },});\n\t\t\t\t\t}\n\t\t\t\t});\n\t\t\t<\/script>\n\t\t\t[\/vc_column][\/vc_row][vc_row][vc_column width=&#8221;1\/4&#8243;][\/vc_column][vc_column width=&#8221;1\/2&#8243;][vc_empty_space height=&#8221;22px&#8221;][vc_single_image image=&#8221;575&#8243; img_size=&#8221;full&#8221; alignment=&#8221;center&#8221; image_hovers=&#8221;false&#8221;][vc_custom_heading text=&#8221;Njihuni me kompanin\u00eb ton\u00eb dhe m\u00ebsoni rreth gam\u00ebs s\u00eb gjer\u00eb t\u00eb produkteve dhe sh\u00ebrbimeve q\u00eb ne ofrojm\u00eb<br \/>\n&#8221; font_container=&#8221;tag:h4|text_align:center|color:%23333333&#8243; google_fonts=&#8221;font_family:Roboto%3A100%2C100italic%2C300%2C300italic%2Cregular%2Citalic%2C500%2C500italic%2C700%2C700italic%2C900%2C900italic|font_style:500%20bold%20regular%3A500%3Anormal&#8221; css=&#8221;.vc_custom_1684481337226{margin-top: -30px !important;}&#8221;][vc_empty_space height=&#8221;40px&#8221;][\/vc_column][vc_column width=&#8221;1\/4&#8243;][\/vc_column][\/vc_row][vc_row][vc_column width=&#8221;1\/4&#8243;]<div class=\"stats-block stats-top  \"><div class=\"aio-icon-top\"><div class=\"ult-just-icon-wrapper  \"><div class=\"align-icon\" style=\"text-align:center;\">\n<div class=\"aio-icon none \"  style=\"color:#bd161d;font-size:20px;display:inline-block;\">\n\t<i class=\"Defaults-plus\"><\/i>\n<\/div><\/div><\/div><\/div><div class=\"stats-desc\" id=\"counter-responsv-wrap-5861\"><div id=\"counter_420157192569e8b53a23bae\" data-id=\"counter_420157192569e8b53a23bae\"  data-ultimate-target='#counter-responsv-wrap-5861 .stats-number'  data-responsive-json-new='{\"font-size\":\"desktop:50px;\",\"line-height\":\"\"}'  class=\"stats-number ult-responsive\" style=\" color:#bd161d; font-weight:bold;color:#333333;\" data-speed=\"1\" data-counter-value=\"30\" data-separator=\",\" data-decimal=\".\">0<\/div><div id=\"title-counter_420157192569e8b53a23bae\"  data-ultimate-target='#counter-responsv-wrap-5861 .stats-text'  data-responsive-json-new='{\"font-size\":\"\",\"line-height\":\"\"}'  class=\"stats-text ult-responsive\" style=\"font-size:18px; color:#bd161d; \">Vite Eksperience<\/div><\/div><\/div>[\/vc_column][vc_column width=&#8221;1\/4&#8243;]<div class=\"stats-block stats-top  \"><div class=\"aio-icon-top\"><div class=\"ult-just-icon-wrapper  \"><div class=\"align-icon\" style=\"text-align:center;\">\n<div class=\"aio-icon none \"  style=\"color:#bd161d;font-size:20px;display:inline-block;\">\n\t<i class=\"Defaults-plus\"><\/i>\n<\/div><\/div><\/div><\/div><div class=\"stats-desc\" id=\"counter-responsv-wrap-4719\"><div id=\"counter_100519798569e8b53a23c98\" data-id=\"counter_100519798569e8b53a23c98\"  data-ultimate-target='#counter-responsv-wrap-4719 .stats-number'  data-responsive-json-new='{\"font-size\":\"desktop:50px;\",\"line-height\":\"\"}'  class=\"stats-number ult-responsive\" style=\" color:#bd161d; font-weight:bold;color:#333333;\" data-speed=\"1\" data-counter-value=\"2000\" data-separator=\",\" data-decimal=\".\">0<\/div><div id=\"title-counter_100519798569e8b53a23c98\"  data-ultimate-target='#counter-responsv-wrap-4719 .stats-text'  data-responsive-json-new='{\"font-size\":\"\",\"line-height\":\"\"}'  class=\"stats-text ult-responsive\" style=\"font-size:18px; color:#bd161d; \">Produkte<\/div><\/div><\/div>[\/vc_column][vc_column width=&#8221;1\/4&#8243;]<div class=\"stats-block stats-top  \"><div class=\"aio-icon-top\"><div class=\"ult-just-icon-wrapper  \"><div class=\"align-icon\" style=\"text-align:center;\">\n<div class=\"aio-icon none \"  style=\"color:#bd161d;font-size:20px;display:inline-block;\">\n\t<i class=\"Defaults-plus\"><\/i>\n<\/div><\/div><\/div><\/div><div class=\"stats-desc\" id=\"counter-responsv-wrap-2137\"><div id=\"counter_91881865269e8b53a23d73\" data-id=\"counter_91881865269e8b53a23d73\"  data-ultimate-target='#counter-responsv-wrap-2137 .stats-number'  data-responsive-json-new='{\"font-size\":\"desktop:50px;\",\"line-height\":\"\"}'  class=\"stats-number ult-responsive\" style=\" color:#bd161d; font-weight:bold;color:#333333;\" data-speed=\"1\" data-counter-value=\"1000\" data-separator=\",\" data-decimal=\".\">0<\/div><div id=\"title-counter_91881865269e8b53a23d73\"  data-ultimate-target='#counter-responsv-wrap-2137 .stats-text'  data-responsive-json-new='{\"font-size\":\"\",\"line-height\":\"\"}'  class=\"stats-text ult-responsive\" style=\"font-size:18px; color:#bd161d; \">Projekte<\/div><\/div><\/div>[\/vc_column][vc_column width=&#8221;1\/4&#8243;]<div class=\"stats-block stats-top  \"><div class=\"aio-icon-top\"><div class=\"ult-just-icon-wrapper  \"><div class=\"align-icon\" style=\"text-align:center;\">\n<div class=\"aio-icon none \"  style=\"color:#bd161d;font-size:20px;display:inline-block;\">\n\t<i class=\"Defaults-plus\"><\/i>\n<\/div><\/div><\/div><\/div><div class=\"stats-desc\" id=\"counter-responsv-wrap-5347\"><div id=\"counter_91391918469e8b53a23e4a\" data-id=\"counter_91391918469e8b53a23e4a\"  data-ultimate-target='#counter-responsv-wrap-5347 .stats-number'  data-responsive-json-new='{\"font-size\":\"desktop:50px;\",\"line-height\":\"\"}'  class=\"stats-number ult-responsive\" style=\" color:#bd161d; font-weight:bold;color:#333333;\" data-speed=\"1\" data-counter-value=\"5000\" data-separator=\",\" data-decimal=\".\">0<\/div><div id=\"title-counter_91391918469e8b53a23e4a\"  data-ultimate-target='#counter-responsv-wrap-5347 .stats-text'  data-responsive-json-new='{\"font-size\":\"\",\"line-height\":\"\"}'  class=\"stats-text ult-responsive\" style=\"font-size:18px; color:#bd161d; \">P\u00ebrdorues t\u00eb k\u00ebnaqur<\/div><\/div><\/div>[\/vc_column][\/vc_row][vc_row][vc_column][vc_empty_space height=&#8221;42px&#8221;][\/vc_column][\/vc_row][vc_row css=&#8221;.vc_custom_1684483916764{margin-bottom: -70px !important;}&#8221;][vc_column][vc_empty_space height=&#8221;12px&#8221;][vc_custom_heading text=&#8221;N\u00ebse k\u00ebrkoni nj\u00eb furnizues q\u00eb ju jep nj\u00eb avantazh konkurues dhe ju ndihmon t\u00eb b\u00ebheni m\u00eb fitimprur\u00ebs , &#8221; font_container=&#8221;tag:h2|font_size:25|text_align:center&#8221; google_fonts=&#8221;font_family:Roboto%3A100%2C100italic%2C300%2C300italic%2Cregular%2Citalic%2C500%2C500italic%2C700%2C700italic%2C900%2C900italic|font_style:500%20bold%20regular%3A500%3Anormal&#8221;][vc_empty_space height=&#8221;12px&#8221;][vc_custom_heading text=&#8221;B\u00cbHUNI DISTRIBUTOR I AED COLOR&#8221; font_container=&#8221;tag:h2|font_size:25|text_align:center&#8221; google_fonts=&#8221;font_family:Roboto%3A100%2C100italic%2C300%2C300italic%2Cregular%2Citalic%2C500%2C500italic%2C700%2C700italic%2C900%2C900italic|font_style:500%20bold%20regular%3A500%3Anormal&#8221;][vc_btn title=&#8221;Kontakt&#8221; style=&#8221;outline-custom&#8221; outline_custom_color=&#8221;#bd161d&#8221; outline_custom_hover_background=&#8221;&#8221; outline_custom_hover_text=&#8221;#bd161d&#8221; shape=&#8221;square&#8221; size=&#8221;lg&#8221; align=&#8221;center&#8221; link=&#8221;url:https%3A%2F%2Faedcolor.com%2Findex.php%2Fkontakt%2F|||&#8221;][vc_empty_space height=&#8221;12px&#8221;][\/vc_column][\/vc_row]<\/p>\n<\/div>","protected":false},"excerpt":{"rendered":"<p>[vc_row][vc_column offset=&#8221;vc_hidden-sm vc_hidden-xs&#8221;][vc_custom_heading text=&#8221;Ne punojm\u00eb me m\u00eb t\u00eb mir\u00ebt&#8221; font_container=&#8221;tag:h2|text_align:center&#8221; google_fonts=&#8221;font_family:Roboto%3A100%2C100italic%2C300%2C300italic%2Cregular%2Citalic%2C500%2C500italic%2C700%2C700italic%2C900%2C900italic|font_style:500%20bold%20regular%3A500%3Anormal&#8221;][vc_column_text css=&#8221;.vc_custom_1685777348370{padding-right: 320px !important;padding-left: 320px !important;}&#8221;] Objektiva afatgjate duke arritur t\u00eb jemi sot shoq\u00ebria model n\u00eb fush\u00ebn e artikujve t\u00eb nd\u00ebrtimit, q\u00eb nga hedhja e themeleve, izolimi, mbrojtja e deri tek dekorimi. Festojm\u00eb 30 vjet krijimi histori, nd\u00ebrkoh\u00eb q\u00eb \u00ebsht\u00eb vet\u00ebm fillimi [\/vc_column_text][\/vc_column][\/vc_row][vc_row][vc_column offset=&#8221;vc_hidden-lg&#8221;][vc_custom_heading text=&#8221;Ne&hellip;<\/p>\n","protected":false},"author":3,"featured_media":0,"parent":0,"menu_order":0,"comment_status":"closed","ping_status":"closed","template":"","meta":{"footnotes":""},"class_list":["post-7","page","type-page","status-publish","hentry","description-off"],"_links":{"self":[{"href":"https:\/\/aedcolor.com\/index.php\/wp-json\/wp\/v2\/pages\/7","targetHints":{"allow":["GET"]}}],"collection":[{"href":"https:\/\/aedcolor.com\/index.php\/wp-json\/wp\/v2\/pages"}],"about":[{"href":"https:\/\/aedcolor.com\/index.php\/wp-json\/wp\/v2\/types\/page"}],"author":[{"embeddable":true,"href":"https:\/\/aedcolor.com\/index.php\/wp-json\/wp\/v2\/users\/3"}],"replies":[{"embeddable":true,"href":"https:\/\/aedcolor.com\/index.php\/wp-json\/wp\/v2\/comments?post=7"}],"version-history":[{"count":45,"href":"https:\/\/aedcolor.com\/index.php\/wp-json\/wp\/v2\/pages\/7\/revisions"}],"predecessor-version":[{"id":19186,"href":"https:\/\/aedcolor.com\/index.php\/wp-json\/wp\/v2\/pages\/7\/revisions\/19186"}],"wp:attachment":[{"href":"https:\/\/aedcolor.com\/index.php\/wp-json\/wp\/v2\/media?parent=7"}],"curies":[{"name":"wp","href":"https:\/\/api.w.org\/{rel}","templated":true}]}}