{"id":7006,"date":"2023-07-20T07:55:45","date_gmt":"2023-07-20T07:55:45","guid":{"rendered":"https:\/\/aedcolor.com\/?page_id=7006"},"modified":"2023-10-10T07:14:05","modified_gmt":"2023-10-10T07:14:05","slug":"topcoat-pu-720","status":"publish","type":"page","link":"https:\/\/aedcolor.com\/index.php\/topcoat-pu-720\/","title":{"rendered":"TOPCOAT-PU 720"},"content":{"rendered":"<div class=\"wpb-content-wrapper\"><p>[vc_row css=&#8221;.vc_custom_1683099634441{padding-bottom: 30px !important;}&#8221;][vc_column width=&#8221;2\/3&#8243;][vc_custom_heading text=&#8221;TOPCOAT-PU 720&#8243; font_container=&#8221;tag:h2|font_size:50|text_align:left&#8221; use_theme_fonts=&#8221;yes&#8221; link=&#8221;|title:AQUAMAT%20-%20SUPERELASTIC||&#8221;][\/vc_column][\/vc_row][vc_row][vc_column width=&#8221;1\/2&#8243;][vc_single_image image=&#8221;7004&#8243; img_size=&#8221;full&#8221;][\/vc_column][vc_column width=&#8221;1\/2&#8243;][vc_column_text]<span style=\"color: #000000;\"><strong>Shtres\u00eb e jashtme poliuretani me nj\u00eb p\u00ebrb\u00ebr\u00ebs, alifatike, elastike.<\/strong> TOPCOAT-PU 720 \u00ebsht\u00eb stable ndaj rrezeve UV dhe pvrdoret p\u00ebr mbrojtjen e sip\u00ebrfaqeve t\u00eb ekspozuara hidroizoluese poliuretani t\u00eb jashtme, sidomos kur k\u00ebrkohet ngjyr\u00eb e err\u00ebt p\u00ebrfundimtare. <strong>Ofron avantazhet e m\u00ebposhtme:<\/strong><\/span><\/p>\n<ul>\n<li><span style=\"color: #000000;\">Aplikim t\u00eb thjesht\u00eb (produkt me nj\u00eb p\u00ebrb\u00ebr\u00ebs).<\/span><\/li>\n<li><span style=\"color: #000000;\">Q\u00ebndrueshm\u00ebri ngjyre.<\/span><\/li>\n<li><span style=\"color: #000000;\">Nj\u00eb sip\u00ebrfaqe p\u00ebrfundimtare me shk\u00eblqim, e cila \u00ebsht\u00eb e thjesht\u00eb p\u00ebr tu pastruar dhe i reziston trafikut t\u00eb leht\u00eb t\u00eb k\u00ebmb\u00ebsor\u00ebve.<\/span><\/li>\n<li><span style=\"color: #000000;\">Rezistenc\u00eb ndaj ngric\u00ebs.<\/span><\/li>\n<li><span style=\"color: #000000;\">Ruajtje t\u00eb vetive mekanike n\u00eb temperatur\u00eb prej -40oC deri +90oC.<\/span><\/li>\n<\/ul>\n<p><span style=\"color: #000000;\">Certifikuar sipas EN 1504-2 dhe e klasifikuar si veshje p\u00ebr mbrojtjen e sip\u00ebrfaqeve prej betoni. Nr. i certifikat\u00ebs: 2032-CPR-10.11. Gjithashtu i certifikuar sipas EN 13813 dhe i klasifikuar si mall\u00eb prej rr\u00ebshire sintetike. I sh\u00ebnjuar si CE.<\/span><\/p>\n<p><strong><span style=\"color: #000000;\">TOPCOAT-PU 720 p\u00ebrdoret p\u00ebr mbrojtjen e shtresave p\u00ebrfundimtare hidroizoluese poliuretani nga:<\/span><\/strong><\/p>\n<ul>\n<li><span style=\"color: #000000;\">Ekspozimi UV, sidomos kur \u00ebsht\u00eb zgjedhur nj\u00eb ngjyr\u00eb e err\u00ebt.<\/span><\/li>\n<li><span style=\"color: #000000;\">Trafiku i k\u00ebmb\u00ebsor\u00ebve dhe trafiku i leht\u00eb i makinave (p.sh. n\u00eb parkim).<\/span><\/li>\n<li><span style=\"color: #000000;\">P\u00ebrgatitja e n\u00ebnshtres\u00ebs<\/span><br \/>\n<span style=\"color: #000000;\">N\u00ebnshtresa duhet t\u00eb jet\u00eb plot\u00ebsisht e that\u00eb, e past\u00ebr, pa yndyr\u00eb, grimca t\u00eb lirshme, pluhur, etj. Veshjet ekzistuese hidrizoluese prej poliuretani nuk kan\u00eb nevoj\u00eb p\u00ebr astar.<\/span><\/li>\n<\/ul>\n<p><strong><span style=\"color: #000000;\">1.1. Sip\u00ebrfaqet metalike<\/span><\/strong><br \/>\n<strong><span style=\"color: #000000;\">Sip\u00ebrfaqet metalike duhet t\u00eb jen\u00eb:<\/span><\/strong><\/p>\n<ul>\n<li><span style=\"color: #000000;\">T\u00eb thata dhe t\u00eb pastra<\/span><\/li>\n<li><span style=\"color: #000000;\">Pa yndyr\u00eb, grimca t\u00eb lirshme, pluhur, etj, gj\u00ebra t\u00eb cilat mund ta d\u00ebmtojn\u00eb ngjitjen.<\/span><\/li>\n<li><span style=\"color: #000000;\">Pa ndryshk apo g\u00ebrryerje, gj\u00ebra t\u00eb cilat mund ta d\u00ebmtojn\u00eb ngjitjen.<\/span><\/li>\n<\/ul>\n<p><span style=\"color: #000000;\">Sip\u00ebrfaqet metalike mbulohen paraprakisht me astar me shtres\u00ebn epokside antikorozive EPOXYCOAT-AC n\u00eb nj\u00eb ose dy shtresa me furc\u00eb, f\u00ebrkimi, sp\u00ebrkatje, etj. pasi t\u00eb jen\u00eb pastruar t\u00ebr\u00ebsisht nga pluhuri. EPOXYCOAT-AC aplikohet me rul, furc\u00eb ose sp\u00ebrkatje. Shtresa e dyt\u00eb vendoset pasi e para t\u00eb jet\u00eb thar\u00eb por brenda 24 or\u00ebve. Konsumi: 150-200 g\/m2\/shtres\u00eb. Aplikimi i TOPCOAT-PU 720 duhet t\u00eb vijoj\u00eb m\u00eb pas brenda 24-48 or\u00ebve t\u00eb ardhshme.<\/span><\/p>\n<p><strong><span style=\"color: #000000;\">1.2. Sip\u00ebrfaqet prej betoni<\/span><\/strong><br \/>\n<span style=\"color: #000000;\">Sip\u00ebrfaqet prej betnoi duhet t\u00eb trajtohen me astar poliuretani PRIMER-PU 100 n\u00eb nj\u00eb shtres\u00eb, me nj\u00eb konsum prej rreth 200 g\/m2.<\/span><\/p>\n<p><strong><span style=\"color: #000000;\">Aplikimi<\/span><\/strong><br \/>\n<span style=\"color: #000000;\">Para aplikimit rekomandohet p\u00ebrzierja e leht\u00eb e TOPCOAT-PU 720, derisa t\u00eb b\u00ebhet homogjen. P\u00ebrzierja e tep\u00ebrt duhet shmangur q\u00eb t\u00eb parandalohet bllokimi i ajrit n\u00eb material. TOPCOAT-PU 720 shtohet me furc\u00eb, ryl ose me sp\u00ebrkatje n\u00eb 1 ose 2 shtresa, 2-3or\u00eb pas astarimit dhe nd\u00ebrsa PRIMER-PU 100 ngjit akoma. SHtresa e dyt\u00eb duhet t\u00eb shtrohet n\u00eb m\u00ebnyr\u00eb perpendikulare me t\u00eb par\u00ebn pas 4-24 or\u00eb, n\u00eb var\u00ebsi me konditat e motit. Konsumi: rreth 0,12-0,25 kg\/m2 n\u00eb var\u00ebsi me n\u00ebnshtres\u00ebn.<\/span>[\/vc_column_text][vc_row_inner][vc_column_inner width=&#8221;1\/2&#8243;]<div class=\"standard-arrow bullet-top\"><ul>\n<li class=\"col-12 col-xs-6 col-sm-12 col-md-6 d-flex pb-2 pb-md-3 \"><span style=\"color: #000000;\">TOPCOAT-PU 720 nuk p\u00ebrshtatet p\u00ebr kontakt me ujin e pishave t\u00eb trajtuar n\u00eb m\u00ebnyr\u00eb kimike.<\/span><\/li>\n<li><span style=\"color: #000000;\">Temperatura gjat\u00eb aplikimit dhe fort\u00ebsimit duhet t\u00eb jen\u00eb nd\u00ebrmjet +8oC dhe +35 oC.<\/span><\/li>\n<\/ul>\n<\/div>[\/vc_column_inner][vc_column_inner width=&#8221;1\/2&#8243;]<div class=\"standard-arrow bullet-top\"><ul>\n<li><span style=\"color: #000000;\">Pakot e pa hapura duhet t\u00eb p\u00ebrdoren menj\u00ebher\u00eb sa hapen dhe nuk mund t\u00eb magazinohen prap\u00eb.<\/span><\/li>\n<\/ul>\n<\/div>[\/vc_column_inner][\/vc_row_inner][vc_row_inner css=&#8221;.vc_custom_1683100048912{padding-top: 20px !important;}&#8221;][vc_column_inner width=&#8221;1\/2&#8243;]<div class=\"aio-icon-component    style_1\"><div id=\"Info-box-wrap-6863\" class=\"aio-icon-box default-icon\" style=\"\"  ><div class=\"aio-icon-default\"><div class=\"ult-just-icon-wrapper  \"><div class=\"align-icon\" style=\"text-align:center;\">\n<div class=\"aio-icon-img \" style=\"font-size:65px;display:inline-block;\" >\n\t<img decoding=\"async\" class=\"img-icon\" alt=\"null\" src=\"https:\/\/aedcolor.com\/wp-content\/uploads\/2023\/05\/image-2.png\"\/>\n<\/div><\/div><\/div><\/div><div class=\"aio-icon-header\" ><h3 class=\"aio-icon-title ult-responsive\"  data-ultimate-target='#Info-box-wrap-6863 .aio-icon-title'  data-responsive-json-new='{\"font-size\":\"\",\"line-height\":\"\"}'  style=\"\">Sip\u00ebrfaqe: Beton<\/h3><\/div> <!-- header --><\/div> <!-- aio-icon-box --><\/div> <!-- aio-icon-component -->[\/vc_column_inner][vc_column_inner width=&#8221;1\/2&#8243;]<div class=\"aio-icon-component    style_1\"><div id=\"Info-box-wrap-3574\" class=\"aio-icon-box default-icon\" style=\"\"  ><div class=\"aio-icon-default\"><div class=\"ult-just-icon-wrapper  \"><div class=\"align-icon\" style=\"text-align:center;\">\n<div class=\"aio-icon-img \" style=\"font-size:65px;display:inline-block;\" >\n\t<img decoding=\"async\" class=\"img-icon\" alt=\"null\" src=\"https:\/\/aedcolor.com\/wp-content\/uploads\/2023\/05\/image-1.png\"\/>\n<\/div><\/div><\/div><\/div><div class=\"aio-icon-header\" ><h3 class=\"aio-icon-title ult-responsive\"  data-ultimate-target='#Info-box-wrap-3574 .aio-icon-title'  data-responsive-json-new='{\"font-size\":\"\",\"line-height\":\"\"}'  style=\"\">Aplikimi: Fur\u00e7\u00eb, rul<\/h3><\/div> <!-- header --><\/div> <!-- aio-icon-box --><\/div> <!-- aio-icon-component -->[\/vc_column_inner][\/vc_row_inner][\/vc_column][\/vc_row]<\/p>\n<\/div>","protected":false},"excerpt":{"rendered":"<p>[vc_row css=&#8221;.vc_custom_1683099634441{padding-bottom: 30px !important;}&#8221;][vc_column width=&#8221;2\/3&#8243;][vc_custom_heading text=&#8221;TOPCOAT-PU 720&#8243; font_container=&#8221;tag:h2|font_size:50|text_align:left&#8221; use_theme_fonts=&#8221;yes&#8221; link=&#8221;|title:AQUAMAT%20-%20SUPERELASTIC||&#8221;][\/vc_column][\/vc_row][vc_row][vc_column width=&#8221;1\/2&#8243;][vc_single_image image=&#8221;7004&#8243; img_size=&#8221;full&#8221;][\/vc_column][vc_column width=&#8221;1\/2&#8243;][vc_column_text]Shtres\u00eb e jashtme poliuretani me nj\u00eb p\u00ebrb\u00ebr\u00ebs, alifatike, elastike. TOPCOAT-PU 720 \u00ebsht\u00eb stable ndaj rrezeve UV dhe pvrdoret p\u00ebr mbrojtjen e sip\u00ebrfaqeve t\u00eb ekspozuara hidroizoluese poliuretani t\u00eb jashtme, sidomos kur k\u00ebrkohet ngjyr\u00eb e err\u00ebt p\u00ebrfundimtare. Ofron avantazhet e m\u00ebposhtme: Aplikim t\u00eb thjesht\u00eb&hellip;<\/p>\n","protected":false},"author":2,"featured_media":0,"parent":0,"menu_order":0,"comment_status":"closed","ping_status":"closed","template":"","meta":{"footnotes":""},"class_list":["post-7006","page","type-page","status-publish","hentry","description-off"],"_links":{"self":[{"href":"https:\/\/aedcolor.com\/index.php\/wp-json\/wp\/v2\/pages\/7006","targetHints":{"allow":["GET"]}}],"collection":[{"href":"https:\/\/aedcolor.com\/index.php\/wp-json\/wp\/v2\/pages"}],"about":[{"href":"https:\/\/aedcolor.com\/index.php\/wp-json\/wp\/v2\/types\/page"}],"author":[{"embeddable":true,"href":"https:\/\/aedcolor.com\/index.php\/wp-json\/wp\/v2\/users\/2"}],"replies":[{"embeddable":true,"href":"https:\/\/aedcolor.com\/index.php\/wp-json\/wp\/v2\/comments?post=7006"}],"version-history":[{"count":4,"href":"https:\/\/aedcolor.com\/index.php\/wp-json\/wp\/v2\/pages\/7006\/revisions"}],"predecessor-version":[{"id":9491,"href":"https:\/\/aedcolor.com\/index.php\/wp-json\/wp\/v2\/pages\/7006\/revisions\/9491"}],"wp:attachment":[{"href":"https:\/\/aedcolor.com\/index.php\/wp-json\/wp\/v2\/media?parent=7006"}],"curies":[{"name":"wp","href":"https:\/\/api.w.org\/{rel}","templated":true}]}}