{"id":7012,"date":"2023-07-20T08:29:01","date_gmt":"2023-07-20T08:29:01","guid":{"rendered":"https:\/\/aedcolor.com\/?page_id=7012"},"modified":"2023-10-11T07:59:51","modified_gmt":"2023-10-11T07:59:51","slug":"durofloor-c","status":"publish","type":"page","link":"https:\/\/aedcolor.com\/index.php\/durofloor-c\/","title":{"rendered":"DUROFLOOR-C"},"content":{"rendered":"<div class=\"wpb-content-wrapper\"><p>[vc_row css=&#8221;.vc_custom_1683099634441{padding-bottom: 30px !important;}&#8221;][vc_column width=&#8221;2\/3&#8243;][vc_custom_heading text=&#8221;DUROFLOOR-C&#8221; font_container=&#8221;tag:h2|font_size:50|text_align:left&#8221; use_theme_fonts=&#8221;yes&#8221; link=&#8221;|title:AQUAMAT%20-%20SUPERELASTIC||&#8221;][\/vc_column][\/vc_row][vc_row][vc_column width=&#8221;1\/2&#8243;][vc_single_image image=&#8221;7013&#8243; img_size=&#8221;full&#8221;][\/vc_column][vc_column width=&#8221;1\/2&#8243;][vc_column_text]<span style=\"color: #000000;\"><strong>DUROFLOOR-C \u00ebsht\u00eb nj\u00eb sistem epoksid me 2 p\u00ebrb\u00ebr\u00ebs q\u00eb nuk p\u00ebrmban tret\u00ebs dhe i ngjyrosur, i cili ofron p\u00ebrcueshm\u00ebri permanente q\u00eb parandalon pranin\u00eb e ngarkesave elektrike statike mbi sip\u00ebrfaqe.<\/strong> Ai ka nj\u00eb rezistenc\u00eb p\u00ebrcueshm\u00ebrie midis 10 4 dhe 10 6 om*. DUROFLOOR-C ka forc104 dhe 106 om* t104 dhe 106 om* madhe dhe rezistenc104 dhe 106 om* t104 dhe 106 om* lart104 dhe 106 om* ndaj g104 dhe 106 om*rryerjes, 104 dhe 106 om*sht104 dhe 106 om* rezistent ndaj acideve organike dhe inorganike, substancave alkaline, ndaj produkteve t\u00eb naft\u00ebs, papast\u00ebrtive, ujit, ujit t\u00eb detit dhe ndaj kushteve t\u00eb motit. Ai klasifikohet si SR-B2,0-AR0,5-IR4 sipas standardit EN 13813. DUROFLOOR-C p\u00ebrdoret si nj\u00eb shtres\u00eb dyshemeje auto-niveluese n\u00eb dysheme prej cimentoje, me q\u00ebllim shmangien e rrezikut t\u00eb gjenerimit t\u00eb shk\u00ebndijave t\u00eb shkaktuara nga elektricitetit statik. E p\u00ebrshtatshme p\u00ebr dhoma kompjuterash, laboratore, shtypshkronja, fabrika tekstili, spitale, pika karburanti, kabina elektrike, depo municionesh, etj.<\/span><\/p>\n<p><strong><span style=\"color: #000000;\">N\u00ebnshtresa<\/span><\/strong><br \/>\n<strong><span style=\"color: #000000;\">Sip\u00ebrfaqja e dyshemes\u00eb p\u00ebr shtrim duhet t\u00eb jet\u00eb:<\/span><\/strong><\/p>\n<ul>\n<li><span style=\"color: #000000;\">E that\u00eb dhe e q\u00ebndrueshme<\/span><\/li>\n<li><span style=\"color: #000000;\">Pa materiale q\u00eb pengojn\u00eb ngjitjen, si p.sh. pluhuri, grimcat e lira, grasoja etj.<\/span><\/li>\n<li><span style=\"color: #000000;\">E mbrojtur nga sulmi i lag\u00ebshtir\u00ebs nga posht\u00eb.<\/span><\/li>\n<\/ul>\n<p><span style=\"color: #000000;\">N\u00eb var\u00ebsi t\u00eb natyr\u00ebs s\u00eb n\u00ebnshtres\u00ebs, ajo duhet t\u00eb p\u00ebrgatitet n\u00ebp\u00ebrmjet f\u00ebrkimit me furc\u00eb, g\u00ebrryerjes, r\u00ebr\u00ebs me aj\u00ebr me presion, ujit me presion, fryrjes me presion t\u00eb sacmave metalike, etj. Pas k\u00ebsaj, sip\u00ebrfaqja duhet t\u00eb pastrohet nga pluhuri me nj\u00eb fshes\u00eb me vakum me fuqi t\u00eb madhe thith\u00ebse.<\/span><\/p>\n<p><strong><span style=\"color: #000000;\">Shtresa p\u00ebrcuese<\/span><\/strong><br \/>\n<span style=\"color: #000000;\">Pas forcimit t\u00eb astarit, shiritat e vecant\u00eb prej bakri me vet\u00ebngjitje (konduktor\u00ebt) duhet t\u00eb instalohen n\u00eb dysheme duke formuar nj\u00eb rrjet\u00eb rreth 5m x 5m dhe t\u00eb lidhen me tok\u00ebn me an\u00eb t\u00eb nj\u00eb kablloje perimetrike. Pas k\u00ebsaj, sip\u00ebrfaqja lyhet me vernikun epoksid t\u00eb p\u00ebrcuesh\u00ebm DUROFLOOR-CV, t\u00eb aplikuar me rul n\u00eb nj\u00eb shtres\u00eb t\u00eb holl\u00eb. Konsumi: rreth 200 g\/m2. DUROFLOOR-C duhet t\u00eb aplikohet brenda 24 or\u00ebsh pas aplikimit t\u00eb DUROFLOOR-CV, por pasi kjo e fundit t\u00eb jet\u00eb thar\u00eb.<\/span><br \/>\n<span style=\"color: #000000;\">DUROFLOOR-C ofrohet n\u00eb paketime (A+B) prej 10kg, ku p\u00ebrb\u00ebr\u00ebsit A dhe B kan\u00eb raporte t\u00eb fiksuara t\u00eb pesh\u00ebs. T\u00eb pakt\u00ebn 12 muaj nga data e prodhimit n\u00ebse ruhet n\u00eb paketimin origjinal t\u00eb izoluar, n\u00eb ambiente t\u00eb mbrojtura nga lag\u00ebshtia dhe ekspozimi n\u00eb drit\u00ebn e diellit. Temperatura e rekomanduar e magazinimit \u00ebsht\u00eb +5oC dhe +35oC.<\/span>[\/vc_column_text][vc_row_inner][vc_column_inner width=&#8221;1\/2&#8243;]<div class=\"standard-arrow bullet-top\"><ul>\n<li class=\"col-12 col-xs-6 col-sm-12 col-md-6 d-flex pb-2 pb-md-3 \"><span style=\"color: #000000;\">Punueshm\u00ebria e materialeve epokside ndikohet nga temperatura e tyre. Temperatura ideale e p\u00ebrdorimit \u00ebsht\u00eb midis +15oC dhe +25oC n\u00eb m\u00ebnyr\u00eb q\u00eb produkti t\u00eb jet\u00eb i leht\u00eb p\u00ebr tu p\u00ebrdorur dhe p\u00ebr tu thar\u00eb, ashtu sic shpjegohet m\u00eb lart\u00eb. Temperatura e ambientit n\u00ebn +15oC do t\u00eb rris\u00eb koh\u00ebn e tharjes dhe temperatura mbi +30oC do t\u00eb p\u00ebrshpejtoj\u00eb koh\u00ebn e tharjes. Gjat\u00eb dimrit rekomandohet nj\u00eb ngrohje paraprake e produktit, kurse n\u00eb ver\u00eb rekomandohet ruajtja e materialit n\u00eb nj\u00eb vend t\u00eb fresk\u00ebt p\u00ebrpara p\u00ebrdorimit.<\/span><\/li>\n<li><span style=\"color: #000000;\">Ngjitja e shtres\u00ebs pasuese mund t\u00eb ndikohet ndjesh\u00ebm nga nd\u00ebrhyrja e lag\u00ebshtir\u00ebs ose papast\u00ebrtive.<\/span><\/li>\n<li><span style=\"color: #000000;\">Shtresat epokside duhet t\u00eb mbrohen nga lag\u00ebshtira p\u00ebr 4-6 or\u00eb pas aplikimit t\u00eb tyre. Lag\u00ebshtira mund t\u00eb zbardh\u00eb sip\u00ebrfaqen dhe\/ose ta b\u00ebj\u00eb ngjit\u00ebse. Ajo mund t\u00eb crregulloj\u00eb mpiksjen gjithashtu. Shtresat e zbehura ose ngjit\u00ebse n\u00eb pjes\u00eb t\u00eb ndryshme t\u00eb sip\u00ebrfaqes duhet t\u00eb hiqen duke u g\u00ebrryer ose duke u f\u00ebrkuar dhe pastaj t\u00eb shtrohen p\u00ebrs\u00ebri.<\/span><\/li>\n<\/ul>\n<\/div>[\/vc_column_inner][vc_column_inner width=&#8221;1\/2&#8243;]<div class=\"standard-arrow bullet-top\"><ul>\n<li><span style=\"color: #000000;\">N\u00ebse nj\u00eb koh\u00eb m\u00eb e gjat\u00eb se ajo e parashikuar ndodh midis aplikimeve t\u00eb shtresave pasardh\u00ebse ose n\u00eb rast se dyshemet\u00eb e vjetra do t\u00eb shtrohen p\u00ebrs\u00ebri, sip\u00ebrfaqja duhet t\u00eb g\u00ebrryhet dhe t\u00eb pastrohet plot\u00ebsisht p\u00ebrpara aplikimit t\u00eb nj\u00eb shtrese t\u00eb re.<\/span><\/li>\n<li><span style=\"color: #000000;\">Fibrat p\u00ebrcuese q\u00eb ndodhen n\u00eb DUROFLOOR-C shkaktojn\u00eb nj\u00eb ndryshim t\u00eb leht\u00eb t\u00eb ngjyr\u00ebs n\u00eb lidhje me ngjyr\u00ebn korresponduese t\u00eb kodit RAL.<\/span><\/li>\n<li><span style=\"color: #000000;\">Pas, ngurt\u00ebsimit DUROFLOOR-C \u00ebsht\u00eb totalisht e sigurt p\u00ebr sh\u00ebndetin.<\/span><\/li>\n<\/ul>\n<\/div>[\/vc_column_inner][\/vc_row_inner][vc_row_inner css=&#8221;.vc_custom_1683100048912{padding-top: 20px !important;}&#8221;][vc_column_inner width=&#8221;1\/2&#8243;]<div class=\"aio-icon-component    style_1\"><div id=\"Info-box-wrap-7314\" class=\"aio-icon-box default-icon\" style=\"\"  ><div class=\"aio-icon-default\"><div class=\"ult-just-icon-wrapper  \"><div class=\"align-icon\" style=\"text-align:center;\">\n<div class=\"aio-icon-img \" style=\"font-size:65px;display:inline-block;\" >\n\t<img decoding=\"async\" class=\"img-icon\" alt=\"null\" src=\"https:\/\/aedcolor.com\/wp-content\/uploads\/2023\/05\/image-2.png\"\/>\n<\/div><\/div><\/div><\/div><div class=\"aio-icon-header\" ><h3 class=\"aio-icon-title ult-responsive\"  data-ultimate-target='#Info-box-wrap-7314 .aio-icon-title'  data-responsive-json-new='{\"font-size\":\"\",\"line-height\":\"\"}'  style=\"\">Sip\u00ebrfaqe: Beton<\/h3><\/div> <!-- header --><\/div> <!-- aio-icon-box --><\/div> <!-- aio-icon-component -->[\/vc_column_inner][vc_column_inner width=&#8221;1\/2&#8243;]<div class=\"aio-icon-component    style_1\"><div id=\"Info-box-wrap-6086\" class=\"aio-icon-box default-icon\" style=\"\"  ><div class=\"aio-icon-default\"><div class=\"ult-just-icon-wrapper  \"><div class=\"align-icon\" style=\"text-align:center;\">\n<div class=\"aio-icon-img \" style=\"font-size:65px;display:inline-block;\" >\n\t<img decoding=\"async\" class=\"img-icon\" alt=\"null\" src=\"https:\/\/aedcolor.com\/wp-content\/uploads\/2023\/05\/image-1.png\"\/>\n<\/div><\/div><\/div><\/div><div class=\"aio-icon-header\" ><h3 class=\"aio-icon-title ult-responsive\"  data-ultimate-target='#Info-box-wrap-6086 .aio-icon-title'  data-responsive-json-new='{\"font-size\":\"\",\"line-height\":\"\"}'  style=\"\">Aplikimi: Mistri <\/h3><\/div> <!-- header --><\/div> <!-- aio-icon-box --><\/div> <!-- aio-icon-component -->[\/vc_column_inner][\/vc_row_inner][\/vc_column][\/vc_row]<\/p>\n<\/div>","protected":false},"excerpt":{"rendered":"<p>[vc_row css=&#8221;.vc_custom_1683099634441{padding-bottom: 30px !important;}&#8221;][vc_column width=&#8221;2\/3&#8243;][vc_custom_heading text=&#8221;DUROFLOOR-C&#8221; font_container=&#8221;tag:h2|font_size:50|text_align:left&#8221; use_theme_fonts=&#8221;yes&#8221; link=&#8221;|title:AQUAMAT%20-%20SUPERELASTIC||&#8221;][\/vc_column][\/vc_row][vc_row][vc_column width=&#8221;1\/2&#8243;][vc_single_image image=&#8221;7013&#8243; img_size=&#8221;full&#8221;][\/vc_column][vc_column width=&#8221;1\/2&#8243;][vc_column_text]DUROFLOOR-C \u00ebsht\u00eb nj\u00eb sistem epoksid me 2 p\u00ebrb\u00ebr\u00ebs q\u00eb nuk p\u00ebrmban tret\u00ebs dhe i ngjyrosur, i cili ofron p\u00ebrcueshm\u00ebri permanente q\u00eb parandalon pranin\u00eb e ngarkesave elektrike statike mbi sip\u00ebrfaqe. Ai ka nj\u00eb rezistenc\u00eb p\u00ebrcueshm\u00ebrie midis 10 4 dhe 10 6 om*. DUROFLOOR-C ka&hellip;<\/p>\n","protected":false},"author":2,"featured_media":0,"parent":0,"menu_order":0,"comment_status":"closed","ping_status":"closed","template":"","meta":{"footnotes":""},"class_list":["post-7012","page","type-page","status-publish","hentry","description-off"],"_links":{"self":[{"href":"https:\/\/aedcolor.com\/index.php\/wp-json\/wp\/v2\/pages\/7012","targetHints":{"allow":["GET"]}}],"collection":[{"href":"https:\/\/aedcolor.com\/index.php\/wp-json\/wp\/v2\/pages"}],"about":[{"href":"https:\/\/aedcolor.com\/index.php\/wp-json\/wp\/v2\/types\/page"}],"author":[{"embeddable":true,"href":"https:\/\/aedcolor.com\/index.php\/wp-json\/wp\/v2\/users\/2"}],"replies":[{"embeddable":true,"href":"https:\/\/aedcolor.com\/index.php\/wp-json\/wp\/v2\/comments?post=7012"}],"version-history":[{"count":3,"href":"https:\/\/aedcolor.com\/index.php\/wp-json\/wp\/v2\/pages\/7012\/revisions"}],"predecessor-version":[{"id":9495,"href":"https:\/\/aedcolor.com\/index.php\/wp-json\/wp\/v2\/pages\/7012\/revisions\/9495"}],"wp:attachment":[{"href":"https:\/\/aedcolor.com\/index.php\/wp-json\/wp\/v2\/media?parent=7012"}],"curies":[{"name":"wp","href":"https:\/\/api.w.org\/{rel}","templated":true}]}}