{"id":7019,"date":"2023-07-20T08:50:21","date_gmt":"2023-07-20T08:50:21","guid":{"rendered":"https:\/\/aedcolor.com\/?page_id=7019"},"modified":"2023-10-10T09:26:53","modified_gmt":"2023-10-10T09:26:53","slug":"durofloor-cv","status":"publish","type":"page","link":"https:\/\/aedcolor.com\/index.php\/durofloor-cv\/","title":{"rendered":"DUROFLOOR-CV"},"content":{"rendered":"<div class=\"wpb-content-wrapper\"><p>[vc_row css=&#8221;.vc_custom_1683099634441{padding-bottom: 30px !important;}&#8221;][vc_column width=&#8221;2\/3&#8243;][vc_custom_heading text=&#8221;DUROFLOOR-CV&#8221; font_container=&#8221;tag:h2|font_size:50|text_align:left&#8221; use_theme_fonts=&#8221;yes&#8221; link=&#8221;|title:AQUAMAT%20-%20SUPERELASTIC||&#8221;][\/vc_column][\/vc_row][vc_row][vc_column width=&#8221;1\/2&#8243;][vc_single_image image=&#8221;7020&#8243; img_size=&#8221;full&#8221;][\/vc_column][vc_column width=&#8221;1\/2&#8243;][vc_column_text]<span style=\"color: #000000;\"><strong>DUROFLOOR-CV \u00ebsht\u00eb nj\u00eb sistem epoksid me 2 p\u00ebrb\u00ebr\u00ebs i ngjyrosur dhe me tret\u00ebs, i cili ofron ngjitje t\u00eb fort\u00eb me n\u00ebnshtres\u00ebn dhe p\u00ebrcueshm\u00ebri t\u00eb mir\u00eb, e cila parandalon akumulimin e elektricitetit statik mbi sip\u00ebrfaqe.<\/strong> Ka nj\u00eb rezistenc\u00eb p\u00ebrcueshm\u00ebrie m\u00eb t\u00eb vog\u00ebl se 10 kub\/m. Ai klasifikohet si SR-B2,0 sipas standardit EN 13813. DUROFLOOR-CV p\u00ebrdoret si nj\u00eb shtres\u00eb e nd\u00ebrmjetme e sistemit epoksid DUROFLOOR-C, p\u00ebr t\u00eb siguruar p\u00ebrcueshm\u00ebrin\u00eb uniforme n\u00eb t\u00eb gjith\u00eb sip\u00ebrfaqen e dyshemes\u00eb.<\/span><\/p>\n<p><strong><span style=\"color: #000000;\">P\u00ebrzierja e p\u00ebrb\u00ebr\u00ebsve<\/span><\/strong><br \/>\n<span style=\"color: #000000;\">Pvrb\u00ebr\u00ebsi A (rr\u00ebshira) dhe B (forcuesi) jan\u00eb t\u00eb paketuar n\u00eb dy en\u00eb t\u00eb ndara, t\u00eb cilat kan\u00eb raportin e paracaktuar t\u00eb p\u00ebrzierjes sipas pesh\u00ebs. E gjith\u00eb sasia e p\u00ebrb\u00ebr\u00ebsit B shtohet n\u00eb p\u00ebrb\u00ebr\u00ebsin A. P\u00ebrzierja e 2 p\u00ebrb\u00ebr\u00ebsve duhet t\u00eb b\u00ebhet p\u00ebr rreth 5 minuta, duke p\u00ebrdorur nj\u00eb mikser me xhiro t\u00eb ul\u00ebta (300 rrot\/min). \u00cbsht\u00eb e r\u00ebnd\u00ebsishme q\u00eb p\u00ebrzierja t\u00eb trazohet plot\u00ebsisht pran\u00eb an\u00ebve dhe fundit t\u00eb en\u00ebs n\u00eb m\u00ebnyr\u00eb q\u00eb t\u00eb arrihet\u00a0 p\u00ebrhapja uniforme e forcuesit.<\/span><br \/>\n<strong><span style=\"color: #000000;\">P\u00ebrdorimi-Konsumi<\/span><\/strong><br \/>\n<span style=\"color: #000000;\">DUROFLOOR-CV aplikohet brenda 24 or\u00ebve pas lyerjes me astarin epoksid DUROFLOOR-PSF ose DUROPRIMER dhe pasi astari t\u00eb jet\u00eb forcuar. N\u00eb fillim, shiritat e vecant\u00eb prej bakri me vet\u00ebngjitje (konduktor\u00ebt) duhet t\u00eb instalohen n\u00eb dysheme duke formuar nj\u00eb rrjet\u00eb minimumi 5 x 5 m dhe t\u00eb lidhen me tok\u00ebn me an\u00eb t\u00eb nj\u00eb kablloje perimetrike. Pas k\u00ebsaj, DUROFLOOR-CV lyhet me rul n\u00eb nj\u00eb shtres\u00eb t\u00eb holl\u00eb. DUROFLOOR-CV ofrohet n\u00eb paketime (A+B) prej 8 kg, ku p\u00ebrb\u00ebr\u00ebsit A dhe B kan\u00eb raporte t\u00eb fiksuara t\u00eb pesh\u00ebs. T\u00eb pakten 12 muaj nga data e prodhimit n\u00ebse ruhet n\u00eb paketimin origjinal t\u00eb izoluar, n\u00eb ambiente t\u00eb mbrojtura nga lag\u00ebshtia dhe ekspozimi n\u00eb drit\u00ebn e diellit. Temperatura e rekomanduar e magazinimit \u00ebsht\u00eb midis +5oC dhe +35oC.<\/span>[\/vc_column_text][vc_row_inner][vc_column_inner width=&#8221;1\/2&#8243;]<div class=\"standard-arrow bullet-top\"><ul>\n<li class=\"col-12 col-xs-6 col-sm-12 col-md-6 d-flex pb-2 pb-md-3 \"><span style=\"color: #000000;\">Punueshm\u00ebria e materialeve epokside ndikohet nga temperatura e tyre. Temperatura ideale e p\u00ebrdorimit \u00ebsht\u00eb midis +15oC dhe +25oC n\u00eb m\u00ebnyr\u00eb q\u00eb produkti t\u00eb jet\u00eb i leht\u00eb p\u00ebr tu p\u00ebrdorur dhe p\u00ebr tu thar\u00eb, ashtu sic shpjegohet me lart\u00eb. Temperatura e ambientit n\u00ebn +15oC do t\u00eb rris\u00eb koh\u00ebn e tharjes dhe temperatura mbi +30oC do t\u00eb p\u00ebrshpejtoj\u00eb koh\u00ebn e tharjes. Gjat\u00eb dimrit rekomandohet nj\u00eb ngrohje paraprake e produktit, kurse n\u00eb ver\u00eb rekomandohet ruajtja e materialit n\u00eb nj\u00eb vend t\u00eb fresk\u00ebt p\u00ebrpara p\u00ebrdorimit.<\/span><\/li>\n<li><span style=\"color: #000000;\">Ngjitjae shtres\u00ebs pasuese mund t\u00eb ndikohet ndjesh\u00ebm nga nd\u00ebrhyrja e lag\u00ebshtis\u00eb ose papast\u00ebrtive.<\/span><\/li>\n<li><\/li>\n<\/ul>\n<\/div>[\/vc_column_inner][vc_column_inner width=&#8221;1\/2&#8243;]<div class=\"standard-arrow bullet-top\"><ul>\n<li><span style=\"color: #000000;\">Shtresat epokside duhet t\u00eb mbrohen nga lag\u00ebshtia p\u00ebr 4-6 or\u00eb pas aplikimit t\u00eb tyre. Lag\u00ebshtia mund t\u00eb zbardh\u00eb sip\u00ebrfaqen dhe\/ose ta b\u00ebj\u00eb ngjit\u00ebse. Ajo mund t\u00eb crregulloj\u00eb mpiksjen gjithashtu. Shtresat e zbehura ose ngjit\u00ebse n\u00eb pjes\u00eb t\u00eb ndryshme t\u00eb sip\u00ebrfaqes duhet t\u00eb hiqen duke u g\u00ebrryer ose duke u f\u00ebrkuar dhe pastaj t\u00eb shtrohen p\u00ebrs\u00ebri.<\/span><\/li>\n<li><span style=\"color: #000000;\">N\u00ebse nj\u00eb koh\u00eb m\u00eb e gjat\u00eb se ajo e parashikuar ndodh midis aplimeve t\u00eb shtresave pasardh\u00ebse ose n\u00eb rast se dyshemet\u00eb e vjetra do t\u00eb shtrohen p\u00ebrs\u00ebri, sip\u00ebrfaqja duhet t\u00eb g\u00ebrryhet dhe t\u00eb pastrohet plot\u00ebsisht pvrpara aplikimit t\u00eb nj\u00eb shtrese t\u00eb re.<\/span><\/li>\n<\/ul>\n<\/div>[\/vc_column_inner][\/vc_row_inner][vc_row_inner css=&#8221;.vc_custom_1683100048912{padding-top: 20px !important;}&#8221;][vc_column_inner width=&#8221;1\/2&#8243;]<div class=\"aio-icon-component    style_1\"><div id=\"Info-box-wrap-8952\" class=\"aio-icon-box default-icon\" style=\"\"  ><div class=\"aio-icon-default\"><div class=\"ult-just-icon-wrapper  \"><div class=\"align-icon\" style=\"text-align:center;\">\n<div class=\"aio-icon-img \" style=\"font-size:65px;display:inline-block;\" >\n\t<img decoding=\"async\" class=\"img-icon\" alt=\"null\" src=\"https:\/\/aedcolor.com\/wp-content\/uploads\/2023\/05\/image-2.png\"\/>\n<\/div><\/div><\/div><\/div><div class=\"aio-icon-header\" ><h3 class=\"aio-icon-title ult-responsive\"  data-ultimate-target='#Info-box-wrap-8952 .aio-icon-title'  data-responsive-json-new='{\"font-size\":\"\",\"line-height\":\"\"}'  style=\"\">Sip\u00ebrfaqe: Beton<\/h3><\/div> <!-- header --><\/div> <!-- aio-icon-box --><\/div> <!-- aio-icon-component -->[\/vc_column_inner][vc_column_inner width=&#8221;1\/2&#8243;]<div class=\"aio-icon-component    style_1\"><div id=\"Info-box-wrap-4209\" class=\"aio-icon-box default-icon\" style=\"\"  ><div class=\"aio-icon-default\"><div class=\"ult-just-icon-wrapper  \"><div class=\"align-icon\" style=\"text-align:center;\">\n<div class=\"aio-icon-img \" style=\"font-size:65px;display:inline-block;\" >\n\t<img decoding=\"async\" class=\"img-icon\" alt=\"null\" src=\"https:\/\/aedcolor.com\/wp-content\/uploads\/2023\/05\/image-1.png\"\/>\n<\/div><\/div><\/div><\/div><div class=\"aio-icon-header\" ><h3 class=\"aio-icon-title ult-responsive\"  data-ultimate-target='#Info-box-wrap-4209 .aio-icon-title'  data-responsive-json-new='{\"font-size\":\"\",\"line-height\":\"\"}'  style=\"\">Aplikimi: Mistri <\/h3><\/div> <!-- header --><\/div> <!-- aio-icon-box --><\/div> <!-- aio-icon-component -->[\/vc_column_inner][\/vc_row_inner][\/vc_column][\/vc_row]<\/p>\n<\/div>","protected":false},"excerpt":{"rendered":"<p>[vc_row css=&#8221;.vc_custom_1683099634441{padding-bottom: 30px !important;}&#8221;][vc_column width=&#8221;2\/3&#8243;][vc_custom_heading text=&#8221;DUROFLOOR-CV&#8221; font_container=&#8221;tag:h2|font_size:50|text_align:left&#8221; use_theme_fonts=&#8221;yes&#8221; link=&#8221;|title:AQUAMAT%20-%20SUPERELASTIC||&#8221;][\/vc_column][\/vc_row][vc_row][vc_column width=&#8221;1\/2&#8243;][vc_single_image image=&#8221;7020&#8243; img_size=&#8221;full&#8221;][\/vc_column][vc_column width=&#8221;1\/2&#8243;][vc_column_text]DUROFLOOR-CV \u00ebsht\u00eb nj\u00eb sistem epoksid me 2 p\u00ebrb\u00ebr\u00ebs i ngjyrosur dhe me tret\u00ebs, i cili ofron ngjitje t\u00eb fort\u00eb me n\u00ebnshtres\u00ebn dhe p\u00ebrcueshm\u00ebri t\u00eb mir\u00eb, e cila parandalon akumulimin e elektricitetit statik mbi sip\u00ebrfaqe. Ka nj\u00eb rezistenc\u00eb p\u00ebrcueshm\u00ebrie m\u00eb t\u00eb vog\u00ebl se 10&hellip;<\/p>\n","protected":false},"author":2,"featured_media":0,"parent":0,"menu_order":0,"comment_status":"closed","ping_status":"closed","template":"","meta":{"footnotes":""},"class_list":["post-7019","page","type-page","status-publish","hentry","description-off"],"_links":{"self":[{"href":"https:\/\/aedcolor.com\/index.php\/wp-json\/wp\/v2\/pages\/7019","targetHints":{"allow":["GET"]}}],"collection":[{"href":"https:\/\/aedcolor.com\/index.php\/wp-json\/wp\/v2\/pages"}],"about":[{"href":"https:\/\/aedcolor.com\/index.php\/wp-json\/wp\/v2\/types\/page"}],"author":[{"embeddable":true,"href":"https:\/\/aedcolor.com\/index.php\/wp-json\/wp\/v2\/users\/2"}],"replies":[{"embeddable":true,"href":"https:\/\/aedcolor.com\/index.php\/wp-json\/wp\/v2\/comments?post=7019"}],"version-history":[{"count":3,"href":"https:\/\/aedcolor.com\/index.php\/wp-json\/wp\/v2\/pages\/7019\/revisions"}],"predecessor-version":[{"id":9493,"href":"https:\/\/aedcolor.com\/index.php\/wp-json\/wp\/v2\/pages\/7019\/revisions\/9493"}],"wp:attachment":[{"href":"https:\/\/aedcolor.com\/index.php\/wp-json\/wp\/v2\/media?parent=7019"}],"curies":[{"name":"wp","href":"https:\/\/api.w.org\/{rel}","templated":true}]}}