{"id":7168,"date":"2023-07-21T13:22:47","date_gmt":"2023-07-21T13:22:47","guid":{"rendered":"https:\/\/aedcolor.com\/?page_id=7168"},"modified":"2024-05-28T10:18:07","modified_gmt":"2024-05-28T10:18:07","slug":"rasokol","status":"publish","type":"page","link":"https:\/\/aedcolor.com\/index.php\/rasokol\/","title":{"rendered":"RASOKOL"},"content":{"rendered":"<div class=\"wpb-content-wrapper\"><p>[vc_row css=&#8221;.vc_custom_1683099634441{padding-bottom: 30px !important;}&#8221;][vc_column width=&#8221;2\/3&#8243;][vc_custom_heading text=&#8221;RASOKOL&#8221; font_container=&#8221;tag:h2|font_size:50|text_align:left&#8221; use_theme_fonts=&#8221;yes&#8221; link=&#8221;|title:AQUAMAT%20-%20SUPERELASTIC||&#8221;][\/vc_column][\/vc_row][vc_row][vc_column width=&#8221;1\/2&#8243;][vc_single_image image=&#8221;7169&#8243; img_size=&#8221;full&#8221;][\/vc_column][vc_column width=&#8221;1\/2&#8243;][vc_column_text]<span style=\"color: #000000;\"><strong>Llac pluhur i parap\u00ebrzier.<\/strong> P\u00ebrdoret si p\u00ebrb\u00ebr\u00ebs ngjit\u00ebs dhe l\u00ebmues p\u00ebr nd\u00ebrtimin e sistemeve termoizoluese, fasadave t\u00eb jashtme, papafingo, bodrume etj.<\/span><\/p>\n<p><span style=\"color: #000000;\"><strong>Cil\u00ebsit\u00eb Teknike<\/strong><\/span><br \/>\n<span style=\"color: #000000;\">RASOKOL\u00a0 nga OIKOS \u00ebsht\u00eb nj\u00eb llac i parap\u00ebrzier n\u00eb form\u00eb pluhuri n\u00eb cimento Portland, r\u00ebr\u00eb kuarci dhe mbush\u00ebs sintetik\u00eb, i disponuesh\u00ebm n\u00eb dy versione: Fine (0,6 mm) dhe Medio (0,8 mm). P\u00ebrdoret si ngjit\u00ebs p\u00ebr realiziminm si n\u00eb ambiente t\u00eb brendshme ashtu edhe t\u00eb jashtme, t\u00eb sistmeve termoizoluese n\u00eb fasada. Mund t\u00eb p\u00ebrdoret n\u00eb papafingo, bodrume, dhoma p\u00ebrdhese dhe situata t\u00eb ngjashme. Mund t\u00eb p\u00ebrdoret gjithashtu p\u00ebr izolim n\u00ebn tjegulla, cati me &#8220;pamje t\u00eb hapur&#8221;, fasada t\u00eb ajrosura, kamare radiator\u00ebsh etj. \u00cbsht\u00eb jo i ndezsh\u00ebm dhe miq\u00ebsor si p\u00ebr njer\u00ebzit ashtu edhe p\u00ebr mjedisin.<\/span><\/p>\n<p><span style=\"color: #000000;\"><strong>P\u00ebrdorimi Ideal<\/strong><br \/>\nNgjitja e paneleve t\u00eb polistirenit (t\u00eb dyfishta ose t\u00eb ekstruduara), poliuretani i zgjeruar, tapa, panele n\u00eb fibra minerale ose t\u00eb ngjashme, n\u00eb mure ose tavane, n\u00eb bazamente murature, suva cimentoje, llac t\u00eb p\u00ebrzier, beton etj. Pas aplikimit paraprak t\u00eb astarit t\u00eb tij specifik, mund t\u00eb p\u00ebrdoret gjithashtu n\u00eb mure me baz\u00eb gipsi dhe shkum\u00ebs n\u00ebse thahen plot\u00ebsisht. Mbushje e sip\u00ebrfaqeve izoluese t\u00eb b\u00ebra rrjeta specifike tekstile me fije qelqi. P\u00ebrgatitja e sip\u00ebrfaqes p\u00ebrpara aplikimit t\u00eb produkteve p\u00ebrfundimtare.<\/span><\/p>\n<p><span style=\"color: #000000;\"><strong>P\u00ebrgatitja e Sip\u00ebrfaqes<\/strong><br \/>\nP\u00ebrpara fillimit t\u00eb aplikimit t\u00eb paneleve, sigurohuni q\u00eb mb\u00ebshtet\u00ebsja ose bazamenti\u00a0 t\u00eb jet\u00eb i that\u00eb, i pjekur, i ngurt\u00eb dhe homogjen, si dhe mjaftuesh\u00ebm i shesht\u00eb dhe pa vaj, yndyr\u00eb, pluhur dhe materiale t\u00eb lirshme ose t\u00eb l\u00ebmuara. N\u00eb ambientet e brendshme, n\u00eb rastin e sip\u00ebrfaqeve pak t\u00eb pluhurosura, aplikoni si astar konsolidues NEOFIX nga OIKOS.<\/span><\/p>\n<p><span style=\"color: #000000;\"><strong>Metoda e Aplikimit<\/strong><\/span><br \/>\n<span style=\"color: #000000;\">RASOKOL duhet t\u00eb p\u00ebrgatitet duke p\u00ebrdorur nj\u00eb mikser ose trap me shpejt\u00ebsi t\u00eb ul\u00ebt, duke p\u00ebrzier af\u00ebrsisht 6 litra uj\u00eb t\u00eb pijsh\u00ebm me cdo thes prej 25 kg t\u00eb produktit derisa t\u00eb merret nj\u00eb material\u00a0kremozi dhe e nj\u00ebtrajtshme. l\u00ebreni t\u00eb pushoj\u00eb p\u00ebr rreth 10 minuta pvrpara se t&#8217;i jepni nj\u00eb p\u00ebrzierje t\u00eb shpejt\u00eb. llaci ngjit\u00ebs q\u00eb krijohet \u00ebsht\u00eb i p\u00ebrdorsh\u00ebm p\u00ebr rreth 4 or\u00eb. Pvr m\u00ebnyr\u00ebn e nevojshme p\u00ebr ngjitjen e paneleve, ndiqni udh\u00ebzimet e dh\u00ebna nga prodhuesi i paneleve. N\u00eb cdo rast, n\u00eb pjes\u00ebt e jashtme ose n\u00eb rast panelesh t\u00eb r\u00ebnda e t\u00eb m\u00ebdha, k\u00ebshillohet q\u00eb gjithmon\u00eb t\u00eb mbulohet plot\u00ebsisht sip\u00ebrfaqja e panelit izolues duke p\u00ebrdorur nj\u00eb mistri t\u00eb dh\u00ebmb\u00ebzuar. P\u00ebr panelet me dimensione t\u00eb mesme, t\u00eb vogla, RASOKOL mund t\u00eb aplikohet n\u00eb copa ose p\u00ebrgjat\u00eb skajeve t\u00eb panelit duke p\u00ebrdorur nj\u00eb mistri t\u00eb zakonshme celiku. Shtypni panelin kund\u00ebr sip\u00ebrfaqes dhe n\u00ebse k\u00ebrkohet, prekni panelin pas murit p\u00ebr t\u00eb leht\u00ebsuar ngjitjen. Kontrollin nivelet dhe uniformitetin e sip\u00ebrfaqes duke p\u00ebrdorur nj\u00eb tra metalik. Kur panelet fiksohen duke p\u00ebrdorur priza muri dhe vida, ato duhet t\u00eb aplikohen menj\u00ebher\u00eb pas pozicionimit t\u00eb panelit ose p\u00ebrpara se ngjit\u00ebsi t\u00eb filloj\u00eb t\u00eb ngjitet, jo kur ngjitja ka filluar tashm\u00eb. Q\u00ebllimi i k\u00ebtyre prizave \u00ebsht\u00eb ta mbajn\u00eb panelin t\u00eb q\u00ebndruesh\u00ebm gjat\u00eb vendosjes s\u00eb ngjit\u00ebsit. P\u00ebraf\u00ebrsisht 24 or\u00eb pasi t\u00eb keni ngjitur panelet, aplikoni nj\u00eb trash\u00ebsi t\u00eb barabart\u00eb prej rreth 2-3 mm RASOKOL dhe duke p\u00ebrdorur nj\u00eb mistri celiku, zhytni rrjet\u00ebn e tekstilit me fije qelqi n\u00eb k\u00ebt\u00eb shtres\u00eb, duke mbivendosur pjes\u00ebt e rrejt\u00ebs me rreth 10 cm nga secila an\u00eb. Nj\u00eb shtres\u00eb tjet\u00ebr prej RASOKOL mund t\u00eb aplikohet pas rreth 24 or\u00ebsh dhe t&#8217;i jepet nj\u00eb fund me mistri si n\u00eb suva normale. Shtresa t\u00eb m\u00ebtejshme t\u00eb produkteve p\u00ebrfundimtare mund t\u00eb aplikohen vet\u00ebm pasi sip\u00ebrfaqja t\u00eb jet\u00eb pjekur plot\u00ebsisht.<\/span>[\/vc_column_text][\/vc_column][\/vc_row]<\/p>\n<\/div>","protected":false},"excerpt":{"rendered":"<p>[vc_row css=&#8221;.vc_custom_1683099634441{padding-bottom: 30px !important;}&#8221;][vc_column width=&#8221;2\/3&#8243;][vc_custom_heading text=&#8221;RASOKOL&#8221; font_container=&#8221;tag:h2|font_size:50|text_align:left&#8221; use_theme_fonts=&#8221;yes&#8221; link=&#8221;|title:AQUAMAT%20-%20SUPERELASTIC||&#8221;][\/vc_column][\/vc_row][vc_row][vc_column width=&#8221;1\/2&#8243;][vc_single_image image=&#8221;7169&#8243; img_size=&#8221;full&#8221;][\/vc_column][vc_column width=&#8221;1\/2&#8243;][vc_column_text]Llac pluhur i parap\u00ebrzier. P\u00ebrdoret si p\u00ebrb\u00ebr\u00ebs ngjit\u00ebs dhe l\u00ebmues p\u00ebr nd\u00ebrtimin e sistemeve termoizoluese, fasadave t\u00eb jashtme, papafingo, bodrume etj. Cil\u00ebsit\u00eb Teknike RASOKOL\u00a0 nga OIKOS \u00ebsht\u00eb nj\u00eb llac i parap\u00ebrzier n\u00eb form\u00eb pluhuri n\u00eb cimento Portland, r\u00ebr\u00eb kuarci dhe mbush\u00ebs sintetik\u00eb, i&hellip;<\/p>\n","protected":false},"author":2,"featured_media":0,"parent":0,"menu_order":0,"comment_status":"closed","ping_status":"closed","template":"","meta":{"footnotes":""},"class_list":["post-7168","page","type-page","status-publish","hentry","description-off"],"_links":{"self":[{"href":"https:\/\/aedcolor.com\/index.php\/wp-json\/wp\/v2\/pages\/7168","targetHints":{"allow":["GET"]}}],"collection":[{"href":"https:\/\/aedcolor.com\/index.php\/wp-json\/wp\/v2\/pages"}],"about":[{"href":"https:\/\/aedcolor.com\/index.php\/wp-json\/wp\/v2\/types\/page"}],"author":[{"embeddable":true,"href":"https:\/\/aedcolor.com\/index.php\/wp-json\/wp\/v2\/users\/2"}],"replies":[{"embeddable":true,"href":"https:\/\/aedcolor.com\/index.php\/wp-json\/wp\/v2\/comments?post=7168"}],"version-history":[{"count":3,"href":"https:\/\/aedcolor.com\/index.php\/wp-json\/wp\/v2\/pages\/7168\/revisions"}],"predecessor-version":[{"id":11618,"href":"https:\/\/aedcolor.com\/index.php\/wp-json\/wp\/v2\/pages\/7168\/revisions\/11618"}],"wp:attachment":[{"href":"https:\/\/aedcolor.com\/index.php\/wp-json\/wp\/v2\/media?parent=7168"}],"curies":[{"name":"wp","href":"https:\/\/api.w.org\/{rel}","templated":true}]}}