{"id":7204,"date":"2023-07-22T06:46:05","date_gmt":"2023-07-22T06:46:05","guid":{"rendered":"https:\/\/aedcolor.com\/?page_id=7204"},"modified":"2024-05-29T13:19:03","modified_gmt":"2024-05-29T13:19:03","slug":"o-addensante","status":"publish","type":"page","link":"https:\/\/aedcolor.com\/index.php\/o-addensante\/","title":{"rendered":"O-ADDENSANTE"},"content":{"rendered":"<div class=\"wpb-content-wrapper\"><p>[vc_row css=&#8221;.vc_custom_1683099634441{padding-bottom: 30px !important;}&#8221;][vc_column width=&#8221;2\/3&#8243;][vc_custom_heading text=&#8221;O-ADDENSANTE&#8221; font_container=&#8221;tag:h2|font_size:50|text_align:left&#8221; use_theme_fonts=&#8221;yes&#8221; link=&#8221;|title:AQUAMAT%20-%20SUPERELASTIC||&#8221;][\/vc_column][\/vc_row][vc_row][vc_column width=&#8221;1\/2&#8243;][vc_single_image image=&#8221;7202&#8243; img_size=&#8221;full&#8221;][\/vc_column][vc_column width=&#8221;1\/2&#8243;][vc_column_text]<span style=\"color: #000000;\"><strong>Nj\u00eb aditiv i aft\u00eb p\u00ebr t\u00eb rritur viskozitetin e nj\u00eb produkti.<\/strong> I p\u00ebrshtatsh\u00ebm p\u00ebr t\u00eb sjell\u00eb nj\u00eb produkt n\u00eb kushtet e nevojshme p\u00ebr aplikimin e d\u00ebshiruar.<\/span><\/p>\n<p><strong><span style=\"color: #000000;\">Karakteristikat Teknike<\/span><\/strong><br \/>\n<span style=\"color: #000000;\">ADDENSANTE OIKOS \u00ebsht\u00eb nj\u00eb aditiv special q\u00eb mund t\u00eb p\u00ebrdoret kur nj\u00eb produkt q\u00eb do t\u00eb aplikohet \u00ebsht\u00eb shum\u00eb i l\u00ebndsh\u00ebm p\u00ebr tu aplikuar, p\u00ebr t\u00eb sjell\u00eb viskozitetin e produktit n\u00eb nj\u00eb nivel t\u00eb p\u00ebrshtatsh\u00ebm p\u00ebr p\u00ebrdorimin e tij. Produkti mund t\u00eb p\u00ebrdoret p\u00ebr gam\u00ebn e produkteve OIKOS t\u00eb formuluara me stuko g\u00eblqereje dhe p\u00ebr t\u00eb gjitha veshjet akrilike. \u00cbsht\u00eb e leht\u00eb p\u00ebr tu p\u00ebrdorur dhe ka nj\u00eb efekt t\u00eb menj\u00ebhersh\u00ebm. ADDENSANTE OIKOS \u00ebsht\u00eb i p\u00ebrb\u00ebr\u00eb nga aditiv\u00eb reologjik\u00eb shum\u00eb efikas\u00eb n\u00eb dispersionin e ujit. \u00cbsht\u00eb nj\u00eb produkt me ndikim t\u00eb ul\u00ebt mjedisor, miq\u00ebsor si pvr njer\u00ebzit ashtu edhe p\u00ebr mjedisin.<\/span><\/p>\n<p><strong><span style=\"color: #000000;\">P\u00ebrdorimi Ideal<\/span><\/strong><br \/>\n<span style=\"text-decoration: underline;\"><em><span style=\"color: #000000; text-decoration: underline;\">ADDENSANTE OIKOS mund t\u00eb p\u00ebrdoret me produkte me baz\u00eb g\u00eblqereje:<\/span><\/em><\/span><\/p>\n<p><span style=\"color: #000000;\">\u2022 TRAVERTINO ROMANO<\/span><br \/>\n<span style=\"color: #000000;\">\u2022 MARMORINO NATURALE<\/span><br \/>\n<span style=\"color: #000000;\">\u2022 FINITURA AUTOLUCIDANTE<\/span><br \/>\n<span style=\"color: #000000;\">\u2022 RAFFAELLO DECOR STUCCO<\/span><br \/>\n<span style=\"color: #000000;\">\u2022 RAFFAELLO MADREPERLATO<\/span><br \/>\n<span style=\"color: #000000;\">\u2022 COCCIO ANTICO<\/span><br \/>\n<span style=\"color: #000000;\">\u2022 COCCIO CEMENTO<\/span><br \/>\n<span style=\"color: #000000;\">\u2022 RASATURA ALLA CALCE<\/span><\/p>\n<p><span style=\"text-decoration: underline;\"><em><span style=\"color: #000000; text-decoration: underline;\">Dhe p\u00ebr veshjet e trasha:<\/span><\/em><\/span><\/p>\n<p><span style=\"color: #000000;\">\u2022 ELASTRONG VENEZIA\/VENEZIA FINE<\/span><br \/>\n<span style=\"color: #000000;\">\u2022 DECORSIL BOLOGNA\/ FINE<\/span><br \/>\n<span style=\"color: #000000;\">\u2022 DECORSIL VENEZIA<\/span><br \/>\n<span style=\"color: #000000;\">\u2022 COLOR FINISH<\/span><\/p>\n<p><strong><span style=\"color: #000000;\">Informacion mbi sigurin\u00eb<\/span><\/strong><br \/>\n<span style=\"color: #000000;\">Produkti \u00ebsht\u00eb pa metale t\u00eb r\u00ebnda si plumbi ose kromi. Nuk p\u00ebrmban tret\u00ebs toksik\u00eb, aromatik\u00eb ose kloride. Nuk ka rrezik t\u00eb polimerizimit t\u00eb rreziksh\u00ebm. Produkti konsiderohet t\u00eb jet\u00eb nj\u00eb substanc\u00eb jo e rrezikshme n\u00ebse p\u00ebrdoret n\u00eb m\u00ebnyr\u00ebn e duhur teknikisht. K\u00ebshillohen masa normale paraprake p\u00ebr trajtimin e bojrave me baz\u00eb uji. Nuk k\u00ebrkohen rregullime t\u00eb ve\u00e7anta p\u00ebr ruajtjen, l\u00ebvizjen dhe transportin e produktit; kontejner\u00ebt, mbetjet, materiali i derdhur eventual duhet t\u00eb pastrohen duke p\u00ebrdorur material inert absorbues si r\u00ebr\u00eb, tok\u00eb etj. etj. dhe m\u00eb pas t\u00eb hidhen n\u00eb p\u00ebrputhje me rregulloret rajonale dhe komb\u00ebtare n\u00eb fuqi n\u00eb at\u00eb koh\u00eb. Transporti duhet t\u00eb kryhet n\u00eb p\u00ebrputhje me marr\u00ebveshjet nd\u00ebrkomb\u00ebtare.<\/span>[\/vc_column_text][\/vc_column][\/vc_row]<\/p>\n<\/div>","protected":false},"excerpt":{"rendered":"<p>[vc_row css=&#8221;.vc_custom_1683099634441{padding-bottom: 30px !important;}&#8221;][vc_column width=&#8221;2\/3&#8243;][vc_custom_heading text=&#8221;O-ADDENSANTE&#8221; font_container=&#8221;tag:h2|font_size:50|text_align:left&#8221; use_theme_fonts=&#8221;yes&#8221; link=&#8221;|title:AQUAMAT%20-%20SUPERELASTIC||&#8221;][\/vc_column][\/vc_row][vc_row][vc_column width=&#8221;1\/2&#8243;][vc_single_image image=&#8221;7202&#8243; img_size=&#8221;full&#8221;][\/vc_column][vc_column width=&#8221;1\/2&#8243;][vc_column_text]Nj\u00eb aditiv i aft\u00eb p\u00ebr t\u00eb rritur viskozitetin e nj\u00eb produkti. I p\u00ebrshtatsh\u00ebm p\u00ebr t\u00eb sjell\u00eb nj\u00eb produkt n\u00eb kushtet e nevojshme p\u00ebr aplikimin e d\u00ebshiruar. Karakteristikat Teknike ADDENSANTE OIKOS \u00ebsht\u00eb nj\u00eb aditiv special q\u00eb mund t\u00eb p\u00ebrdoret kur nj\u00eb produkt q\u00eb do&hellip;<\/p>\n","protected":false},"author":2,"featured_media":0,"parent":0,"menu_order":0,"comment_status":"closed","ping_status":"closed","template":"","meta":{"footnotes":""},"class_list":["post-7204","page","type-page","status-publish","hentry","description-off"],"_links":{"self":[{"href":"https:\/\/aedcolor.com\/index.php\/wp-json\/wp\/v2\/pages\/7204","targetHints":{"allow":["GET"]}}],"collection":[{"href":"https:\/\/aedcolor.com\/index.php\/wp-json\/wp\/v2\/pages"}],"about":[{"href":"https:\/\/aedcolor.com\/index.php\/wp-json\/wp\/v2\/types\/page"}],"author":[{"embeddable":true,"href":"https:\/\/aedcolor.com\/index.php\/wp-json\/wp\/v2\/users\/2"}],"replies":[{"embeddable":true,"href":"https:\/\/aedcolor.com\/index.php\/wp-json\/wp\/v2\/comments?post=7204"}],"version-history":[{"count":2,"href":"https:\/\/aedcolor.com\/index.php\/wp-json\/wp\/v2\/pages\/7204\/revisions"}],"predecessor-version":[{"id":11622,"href":"https:\/\/aedcolor.com\/index.php\/wp-json\/wp\/v2\/pages\/7204\/revisions\/11622"}],"wp:attachment":[{"href":"https:\/\/aedcolor.com\/index.php\/wp-json\/wp\/v2\/media?parent=7204"}],"curies":[{"name":"wp","href":"https:\/\/api.w.org\/{rel}","templated":true}]}}