{"id":7287,"date":"2023-07-22T09:24:26","date_gmt":"2023-07-22T09:24:26","guid":{"rendered":"https:\/\/aedcolor.com\/?page_id=7287"},"modified":"2024-05-30T12:03:14","modified_gmt":"2024-05-30T12:03:14","slug":"betoncryll-idrorepellente","status":"publish","type":"page","link":"https:\/\/aedcolor.com\/index.php\/betoncryll-idrorepellente\/","title":{"rendered":"BETONCRYLL IDROREPELLENTE"},"content":{"rendered":"<div class=\"wpb-content-wrapper\"><p>[vc_row css=&#8221;.vc_custom_1683099634441{padding-bottom: 30px !important;}&#8221;][vc_column width=&#8221;2\/3&#8243;][vc_custom_heading text=&#8221;BETONCRYLL IDROREPELLENTE<br \/>\n&#8221; font_container=&#8221;tag:h2|font_size:50|text_align:left&#8221; use_theme_fonts=&#8221;yes&#8221; link=&#8221;|title:AQUAMAT%20-%20SUPERELASTIC||&#8221;][\/vc_column][\/vc_row][vc_row][vc_column width=&#8221;1\/2&#8243;][vc_single_image image=&#8221;7288&#8243; img_size=&#8221;full&#8221;][\/vc_column][vc_column width=&#8221;1\/2&#8243;][vc_column_text]<span style=\"color: #000000;\"><strong>Agjent<\/strong> mbrojt\u00ebs p\u00ebr beton me efekt transparent pa ngjyr\u00eb. Ai vepron thell\u00eb n\u00eb n\u00ebnshtres\u00eb, duke formuar nj\u00eb barrier\u00eb kund\u00ebr ujit, pa ndryshuar p\u00ebrshkueshm\u00ebrin\u00eb dhe pamjen e avullit. Uji rr\u00ebshqet p\u00ebrgjat\u00eb mureve duke shmangur thithjen ose ngecjen, duke reduktuar akumulimin e papast\u00ebrtive. P\u00ebrdoret dhe n\u00eb n\u00ebnshtresa t\u00eb tjera, p\u00ebrderisa ato jan\u00eb absorbuese, si p.sh.: tulla, gresi, pllaka ose suva me baz\u00eb cimento ose g\u00eblqere.<\/span><\/p>\n<p><span style=\"color: #000000;\">BETONCRYLL nga OIKOS \u00ebsht\u00eb nj\u00eb shtres\u00eb e vecant\u00eb mbrojt\u00ebse p\u00ebr beton me nj\u00eb fund transparent pa ngjyr\u00eb. Produkti bazohet n\u00eb rr\u00ebshira silikoni\/siloksanike n\u00eb dispersion uji, gj\u00eb q\u00eb lejon q\u00eb produkti t\u00eb dep\u00ebrtoj\u00eb thell\u00eb n\u00eb n\u00ebnshtres\u00eb duke krijuar nj\u00eb penges\u00eb kund\u00ebr ujit, e cila ruan nivelin e p\u00ebrshkueshm\u00ebris\u00eb s\u00eb avullit dhe l\u00eb aspektin e n\u00ebnshtres\u00ebs t\u00eb pandryshuar. Ai lejon q\u00eb uji i shiut t\u00eb rr\u00ebshqas\u00eb p\u00ebrgjat\u00eb mureve duke parandaluar thithjen dhe duke reduktuar mbajtjen e papast\u00ebrtive. Mund t\u00eb p\u00ebrdoret gjithashtu n\u00eb punime me tulla, gres, pllaka, gur\u00eb dhe cimento ose suva me baz\u00eb g\u00eblqereje. Ka nj\u00eb nivel t\u00eb ul\u00ebt er\u00eb, nuk \u00ebsht\u00eb i ndezsh\u00ebm dhe \u00ebsht\u00eb miq\u00ebsor si p\u00ebr njer\u00ebzit dhe p\u00ebr mjedisin.<\/span><\/p>\n<p><strong><span style=\"color: #000000;\">P\u00ebrdorimi Ideal<\/span><\/strong><br \/>\n<span style=\"color: #000000;\">Mbrojtja dhe dekorimi i betonit t\u00eb armuar, gurit dhe tullave.<\/span><\/p>\n<p><strong><span style=\"color: #000000;\">P\u00ebrgatitja e Sip\u00ebrfaqes<\/span><\/strong><br \/>\n<span style=\"color: #000000;\">Pastroni sip\u00ebrfaqen q\u00eb do t\u00eb trajtoni, duke hequr cdo material t\u00eb lirsh\u00ebm ose t\u00eb cop\u00ebtuar, pluhur, smog ose papast\u00ebrti duke p\u00ebrdorur nj\u00eb furc\u00eb ose duke lar\u00eb sip\u00ebrfaqen. Sip\u00ebrfaqet e reja duhet t\u00eb jen\u00eb t\u00ebr\u00ebsisht t\u00eb thata pa prani t\u00eb yndyr\u00ebs dhe lubrifikant\u00ebve.<\/span><\/p>\n<p><strong><span style=\"color: #000000;\">Informacioni i Sigurise<\/span><\/strong><br \/>\n<span style=\"color: #000000;\">Produkti eshte pa metale te renda si plumbi ose kromi. Nuk permban tretes toksike, aromatike ose kloride. Nuk ka rrezik te polimerizimit te rrezikshem. Produkti konsiderohet te jete nje substance jo e rrezikshme nese perdoret ne menyren e duhur teknikisht. Keshillohen masa normale paraprake per trajtimin e bojrave me baze uji. Nuk kerkohen rregullime te vecanta per ruajtjen, levizjen dhe transportin e produktit; kontenieret, mbetjet, materiali i derdhur eventual duhet te pastrohen duke perdorur material inert absorbues si rere, dhe etj dhe me pas te hidhen ne perputhje me rregulloret rajonale dhe kombetare ne fuqi ne ate kohe.\u00a0<\/span>[\/vc_column_text][\/vc_column][\/vc_row]<\/p>\n<\/div>","protected":false},"excerpt":{"rendered":"<p>[vc_row css=&#8221;.vc_custom_1683099634441{padding-bottom: 30px !important;}&#8221;][vc_column width=&#8221;2\/3&#8243;][vc_custom_heading text=&#8221;BETONCRYLL IDROREPELLENTE &#8221; font_container=&#8221;tag:h2|font_size:50|text_align:left&#8221; use_theme_fonts=&#8221;yes&#8221; link=&#8221;|title:AQUAMAT%20-%20SUPERELASTIC||&#8221;][\/vc_column][\/vc_row][vc_row][vc_column width=&#8221;1\/2&#8243;][vc_single_image image=&#8221;7288&#8243; img_size=&#8221;full&#8221;][\/vc_column][vc_column width=&#8221;1\/2&#8243;][vc_column_text]Agjent mbrojt\u00ebs p\u00ebr beton me efekt transparent pa ngjyr\u00eb. Ai vepron thell\u00eb n\u00eb n\u00ebnshtres\u00eb, duke formuar nj\u00eb barrier\u00eb kund\u00ebr ujit, pa ndryshuar p\u00ebrshkueshm\u00ebrin\u00eb dhe pamjen e avullit. Uji rr\u00ebshqet p\u00ebrgjat\u00eb mureve duke shmangur thithjen ose ngecjen, duke reduktuar akumulimin e papast\u00ebrtive.&hellip;<\/p>\n","protected":false},"author":2,"featured_media":0,"parent":0,"menu_order":0,"comment_status":"closed","ping_status":"closed","template":"","meta":{"footnotes":""},"class_list":["post-7287","page","type-page","status-publish","hentry","description-off"],"_links":{"self":[{"href":"https:\/\/aedcolor.com\/index.php\/wp-json\/wp\/v2\/pages\/7287","targetHints":{"allow":["GET"]}}],"collection":[{"href":"https:\/\/aedcolor.com\/index.php\/wp-json\/wp\/v2\/pages"}],"about":[{"href":"https:\/\/aedcolor.com\/index.php\/wp-json\/wp\/v2\/types\/page"}],"author":[{"embeddable":true,"href":"https:\/\/aedcolor.com\/index.php\/wp-json\/wp\/v2\/users\/2"}],"replies":[{"embeddable":true,"href":"https:\/\/aedcolor.com\/index.php\/wp-json\/wp\/v2\/comments?post=7287"}],"version-history":[{"count":2,"href":"https:\/\/aedcolor.com\/index.php\/wp-json\/wp\/v2\/pages\/7287\/revisions"}],"predecessor-version":[{"id":11629,"href":"https:\/\/aedcolor.com\/index.php\/wp-json\/wp\/v2\/pages\/7287\/revisions\/11629"}],"wp:attachment":[{"href":"https:\/\/aedcolor.com\/index.php\/wp-json\/wp\/v2\/media?parent=7287"}],"curies":[{"name":"wp","href":"https:\/\/api.w.org\/{rel}","templated":true}]}}