{"id":7578,"date":"2023-07-26T12:00:08","date_gmt":"2023-07-26T12:00:08","guid":{"rendered":"https:\/\/aedcolor.com\/?page_id=7578"},"modified":"2024-05-22T13:27:38","modified_gmt":"2024-05-22T13:27:38","slug":"sterylfix","status":"publish","type":"page","link":"https:\/\/aedcolor.com\/index.php\/sterylfix\/","title":{"rendered":"STERYLFIX"},"content":{"rendered":"<div class=\"wpb-content-wrapper\"><p>[vc_row css=&#8221;.vc_custom_1683099634441{padding-bottom: 30px !important;}&#8221;][vc_column width=&#8221;2\/3&#8243;][vc_custom_heading text=&#8221;STERYLFIX&#8221; font_container=&#8221;tag:h2|font_size:50|text_align:left&#8221; use_theme_fonts=&#8221;yes&#8221; link=&#8221;|title:AQUAMAT%20-%20SUPERELASTIC||&#8221;][\/vc_column][\/vc_row][vc_row][vc_column width=&#8221;1\/2&#8243;][vc_single_image image=&#8221;7419&#8243; img_size=&#8221;full&#8221;][\/vc_column][vc_column width=&#8221;1\/2&#8243;][vc_column_text]<span style=\"color: #000000;\"><strong>STERYLFIX leht\u00ebson heqjen e mykut dhe algave nga muret e kontaminuara duke aktivizuar nj\u00ebkoh\u00ebsisht nj\u00eb veprim neutralizues.<\/strong> T\u00eb aplikohet direkt n\u00eb kall\u00ebp p\u00ebr ta hequr at\u00eb. Garanton veprim t\u00eb q\u00ebndruesh\u00ebm.<\/span><\/p>\n<p><strong><span style=\"color: #000000;\">Cil\u00ebsit\u00eb Teknike<\/span><\/strong><br \/>\n<span style=\"color: #000000;\">STERYLFIX nga OIKOS \u00ebsht\u00eb nj\u00eb zgjidhje speciale pa ngjyr\u00eb q\u00eb eliminon shpejt mykun, algat dhe mykun nga muret e prekura dhe n\u00eb t\u00eb nj\u00ebjt\u00ebn koh\u00eb ushtron nj\u00eb efekt neutralizues. Formulimi i produkteve e lejon at\u00ebt\u00eb eliminoj\u00eb t\u00eb gjitha gjurm\u00ebt e mykut qe shfaqen n\u00eb zonat m\u00eb t\u00eb lag\u00ebshta. STERYLFIX, p\u00ebrvecse p\u00ebrdoret n\u00eb mure, \u00ebsht\u00eb gjithashtu shume efikas kur p\u00ebrdoret n\u00eb lidhjet midis pllakave t\u00eb dyshemes\u00eb, perdeve t\u00eb dushit dhe n\u00eb p\u00ebrgjith\u00ebsi n\u00eb zona vecan\u00ebrisht t\u00eb lag\u00ebshta si banjat, sauna, kuzhina, bodrumet dhe lavanderit\u00eb.<\/span><\/p>\n<p><strong><span style=\"color: #000000;\">P\u00ebrdorimi Ideal<\/span><\/strong><br \/>\n<span style=\"color: #000000;\">Sip\u00ebrfaqet e brendshme dhe t\u00eb jashtme me probleme t\u00eb mykut dhe algave.<\/span><\/p>\n<p><strong><span style=\"color: #000000;\">Metoda e Aplikimit<\/span><\/strong><br \/>\n<span style=\"color: #000000;\">Duke p\u00ebrdorur nj\u00eb furc\u00eb ose nj\u00eb pomp\u00eb sp\u00ebrkat\u00ebse, aplikojeni produktin direkt n\u00eb sip\u00ebrfaqen q\u00eb do t\u00eb trajtohet. Pas k\u00ebsaj, duke p\u00ebrdorur nj\u00eb sfungjer ose nj\u00eb g\u00ebrryese, hiqni mykun dhe algat nga sip\u00ebrfaqja. N\u00ebse \u00ebsht\u00eb e nevojshme, \u00ebsht\u00eb e mundur t\u00eb p\u00ebrs\u00ebritet i nj\u00ebjti veprim p\u00ebr t\u00eb siguruar q\u00eb muri t\u00eb jet\u00eb t\u00ebr\u00ebsisht i past\u00ebr.<\/span><\/p>\n<p><strong><span style=\"color: #000000;\">Informacion mbi Sigurin\u00eb<\/span><\/strong><br \/>\n<span style=\"color: #000000;\">Produkti \u00ebsht\u00eb pa metale t\u00eb r\u00ebnda si plumbi ose krom. Nuk p\u00ebrmban tret\u00ebs toksik\u00eb, aromatik\u00eb ose kloride. Nuk ka asnj\u00eb rrezik t\u00eb polimerizimit t\u00eb rreziksh\u00ebm. Produkti klasifikohet si i rreziksh\u00ebm n\u00eb p\u00ebrputhje me dispozitat e p\u00ebrcaktuara n\u00eb Rregulloret (CE) 1272\/2008 (CLP) dhe ndryshimet dhe shtesat pasuese. P\u00ebr m\u00eb shum\u00eb informacion shihni produktin.<\/span><\/p>\n<p><strong><span style=\"color: #000000;\">\u00a0T\u00eb dh\u00ebnat e Siguris\u00eb<\/span><\/strong><br \/>\n<span style=\"color: #000000;\">Nuk k\u00ebrkohen rregullime t\u00eb vecanta p\u00ebr ruajtjen, l\u00ebvizjen dhe transportin e produktit; kontenier\u00ebt, mbetjet, materiali i derdhur eventual duhet t\u00eb pastrohen duke p\u00ebrdorur material inert absorbues si r\u00ebr\u00eb, tok\u00eb etj. dhe m\u00eb pas t\u00eb hidhen n\u00eb p\u00ebrputhje me rregulloret rajonale dhe komb\u00ebtare n\u00eb fuqi n\u00eb at\u00eb koh\u00eb. Transporti duhet t\u00eb kryhet n\u00eb p\u00ebrputhje me marr\u00ebveshjet nd\u00ebrkomb\u00ebtare.<\/span><\/p>\n<p><strong><span style=\"color: #000000;\">Specifikimet<\/span><\/strong><br \/>\n<span style=\"color: #000000;\">Aplikoni n\u00eb sip\u00ebrfaqet e kontaminuara nga myku dhe algat nj\u00eb solucion t\u00eb vecant\u00eb pastrimi si STERYLFIX nga OIKOS. M\u00eb pas hiqni mykun dhe algat nga sip\u00ebrfaqja duke p\u00ebrdorur nj\u00eb sfungjer ose furc\u00eb. \u00cbsht\u00eb e mundur q\u00eb produkti t\u00eb aplikohet p\u00ebr her\u00eb t\u00eb dyt\u00eb p\u00ebr t\u00eb p\u00ebrfunduar pastrimin.<\/span>[\/vc_column_text][\/vc_column][\/vc_row]<\/p>\n<\/div>","protected":false},"excerpt":{"rendered":"<p>[vc_row css=&#8221;.vc_custom_1683099634441{padding-bottom: 30px !important;}&#8221;][vc_column width=&#8221;2\/3&#8243;][vc_custom_heading text=&#8221;STERYLFIX&#8221; font_container=&#8221;tag:h2|font_size:50|text_align:left&#8221; use_theme_fonts=&#8221;yes&#8221; link=&#8221;|title:AQUAMAT%20-%20SUPERELASTIC||&#8221;][\/vc_column][\/vc_row][vc_row][vc_column width=&#8221;1\/2&#8243;][vc_single_image image=&#8221;7419&#8243; img_size=&#8221;full&#8221;][\/vc_column][vc_column width=&#8221;1\/2&#8243;][vc_column_text]STERYLFIX leht\u00ebson heqjen e mykut dhe algave nga muret e kontaminuara duke aktivizuar nj\u00ebkoh\u00ebsisht nj\u00eb veprim neutralizues. T\u00eb aplikohet direkt n\u00eb kall\u00ebp p\u00ebr ta hequr at\u00eb. Garanton veprim t\u00eb q\u00ebndruesh\u00ebm. Cil\u00ebsit\u00eb Teknike STERYLFIX nga OIKOS \u00ebsht\u00eb nj\u00eb zgjidhje speciale pa ngjyr\u00eb q\u00eb eliminon&hellip;<\/p>\n","protected":false},"author":2,"featured_media":0,"parent":0,"menu_order":0,"comment_status":"closed","ping_status":"closed","template":"","meta":{"footnotes":""},"class_list":["post-7578","page","type-page","status-publish","hentry","description-off"],"_links":{"self":[{"href":"https:\/\/aedcolor.com\/index.php\/wp-json\/wp\/v2\/pages\/7578","targetHints":{"allow":["GET"]}}],"collection":[{"href":"https:\/\/aedcolor.com\/index.php\/wp-json\/wp\/v2\/pages"}],"about":[{"href":"https:\/\/aedcolor.com\/index.php\/wp-json\/wp\/v2\/types\/page"}],"author":[{"embeddable":true,"href":"https:\/\/aedcolor.com\/index.php\/wp-json\/wp\/v2\/users\/2"}],"replies":[{"embeddable":true,"href":"https:\/\/aedcolor.com\/index.php\/wp-json\/wp\/v2\/comments?post=7578"}],"version-history":[{"count":2,"href":"https:\/\/aedcolor.com\/index.php\/wp-json\/wp\/v2\/pages\/7578\/revisions"}],"predecessor-version":[{"id":11571,"href":"https:\/\/aedcolor.com\/index.php\/wp-json\/wp\/v2\/pages\/7578\/revisions\/11571"}],"wp:attachment":[{"href":"https:\/\/aedcolor.com\/index.php\/wp-json\/wp\/v2\/media?parent=7578"}],"curies":[{"name":"wp","href":"https:\/\/api.w.org\/{rel}","templated":true}]}}