{"id":7584,"date":"2023-07-26T13:10:31","date_gmt":"2023-07-26T13:10:31","guid":{"rendered":"https:\/\/aedcolor.com\/?page_id=7584"},"modified":"2024-05-25T11:35:40","modified_gmt":"2024-05-25T11:35:40","slug":"sterylplus","status":"publish","type":"page","link":"https:\/\/aedcolor.com\/index.php\/sterylplus\/","title":{"rendered":"STERYLPLUS"},"content":{"rendered":"<div class=\"wpb-content-wrapper\"><p>[vc_row css=&#8221;.vc_custom_1683099634441{padding-bottom: 30px !important;}&#8221;][vc_column width=&#8221;2\/3&#8243;][vc_custom_heading text=&#8221;STERYLPLUS&#8221; font_container=&#8221;tag:h2|font_size:50|text_align:left&#8221; use_theme_fonts=&#8221;yes&#8221; link=&#8221;|title:AQUAMAT%20-%20SUPERELASTIC||&#8221;][\/vc_column][\/vc_row][vc_row][vc_column width=&#8221;1\/2&#8243;][vc_single_image image=&#8221;7587&#8243; img_size=&#8221;full&#8221;][\/vc_column][vc_column width=&#8221;1\/2&#8243;][vc_column_text]<span style=\"color: #000000;\"><strong>Aditiv dezinfektues i koncentruar n\u00eb paste t\u00eb l\u00ebngshme, q\u00eb p\u00ebrmban p\u00ebrb\u00ebr\u00ebs aktiv\u00eb me nj\u00eb spekt\u00ebr shum\u00eb t\u00eb gjer\u00eb, i aft\u00eb p\u00ebr t\u00eb parandaluar rritjen e mykut, algave, myshkut dhe likenit n\u00eb boj\u00ebra.<\/strong> Universale p\u00ebr t\u00eb gjitha boj\u00ebrat.<\/span><\/p>\n<p><strong><span style=\"color: #000000;\">Metoda e Aplikimit<\/span><\/strong><br \/>\n<span style=\"color: #000000;\">Derdhni STERYLPLUS direkt n\u00eb pjes\u00ebn e brendshme ose t\u00eb jashtme, boj\u00eb me baz\u00eb uji q\u00eb do t\u00eb p\u00ebrdoret n\u00eb raportin e m\u00ebposht\u00ebm: 0,25 lt STERYLPLUS n\u00eb 4-5 lt produkt, ose en\u00ebn prej 0,75 l n\u00eb 14-15 l boj\u00eb q\u00eb do t\u00eb trajtohet. p\u00ebrziejini n\u00eb m\u00ebnyr\u00eb t\u00eb barabart\u00eb dhe vazhdoni t\u00eb aplikoni boj\u00ebn e trajtuar si zakonisht.<\/span><\/p>\n<p><strong><span style=\"color: #000000;\">Informacion mbi sigurin\u00eb<\/span><\/strong><br \/>\n<span style=\"color: #000000;\">Produkti \u00ebsht\u00eb pa metale t\u00eb r\u00ebnda si plumbi ose kromi. Nuk p\u00ebrmban tret\u00ebs toksik\u00eb, aromatik\u00eb ose kloride. Nuk ka rrezik t\u00eb polimerizimit t\u00eb rreziksh\u00ebm. Produkti klasifikohet si i rreziksh\u00ebm n\u00eb p\u00ebrputhje me dispozitat e p\u00ebrcaktuara n\u00eb Rregulloret (CE) 1272\/2008 (CLP) dhe ndryshimet dhe shtresat pasuese. P\u00ebr m\u00eb shum\u00eb informacion, shihni flet\u00ebn e t\u00eb dh\u00ebnave t\u00eb siguris\u00eb s\u00eb produktit. Nuk k\u00ebrkohen rregullime t\u00eb vecanta p\u00ebr ruajtjen, l\u00ebvizjen dhe transportin e produktit; kontenier\u00ebt, mbetjet, materiali i derdhur eventual duhet t\u00eb pastrohen duke p\u00ebrdorur material inert absorbues si r\u00ebr\u00eb, dhe etj. dhe m\u00eb pas t\u00eb hidhen n\u00eb p\u00ebrputhje me rregulloret rajonale dhe komb\u00ebtare n\u00eb fuqi n\u00eb at\u00eb koh\u00eb. transporti duhet t\u00eb kryhet n\u00eb p\u00ebrputhje me marr\u00ebveshjet nd\u00ebrkomb\u00ebtare.<\/span>[\/vc_column_text][\/vc_column][\/vc_row]<\/p>\n<\/div>","protected":false},"excerpt":{"rendered":"<p>[vc_row css=&#8221;.vc_custom_1683099634441{padding-bottom: 30px !important;}&#8221;][vc_column width=&#8221;2\/3&#8243;][vc_custom_heading text=&#8221;STERYLPLUS&#8221; font_container=&#8221;tag:h2|font_size:50|text_align:left&#8221; use_theme_fonts=&#8221;yes&#8221; link=&#8221;|title:AQUAMAT%20-%20SUPERELASTIC||&#8221;][\/vc_column][\/vc_row][vc_row][vc_column width=&#8221;1\/2&#8243;][vc_single_image image=&#8221;7587&#8243; img_size=&#8221;full&#8221;][\/vc_column][vc_column width=&#8221;1\/2&#8243;][vc_column_text]Aditiv dezinfektues i koncentruar n\u00eb paste t\u00eb l\u00ebngshme, q\u00eb p\u00ebrmban p\u00ebrb\u00ebr\u00ebs aktiv\u00eb me nj\u00eb spekt\u00ebr shum\u00eb t\u00eb gjer\u00eb, i aft\u00eb p\u00ebr t\u00eb parandaluar rritjen e mykut, algave, myshkut dhe likenit n\u00eb boj\u00ebra. Universale p\u00ebr t\u00eb gjitha boj\u00ebrat. Metoda e Aplikimit Derdhni STERYLPLUS direkt&hellip;<\/p>\n","protected":false},"author":2,"featured_media":0,"parent":0,"menu_order":0,"comment_status":"closed","ping_status":"closed","template":"","meta":{"footnotes":""},"class_list":["post-7584","page","type-page","status-publish","hentry","description-off"],"_links":{"self":[{"href":"https:\/\/aedcolor.com\/index.php\/wp-json\/wp\/v2\/pages\/7584","targetHints":{"allow":["GET"]}}],"collection":[{"href":"https:\/\/aedcolor.com\/index.php\/wp-json\/wp\/v2\/pages"}],"about":[{"href":"https:\/\/aedcolor.com\/index.php\/wp-json\/wp\/v2\/types\/page"}],"author":[{"embeddable":true,"href":"https:\/\/aedcolor.com\/index.php\/wp-json\/wp\/v2\/users\/2"}],"replies":[{"embeddable":true,"href":"https:\/\/aedcolor.com\/index.php\/wp-json\/wp\/v2\/comments?post=7584"}],"version-history":[{"count":2,"href":"https:\/\/aedcolor.com\/index.php\/wp-json\/wp\/v2\/pages\/7584\/revisions"}],"predecessor-version":[{"id":11589,"href":"https:\/\/aedcolor.com\/index.php\/wp-json\/wp\/v2\/pages\/7584\/revisions\/11589"}],"wp:attachment":[{"href":"https:\/\/aedcolor.com\/index.php\/wp-json\/wp\/v2\/media?parent=7584"}],"curies":[{"name":"wp","href":"https:\/\/api.w.org\/{rel}","templated":true}]}}