{"id":7594,"date":"2023-07-26T13:28:28","date_gmt":"2023-07-26T13:28:28","guid":{"rendered":"https:\/\/aedcolor.com\/?page_id=7594"},"modified":"2024-05-23T08:33:47","modified_gmt":"2024-05-23T08:33:47","slug":"crilux","status":"publish","type":"page","link":"https:\/\/aedcolor.com\/index.php\/crilux\/","title":{"rendered":"CRILUX"},"content":{"rendered":"<div class=\"wpb-content-wrapper\"><p>[vc_row css=&#8221;.vc_custom_1683099634441{padding-bottom: 30px !important;}&#8221;][vc_column width=&#8221;2\/3&#8243;][vc_custom_heading text=&#8221;CRILUX&#8221; font_container=&#8221;tag:h2|font_size:50|text_align:left&#8221; use_theme_fonts=&#8221;yes&#8221; link=&#8221;|title:AQUAMAT%20-%20SUPERELASTIC||&#8221;][\/vc_column][\/vc_row][vc_row][vc_column width=&#8221;1\/2&#8243;][vc_single_image image=&#8221;7462&#8243; img_size=&#8221;full&#8221;][\/vc_column][vc_column width=&#8221;1\/2&#8243;][vc_column_text]<span style=\"color: #000000;\"><strong>Ngjit\u00ebs akrilik universal dhe fiksues p\u00ebr p\u00ebrdorim t\u00eb brendsh\u00ebm q\u00eb garanton rendiment dhe ngjitje t\u00eb lart\u00eb.<\/strong> P\u00ebrforcon sip\u00ebrfaqet q\u00eb i n\u00ebnshtrohen shkum\u00ebsimit dhe sip\u00ebrfaqet e reja t\u00eb murit.<\/span><\/p>\n<p><strong><span style=\"color: #000000;\">Cil\u00ebsit\u00eb Teknike<\/span><\/strong><br \/>\n<span style=\"color: #000000;\">CRILUX \u00ebsht\u00eb nj\u00eb astar akrilik i posac\u00ebm, i p\u00ebrshkuesh\u00ebm nga avulli p\u00ebr n\u00ebnshtresa poroze. Karakteristikat teknike t\u00eb CRILUX e lejojn\u00eb at\u00eb t\u00eb dep\u00ebrtoj\u00eb thell\u00eb n\u00eb n\u00ebnshtres\u00eb dhe t\u00eb mbyll\u00eb plot\u00ebsisht sip\u00ebrfaqen. \u00cbsht\u00eb idea p\u00ebr t&#8217;u p\u00ebrdorur n\u00eb sip\u00ebrfaqe pluhuri, mallra gipsi dhe sip\u00ebrfaqe t\u00eb reja muri n\u00eb p\u00ebrgjith\u00ebsi. N\u00eb p\u00ebrputhje me DIN 52 615 dhe DIN ISO 4624, produkti ka nj\u00eb nivel t\u00eb ul\u00ebt er\u00eb, \u00ebsht\u00eb jo i ndezsh\u00ebm dhe miq\u00ebsor si p\u00ebr njer\u00ebzit ashtu edhe p\u00ebr mjedisin.<\/span><\/p>\n<p><strong><span style=\"color: #000000;\">P\u00ebrdorimi Ideal<\/span><\/strong><br \/>\n<span style=\"color: #000000;\">Muret e brendshme.<\/span><\/p>\n<p><strong><span style=\"color: #000000;\">P\u00ebrgatitja e sip\u00ebrfaqes<\/span><\/strong><br \/>\n<span style=\"color: #000000;\">Pastroni sip\u00ebrfaqen q\u00eb do t\u00eb lyeni, duke hequr t\u00eb gjith\u00eb materialin e lirsh\u00ebm. Me suva t\u00eb reja, sigurohuni q\u00eb n\u00ebnshtresa t\u00eb jet\u00eb plot\u00ebsisht e that\u00eb.<\/span><\/p>\n<p><strong><span style=\"color: #000000;\">Metoda e Aplikimit<\/span><\/strong><br \/>\n<span style=\"color: #000000;\">Hollojeni CRILUX sipas kushteve t\u00eb sip\u00ebrfaqes dhe aplikojeni me rul ose furc\u00eb. N\u00eb rastin e suvave t\u00eb reja, sigurohuni q\u00eb n\u00ebnshtesa t\u00eb jet\u00eb thar\u00eb plot\u00ebsisht.<\/span><\/p>\n<p><strong><span style=\"color: #000000;\">Informacion mbi Sigurin\u00eb<\/span><\/strong><br \/>\n<span style=\"color: #000000;\">Produkti \u00ebsht\u00eb pa metale t\u00eb r\u00ebnda si plumbi ose krom. Nuk p\u00ebrmban tret\u00ebs toksik\u00eb, aromatik\u00eb ose kloride. Nuk ka asnj\u00eb rrezik t\u00eb polimerizimit t\u00eb rreziksh\u00ebm. Produkti konsiderohet t\u00eb jet\u00eb nj\u00eb substanc\u00eb jo e rrezikshme n\u00ebse p\u00ebrdoret n\u00eb m\u00ebnyr\u00ebn e duhur teknikisht. K\u00ebshillohen masa normale paraprake p\u00ebr trajtimin e bojrave me baz\u00eb uji. Nuk k\u00ebrkohen rregullime t\u00eb vecanta p\u00ebr ruajtjen, l\u00ebvizjen dhe transportin e produktit; kontenier\u00ebt, mbetjet, materiali i derdhur eventual duhet t\u00eb pastrohen duke p\u00ebrdorur material inert absorbues si r\u00ebr\u00eb, tok\u00eb etj. dhe m\u00eb pas t\u00eb hidhen n\u00eb p\u00ebrputhje me rregulloret rajonale dhe komb\u00ebtare n\u00eb fuqi n\u00eb at\u00eb koh\u00eb. Transporti duhet t\u00eb kryhet n\u00eb p\u00ebrputhje me marr\u00ebveshjet nd\u00ebrkomb\u00ebtare.<\/span><\/p>\n<p><strong><span style=\"color: #000000;\">Specifikimet<\/span><\/strong><br \/>\n<span style=\"color: #000000;\">Pastroni sip\u00ebrfaqen, duke hequr cdo material t\u00eb lirsh\u00ebm. Aplikoni nj\u00eb ose dy shtresa t\u00eb nj\u00eb ngjit\u00ebsi akrilik si CRILUX nga OIKOS, konform normave DIN 52615 dhe DIN ISO 4624, n\u00eb m\u00ebnyr\u00eb q\u00eb t\u00eb p\u00ebrfitoni nj\u00eb sip\u00ebrfaqe t\u00eb mbyllur n\u00eb m\u00ebnyr\u00eb perfekte, gati p\u00ebr aplikimin e bojrave akrilike.<\/span><\/p>\n<p>[\/vc_column_text][\/vc_column][\/vc_row]<\/p>\n<\/div>","protected":false},"excerpt":{"rendered":"<p>[vc_row css=&#8221;.vc_custom_1683099634441{padding-bottom: 30px !important;}&#8221;][vc_column width=&#8221;2\/3&#8243;][vc_custom_heading text=&#8221;CRILUX&#8221; font_container=&#8221;tag:h2|font_size:50|text_align:left&#8221; use_theme_fonts=&#8221;yes&#8221; link=&#8221;|title:AQUAMAT%20-%20SUPERELASTIC||&#8221;][\/vc_column][\/vc_row][vc_row][vc_column width=&#8221;1\/2&#8243;][vc_single_image image=&#8221;7462&#8243; img_size=&#8221;full&#8221;][\/vc_column][vc_column width=&#8221;1\/2&#8243;][vc_column_text]Ngjit\u00ebs akrilik universal dhe fiksues p\u00ebr p\u00ebrdorim t\u00eb brendsh\u00ebm q\u00eb garanton rendiment dhe ngjitje t\u00eb lart\u00eb. P\u00ebrforcon sip\u00ebrfaqet q\u00eb i n\u00ebnshtrohen shkum\u00ebsimit dhe sip\u00ebrfaqet e reja t\u00eb murit. Cil\u00ebsit\u00eb Teknike CRILUX \u00ebsht\u00eb nj\u00eb astar akrilik i posac\u00ebm, i p\u00ebrshkuesh\u00ebm nga avulli p\u00ebr n\u00ebnshtresa&hellip;<\/p>\n","protected":false},"author":2,"featured_media":0,"parent":0,"menu_order":0,"comment_status":"closed","ping_status":"closed","template":"","meta":{"footnotes":""},"class_list":["post-7594","page","type-page","status-publish","hentry","description-off"],"_links":{"self":[{"href":"https:\/\/aedcolor.com\/index.php\/wp-json\/wp\/v2\/pages\/7594","targetHints":{"allow":["GET"]}}],"collection":[{"href":"https:\/\/aedcolor.com\/index.php\/wp-json\/wp\/v2\/pages"}],"about":[{"href":"https:\/\/aedcolor.com\/index.php\/wp-json\/wp\/v2\/types\/page"}],"author":[{"embeddable":true,"href":"https:\/\/aedcolor.com\/index.php\/wp-json\/wp\/v2\/users\/2"}],"replies":[{"embeddable":true,"href":"https:\/\/aedcolor.com\/index.php\/wp-json\/wp\/v2\/comments?post=7594"}],"version-history":[{"count":2,"href":"https:\/\/aedcolor.com\/index.php\/wp-json\/wp\/v2\/pages\/7594\/revisions"}],"predecessor-version":[{"id":11572,"href":"https:\/\/aedcolor.com\/index.php\/wp-json\/wp\/v2\/pages\/7594\/revisions\/11572"}],"wp:attachment":[{"href":"https:\/\/aedcolor.com\/index.php\/wp-json\/wp\/v2\/media?parent=7594"}],"curies":[{"name":"wp","href":"https:\/\/api.w.org\/{rel}","templated":true}]}}