{"id":7607,"date":"2023-07-27T07:36:27","date_gmt":"2023-07-27T07:36:27","guid":{"rendered":"https:\/\/aedcolor.com\/?page_id=7607"},"modified":"2024-05-25T09:20:34","modified_gmt":"2024-05-25T09:20:34","slug":"il-primer","status":"publish","type":"page","link":"https:\/\/aedcolor.com\/index.php\/il-primer\/","title":{"rendered":"IL PRIMER"},"content":{"rendered":"<div class=\"wpb-content-wrapper\"><p>[vc_row css=&#8221;.vc_custom_1683099634441{padding-bottom: 30px !important;}&#8221;][vc_column width=&#8221;2\/3&#8243;][vc_custom_heading text=&#8221;IL PRIMER&#8221; font_container=&#8221;tag:h2|font_size:50|text_align:left&#8221; use_theme_fonts=&#8221;yes&#8221; link=&#8221;|title:AQUAMAT%20-%20SUPERELASTIC||&#8221;][\/vc_column][\/vc_row][vc_row][vc_column width=&#8221;1\/2&#8243;][vc_single_image image=&#8221;7485&#8243; img_size=&#8221;full&#8221;][\/vc_column][vc_column width=&#8221;1\/2&#8243;][vc_column_text]<span style=\"color: #000000;\"><strong>Fiksues ankorues me karakteristika t\u00eb shk\u00eblqyera dep\u00ebrtimi, forcon n\u00ebnshtres\u00ebn.<\/strong> Ideale p\u00ebr suva rustike, suva gipsi, suva alkaline, suva me shum\u00ebs dhe jo shume kompakte, sip\u00ebrfaqe t\u00eb vjetra muri dhe n\u00eb p\u00ebrgjith\u00ebsi n\u00ebnshtresa shum\u00eb poroze.<\/span><\/p>\n<p><strong><span style=\"color: #000000;\">Cil\u00ebsit\u00eb Teknike<\/span><\/strong><br \/>\n<span style=\"color: #000000;\">IL PRIMER \u00ebsht\u00eb nj\u00eb astar special, mbush\u00ebs, ngjit\u00ebs, ideal p\u00ebr punime rustike t\u00eb suvas\u00eb, suva gipsi, sip\u00ebrfaqe alkaline, suva t\u00eb lirshme dhe t\u00eb shkat\u00ebrruara, sip\u00ebrfaqe t\u00eb vjetra muresh dhe n\u00ebnshtresa shum\u00eb poroze n\u00eb p\u00ebrgjith\u00ebsi. Produkti dep\u00ebrton thell\u00eb, duke konsoliduar mb\u00ebshtetjen dhe \u00ebsht\u00eb shum\u00eb i p\u00ebrkuesh\u00ebm nga avulli dhe konsolidues. Ai konsolidon n\u00ebnshtres\u00ebn mbi t\u00eb cil\u00ebn aplikohet duke e b\u00ebr\u00eb suvan\u00eb m\u00eb kompakte, duke mund\u00ebsuar k\u00ebshtu ankorimin e leht\u00eb t\u00eb produkteve me baz\u00eb g\u00eblqereje, llaceve t\u00eb stilit t\u00eb vjet\u00ebr, lyerjeve bojrave t\u00eb cilat aplikohen dendur, glazurave dekorative dhe dekorimit pak t\u00eb pabarabart\u00eb, t\u00eb stilit t\u00eb vjet\u00ebr, dekorativ. Produkti ka nj\u00eb nivel t\u00eb ul\u00ebt ere, nuk \u00ebsht\u00eb i ndezsh\u00ebm dhe \u00ebsht\u00eb miq\u00ebsor si p\u00ebr njer\u00ebzit adhtu edhe per mjedisin.<\/span><\/p>\n<p><strong><span style=\"color: #000000;\">P\u00ebrdorimi Ideal<\/span><\/strong><br \/>\n<span style=\"color: #000000;\">Muret e brendshme, si fiksues p\u00ebr malla, stuko t\u00eb stilit t\u00eb vjet\u00ebr, suva dekorative.<\/span><\/p>\n<p><strong><span style=\"color: #000000;\">P\u00ebrgatitja e Sip\u00ebrfaqes<\/span><\/strong><br \/>\n<span style=\"color: #000000;\">Pastroni sip\u00ebrfaqen q\u00eb do t\u00eb lyeni, duke hequr t\u00eb gjith\u00eb materialin e lirsh\u00ebm. Me suva t\u00eb reja, sigurohuni q\u00eb n\u00ebnshtresa t\u00eb jet\u00eb plot\u00ebsisht e that\u00eb dhe e pjekur.<\/span><\/p>\n<p><strong><span style=\"color: #000000;\">Metoda e Aplikimit<\/span><\/strong><br \/>\n<span style=\"color: #000000;\">Holloni IL PRIMER midis 50% dhe 100% me uj\u00eb t\u00eb pijsh\u00ebm, n\u00eb var\u00ebsi t\u00eb gjendjes s\u00eb n\u00ebnshtres\u00ebs. Vazhdoni t\u00eb aplikoni, me furc\u00eb, rul ose pistolet\u00eb sp\u00ebrkat\u00ebse, nj\u00eb shtres\u00eb t\u00eb vetme t\u00eb produktit. Prisni 6 or\u00eb p\u00ebrpara se t\u00eb vazhdoni t\u00eb aplikoni veshjet p\u00ebrfundimtare.<\/span><\/p>\n<p><strong><span style=\"color: #000000;\">Informacion mbi sigurin\u00eb<\/span><\/strong><br \/>\n<span style=\"color: #000000;\">Produkti \u00ebsht\u00eb pa metale t\u00eb r\u00ebnda si plumbi ose kromi. Nuk p\u00ebrmban tret\u00ebs toksik\u00eb, aromatik\u00eb ose kloride. Nuk ka rrezik t\u00eb polimerizimit t\u00eb rreziksh\u00ebm. Produkti konsiderohet t\u00eb jet\u00eb nj\u00eb substanc\u00eb jo e rrezikshme n\u00ebse p\u00ebrdoret n\u00eb m\u00ebnyr\u00ebn e duhur teknikisht. K\u00ebshillohen masa normale paraprake p\u00ebr trajtimin e bojrave me baz\u00eb uji. Nuk k\u00ebrkohen rregullime t\u00eb vecanta pvr ruajtjen, l\u00ebvizjen dhe transportin e produktit; kontenier\u00ebt, mbetjet, materiali i derdhur eventual duhet t\u00eb pastrohen duke p\u00ebrdorur material inert absorbues si r\u00ebr\u00eb, dhe, etj. dhe m\u00eb pas t\u00eb hidhen n\u00eb p\u00ebrputhje me rregulloret rajonale dhe komb\u00ebtare n\u00eb fuqi n\u00eb at\u00eb koh\u00eb. Transporti duhet t\u00eb kryhet n\u00eb p\u00ebrputhje me marr\u00ebveshjet nd\u00ebrkomb\u00ebtare.<\/span><\/p>\n<p><strong><span style=\"color: #000000;\">Specifikimet<\/span><\/strong><br \/>\n<span style=\"color: #000000;\">Pastroni sip\u00ebrfaqet, duke hequr cod material t\u00eb lirsh\u00ebm. Aplikoni nj\u00eb shtres\u00eb t\u00eb nj\u00eb astari t\u00eb klas\u00ebs A+ sipas klasifikimit t\u00eb emetimeve t\u00eb tilla si IL PRIMER nga OIKOS, n\u00eb m\u00ebnyr\u00eb q\u00eb t\u00eb p\u00ebrftohet nj\u00eb sip\u00ebrfaqe e mbyllur n\u00eb m\u00ebnyr\u00eb perfekte e gatshme p\u00ebr aplikimin e produkteve p\u00ebrfundimtare.<\/span>[\/vc_column_text][\/vc_column][\/vc_row]<\/p>\n<\/div>","protected":false},"excerpt":{"rendered":"<p>[vc_row css=&#8221;.vc_custom_1683099634441{padding-bottom: 30px !important;}&#8221;][vc_column width=&#8221;2\/3&#8243;][vc_custom_heading text=&#8221;IL PRIMER&#8221; font_container=&#8221;tag:h2|font_size:50|text_align:left&#8221; use_theme_fonts=&#8221;yes&#8221; link=&#8221;|title:AQUAMAT%20-%20SUPERELASTIC||&#8221;][\/vc_column][\/vc_row][vc_row][vc_column width=&#8221;1\/2&#8243;][vc_single_image image=&#8221;7485&#8243; img_size=&#8221;full&#8221;][\/vc_column][vc_column width=&#8221;1\/2&#8243;][vc_column_text]Fiksues ankorues me karakteristika t\u00eb shk\u00eblqyera dep\u00ebrtimi, forcon n\u00ebnshtres\u00ebn. Ideale p\u00ebr suva rustike, suva gipsi, suva alkaline, suva me shum\u00ebs dhe jo shume kompakte, sip\u00ebrfaqe t\u00eb vjetra muri dhe n\u00eb p\u00ebrgjith\u00ebsi n\u00ebnshtresa shum\u00eb poroze. Cil\u00ebsit\u00eb Teknike IL PRIMER \u00ebsht\u00eb nj\u00eb astar special,&hellip;<\/p>\n","protected":false},"author":2,"featured_media":0,"parent":0,"menu_order":0,"comment_status":"closed","ping_status":"closed","template":"","meta":{"footnotes":""},"class_list":["post-7607","page","type-page","status-publish","hentry","description-off"],"_links":{"self":[{"href":"https:\/\/aedcolor.com\/index.php\/wp-json\/wp\/v2\/pages\/7607","targetHints":{"allow":["GET"]}}],"collection":[{"href":"https:\/\/aedcolor.com\/index.php\/wp-json\/wp\/v2\/pages"}],"about":[{"href":"https:\/\/aedcolor.com\/index.php\/wp-json\/wp\/v2\/types\/page"}],"author":[{"embeddable":true,"href":"https:\/\/aedcolor.com\/index.php\/wp-json\/wp\/v2\/users\/2"}],"replies":[{"embeddable":true,"href":"https:\/\/aedcolor.com\/index.php\/wp-json\/wp\/v2\/comments?post=7607"}],"version-history":[{"count":3,"href":"https:\/\/aedcolor.com\/index.php\/wp-json\/wp\/v2\/pages\/7607\/revisions"}],"predecessor-version":[{"id":11584,"href":"https:\/\/aedcolor.com\/index.php\/wp-json\/wp\/v2\/pages\/7607\/revisions\/11584"}],"wp:attachment":[{"href":"https:\/\/aedcolor.com\/index.php\/wp-json\/wp\/v2\/media?parent=7607"}],"curies":[{"name":"wp","href":"https:\/\/api.w.org\/{rel}","templated":true}]}}