{"id":7610,"date":"2023-07-27T08:01:10","date_gmt":"2023-07-27T08:01:10","guid":{"rendered":"https:\/\/aedcolor.com\/?page_id=7610"},"modified":"2023-07-27T08:01:27","modified_gmt":"2023-07-27T08:01:27","slug":"neofix","status":"publish","type":"page","link":"https:\/\/aedcolor.com\/index.php\/neofix\/","title":{"rendered":"NEOFIX"},"content":{"rendered":"<div class=\"wpb-content-wrapper\"><p>[vc_row css=&#8221;.vc_custom_1683099634441{padding-bottom: 30px !important;}&#8221;][vc_column width=&#8221;2\/3&#8243;][vc_custom_heading text=&#8221;NEOFIX&#8221; font_container=&#8221;tag:h2|font_size:50|text_align:left&#8221; use_theme_fonts=&#8221;yes&#8221; link=&#8221;|title:AQUAMAT%20-%20SUPERELASTIC||&#8221;][\/vc_column][\/vc_row][vc_row][vc_column width=&#8221;1\/2&#8243;][vc_single_image image=&#8221;7495&#8243; img_size=&#8221;full&#8221;][\/vc_column][vc_column width=&#8221;1\/2&#8243;][vc_column_text]<span style=\"color: #000000;\"><strong>NEOFIX \u00ebsht\u00eb nj\u00eb mbyll\u00ebs transparent, akrilik p\u00ebr ambientet e brendshme.<\/strong> Formuluar me rr\u00ebshira akrilike speciale t\u00eb karakterizuara nga dimensioni i vog\u00ebl molekular, \u00ebsht\u00eb shum\u00eb dep\u00ebrtues ( deri n\u00eb 5 mm), duke konsideruar dhe vulosur sip\u00ebrfaqen. Indikohet vecan\u00ebrisht p\u00ebr mure shum\u00eb absorbuese, suva t\u00eb vjetra, pllaka gipsi, fibra cimento dhe n\u00eb p\u00ebrgjith\u00ebsi t\u00eb gjitha sip\u00ebrfaqet e mureve. Produkti ka nj\u00eb nivel t\u00eb ul\u00ebt ere, \u00ebsht\u00eb jo i ndezsh\u00ebm dhe miq\u00ebsor si p\u00ebr njer\u00ebzit ashtu edhe p\u00ebr mjedisin.<\/span><\/p>\n<p><span style=\"color: #000000;\"><strong>P\u00ebrdorimi:<\/strong><\/span><\/p>\n<p><span style=\"color: #000000;\">Pastroni sip\u00ebrfaqen q\u00eb do t\u00eb lyeni, duke hequr cdo material t\u00eb lirsh\u00ebm. Sip\u00ebrfaqet e reja duhet t\u00eb jen\u00eb t\u00eb thata. Mbi sip\u00ebrfaqet me absorbueshm\u00ebri mesatare aplikoni nj\u00eb shtres\u00eb izoluesi si NEOFIX nga OIKOS. Mbi sip\u00ebrfaqet e rr\u00ebshqitshme ose shum\u00eb absorbuese aplikoni dy shtresa t\u00eb nj\u00eb izoluesi si NEOFIX nga OIKOS. Prisni 4-6 or\u00eb p\u00ebrpara se t\u00eb aplikoni produktet p\u00ebrfundimtare.<\/span>[\/vc_column_text][\/vc_column][\/vc_row]<\/p>\n<\/div>","protected":false},"excerpt":{"rendered":"<p>[vc_row css=&#8221;.vc_custom_1683099634441{padding-bottom: 30px !important;}&#8221;][vc_column width=&#8221;2\/3&#8243;][vc_custom_heading text=&#8221;NEOFIX&#8221; font_container=&#8221;tag:h2|font_size:50|text_align:left&#8221; use_theme_fonts=&#8221;yes&#8221; link=&#8221;|title:AQUAMAT%20-%20SUPERELASTIC||&#8221;][\/vc_column][\/vc_row][vc_row][vc_column width=&#8221;1\/2&#8243;][vc_single_image image=&#8221;7495&#8243; img_size=&#8221;full&#8221;][\/vc_column][vc_column width=&#8221;1\/2&#8243;][vc_column_text]NEOFIX \u00ebsht\u00eb nj\u00eb mbyll\u00ebs transparent, akrilik p\u00ebr ambientet e brendshme. Formuluar me rr\u00ebshira akrilike speciale t\u00eb karakterizuara nga dimensioni i vog\u00ebl molekular, \u00ebsht\u00eb shum\u00eb dep\u00ebrtues ( deri n\u00eb 5 mm), duke konsideruar dhe vulosur sip\u00ebrfaqen. Indikohet vecan\u00ebrisht p\u00ebr mure shum\u00eb absorbuese, suva t\u00eb&hellip;<\/p>\n","protected":false},"author":2,"featured_media":0,"parent":0,"menu_order":0,"comment_status":"closed","ping_status":"closed","template":"","meta":{"footnotes":""},"class_list":["post-7610","page","type-page","status-publish","hentry","description-off"],"_links":{"self":[{"href":"https:\/\/aedcolor.com\/index.php\/wp-json\/wp\/v2\/pages\/7610","targetHints":{"allow":["GET"]}}],"collection":[{"href":"https:\/\/aedcolor.com\/index.php\/wp-json\/wp\/v2\/pages"}],"about":[{"href":"https:\/\/aedcolor.com\/index.php\/wp-json\/wp\/v2\/types\/page"}],"author":[{"embeddable":true,"href":"https:\/\/aedcolor.com\/index.php\/wp-json\/wp\/v2\/users\/2"}],"replies":[{"embeddable":true,"href":"https:\/\/aedcolor.com\/index.php\/wp-json\/wp\/v2\/comments?post=7610"}],"version-history":[{"count":2,"href":"https:\/\/aedcolor.com\/index.php\/wp-json\/wp\/v2\/pages\/7610\/revisions"}],"predecessor-version":[{"id":7613,"href":"https:\/\/aedcolor.com\/index.php\/wp-json\/wp\/v2\/pages\/7610\/revisions\/7613"}],"wp:attachment":[{"href":"https:\/\/aedcolor.com\/index.php\/wp-json\/wp\/v2\/media?parent=7610"}],"curies":[{"name":"wp","href":"https:\/\/api.w.org\/{rel}","templated":true}]}}