{"id":7616,"date":"2023-07-27T08:22:26","date_gmt":"2023-07-27T08:22:26","guid":{"rendered":"https:\/\/aedcolor.com\/?page_id=7616"},"modified":"2023-07-27T08:22:26","modified_gmt":"2023-07-27T08:22:26","slug":"stucco-in-pasta-per-rasatura","status":"publish","type":"page","link":"https:\/\/aedcolor.com\/index.php\/stucco-in-pasta-per-rasatura\/","title":{"rendered":"STUCCO IN PASTA PER RASATURA"},"content":{"rendered":"<div class=\"wpb-content-wrapper\"><p>[vc_row css=&#8221;.vc_custom_1683099634441{padding-bottom: 30px !important;}&#8221;][vc_column width=&#8221;2\/3&#8243;][vc_custom_heading text=&#8221;STUCCO IN PASTA PER RASATURA&#8221; font_container=&#8221;tag:h2|font_size:50|text_align:left&#8221; use_theme_fonts=&#8221;yes&#8221; link=&#8221;|title:AQUAMAT%20-%20SUPERELASTIC||&#8221;][\/vc_column][\/vc_row][vc_row][vc_column width=&#8221;1\/2&#8243;][vc_single_image image=&#8221;7501&#8243; img_size=&#8221;full&#8221;][\/vc_column][vc_column width=&#8221;1\/2&#8243;][vc_column_text]<span style=\"color: #000000;\"><strong>PASTE SCRED FOR WALLS \u00ebsht\u00eb e gatshme p\u00ebr p\u00ebrdorim, e formuluar me rr\u00ebshira speciale dhe pigmente inorganike.<\/strong> \u00cbsht\u00eb i leht\u00eb p\u00ebr t&#8217;u aplikuar, i form\u00ebsuesh\u00ebm dhe ngjitet mir\u00eb n\u00eb sip\u00ebrfaqe. P\u00ebr shkak t\u00eb k\u00ebtyre karakteristikave, produkti \u00ebsht\u00eb vecan\u00ebrisht i p\u00ebrshtatsh\u00ebm p\u00ebr operacionet e shtrimit dhe mbushjes n\u00eb mure t\u00eb brendshme, suva cimentoje, suva t\u00eb ashpra, panele t\u00eb parafabrikuara dhe vecan\u00ebrisht p\u00ebr mure t\u00eb d\u00ebmtuara nga carje. Produkti ka nj\u00eb nivel t\u00eb ul\u00ebt ere, \u00ebsht\u00eb jo i ndezsh\u00ebm dhe i p\u00ebrshtatsh\u00ebm si p\u00ebr njer\u00ebzit dhe p\u00ebr mjedisin.<\/span><\/p>\n<p><span style=\"color: #000000;\"><strong>P\u00ebrdorimi:<\/strong><\/span><\/p>\n<p><span style=\"color: #000000;\">Pastroni sip\u00ebrfaqen, duke hequr cdo material t\u00eb lirsh\u00ebm. Hiqni bojrat e vjetra q\u00eb shk\u00ebputen duke g\u00ebrvishur ose duke p\u00ebrdorur nj\u00eb zhvesh\u00ebs boje. N\u00eb rast pluhuri, suva gipsi aplikohet nj\u00eb shtres\u00eb e nj\u00eb produkti si primer NEOFIX OIKOS i holluar 50% me uj\u00eb t\u00eb pijsh\u00ebm. Aplikoni m\u00eb pas nj\u00eb ose dy shtresa me nj\u00eb mistri inoxi duke marr nj\u00eb trash\u00ebsi ose p\u00ebraf\u00ebrsisht 0,5 mm.<\/span>[\/vc_column_text][\/vc_column][\/vc_row]<\/p>\n<\/div>","protected":false},"excerpt":{"rendered":"<p>[vc_row css=&#8221;.vc_custom_1683099634441{padding-bottom: 30px !important;}&#8221;][vc_column width=&#8221;2\/3&#8243;][vc_custom_heading text=&#8221;STUCCO IN PASTA PER RASATURA&#8221; font_container=&#8221;tag:h2|font_size:50|text_align:left&#8221; use_theme_fonts=&#8221;yes&#8221; link=&#8221;|title:AQUAMAT%20-%20SUPERELASTIC||&#8221;][\/vc_column][\/vc_row][vc_row][vc_column width=&#8221;1\/2&#8243;][vc_single_image image=&#8221;7501&#8243; img_size=&#8221;full&#8221;][\/vc_column][vc_column width=&#8221;1\/2&#8243;][vc_column_text]PASTE SCRED FOR WALLS \u00ebsht\u00eb e gatshme p\u00ebr p\u00ebrdorim, e formuluar me rr\u00ebshira speciale dhe pigmente inorganike. \u00cbsht\u00eb i leht\u00eb p\u00ebr t&#8217;u aplikuar, i form\u00ebsuesh\u00ebm dhe ngjitet mir\u00eb n\u00eb sip\u00ebrfaqe. P\u00ebr shkak t\u00eb k\u00ebtyre karakteristikave, produkti \u00ebsht\u00eb vecan\u00ebrisht i&hellip;<\/p>\n","protected":false},"author":2,"featured_media":0,"parent":0,"menu_order":0,"comment_status":"closed","ping_status":"closed","template":"","meta":{"footnotes":""},"class_list":["post-7616","page","type-page","status-publish","hentry","description-off"],"_links":{"self":[{"href":"https:\/\/aedcolor.com\/index.php\/wp-json\/wp\/v2\/pages\/7616","targetHints":{"allow":["GET"]}}],"collection":[{"href":"https:\/\/aedcolor.com\/index.php\/wp-json\/wp\/v2\/pages"}],"about":[{"href":"https:\/\/aedcolor.com\/index.php\/wp-json\/wp\/v2\/types\/page"}],"author":[{"embeddable":true,"href":"https:\/\/aedcolor.com\/index.php\/wp-json\/wp\/v2\/users\/2"}],"replies":[{"embeddable":true,"href":"https:\/\/aedcolor.com\/index.php\/wp-json\/wp\/v2\/comments?post=7616"}],"version-history":[{"count":1,"href":"https:\/\/aedcolor.com\/index.php\/wp-json\/wp\/v2\/pages\/7616\/revisions"}],"predecessor-version":[{"id":7618,"href":"https:\/\/aedcolor.com\/index.php\/wp-json\/wp\/v2\/pages\/7616\/revisions\/7618"}],"wp:attachment":[{"href":"https:\/\/aedcolor.com\/index.php\/wp-json\/wp\/v2\/media?parent=7616"}],"curies":[{"name":"wp","href":"https:\/\/api.w.org\/{rel}","templated":true}]}}