{"id":7628,"date":"2023-07-27T10:06:27","date_gmt":"2023-07-27T10:06:27","guid":{"rendered":"https:\/\/aedcolor.com\/?page_id=7628"},"modified":"2024-05-24T10:51:02","modified_gmt":"2024-05-24T10:51:02","slug":"opac","status":"publish","type":"page","link":"https:\/\/aedcolor.com\/index.php\/opac\/","title":{"rendered":"OPAC"},"content":{"rendered":"<div class=\"wpb-content-wrapper\"><p>[vc_row css=&#8221;.vc_custom_1683099634441{padding-bottom: 30px !important;}&#8221;][vc_column width=&#8221;2\/3&#8243;][vc_custom_heading text=&#8221;OPAC&#8221; font_container=&#8221;tag:h2|font_size:50|text_align:left&#8221; use_theme_fonts=&#8221;yes&#8221; link=&#8221;|title:AQUAMAT%20-%20SUPERELASTIC||&#8221;][\/vc_column][\/vc_row][vc_row][vc_column width=&#8221;1\/2&#8243;][vc_single_image image=&#8221;7626&#8243; img_size=&#8221;full&#8221;][\/vc_column][vc_column width=&#8221;1\/2&#8243;][vc_column_text]<span style=\"color: #000000;\"><strong>Agjent universal p\u00ebr t&#8217;u shtuar direkt n\u00eb produkt sipas efektit opak t\u00eb d\u00ebshiruar.<\/strong> Leht\u00eb n\u00eb p\u00ebrdorim, pa er\u00eb dhe ekologjike.<\/span><\/p>\n<p><strong><span style=\"color: #000000;\">Karakteristikat Teknike<\/span><\/strong><br \/>\n<span style=\"color: #000000;\">OPAC \u00ebsht\u00eb nj\u00eb produkt special i krijuar posac\u00ebrisht p\u00ebr ti b\u00ebr\u00eb MULTIDECOR E dhe OTTOCENTO nga Oikos opake. Ka nj\u00eb nivel t\u00eb ul\u00ebt er\u00eb, nuk \u00ebsht\u00eb i ndezsh\u00ebm dhe \u00ebsht\u00eb i p\u00ebrshtatsh\u00ebm si p\u00ebr njer\u00ebzit ashtu edhe p\u00ebr mjedisin.<\/span><\/p>\n<p><strong><span style=\"color: #000000;\">P\u00ebrdorimi Ideal<\/span><\/strong><br \/>\n<span style=\"color: #000000;\">P\u00ebr t\u00eb b\u00ebr\u00eb MULTIDECOR E dhe OTTOCENTO nga Oikos, opake.<\/span><\/p>\n<p><strong><span style=\"color: #000000;\">M\u00ebnyra e Aplikimit<\/span><\/strong><br \/>\n<span style=\"color: #000000;\">Shtoni OPAC direkt n\u00eb kov\u00ebn e MULTIDECOR E ose OTTOCENTO n\u00eb proprocion prej af\u00ebrsisht 10-20% sipas niveli t\u00eb d\u00ebshiruar t\u00eb err\u00ebsir\u00ebs q\u00eb d\u00ebshironi t\u00eb arrini. P\u00ebrziejini t\u00eb dy produktet s\u00eb bashku n\u00eb m\u00ebnyr\u00eb q\u00eb t\u00eb merrni MULTIDECOR E ose OTTOCENTO opaque, gati p\u00ebr t&#8217;u aplikuar.<\/span><\/p>\n<p><strong><span style=\"color: #000000;\">Informacion mbi sigurin\u00eb<\/span><\/strong><br \/>\n<span style=\"color: #000000;\">Produkti \u00ebsht\u00eb pa metale t\u00eb r\u00ebnda si plumbi ose kromi. Nuk p\u00ebrmban tret\u00ebs, aromatik\u00eb ose kloride. Nuk ka rrezik t\u00eb polimerizimit t\u00eb rreziksh\u00ebm. Produkti konsiderohet t\u00eb jet\u00eb nj\u00eb substanc\u00eb jo e rrezikshme n\u00ebse p\u00ebrdoret n\u00eb m\u00ebnyr\u00ebn e duhur teknikisht. Nuk k\u00ebrkohen rregullime t\u00eb vecanta p\u00ebr ruajtjen dhe l\u00ebvizjen e produktit; kontenier\u00ebt, mbetjet, materiali i derdhur eventual duhet t\u00eb pastrohen duke p\u00ebrdorur material inert absorbues si r\u00ebr\u00eb, tok\u00eb etj. dhe m\u00eb pas t\u00eb hidhen n\u00eb p\u00ebrputhje me rregulloret rajonale dhe komb\u00ebtare n\u00eb fuqi n\u00eb at\u00eb koh\u00eb. Transporti duhet t\u00eb kryhet n\u00eb p\u00ebrputhje me marr\u00ebveshjet nd\u00ebrkomb\u00ebtare.<\/span><\/p>\n<p>[\/vc_column_text][\/vc_column][\/vc_row]<\/p>\n<\/div>","protected":false},"excerpt":{"rendered":"<p>[vc_row css=&#8221;.vc_custom_1683099634441{padding-bottom: 30px !important;}&#8221;][vc_column width=&#8221;2\/3&#8243;][vc_custom_heading text=&#8221;OPAC&#8221; font_container=&#8221;tag:h2|font_size:50|text_align:left&#8221; use_theme_fonts=&#8221;yes&#8221; link=&#8221;|title:AQUAMAT%20-%20SUPERELASTIC||&#8221;][\/vc_column][\/vc_row][vc_row][vc_column width=&#8221;1\/2&#8243;][vc_single_image image=&#8221;7626&#8243; img_size=&#8221;full&#8221;][\/vc_column][vc_column width=&#8221;1\/2&#8243;][vc_column_text]Agjent universal p\u00ebr t&#8217;u shtuar direkt n\u00eb produkt sipas efektit opak t\u00eb d\u00ebshiruar. Leht\u00eb n\u00eb p\u00ebrdorim, pa er\u00eb dhe ekologjike. Karakteristikat Teknike OPAC \u00ebsht\u00eb nj\u00eb produkt special i krijuar posac\u00ebrisht p\u00ebr ti b\u00ebr\u00eb MULTIDECOR E dhe OTTOCENTO nga Oikos opake. Ka nj\u00eb nivel&hellip;<\/p>\n","protected":false},"author":2,"featured_media":0,"parent":0,"menu_order":0,"comment_status":"closed","ping_status":"closed","template":"","meta":{"footnotes":""},"class_list":["post-7628","page","type-page","status-publish","hentry","description-off"],"_links":{"self":[{"href":"https:\/\/aedcolor.com\/index.php\/wp-json\/wp\/v2\/pages\/7628","targetHints":{"allow":["GET"]}}],"collection":[{"href":"https:\/\/aedcolor.com\/index.php\/wp-json\/wp\/v2\/pages"}],"about":[{"href":"https:\/\/aedcolor.com\/index.php\/wp-json\/wp\/v2\/types\/page"}],"author":[{"embeddable":true,"href":"https:\/\/aedcolor.com\/index.php\/wp-json\/wp\/v2\/users\/2"}],"replies":[{"embeddable":true,"href":"https:\/\/aedcolor.com\/index.php\/wp-json\/wp\/v2\/comments?post=7628"}],"version-history":[{"count":2,"href":"https:\/\/aedcolor.com\/index.php\/wp-json\/wp\/v2\/pages\/7628\/revisions"}],"predecessor-version":[{"id":11577,"href":"https:\/\/aedcolor.com\/index.php\/wp-json\/wp\/v2\/pages\/7628\/revisions\/11577"}],"wp:attachment":[{"href":"https:\/\/aedcolor.com\/index.php\/wp-json\/wp\/v2\/media?parent=7628"}],"curies":[{"name":"wp","href":"https:\/\/api.w.org\/{rel}","templated":true}]}}