{"id":7639,"date":"2023-07-27T11:48:19","date_gmt":"2023-07-27T11:48:19","guid":{"rendered":"https:\/\/aedcolor.com\/?page_id=7639"},"modified":"2024-05-25T07:15:18","modified_gmt":"2024-05-25T07:15:18","slug":"watins-lux","status":"publish","type":"page","link":"https:\/\/aedcolor.com\/index.php\/watins-lux\/","title":{"rendered":"WATINS LUX"},"content":{"rendered":"<div class=\"wpb-content-wrapper\"><p>[vc_row css=&#8221;.vc_custom_1683099634441{padding-bottom: 30px !important;}&#8221;][vc_column width=&#8221;2\/3&#8243;][vc_custom_heading text=&#8221;WATINS LUX&#8221; font_container=&#8221;tag:h2|font_size:50|text_align:left&#8221; use_theme_fonts=&#8221;yes&#8221; link=&#8221;|title:AQUAMAT%20-%20SUPERELASTIC||&#8221;][\/vc_column][\/vc_row][vc_row][vc_column width=&#8221;1\/2&#8243;][vc_single_image image=&#8221;7537&#8243; img_size=&#8221;full&#8221;][\/vc_column][vc_column width=&#8221;1\/2&#8243;][vc_column_text]<span style=\"color: #000000;\"><strong>Agjent mbrojt\u00ebs i past\u00ebr p\u00ebr t\u00eb gjitha sip\u00ebrfaqet e brendshme.<\/strong> Mbron nga papast\u00ebrtit\u00eb. E disponueshme n\u00eb versionin me shk\u00eblqim ose saten.<\/span><\/p>\n<p><strong><span style=\"color: #000000;\">P\u00ebrdorimi Ideal<\/span><\/strong><br \/>\n<span style=\"color: #000000;\">Si lust\u00ebr mbrojt\u00ebse p\u00ebr produkte dekorative dhe sip\u00ebrfaqe n\u00eb ambiente t\u00eb brendshme.<\/span><\/p>\n<p><strong><span style=\"color: #000000;\">P\u00ebrgatitja e Sip\u00ebrfaqes<\/span><\/strong><br \/>\n<span style=\"color: #000000;\">Pastroni t\u00ebr\u00ebsisht sip\u00ebrfaqen q\u00eb do t\u00eb llakoni dhe n\u00ebse \u00ebsht\u00eb e mundur, f\u00ebrkojeni duke p\u00ebrdorur let\u00ebr r\u00ebre shum\u00eb t\u00eb im\u00ebt.<\/span><\/p>\n<p><strong><span style=\"color: #000000;\">Metoda e Aplikimit<\/span><\/strong><br \/>\n<span style=\"color: #000000;\">Aplikoni 2 shtresa t\u00eb llakut mbrojt\u00ebs transparent WATINS LUX.<\/span><\/p>\n<p><strong><span style=\"color: #000000;\">T\u00eb dh\u00ebna toksikologjike<\/span><\/strong><br \/>\n<span style=\"color: #000000;\">Produkti \u00ebsht\u00eb pa metale t\u00eb r\u00ebnda si plumbi ose krom. Nuk p\u00ebrmban tret\u00ebs toksik\u00eb, aromatik\u00eb ose kloride. Nuk ka rrezik t\u00eb polimerizimit t\u00eb rreziksh\u00ebm. Produkti konsiderohet t\u00eb jet\u00eb nj\u00eb substanc\u00eb jo e rrezikshme n\u00ebse p\u00ebrdoret n\u00eb m\u00ebnyr\u00ebn e duhur teknikisht. K\u00ebshillohen masa normale paraprake p\u00ebr trajtimin e bojrave me baz\u00eb uji. Nuk k\u00ebrkohen rregullime t\u00eb vecanta p\u00ebr ruajtjen, l\u00ebvizjen dhe transportin e produktit; kontenier\u00ebt, mbetjet, materiali i derdhur eventual duhet t\u00eb pastrohen duke p\u00ebrdorur material inert absorbues si r\u00ebr\u00eb, dhe etj. dhe m\u00eb pas t\u00eb hidhen n\u00eb p\u00ebrputhje me rregulloret rajonale dhe komb\u00ebtare n\u00eb fuqi n\u00eb at\u00eb koh\u00eb. Transporti duhet t\u00eb kryhet n\u00eb p\u00ebrputhje me marr\u00ebveshjet nd\u00ebrkomb\u00ebtare.<\/span>[\/vc_column_text][\/vc_column][\/vc_row]<\/p>\n<\/div>","protected":false},"excerpt":{"rendered":"<p>[vc_row css=&#8221;.vc_custom_1683099634441{padding-bottom: 30px !important;}&#8221;][vc_column width=&#8221;2\/3&#8243;][vc_custom_heading text=&#8221;WATINS LUX&#8221; font_container=&#8221;tag:h2|font_size:50|text_align:left&#8221; use_theme_fonts=&#8221;yes&#8221; link=&#8221;|title:AQUAMAT%20-%20SUPERELASTIC||&#8221;][\/vc_column][\/vc_row][vc_row][vc_column width=&#8221;1\/2&#8243;][vc_single_image image=&#8221;7537&#8243; img_size=&#8221;full&#8221;][\/vc_column][vc_column width=&#8221;1\/2&#8243;][vc_column_text]Agjent mbrojt\u00ebs i past\u00ebr p\u00ebr t\u00eb gjitha sip\u00ebrfaqet e brendshme. Mbron nga papast\u00ebrtit\u00eb. E disponueshme n\u00eb versionin me shk\u00eblqim ose saten. P\u00ebrdorimi Ideal Si lust\u00ebr mbrojt\u00ebse p\u00ebr produkte dekorative dhe sip\u00ebrfaqe n\u00eb ambiente t\u00eb brendshme. P\u00ebrgatitja e Sip\u00ebrfaqes Pastroni t\u00ebr\u00ebsisht sip\u00ebrfaqen q\u00eb&hellip;<\/p>\n","protected":false},"author":2,"featured_media":0,"parent":0,"menu_order":0,"comment_status":"closed","ping_status":"closed","template":"","meta":{"footnotes":""},"class_list":["post-7639","page","type-page","status-publish","hentry","description-off"],"_links":{"self":[{"href":"https:\/\/aedcolor.com\/index.php\/wp-json\/wp\/v2\/pages\/7639","targetHints":{"allow":["GET"]}}],"collection":[{"href":"https:\/\/aedcolor.com\/index.php\/wp-json\/wp\/v2\/pages"}],"about":[{"href":"https:\/\/aedcolor.com\/index.php\/wp-json\/wp\/v2\/types\/page"}],"author":[{"embeddable":true,"href":"https:\/\/aedcolor.com\/index.php\/wp-json\/wp\/v2\/users\/2"}],"replies":[{"embeddable":true,"href":"https:\/\/aedcolor.com\/index.php\/wp-json\/wp\/v2\/comments?post=7639"}],"version-history":[{"count":2,"href":"https:\/\/aedcolor.com\/index.php\/wp-json\/wp\/v2\/pages\/7639\/revisions"}],"predecessor-version":[{"id":11580,"href":"https:\/\/aedcolor.com\/index.php\/wp-json\/wp\/v2\/pages\/7639\/revisions\/11580"}],"wp:attachment":[{"href":"https:\/\/aedcolor.com\/index.php\/wp-json\/wp\/v2\/media?parent=7639"}],"curies":[{"name":"wp","href":"https:\/\/api.w.org\/{rel}","templated":true}]}}