{"id":7647,"date":"2023-07-28T07:08:38","date_gmt":"2023-07-28T07:08:38","guid":{"rendered":"https:\/\/aedcolor.com\/?page_id=7647"},"modified":"2024-05-25T07:04:54","modified_gmt":"2024-05-25T07:04:54","slug":"decortina-new","status":"publish","type":"page","link":"https:\/\/aedcolor.com\/index.php\/decortina-new\/","title":{"rendered":"DECORTINA NEW"},"content":{"rendered":"<div class=\"wpb-content-wrapper\"><p>[vc_row css=&#8221;.vc_custom_1683099634441{padding-bottom: 30px !important;}&#8221;][vc_column width=&#8221;2\/3&#8243;][vc_custom_heading text=&#8221;DECORTINA NEW&#8221; font_container=&#8221;tag:h2|font_size:50|text_align:left&#8221; use_theme_fonts=&#8221;yes&#8221; link=&#8221;|title:AQUAMAT%20-%20SUPERELASTIC||&#8221;][\/vc_column][\/vc_row][vc_row][vc_column width=&#8221;1\/2&#8243;][vc_single_image image=&#8221;7546&#8243; img_size=&#8221;full&#8221;][\/vc_column][vc_column width=&#8221;1\/2&#8243;][vc_column_text]<span style=\"color: #000000;\"><strong>DECORTINA NEW \u00ebsht\u00eb nj\u00eb boj\u00eb ekologjike q\u00eb mbulon tym, me larje dhe mbulim t\u00eb shk\u00eblqyer, me nj\u00eb efekt t\u00eb but\u00eb mat.<\/strong> Formulimi i tij e b\u00ebn produktin vecan\u00ebrisht t\u00eb p\u00ebrshtatsh\u00ebm p\u00ebr sip\u00ebrfaqet q\u00eb jan\u00eb t\u00eb v\u00ebshtira p\u00ebr t&#8217;u mbuluar, si p.sh. muret e ndotura me tym, bloz\u00eb, nikotin\u00eb.<\/span><\/p>\n<p><strong><span style=\"color: #000000;\">P\u00ebrdorimi Ideal<\/span><\/strong><br \/>\n<span style=\"color: #000000;\">Muret e brendshme t\u00eb njollosura nga tymi ose nikotina.<\/span><\/p>\n<p><strong><span style=\"color: #000000;\">P\u00ebrgatitja e Sip\u00ebrfaqes<\/span><\/strong><br \/>\n<span style=\"color: #000000;\">Pastroni t\u00ebr\u00ebsisht sip\u00ebrfaqen q\u00eb do t\u00eb lyeni, duke hequr t\u00eb gjith\u00eb materialin e lirsh\u00ebm. Verifikoni ngjitjen e shtresave t\u00eb boj\u00ebs tashm\u00eb t\u00eb transishme, n\u00ebse ka, sepse DECORTINA NEW mund t\u00eb shkaktoj\u00eb shk\u00ebputjen e tyre sa her\u00eb q\u00eb ngjiten dob\u00ebt.<\/span><\/p>\n<p><strong><span style=\"color: #000000;\">M\u00ebnyra e Aplikimit<\/span><\/strong><br \/>\n<span style=\"color: #000000;\">Cikli i aplikimit ndryshon sipas substratit.<\/span><br \/>\n<span style=\"color: #000000;\">Paralajm\u00ebrim: P\u00ebr sip\u00ebrfaqe shum\u00eb pluhur rekomandohet aplikimi i nj\u00eb shtrese CRILUX nga OIKOS t\u00eb holluar 1:4 me uj\u00eb t\u00eb pijsh\u00ebm. Prisni t\u00eb pakt\u00ebn 3 or\u00eb p\u00ebrpara se t\u00eb aplikoni shtres\u00ebn e par\u00eb t\u00ebDECORTINA NEW. N\u00eb sip\u00ebrfaqet e yndyrshme\/t\u00eb yndyrshme, njollat e vajit duhet t\u00eb hiqen paraprakisht duke p\u00ebrdorur nj\u00eb detergjent t\u00eb p\u00ebrshtatsh\u00ebm. Aplikoni 2 shtresa DECORTINA NEW duke l\u00ebn\u00eb 6-8 or\u00eb nd\u00ebrmjet shtresave sipas gjendjes s\u00eb sip\u00ebrfaqes.<\/span><\/p>\n<p><strong><span style=\"color: #000000;\">Informacion mbi sigurin\u00eb<\/span><\/strong><br \/>\n<span style=\"color: #000000;\">Produkti \u00ebsht\u00eb pa metale t\u00eb r\u00ebnda si plumbi ose kromi. Nuk p\u00ebrmban tret\u00ebs toksik\u00eb, aromatik\u00eb ose kloride. Nuk ka rrezik t\u00eb polimerizimit t\u00eb rreziksh\u00ebm. Produkti konsiderohet t\u00eb jet\u00eb nj\u00eb substanc\u00eb jo e rrezikshme n\u00ebse p\u00ebrdoret n\u00eb m\u00ebnyr\u00ebn e duhur teknikisht. K\u00ebshillohen masa normale paraprake p\u00ebr trajtimin e bojrave me baz\u00eb uji. Nuk k\u00ebrkohen rregullime t\u00eb vecanta p\u00ebr ruajtjen, l\u00ebvizjen dhe transportin e produktit; kontenier\u00ebt, mbetjet, materiali i derdhur eventual duhet t\u00eb pastrohen duke p\u00ebrdorur material inert absorbues si r\u00ebr\u00eb, dhe etj. dhe m\u00eb pas t\u00eb hidhen n\u00eb p\u00ebrputhje me rregulloret rajonale dhe komb\u00ebtare n\u00eb fuqi n\u00eb at\u00eb koh\u00eb. Transporti duhet t\u00eb kryhet n\u00eb p\u00ebrputhje me marr\u00ebveshjet nd\u00ebrkomb\u00ebtare.<\/span><\/p>\n<p><strong><span style=\"color: #000000;\">Specifikimet<\/span><\/strong><br \/>\n<span style=\"color: #000000;\">Aplikoni nj\u00eb boj\u00eb ekologjike p\u00ebr njolla tymi q\u00eb gjithashtu ka larje dhe mbulim t\u00eb shk\u00eblqyer, me nj\u00eb shtres\u00eb t\u00eb l\u00ebmuar, mat, n\u00eb klas\u00ebn e shkarkimeve A+ sipas klasifikimeve t\u00eb shkarkimeve si DECORTINA nga OIKOS duke ndjekur udhezimet e dh\u00ebna nga proshuesi p\u00ebr p\u00ebrgatitjen e mureve dhe metod\u00ebn e aplikimit.<\/span><\/p>\n<p>[\/vc_column_text][\/vc_column][\/vc_row]<\/p>\n<\/div>","protected":false},"excerpt":{"rendered":"<p>[vc_row css=&#8221;.vc_custom_1683099634441{padding-bottom: 30px !important;}&#8221;][vc_column width=&#8221;2\/3&#8243;][vc_custom_heading text=&#8221;DECORTINA NEW&#8221; font_container=&#8221;tag:h2|font_size:50|text_align:left&#8221; use_theme_fonts=&#8221;yes&#8221; link=&#8221;|title:AQUAMAT%20-%20SUPERELASTIC||&#8221;][\/vc_column][\/vc_row][vc_row][vc_column width=&#8221;1\/2&#8243;][vc_single_image image=&#8221;7546&#8243; img_size=&#8221;full&#8221;][\/vc_column][vc_column width=&#8221;1\/2&#8243;][vc_column_text]DECORTINA NEW \u00ebsht\u00eb nj\u00eb boj\u00eb ekologjike q\u00eb mbulon tym, me larje dhe mbulim t\u00eb shk\u00eblqyer, me nj\u00eb efekt t\u00eb but\u00eb mat. Formulimi i tij e b\u00ebn produktin vecan\u00ebrisht t\u00eb p\u00ebrshtatsh\u00ebm p\u00ebr sip\u00ebrfaqet q\u00eb jan\u00eb t\u00eb v\u00ebshtira p\u00ebr t&#8217;u mbuluar, si p.sh. muret&hellip;<\/p>\n","protected":false},"author":2,"featured_media":0,"parent":0,"menu_order":0,"comment_status":"closed","ping_status":"closed","template":"","meta":{"footnotes":""},"class_list":["post-7647","page","type-page","status-publish","hentry","description-off"],"_links":{"self":[{"href":"https:\/\/aedcolor.com\/index.php\/wp-json\/wp\/v2\/pages\/7647","targetHints":{"allow":["GET"]}}],"collection":[{"href":"https:\/\/aedcolor.com\/index.php\/wp-json\/wp\/v2\/pages"}],"about":[{"href":"https:\/\/aedcolor.com\/index.php\/wp-json\/wp\/v2\/types\/page"}],"author":[{"embeddable":true,"href":"https:\/\/aedcolor.com\/index.php\/wp-json\/wp\/v2\/users\/2"}],"replies":[{"embeddable":true,"href":"https:\/\/aedcolor.com\/index.php\/wp-json\/wp\/v2\/comments?post=7647"}],"version-history":[{"count":2,"href":"https:\/\/aedcolor.com\/index.php\/wp-json\/wp\/v2\/pages\/7647\/revisions"}],"predecessor-version":[{"id":11579,"href":"https:\/\/aedcolor.com\/index.php\/wp-json\/wp\/v2\/pages\/7647\/revisions\/11579"}],"wp:attachment":[{"href":"https:\/\/aedcolor.com\/index.php\/wp-json\/wp\/v2\/media?parent=7647"}],"curies":[{"name":"wp","href":"https:\/\/api.w.org\/{rel}","templated":true}]}}