{"id":7650,"date":"2023-07-28T08:13:15","date_gmt":"2023-07-28T08:13:15","guid":{"rendered":"https:\/\/aedcolor.com\/?page_id=7650"},"modified":"2024-05-25T06:36:53","modified_gmt":"2024-05-25T06:36:53","slug":"ekostripper","status":"publish","type":"page","link":"https:\/\/aedcolor.com\/index.php\/ekostripper\/","title":{"rendered":"EKOSTRIPPER"},"content":{"rendered":"<div class=\"wpb-content-wrapper\"><p>[vc_row css=&#8221;.vc_custom_1683099634441{padding-bottom: 30px !important;}&#8221;][vc_column width=&#8221;2\/3&#8243;][vc_custom_heading text=&#8221;EKOSTRIPPER&#8221; font_container=&#8221;tag:h2|font_size:50|text_align:left&#8221; use_theme_fonts=&#8221;yes&#8221; link=&#8221;|title:AQUAMAT%20-%20SUPERELASTIC||&#8221;][\/vc_column][\/vc_row][vc_row][vc_column width=&#8221;1\/2&#8243;][vc_single_image image=&#8221;7553&#8243; img_size=&#8221;full&#8221;][\/vc_column][vc_column width=&#8221;1\/2&#8243;][vc_column_text]<span style=\"color: #000000;\"><strong>EKOSTRIPPER \u00ebsht\u00eb nj\u00eb zhvet\u00ebs ekologjik i boj\u00ebs i aft\u00eb p\u00ebr t\u00eb hequr t\u00eb gjitha llojet e produkteve t\u00eb boj\u00ebs sintetike nga cdo sip\u00ebrfaqe.<\/strong> Produkti mund t\u00eb heq\u00eb shtresa t\u00eb shumta boj\u00eb n\u00ebse lihet t\u00eb veproj\u00eb p\u00ebr koh\u00ebn e nevojshme. Krejt pa substanca toksike, mund t\u00eb p\u00ebrdoret edhe n\u00eb ambiente t\u00eb brendshme pa ajrim.<\/span><\/p>\n<p><strong><span style=\"color: #000000;\">P\u00ebrdorimi Ideal<\/span><\/strong><br \/>\n<span style=\"color: #000000;\">Sip\u00ebrfaqet e brendshme dhe\u00a0 t\u00eb jashtme.<\/span><\/p>\n<p><strong><span style=\"color: #000000;\">P\u00ebrgatitja e Sip\u00ebrfaqes<\/span><\/strong><br \/>\n<span style=\"color: #000000;\">Aplikoni EKOSTRIPPER duke p\u00ebrdorur nj\u00eb furc\u00eb ose mistri dhe prisni 1 deri n\u00eb 24 or\u00eb sipas shtresave t\u00eb boj\u00ebs q\u00eb do t\u00eb hiqen. Konsistenca e produktit b\u00ebn t\u00eb mundur aplikimin edhe n\u00eb sip\u00ebrfaqe vertikale. Pasi ta keni l\u00ebn\u00eb produktin t\u00eb veproj\u00eb n\u00eb sip\u00ebrfaqe, hiqni EKOSTRIPPER dhe shtres\u00ebn e poshtme t\u00eb boj\u00ebs duke p\u00ebrdorur nj\u00eb spatul ose nj\u00eb g\u00ebrryese\u00a0 dhe m\u00eb pas pastroni sip\u00ebrfaqen e trajtuar me uj\u00eb.<\/span><\/p>\n<p><strong><span style=\"color: #000000;\">Informacion mbi sigurin\u00eb<\/span><\/strong><br \/>\n<span style=\"color: #000000;\">Produkti \u00ebsht\u00eb pa metale t\u00eb r\u00ebnda si plumbi ose kromi. Nuk p\u00ebrmban tret\u00ebs toksik\u00eb, aromatik\u00eb ose kloride. Nuk ka rrezik t\u00eb polimerizimit t\u00eb rreziksh\u00ebm. Produkti konsiderohet t\u00eb jet\u00eb nj\u00eb substanc\u00eb jo e rrezikshme n\u00ebse p\u00ebrdoret n\u00eb m\u00ebnyr\u00ebn e duhur teknikisht. K\u00ebshillohen masa normale paraprake p\u00ebr\u00a0 trajtimin e bojrave me baz\u00eb uji. Nuk k\u00ebrkohen rregullime t\u00eb vecanta p\u00ebr ruajtjen, l\u00ebvizjen dhe transportin\u00a0 e produktit; kontenier\u00ebt, mbetjet, materiali i derdhur eventual duhet t\u00eb pastrohen duke p\u00ebrdorur material inert absorbues si r\u00ebr\u00eb, dhe, etj. dhe m\u00eb pas t\u00eb hidhen n\u00eb p\u00ebrputhje me rregulloret rajonale dhe komb\u00ebtare n\u00eb fuqi n\u00eb at\u00eb koh\u00eb. Transporti duhet t\u00eb kryhet n\u00eb p\u00ebrputhje me marr\u00ebveshjet nd\u00ebrkomb\u00ebtare.<\/span><\/p>\n<p><strong><span style=\"color: #000000;\">Specifikimet<\/span><\/strong><br \/>\n<span style=\"color: #000000;\">Aplikoni nj\u00eb zhvesh\u00ebs boje si EKOSTRIPPER nga OIKOS duke e l\u00ebn\u00eb produktin t\u00eb veproj\u00eb sipas numrit t\u00eb shtresave q\u00eb do t\u00eb hiqen. Konsistenca e produktit b\u00ebn t\u00eb mundur aplikimin edhe n\u00eb sip\u00ebrfaqe vertikale. Vazhdoni m\u00eb pas t\u00eb g\u00ebrryeni sip\u00ebrfaqen dhe pas k\u00ebsaj, pastroni sip\u00ebrfaqen e trajtuar me uj\u00eb.<\/span>[\/vc_column_text][\/vc_column][\/vc_row]<\/p>\n<\/div>","protected":false},"excerpt":{"rendered":"<p>[vc_row css=&#8221;.vc_custom_1683099634441{padding-bottom: 30px !important;}&#8221;][vc_column width=&#8221;2\/3&#8243;][vc_custom_heading text=&#8221;EKOSTRIPPER&#8221; font_container=&#8221;tag:h2|font_size:50|text_align:left&#8221; use_theme_fonts=&#8221;yes&#8221; link=&#8221;|title:AQUAMAT%20-%20SUPERELASTIC||&#8221;][\/vc_column][\/vc_row][vc_row][vc_column width=&#8221;1\/2&#8243;][vc_single_image image=&#8221;7553&#8243; img_size=&#8221;full&#8221;][\/vc_column][vc_column width=&#8221;1\/2&#8243;][vc_column_text]EKOSTRIPPER \u00ebsht\u00eb nj\u00eb zhvet\u00ebs ekologjik i boj\u00ebs i aft\u00eb p\u00ebr t\u00eb hequr t\u00eb gjitha llojet e produkteve t\u00eb boj\u00ebs sintetike nga cdo sip\u00ebrfaqe. Produkti mund t\u00eb heq\u00eb shtresa t\u00eb shumta boj\u00eb n\u00ebse lihet t\u00eb veproj\u00eb p\u00ebr koh\u00ebn e nevojshme. Krejt pa substanca toksike,&hellip;<\/p>\n","protected":false},"author":2,"featured_media":0,"parent":0,"menu_order":0,"comment_status":"closed","ping_status":"closed","template":"","meta":{"footnotes":""},"class_list":["post-7650","page","type-page","status-publish","hentry","description-off"],"_links":{"self":[{"href":"https:\/\/aedcolor.com\/index.php\/wp-json\/wp\/v2\/pages\/7650","targetHints":{"allow":["GET"]}}],"collection":[{"href":"https:\/\/aedcolor.com\/index.php\/wp-json\/wp\/v2\/pages"}],"about":[{"href":"https:\/\/aedcolor.com\/index.php\/wp-json\/wp\/v2\/types\/page"}],"author":[{"embeddable":true,"href":"https:\/\/aedcolor.com\/index.php\/wp-json\/wp\/v2\/users\/2"}],"replies":[{"embeddable":true,"href":"https:\/\/aedcolor.com\/index.php\/wp-json\/wp\/v2\/comments?post=7650"}],"version-history":[{"count":2,"href":"https:\/\/aedcolor.com\/index.php\/wp-json\/wp\/v2\/pages\/7650\/revisions"}],"predecessor-version":[{"id":11578,"href":"https:\/\/aedcolor.com\/index.php\/wp-json\/wp\/v2\/pages\/7650\/revisions\/11578"}],"wp:attachment":[{"href":"https:\/\/aedcolor.com\/index.php\/wp-json\/wp\/v2\/media?parent=7650"}],"curies":[{"name":"wp","href":"https:\/\/api.w.org\/{rel}","templated":true}]}}