{"id":8582,"date":"2023-09-02T06:53:03","date_gmt":"2023-09-02T06:53:03","guid":{"rendered":"https:\/\/aedcolor.com\/?page_id=8582"},"modified":"2023-09-02T06:53:03","modified_gmt":"2023-09-02T06:53:03","slug":"nanopro-m","status":"publish","type":"page","link":"https:\/\/aedcolor.com\/index.php\/nanopro-m\/","title":{"rendered":"NANOPRO-M"},"content":{"rendered":"<div class=\"wpb-content-wrapper\"><p>[vc_row css=&#8221;.vc_custom_1683099634441{padding-bottom: 30px !important;}&#8221;][vc_column width=&#8221;2\/3&#8243;][vc_custom_heading text=&#8221;NANOPRO-M&#8221; font_container=&#8221;tag:h2|font_size:50|text_align:left&#8221; use_theme_fonts=&#8221;yes&#8221; link=&#8221;|title:AQUAMAT%20-%20SUPERELASTIC||&#8221;][\/vc_column][\/vc_row][vc_row][vc_column width=&#8221;1\/2&#8243;][vc_single_image image=&#8221;8583&#8243; img_size=&#8221;full&#8221;][\/vc_column][vc_column width=&#8221;1\/2&#8243;][vc_column_text]<span style=\"color: #000000;\"><strong>Emulsion me baz\u00eb uji me aft\u00ebsi t\u00eb larta dep\u00ebrtuese, i mb\u00ebshtetur n\u00eb struktur\u00ebn nanomolekulare.<\/strong> Mbron sip\u00ebrfaqet jo poroze, i izolon dhe i mbron ato nga lag\u00ebshtia dhe njollat. Pas tharjes, \u00ebsht\u00eb transparent. Nuk zverdhet nga rrezatimi UV dhe lejon &#8220;frym\u00ebmarrjen&#8221; e struktur\u00ebs. Nuk formon cip\u00eb mbi sip\u00ebrfaqen e aplikimit dhe nuk e ndryshon paraqitjen e saj. Certifikuar sipas standarteve EN 1504-2 dhe klasifikuar si nj\u00eb ngop\u00ebs hidrofobik (kund\u00ebr ujit). NANOPRO-M p\u00ebrdoret p\u00ebr mbrojtjen e sip\u00ebrfaqeve jo poroze nga njollat, si sip\u00ebrfaqet e lustruara t\u00eb mermerit, graniteve, pllakave, porcelaneve etj. I p\u00ebrshtatsh\u00ebm p\u00ebr ambiente t\u00eb brendshme dhe t\u00eb jashtme.<\/span><\/p>\n<p><strong><span style=\"color: #000000;\">N\u00ebnshtresa<\/span><\/strong><\/p>\n<p><span style=\"color: #000000;\">Sip\u00ebrfaqja q\u00eb do t\u00eb lyhet duhet t\u00eb jet\u00eb e that\u00eb dhe pa pluhur, graso, papast\u00ebrti etj.<\/span><\/p>\n<p><strong><span style=\"color: #000000;\">P\u00ebrdorimi<\/span><\/strong><\/p>\n<p><span style=\"color: #000000;\">NANOPRO-M trazohet plot\u00ebsisht dhe aplikohet n\u00eb m\u00ebnyr\u00eb uniforme mbi n\u00ebnshtres\u00eb me an\u00eb t\u00eb furc\u00ebs, rulit ose sp\u00ebrkatjes. 10-15 minuta pas aplikimit dhe p\u00ebrpara se t\u00eb thahet, hiqet materiali i tep\u00ebrt me an\u00eb t\u00eb nj\u00eb sope t\u00eb lagur. P\u00ebr sip\u00ebrfaqe delikate ndaj njollave, mund t\u00eb aplikohet nj\u00eb shtres\u00eb e dyt\u00eb, e cila aplikohet brenda 3 or\u00ebve pas s\u00eb par\u00ebs. Rezistenca a plot\u00eb n\u00eb p\u00ebrthithjen e lag\u00ebshtir\u00ebs arrihet 2 dit\u00eb pas aplikimit.<\/span>[\/vc_column_text][vc_row_inner][vc_column_inner width=&#8221;1\/2&#8243;]<div class=\"standard-arrow bullet-top\"><ul>\n<li><span style=\"color: #000000;\"><span style=\"color: #000000;\">Temperatura gjat\u00eb aplikimit duhet t\u00eb jet\u00eb nga +5 oC deri n\u00eb +30 oC.<\/span><\/span><\/li>\n<\/ul>\n<\/div>[\/vc_column_inner][vc_column_inner width=&#8221;1\/2&#8243;]<div class=\"standard-arrow bullet-top\"><ul>\n<li><span style=\"color: #000000;\">NANOPRO-M ofrohet n\u00eb bidon\u00eb plastik\u00eb 1 l, 5 l<\/span><br \/>\n<span style=\"color: #000000;\">dhe 20 l<\/span><\/li>\n<\/ul>\n<\/div>[\/vc_column_inner][\/vc_row_inner][vc_row_inner css=&#8221;.vc_custom_1683100048912{padding-top: 20px !important;}&#8221;][vc_column_inner width=&#8221;1\/2&#8243;]<div class=\"aio-icon-component    style_1\"><div id=\"Info-box-wrap-1578\" class=\"aio-icon-box default-icon\" style=\"\"  ><div class=\"aio-icon-default\"><div class=\"ult-just-icon-wrapper  \"><div class=\"align-icon\" style=\"text-align:center;\">\n<div class=\"aio-icon-img \" style=\"font-size:65px;display:inline-block;\" >\n\t<img decoding=\"async\" class=\"img-icon\" alt=\"null\" src=\"https:\/\/aedcolor.com\/wp-content\/uploads\/2023\/05\/image-2.png\"\/>\n<\/div><\/div><\/div><\/div><div class=\"aio-icon-header\" ><h3 class=\"aio-icon-title ult-responsive\"  data-ultimate-target='#Info-box-wrap-1578 .aio-icon-title'  data-responsive-json-new='{\"font-size\":\"\",\"line-height\":\"\"}'  style=\"\">Sip\u00ebrfaqe: Beton<\/h3><\/div> <!-- header --><\/div> <!-- aio-icon-box --><\/div> <!-- aio-icon-component -->[\/vc_column_inner][vc_column_inner width=&#8221;1\/2&#8243;]<div class=\"aio-icon-component    style_1\"><div id=\"Info-box-wrap-7894\" class=\"aio-icon-box default-icon\" style=\"\"  ><div class=\"aio-icon-default\"><div class=\"ult-just-icon-wrapper  \"><div class=\"align-icon\" style=\"text-align:center;\">\n<div class=\"aio-icon-img \" style=\"font-size:65px;display:inline-block;\" >\n\t<img decoding=\"async\" class=\"img-icon\" alt=\"null\" src=\"https:\/\/aedcolor.com\/wp-content\/uploads\/2023\/05\/image-1.png\"\/>\n<\/div><\/div><\/div><\/div><div class=\"aio-icon-header\" ><h3 class=\"aio-icon-title ult-responsive\"  data-ultimate-target='#Info-box-wrap-7894 .aio-icon-title'  data-responsive-json-new='{\"font-size\":\"\",\"line-height\":\"\"}'  style=\"\">Aplikimi: Furc\u00eb, rul, sp\u00ebrkat\u00ebs<\/h3><\/div> <!-- header --><\/div> <!-- aio-icon-box --><\/div> <!-- aio-icon-component -->[\/vc_column_inner][\/vc_row_inner][\/vc_column][\/vc_row]<\/p>\n<\/div>","protected":false},"excerpt":{"rendered":"<p>[vc_row css=&#8221;.vc_custom_1683099634441{padding-bottom: 30px !important;}&#8221;][vc_column width=&#8221;2\/3&#8243;][vc_custom_heading text=&#8221;NANOPRO-M&#8221; font_container=&#8221;tag:h2|font_size:50|text_align:left&#8221; use_theme_fonts=&#8221;yes&#8221; link=&#8221;|title:AQUAMAT%20-%20SUPERELASTIC||&#8221;][\/vc_column][\/vc_row][vc_row][vc_column width=&#8221;1\/2&#8243;][vc_single_image image=&#8221;8583&#8243; img_size=&#8221;full&#8221;][\/vc_column][vc_column width=&#8221;1\/2&#8243;][vc_column_text]Emulsion me baz\u00eb uji me aft\u00ebsi t\u00eb larta dep\u00ebrtuese, i mb\u00ebshtetur n\u00eb struktur\u00ebn nanomolekulare. Mbron sip\u00ebrfaqet jo poroze, i izolon dhe i mbron ato nga lag\u00ebshtia dhe njollat. Pas tharjes, \u00ebsht\u00eb transparent. Nuk zverdhet nga rrezatimi UV dhe lejon &#8220;frym\u00ebmarrjen&#8221; e struktur\u00ebs. Nuk&hellip;<\/p>\n","protected":false},"author":2,"featured_media":0,"parent":0,"menu_order":0,"comment_status":"closed","ping_status":"closed","template":"","meta":{"footnotes":""},"class_list":["post-8582","page","type-page","status-publish","hentry","description-off"],"_links":{"self":[{"href":"https:\/\/aedcolor.com\/index.php\/wp-json\/wp\/v2\/pages\/8582","targetHints":{"allow":["GET"]}}],"collection":[{"href":"https:\/\/aedcolor.com\/index.php\/wp-json\/wp\/v2\/pages"}],"about":[{"href":"https:\/\/aedcolor.com\/index.php\/wp-json\/wp\/v2\/types\/page"}],"author":[{"embeddable":true,"href":"https:\/\/aedcolor.com\/index.php\/wp-json\/wp\/v2\/users\/2"}],"replies":[{"embeddable":true,"href":"https:\/\/aedcolor.com\/index.php\/wp-json\/wp\/v2\/comments?post=8582"}],"version-history":[{"count":1,"href":"https:\/\/aedcolor.com\/index.php\/wp-json\/wp\/v2\/pages\/8582\/revisions"}],"predecessor-version":[{"id":8586,"href":"https:\/\/aedcolor.com\/index.php\/wp-json\/wp\/v2\/pages\/8582\/revisions\/8586"}],"wp:attachment":[{"href":"https:\/\/aedcolor.com\/index.php\/wp-json\/wp\/v2\/media?parent=8582"}],"curies":[{"name":"wp","href":"https:\/\/api.w.org\/{rel}","templated":true}]}}