{"id":8719,"date":"2023-09-06T09:44:08","date_gmt":"2023-09-06T09:44:08","guid":{"rendered":"https:\/\/aedcolor.com\/?page_id=8719"},"modified":"2023-09-19T13:44:36","modified_gmt":"2023-09-19T13:44:36","slug":"isomat-st-1-2","status":"publish","type":"page","link":"https:\/\/aedcolor.com\/index.php\/isomat-st-1-2\/","title":{"rendered":"ISOMAT ST-1"},"content":{"rendered":"<div class=\"wpb-content-wrapper\"><p>[vc_row css=&#8221;.vc_custom_1683099634441{padding-bottom: 30px !important;}&#8221;][vc_column width=&#8221;2\/3&#8243;][vc_custom_heading text=&#8221;ISOMAT ST-1&#8243; font_container=&#8221;tag:h2|font_size:50|text_align:left&#8221; use_theme_fonts=&#8221;yes&#8221; link=&#8221;|title:AQUAMAT%20-%20SUPERELASTIC||&#8221;][\/vc_column][\/vc_row][vc_row][vc_column width=&#8221;1\/2&#8243;][vc_single_image image=&#8221;8717&#8243; img_size=&#8221;full&#8221;][\/vc_column][vc_column width=&#8221;1\/2&#8243;][vc_column_text]<span style=\"color: #000000;\"><strong>Ngopje p\u00ebr mure e cila ndalon aktivitetin e krip\u00ebrave.<\/strong> Si rezultat t\u00eb kompleksitetit t\u00eb tij, ISOMAT ST-1 transformon krip\u00ebrat q\u00eb treten n\u00eb uj\u00eb (kloridet dhe sulfatet) n\u00eb t\u00eb patretshme. P\u00ebrdoret p\u00ebr ristaurimin e mureve t\u00eb d\u00ebmtuara nga kripvrat, n\u00eb kombinim me suvan\u00eb rinovuese MARMOCRET-SP. ISOMAT ST-1 transformon krip\u00ebrat q\u00eb treten n\u00eb uj\u00eb n\u00eb krip\u00ebra t\u00eb patretshme dhe n\u00eb k\u00ebt\u00eb m\u00ebnyr\u00eb pengon hyrjen e krip\u00ebrave q\u00eb jan\u00eb shum\u00eb t\u00eb tretshme n\u00eb suvanv ristauruese e lagur por jo hidrofob. N\u00eb k\u00ebt\u00eb m\u00ebnyr\u00eb, pas tharjes, suvaja ristauruese, ofron n\u00eb muret mbrojtjen e domosdoshme ndaj krip\u00ebrave.<\/span><\/p>\n<p><span style=\"color: #000000;\">N\u00ebnshtresa duhet t\u00eb jet\u00eb e q\u00ebndrueshme, pa pluhur, materiale t\u00eb lira, etj. Hiqni suvan\u00eb e kontaminuar dhe t\u00eb d\u00ebmtuar t\u00eb pakt\u00ebn 80 cm rreth zonave t\u00eb d\u00ebmtuara. Fugat e murit kruhen n\u00eb thell\u00ebsi t\u00eb pakt\u00ebn 2 cm. Sip\u00ebrfaqja pastrohet krejt me nj\u00eb fshes\u00eb celiku. SIp\u00ebrfaqet q\u00eb do trajtohen duhet t\u00eb jen\u00eb t\u00eb thata dhe t\u00eb pastra. ISOMAT ST-1 lyhet n\u00eb muratura ekspozuar nj\u00eb her\u00eb ose dy her\u00eb n\u00eb var\u00ebsi me ekspozimin e krip\u00ebrave dhe aft\u00ebsin\u00eb thith\u00ebse t\u00eb muratur\u00ebs.<\/span>[\/vc_column_text][vc_row_inner][vc_column_inner width=&#8221;1\/2&#8243;]<div class=\"standard-arrow bullet-top\"><ul>\n<li><span style=\"color: #000000;\">ISOMAT ST-1 ofrohet n\u00eb ambalazhime plastike prej 5 kg.<\/span><\/li>\n<\/ul>\n<\/div>[\/vc_column_inner][vc_column_inner width=&#8221;1\/2&#8243;]<div class=\"standard-arrow bullet-top\"><ul>\n<li><span style=\"color: #000000;\">18 muaj nga data e prodhimit po t\u00eb mbahet n\u00eb pako t\u00eb pa hapra, n\u00eb temperatura nd\u00ebrmjet +5 oC dhe +35 oC.<\/span><\/li>\n<\/ul>\n<\/div>[\/vc_column_inner][\/vc_row_inner][vc_row_inner css=&#8221;.vc_custom_1683100048912{padding-top: 20px !important;}&#8221;][vc_column_inner width=&#8221;1\/2&#8243;]<div class=\"aio-icon-component    style_1\"><div id=\"Info-box-wrap-3683\" class=\"aio-icon-box default-icon\" style=\"\"  ><div class=\"aio-icon-default\"><div class=\"ult-just-icon-wrapper  \"><div class=\"align-icon\" style=\"text-align:center;\">\n<div class=\"aio-icon-img \" style=\"font-size:65px;display:inline-block;\" >\n\t<img decoding=\"async\" class=\"img-icon\" alt=\"null\" src=\"https:\/\/aedcolor.com\/wp-content\/uploads\/2023\/05\/image-2.png\"\/>\n<\/div><\/div><\/div><\/div><div class=\"aio-icon-header\" ><h3 class=\"aio-icon-title ult-responsive\"  data-ultimate-target='#Info-box-wrap-3683 .aio-icon-title'  data-responsive-json-new='{\"font-size\":\"\",\"line-height\":\"\"}'  style=\"\">Sip\u00ebrfaqe: Beton, suva<\/h3><\/div> <!-- header --><\/div> <!-- aio-icon-box --><\/div> <!-- aio-icon-component -->[\/vc_column_inner][vc_column_inner width=&#8221;1\/2&#8243;]<div class=\"aio-icon-component    style_1\"><div id=\"Info-box-wrap-3417\" class=\"aio-icon-box default-icon\" style=\"\"  ><div class=\"aio-icon-default\"><div class=\"ult-just-icon-wrapper  \"><div class=\"align-icon\" style=\"text-align:center;\">\n<div class=\"aio-icon-img \" style=\"font-size:65px;display:inline-block;\" >\n\t<img decoding=\"async\" class=\"img-icon\" alt=\"null\" src=\"https:\/\/aedcolor.com\/wp-content\/uploads\/2023\/05\/image-1.png\"\/>\n<\/div><\/div><\/div><\/div><div class=\"aio-icon-header\" ><h3 class=\"aio-icon-title ult-responsive\"  data-ultimate-target='#Info-box-wrap-3417 .aio-icon-title'  data-responsive-json-new='{\"font-size\":\"\",\"line-height\":\"\"}'  style=\"\">Aplikimi: Furc\u00eb, rul <\/h3><\/div> <!-- header --><\/div> <!-- aio-icon-box --><\/div> <!-- aio-icon-component -->[\/vc_column_inner][\/vc_row_inner][\/vc_column][\/vc_row]<\/p>\n<\/div>","protected":false},"excerpt":{"rendered":"<p>[vc_row css=&#8221;.vc_custom_1683099634441{padding-bottom: 30px !important;}&#8221;][vc_column width=&#8221;2\/3&#8243;][vc_custom_heading text=&#8221;ISOMAT ST-1&#8243; font_container=&#8221;tag:h2|font_size:50|text_align:left&#8221; use_theme_fonts=&#8221;yes&#8221; link=&#8221;|title:AQUAMAT%20-%20SUPERELASTIC||&#8221;][\/vc_column][\/vc_row][vc_row][vc_column width=&#8221;1\/2&#8243;][vc_single_image image=&#8221;8717&#8243; img_size=&#8221;full&#8221;][\/vc_column][vc_column width=&#8221;1\/2&#8243;][vc_column_text]Ngopje p\u00ebr mure e cila ndalon aktivitetin e krip\u00ebrave. Si rezultat t\u00eb kompleksitetit t\u00eb tij, ISOMAT ST-1 transformon krip\u00ebrat q\u00eb treten n\u00eb uj\u00eb (kloridet dhe sulfatet) n\u00eb t\u00eb patretshme. P\u00ebrdoret p\u00ebr ristaurimin e mureve t\u00eb d\u00ebmtuara nga kripvrat, n\u00eb kombinim me suvan\u00eb&hellip;<\/p>\n","protected":false},"author":2,"featured_media":0,"parent":0,"menu_order":0,"comment_status":"closed","ping_status":"closed","template":"","meta":{"footnotes":""},"class_list":["post-8719","page","type-page","status-publish","hentry","description-off"],"_links":{"self":[{"href":"https:\/\/aedcolor.com\/index.php\/wp-json\/wp\/v2\/pages\/8719","targetHints":{"allow":["GET"]}}],"collection":[{"href":"https:\/\/aedcolor.com\/index.php\/wp-json\/wp\/v2\/pages"}],"about":[{"href":"https:\/\/aedcolor.com\/index.php\/wp-json\/wp\/v2\/types\/page"}],"author":[{"embeddable":true,"href":"https:\/\/aedcolor.com\/index.php\/wp-json\/wp\/v2\/users\/2"}],"replies":[{"embeddable":true,"href":"https:\/\/aedcolor.com\/index.php\/wp-json\/wp\/v2\/comments?post=8719"}],"version-history":[{"count":3,"href":"https:\/\/aedcolor.com\/index.php\/wp-json\/wp\/v2\/pages\/8719\/revisions"}],"predecessor-version":[{"id":9145,"href":"https:\/\/aedcolor.com\/index.php\/wp-json\/wp\/v2\/pages\/8719\/revisions\/9145"}],"wp:attachment":[{"href":"https:\/\/aedcolor.com\/index.php\/wp-json\/wp\/v2\/media?parent=8719"}],"curies":[{"name":"wp","href":"https:\/\/api.w.org\/{rel}","templated":true}]}}