{"id":8737,"date":"2023-09-07T07:24:52","date_gmt":"2023-09-07T07:24:52","guid":{"rendered":"https:\/\/aedcolor.com\/?page_id=8737"},"modified":"2023-09-07T07:36:46","modified_gmt":"2023-09-07T07:36:46","slug":"isomat-ak-thermo-acryl","status":"publish","type":"page","link":"https:\/\/aedcolor.com\/index.php\/isomat-ak-thermo-acryl\/","title":{"rendered":"ISOMAT AK-THERMO ACRYL"},"content":{"rendered":"<div class=\"wpb-content-wrapper\"><p>[vc_row css=&#8221;.vc_custom_1683099634441{padding-bottom: 30px !important;}&#8221;][vc_column width=&#8221;2\/3&#8243;][vc_custom_heading text=&#8221;ISOMAT AK-THERMO ACRYL&#8221; font_container=&#8221;tag:h2|font_size:50|text_align:left&#8221; use_theme_fonts=&#8221;yes&#8221; link=&#8221;|title:AQUAMAT%20-%20SUPERELASTIC||&#8221;][\/vc_column][\/vc_row][vc_row][vc_column width=&#8221;1\/2&#8243;][vc_single_image image=&#8221;8733&#8243; img_size=&#8221;full&#8221;][\/vc_column][vc_column width=&#8221;1\/2&#8243;][vc_column_text]<span style=\"color: #000000;\"><strong>ISOMAT AK-THERMO ACRYL \u00ebsht\u00eb nj\u00eb veshje n\u00eb trajt\u00eb brumi e p\u00ebrforcuar me fibran, me baz\u00eb rr\u00ebshir\u00eb akrilike.<\/strong> Ofron nj\u00eb forc\u00eb ngjit\u00ebse fillestare dhe p\u00ebrfundimtare t\u00eb lart\u00eb, elastike t\u00eb lart\u00eb dhe rezistenc\u00eb ndaj lag\u00ebshtis\u00eb. Shpejton dhe thjesh\u00ebson p\u00ebrdorimin. Klasifikohet me shenj\u00ebn CE sipas EN 15824 si suva V2, W3 dhe sipas EN 12004 si ngjit\u00ebs D2E. ISOMAT AK-THERMO ACRYL p\u00ebrdoret si veshje p\u00ebrforcuese p\u00ebr t\u00eb ngjeshur fibrat e xhamit n\u00eb pllakat e fiksuara termoizoluese, duke p\u00ebrb\u00ebr\u00eb n\u00ebnshtres\u00ebn ideale p\u00ebr shtres\u00ebn organike t\u00eb suvas\u00eb. Gjithashtu, p\u00ebrdoret p\u00ebr t\u00eb fiksuar cdo lloj materiali thermoizolues si pllaka polistireni (XPS dhe EPS), lesh guri etj., n\u00eb sip\u00ebrfaqet e jashtme t\u00eb nd\u00ebrtesave, n\u00eb kombinim me suvat\u00eb akrilike ose prej silikoni MARMOCRYL dhe MARMOCRYL-SILICONE. \u00cbsh\u00eb gjithashtu ideal p\u00ebr termoizolimin e nd\u00ebrtesave.<\/span><\/p>\n<p><strong><span style=\"color: #000000;\">N\u00ebnshtresa<\/span><\/strong><\/p>\n<p><span style=\"color: #000000;\">Pllakat termoizoluese duhet t\u00eb aplikohen t\u00eb nd\u00ebrk\u00ebmbyeshme (si tullat) pa bashkime t\u00eb vazhdueshme vertikale. Cdo boshll\u00ebk bd\u00ebrmjet pllakave duhet t\u00eb mbulohet me shkum\u00eb poliuretani t\u00eb zgjeruar. E gjith\u00eb sip\u00ebrfaqja duhet t\u00eb jet\u00eb e niveluar.<\/span><\/p>\n<p><strong><span style=\"color: #000000;\">P\u00ebrdorimi<\/span><\/strong><\/p>\n<p><span style=\"color: #000000;\">Para p\u00ebrdorimit, ISOMAT AK-THERMO ACRYL duhet t\u00eb p\u00ebrzihet mir\u00eb me nj\u00eb mikser me xhiro t\u00eb ul\u00ebta. Pastaj materiali shtrohet me nj\u00eb mall\u00eb me dh\u00ebmb\u00ebza n\u00eb nj\u00eb trash\u00ebsi prej 2-3 mm. Mbi shtres\u00ebn e njom\u00eb rrjeta e xhamit vendoset me nj\u00eb mall\u00eb t\u00eb l\u00ebmuar q\u00eb t\u00eb ngjeshet krejt. P\u00ebrfundimisht, sip\u00ebrfaqja nivelohet dhe drejtohet dhe materiali qe tepron hiqet. Shiritat e rrjet\u00ebs s\u00eb xhamit duhet t\u00eb mdulojn\u00eb nj\u00ebri tjetrin n\u00eb an\u00eb p\u00ebr rreth 10 cm.<\/span><\/p>\n<p><strong><span style=\"color: #000000;\">N\u00ebnshtresa<\/span><\/strong><\/p>\n<p><span style=\"color: #000000;\">Sip\u00ebrfaqja q\u00eb do mbulohet me pllakat duhet t\u00eb jet\u00eb pa pluhur, graso, materiale t\u00eb lira, bojra etj. P\u00ebr n\u00ebnshtresa me thithshm\u00ebri t\u00eb madhe, rekomandohet p\u00ebrdorimi i astarit FLEX-PRIMER me baz\u00eb akrilike.<\/span><\/p>\n<p><strong><span style=\"color: #000000;\">P\u00ebrdorimi<\/span><\/strong><\/p>\n<p><span style=\"color: #000000;\"><span style=\"text-decoration: underline;\"><em>N\u00eb n\u00ebnshtresa t\u00eb l\u00ebmuara<\/em><\/span> ISOMAT AK-THERMO ACRYL p\u00ebrhapet mbi pllak\u00ebn termoizoluese dhe krihet duke p\u00ebrdorur nj\u00eb mall\u00eb t\u00eb dh\u00ebmb\u00ebzuar (kreh\u00ebr), me q\u00ebllim q\u00eb t\u00eb aplikohet n\u00eb m\u00ebnyr\u00eb uniforme n\u00eb t\u00eb gjith\u00eb sip\u00ebrfaqen.<\/span><\/p>\n<p><span style=\"color: #000000;\"><span style=\"text-decoration: underline;\"><em>N\u00eb n\u00ebnshtresat e paniveluara<\/em><\/span> ngjit\u00ebsi p\u00ebrhapet me nj\u00eb mall\u00eb rreth perimetrit t\u00eb pllak\u00ebs s\u00eb termoizolimit dhe n\u00eb pikat e p\u00ebrzgjedhura n\u00eb qend\u00ebr. Pas k\u00ebsaj, pllakat e termoizolimit fiksohen duke u ngjeshur n\u00eb pozicionin e d\u00ebshiruar.<\/span>[\/vc_column_text][vc_row_inner][vc_column_inner width=&#8221;1\/2&#8243;]<div class=\"standard-arrow bullet-top\"><ul>\n<li><span style=\"color: #000000;\">Temperatura gjat\u00eb p\u00ebrdorimit duhet t\u00eb jet\u00eb nd\u00ebrmjet +5 oC dhe +35 oC.<\/span><\/li>\n<li><span style=\"color: #000000;\">Koha e tharjes e ISOMAT AK-THERMO ACRYL influencohet nga temperatura dhe lag\u00ebshtia.<\/span><\/li>\n<li><span style=\"color: #000000;\">N\u00eb kondita normale shtresa e m\u00ebtejshme mund t\u00eb shtrohet pas 24-48 or\u00ebsh.<\/span><\/li>\n<\/ul>\n<\/div>[\/vc_column_inner][vc_column_inner width=&#8221;1\/2&#8243;]<div class=\"standard-arrow bullet-top\"><ul>\n<li><span style=\"color: #000000;\">N\u00eb temperatura t\u00eb ul\u00ebta dhe n\u00eb lag\u00ebshti t\u00eb lart\u00eb koha e mpiksjes zgjatet, nd\u00ebrsa ulet kur temperatura dhe lag\u00ebshtira jan\u00eb t\u00eb ul\u00ebta.<\/span><\/li>\n<li><span style=\"color: #000000;\">ISOMAT AK-THERMO ACRYL duhet t\u00eb mbrohet nga temperaturat e larta, shiu dhe ngrica nd\u00ebrsa\u00a0 \u00ebsht\u00eb akoma i njom\u00eb.<\/span><\/li>\n<\/ul>\n<\/div>[\/vc_column_inner][\/vc_row_inner][vc_row_inner css=&#8221;.vc_custom_1683100048912{padding-top: 20px !important;}&#8221;][vc_column_inner width=&#8221;1\/2&#8243;]<div class=\"aio-icon-component    style_1\"><div id=\"Info-box-wrap-9575\" class=\"aio-icon-box default-icon\" style=\"\"  ><div class=\"aio-icon-default\"><div class=\"ult-just-icon-wrapper  \"><div class=\"align-icon\" style=\"text-align:center;\">\n<div class=\"aio-icon-img \" style=\"font-size:65px;display:inline-block;\" >\n\t<img decoding=\"async\" class=\"img-icon\" alt=\"null\" src=\"https:\/\/aedcolor.com\/wp-content\/uploads\/2023\/05\/image-2.png\"\/>\n<\/div><\/div><\/div><\/div><div class=\"aio-icon-header\" ><h3 class=\"aio-icon-title ult-responsive\"  data-ultimate-target='#Info-box-wrap-9575 .aio-icon-title'  data-responsive-json-new='{\"font-size\":\"\",\"line-height\":\"\"}'  style=\"\">Sip\u00ebrfaqe: Beton, suva<\/h3><\/div> <!-- header --><\/div> <!-- aio-icon-box --><\/div> <!-- aio-icon-component -->[\/vc_column_inner][vc_column_inner width=&#8221;1\/2&#8243;]<div class=\"aio-icon-component    style_1\"><div id=\"Info-box-wrap-2834\" class=\"aio-icon-box default-icon\" style=\"\"  ><div class=\"aio-icon-default\"><div class=\"ult-just-icon-wrapper  \"><div class=\"align-icon\" style=\"text-align:center;\">\n<div class=\"aio-icon-img \" style=\"font-size:65px;display:inline-block;\" >\n\t<img decoding=\"async\" class=\"img-icon\" alt=\"null\" src=\"https:\/\/aedcolor.com\/wp-content\/uploads\/2023\/05\/image-1.png\"\/>\n<\/div><\/div><\/div><\/div><div class=\"aio-icon-header\" ><h3 class=\"aio-icon-title ult-responsive\"  data-ultimate-target='#Info-box-wrap-2834 .aio-icon-title'  data-responsive-json-new='{\"font-size\":\"\",\"line-height\":\"\"}'  style=\"\">Aplikimi: Furc\u00eb, rul <\/h3><\/div> <!-- header --><\/div> <!-- aio-icon-box --><\/div> <!-- aio-icon-component -->[\/vc_column_inner][\/vc_row_inner][\/vc_column][\/vc_row]<\/p>\n<\/div>","protected":false},"excerpt":{"rendered":"<p>[vc_row css=&#8221;.vc_custom_1683099634441{padding-bottom: 30px !important;}&#8221;][vc_column width=&#8221;2\/3&#8243;][vc_custom_heading text=&#8221;ISOMAT AK-THERMO ACRYL&#8221; font_container=&#8221;tag:h2|font_size:50|text_align:left&#8221; use_theme_fonts=&#8221;yes&#8221; link=&#8221;|title:AQUAMAT%20-%20SUPERELASTIC||&#8221;][\/vc_column][\/vc_row][vc_row][vc_column width=&#8221;1\/2&#8243;][vc_single_image image=&#8221;8733&#8243; img_size=&#8221;full&#8221;][\/vc_column][vc_column width=&#8221;1\/2&#8243;][vc_column_text]ISOMAT AK-THERMO ACRYL \u00ebsht\u00eb nj\u00eb veshje n\u00eb trajt\u00eb brumi e p\u00ebrforcuar me fibran, me baz\u00eb rr\u00ebshir\u00eb akrilike. Ofron nj\u00eb forc\u00eb ngjit\u00ebse fillestare dhe p\u00ebrfundimtare t\u00eb lart\u00eb, elastike t\u00eb lart\u00eb dhe rezistenc\u00eb ndaj lag\u00ebshtis\u00eb. Shpejton dhe thjesh\u00ebson p\u00ebrdorimin. Klasifikohet me shenj\u00ebn CE&hellip;<\/p>\n","protected":false},"author":2,"featured_media":0,"parent":0,"menu_order":0,"comment_status":"closed","ping_status":"closed","template":"","meta":{"footnotes":""},"class_list":["post-8737","page","type-page","status-publish","hentry","description-off"],"_links":{"self":[{"href":"https:\/\/aedcolor.com\/index.php\/wp-json\/wp\/v2\/pages\/8737","targetHints":{"allow":["GET"]}}],"collection":[{"href":"https:\/\/aedcolor.com\/index.php\/wp-json\/wp\/v2\/pages"}],"about":[{"href":"https:\/\/aedcolor.com\/index.php\/wp-json\/wp\/v2\/types\/page"}],"author":[{"embeddable":true,"href":"https:\/\/aedcolor.com\/index.php\/wp-json\/wp\/v2\/users\/2"}],"replies":[{"embeddable":true,"href":"https:\/\/aedcolor.com\/index.php\/wp-json\/wp\/v2\/comments?post=8737"}],"version-history":[{"count":1,"href":"https:\/\/aedcolor.com\/index.php\/wp-json\/wp\/v2\/pages\/8737\/revisions"}],"predecessor-version":[{"id":8739,"href":"https:\/\/aedcolor.com\/index.php\/wp-json\/wp\/v2\/pages\/8737\/revisions\/8739"}],"wp:attachment":[{"href":"https:\/\/aedcolor.com\/index.php\/wp-json\/wp\/v2\/media?parent=8737"}],"curies":[{"name":"wp","href":"https:\/\/api.w.org\/{rel}","templated":true}]}}