{"id":8742,"date":"2023-09-07T08:51:49","date_gmt":"2023-09-07T08:51:49","guid":{"rendered":"https:\/\/aedcolor.com\/?page_id=8742"},"modified":"2023-09-07T08:51:49","modified_gmt":"2023-09-07T08:51:49","slug":"isomat-ak-epoxy-normal","status":"publish","type":"page","link":"https:\/\/aedcolor.com\/index.php\/isomat-ak-epoxy-normal\/","title":{"rendered":"ISOMAT AK-EPOXY NORMAL"},"content":{"rendered":"<div class=\"wpb-content-wrapper\"><p>[vc_row css=&#8221;.vc_custom_1683099634441{padding-bottom: 30px !important;}&#8221;][vc_column width=&#8221;2\/3&#8243;][vc_custom_heading text=&#8221;ISOMAT AK-EPOXY NORMAL&#8221; font_container=&#8221;tag:h2|font_size:50|text_align:left&#8221; use_theme_fonts=&#8221;yes&#8221; link=&#8221;|title:AQUAMAT%20-%20SUPERELASTIC||&#8221;][\/vc_column][\/vc_row][vc_row][vc_column width=&#8221;1\/2&#8243;][vc_single_image image=&#8221;8740&#8243; img_size=&#8221;full&#8221;][\/vc_column][vc_column width=&#8221;1\/2&#8243;][vc_column_text]<span style=\"color: #000000;\"><strong>ISOMAT AK-EPOXY NORMAL \u00ebsht\u00eb nj\u00eb ngjit\u00ebs epoksid me 2 p\u00ebrb\u00ebr\u00ebs dhe pa tret\u00ebs. Ka nj\u00eb rezistenc\u00eb t\u00eb lart\u00eb n\u00eb shtypje, n\u00eb p\u00ebrkulje dhe n\u00eb prerje t\u00eb lidhjes s\u00eb ngjit\u00ebsit<\/strong>. \u00cbsht\u00eb rezistent ndaj disa acideve, bazave, agjent\u00ebve g\u00ebrryes p\u00ebr betonin, agjent\u00ebve pastrues, ujit t\u00eb detit dhe ujit t\u00eb kripur. \u00cbsht\u00eb i leht\u00eb p\u00ebr t&#8217;u p\u00ebrdorur p\u00ebr shkak t\u00eb raportit t\u00eb thjesht\u00eb t\u00eb p\u00ebrzierjes s\u00eb dy p\u00ebrb\u00ebr\u00ebsve (A:B= 1:1 sipas v\u00ebllimit). Klasifikohet si R2T sipas EN 12004. ISOMAT AK-EPOXY NORMAL \u00ebsht\u00eb i p\u00ebrshtatsh\u00ebm p\u00ebr ngjitjen e mermer\u00ebve, graniteve dhe shumic\u00ebn e materialeve t\u00eb nd\u00ebrtimit mbi shtresa t\u00eb ndryshme (betoni, dru, metal etj.), mbi mure ose dysheme. \u00cbsht\u00eb ideal p\u00ebr p\u00ebrdorimet ku k\u00ebrkohet aft\u00ebsi e lart\u00eb ngjit\u00ebse. P\u00ebrshtatet p\u00ebr p\u00ebrdorim n\u00eb mjedise t\u00eb brendshme ose t\u00eb jashtme.<\/span><\/p>\n<p><strong><span style=\"color: #000000;\">N\u00ebnshtresa<\/span><\/strong><\/p>\n<p><span style=\"color: #000000;\">Sip\u00ebrfaqja duhet t\u00eb jet\u00eb e that\u00eb, e past\u00ebr, e q\u00ebndrueshme, pak e ashp\u00ebr dhe pa materiale q\u00eb pengojn\u00eb ngjitjen, si p.sh. pluhuri, grimcat e lira, mbetjet e vajit etj.<\/span><\/p>\n<p><strong><span style=\"color: #000000;\">P\u00ebrzierja e p\u00ebrb\u00ebr\u00ebsve<\/span><\/strong><\/p>\n<p><span style=\"color: #000000;\">P\u00ebrb\u00ebr\u00ebsit A (rr\u00ebshira) dhe B (forcuesi) jan\u00eb t\u00eb paketuar n\u00eb dy en\u00eb t\u00eb ndara, me raport t\u00eb paracaktuar t\u00eb p\u00ebrzierjes. Secila sasi, sipas v\u00ebllimit, nga p\u00ebrb\u00ebr\u00ebsi A dhe p\u00ebrb\u00ebr\u00ebsi B hidhen n\u00eb nj\u00eb en\u00eb t\u00eb past\u00ebr dhe p\u00ebrzihen p\u00ebr rreth 5 minuta duke p\u00ebrdorur nj\u00eb veg\u00ebl pune t\u00eb p\u00ebrshtatshme (p.sh. mistri e vog\u00ebl), derisa t\u00eb krijohet nj\u00eb stuko uniforme n\u00eb trajt\u00eb brumi.<\/span><\/p>\n<p><strong><span style=\"color: #000000;\">P\u00ebrdorimi<\/span><\/strong><\/p>\n<p><span style=\"color: #000000;\">Rekomandohet q\u00eb p\u00ebrpara p\u00ebrdorimit sip\u00ebrfaqja e mermerit ose e granitit t\u00eb ashp\u00ebrsohet duke p\u00ebrdorur nj\u00eb veg\u00ebl me disk g\u00ebrryes. ISOMAT AK-EPOXY NORMAL aplikohet me mistri mbi sip\u00ebrfaqen e ashp\u00ebrsuar dhe pastaj mermeri ose graniti ngjiten duke i ngjeshur n\u00eb pozicionin e d\u00ebshiruar.\u00a0<\/span>[\/vc_column_text][vc_row_inner][vc_column_inner width=&#8221;1\/2&#8243;]<div class=\"standard-arrow bullet-top\"><ul>\n<li><span style=\"color: #000000;\"><span style=\"color: #000000;\">ISOMAT AK-EPOXY NORMAL ofrohet n\u00eb pako (A+B) me 20 lit\u00ebr, 4 lit\u00ebr dhe 1 lit\u00ebr, me p\u00ebrb\u00ebr\u00ebsit A dhe B, t\u00eb cil\u00ebt kan\u00eb raporte fikse t\u00eb paracaktuara t\u00eb v\u00ebllimit.<\/span><\/span><\/li>\n<\/ul>\n<\/div>[\/vc_column_inner][vc_column_inner width=&#8221;1\/2&#8243;]<div class=\"standard-arrow bullet-top\"><ul>\n<li><span style=\"color: #000000;\"><span style=\"color: #000000;\">Konsumi varet nga p\u00ebrmasat dhe pesha e materialit q\u00eb do t\u00eb ngjitet. N\u00eb sip\u00ebrfaqe vertikale, n\u00ebse mermeri\/graniti nuk do t\u00eb shtr\u00ebngohen mekanikisht, ngjit\u00ebsja duhet t\u00eb aplikohet t\u00eb pakt\u00ebn n\u00eb 10% t\u00eb sip\u00ebrfaqes.<\/span><\/span><\/li>\n<\/ul>\n<\/div>[\/vc_column_inner][\/vc_row_inner][vc_row_inner css=&#8221;.vc_custom_1683100048912{padding-top: 20px !important;}&#8221;][vc_column_inner width=&#8221;1\/2&#8243;]<div class=\"aio-icon-component    style_1\"><div id=\"Info-box-wrap-3924\" class=\"aio-icon-box default-icon\" style=\"\"  ><div class=\"aio-icon-default\"><div class=\"ult-just-icon-wrapper  \"><div class=\"align-icon\" style=\"text-align:center;\">\n<div class=\"aio-icon-img \" style=\"font-size:65px;display:inline-block;\" >\n\t<img decoding=\"async\" class=\"img-icon\" alt=\"null\" src=\"https:\/\/aedcolor.com\/wp-content\/uploads\/2023\/05\/image-2.png\"\/>\n<\/div><\/div><\/div><\/div><div class=\"aio-icon-header\" ><h3 class=\"aio-icon-title ult-responsive\"  data-ultimate-target='#Info-box-wrap-3924 .aio-icon-title'  data-responsive-json-new='{\"font-size\":\"\",\"line-height\":\"\"}'  style=\"\">Sip\u00ebrfaqe: Beton, suva<\/h3><\/div> <!-- header --><\/div> <!-- aio-icon-box --><\/div> <!-- aio-icon-component -->[\/vc_column_inner][vc_column_inner width=&#8221;1\/2&#8243;]<div class=\"aio-icon-component    style_1\"><div id=\"Info-box-wrap-8406\" class=\"aio-icon-box default-icon\" style=\"\"  ><div class=\"aio-icon-default\"><div class=\"ult-just-icon-wrapper  \"><div class=\"align-icon\" style=\"text-align:center;\">\n<div class=\"aio-icon-img \" style=\"font-size:65px;display:inline-block;\" >\n\t<img decoding=\"async\" class=\"img-icon\" alt=\"null\" src=\"https:\/\/aedcolor.com\/wp-content\/uploads\/2023\/05\/image-1.png\"\/>\n<\/div><\/div><\/div><\/div><div class=\"aio-icon-header\" ><h3 class=\"aio-icon-title ult-responsive\"  data-ultimate-target='#Info-box-wrap-8406 .aio-icon-title'  data-responsive-json-new='{\"font-size\":\"\",\"line-height\":\"\"}'  style=\"\">Aplikimi: Furc\u00eb, rul <\/h3><\/div> <!-- header --><\/div> <!-- aio-icon-box --><\/div> <!-- aio-icon-component -->[\/vc_column_inner][\/vc_row_inner][\/vc_column][\/vc_row]<\/p>\n<\/div>","protected":false},"excerpt":{"rendered":"<p>[vc_row css=&#8221;.vc_custom_1683099634441{padding-bottom: 30px !important;}&#8221;][vc_column width=&#8221;2\/3&#8243;][vc_custom_heading text=&#8221;ISOMAT AK-EPOXY NORMAL&#8221; font_container=&#8221;tag:h2|font_size:50|text_align:left&#8221; use_theme_fonts=&#8221;yes&#8221; link=&#8221;|title:AQUAMAT%20-%20SUPERELASTIC||&#8221;][\/vc_column][\/vc_row][vc_row][vc_column width=&#8221;1\/2&#8243;][vc_single_image image=&#8221;8740&#8243; img_size=&#8221;full&#8221;][\/vc_column][vc_column width=&#8221;1\/2&#8243;][vc_column_text]ISOMAT AK-EPOXY NORMAL \u00ebsht\u00eb nj\u00eb ngjit\u00ebs epoksid me 2 p\u00ebrb\u00ebr\u00ebs dhe pa tret\u00ebs. Ka nj\u00eb rezistenc\u00eb t\u00eb lart\u00eb n\u00eb shtypje, n\u00eb p\u00ebrkulje dhe n\u00eb prerje t\u00eb lidhjes s\u00eb ngjit\u00ebsit. \u00cbsht\u00eb rezistent ndaj disa acideve, bazave, agjent\u00ebve g\u00ebrryes p\u00ebr betonin, agjent\u00ebve pastrues,&hellip;<\/p>\n","protected":false},"author":2,"featured_media":0,"parent":0,"menu_order":0,"comment_status":"closed","ping_status":"closed","template":"","meta":{"footnotes":""},"class_list":["post-8742","page","type-page","status-publish","hentry","description-off"],"_links":{"self":[{"href":"https:\/\/aedcolor.com\/index.php\/wp-json\/wp\/v2\/pages\/8742","targetHints":{"allow":["GET"]}}],"collection":[{"href":"https:\/\/aedcolor.com\/index.php\/wp-json\/wp\/v2\/pages"}],"about":[{"href":"https:\/\/aedcolor.com\/index.php\/wp-json\/wp\/v2\/types\/page"}],"author":[{"embeddable":true,"href":"https:\/\/aedcolor.com\/index.php\/wp-json\/wp\/v2\/users\/2"}],"replies":[{"embeddable":true,"href":"https:\/\/aedcolor.com\/index.php\/wp-json\/wp\/v2\/comments?post=8742"}],"version-history":[{"count":1,"href":"https:\/\/aedcolor.com\/index.php\/wp-json\/wp\/v2\/pages\/8742\/revisions"}],"predecessor-version":[{"id":8744,"href":"https:\/\/aedcolor.com\/index.php\/wp-json\/wp\/v2\/pages\/8742\/revisions\/8744"}],"wp:attachment":[{"href":"https:\/\/aedcolor.com\/index.php\/wp-json\/wp\/v2\/media?parent=8742"}],"curies":[{"name":"wp","href":"https:\/\/api.w.org\/{rel}","templated":true}]}}