{"id":8746,"date":"2023-09-07T09:30:15","date_gmt":"2023-09-07T09:30:15","guid":{"rendered":"https:\/\/aedcolor.com\/?page_id=8746"},"modified":"2023-09-07T09:30:15","modified_gmt":"2023-09-07T09:30:15","slug":"durocret-deco-flex-2","status":"publish","type":"page","link":"https:\/\/aedcolor.com\/index.php\/durocret-deco-flex-2\/","title":{"rendered":"DUROCRET-DECO FLEX"},"content":{"rendered":"<div class=\"wpb-content-wrapper\"><p>[vc_row css=&#8221;.vc_custom_1683099634441{padding-bottom: 30px !important;}&#8221;][vc_column width=&#8221;2\/3&#8243;][vc_custom_heading text=&#8221;DUROCRET-DECO FLEX&#8221; font_container=&#8221;tag:h2|font_size:50|text_align:left&#8221; use_theme_fonts=&#8221;yes&#8221; link=&#8221;|title:AQUAMAT%20-%20SUPERELASTIC||&#8221;][\/vc_column][\/vc_row][vc_row][vc_column width=&#8221;1\/2&#8243;][vc_single_image image=&#8221;6386&#8243; img_size=&#8221;full&#8221;][\/vc_column][vc_column width=&#8221;1\/2&#8243;][vc_column_text]<strong><span style=\"color: #000000;\">DUROCRET-DECO FLEX \u00ebsht\u00eb nj\u00eb llac fleksib\u00ebl i parap\u00ebrzier, me baz\u00eb cimentoje i modifikuar me polimer, i p\u00ebrforcuar me fibra, pa p\u00ebrb\u00ebr\u00ebs korroziv\u00eb, dhe q\u00eb \u00ebsht\u00eb i p\u00ebrshtatsh\u00ebm p\u00ebr p\u00ebrdorim n\u00eb ambiente t\u00eb brendshme dhe t\u00eb jashtme n\u00eb dysheme dhe mure, duke ofruar:<\/span><\/strong><\/p>\n<ul>\n<li><span style=\"color: #000000;\">Rezistenc\u00eb t\u00eb lart\u00eb ndaj g\u00ebrryerjes dhe goditjeve mekanike<\/span><\/li>\n<li><span style=\"color: #000000;\">Ngjitje shume t\u00eb mir\u00eb me n\u00ebnshtres\u00ebn<\/span><\/li>\n<li><span style=\"color: #000000;\">Fleksibilitet dhe rezistenc\u00eb ndaj tkurrjes-bymimit, si dhe l\u00ebkundjes<\/span><\/li>\n<li><span style=\"color: #000000;\">Nj\u00eb rezultat t\u00eb vecant\u00eb estetik<\/span><\/li>\n<li><span style=\"color: #000000;\">Nuk ka nevoj\u00eb t\u00eb p\u00ebrforcohet me rr\u00ebshira p\u00ebrforcuese.<\/span><\/li>\n<\/ul>\n<p><span style=\"color: #000000;\">Klasifikohet si llac PCC R3 p\u00ebr riparime betoni, sipas EN 1504-3, dhe si material llaci cimentoje CT-C30-F7-AR2, sipas EN 13813. DUROFLEX-DECO FLEX p\u00ebrdoret brenda dhe jasht\u00eb n\u00eb shum\u00eb raste, si n\u00eb shkall\u00eb, dysheme, mure si dhe p\u00ebr arsye estetike (p.sh. arkitektur\u00eb cikladike), n\u00eb sht\u00ebpi, hotele etj). Fleksibiliteti i tij e b\u00ebn t\u00eb p\u00ebrshtatsh\u00ebm p\u00ebr p\u00ebrdorime q\u00eb k\u00ebrkojn\u00eb elasticitet, si n\u00ebnshtresat prej bordesh gipsi ose prej bordesh cimentoje, dysheme me ngrohje nga posht\u00eb, papafingo, sip\u00ebrfaqe metalike, dysheme me trafik t\u00eb ngarkuar, shtresa me pllaka t\u00eb vjetra, hap\u00ebsira t\u00eb jashtm\u00eb, si ballkone dhe tarraca.<\/span><\/p>\n<p><strong><span style=\"color: #000000;\">P\u00ebrdorimi<\/span><\/strong><\/p>\n<p><span style=\"color: #000000;\">DUROCRET-DECO FLEX\u00a0 hidhet n\u00eb uj\u00eb duke u trazuar, derisa t\u00eb krijohet nj\u00eb p\u00ebrzierje n\u00eb form\u00ebn e k\u00ebrkuar t\u00eb punueshm\u00ebris\u00eb. Materiali aplikohet duke p\u00ebrdorur nj\u00eb mall\u00eb me dh\u00ebmb\u00eb 10 mm. N\u00eb sip\u00ebrfaqen e &#8220;krehur&#8221; me DUROCRET-DECO FLEX vendoset rrjet\u00eb xhami me pesh\u00eb 160 g\/m2, e cila pastaj ngjeshet me an\u00ebn e l\u00ebmuar t\u00eb mall\u00ebs duke krijuar nj\u00eb sip\u00ebrfaqe t\u00eb l\u00ebmuar. Mbas 24 or\u00ebsh, sip\u00ebrfaqja e ngurt\u00ebsuar e DUROCRET-DECO FLEX astarohet me astarin akrilik UNI-PRIMER ose FLEX-PRIMER dhe kur \u00ebsht\u00eb akoma i njom\u00eb (fresh on fresh), DUROCRET-DECO FLEX shtrohet n\u00eb nj\u00eb shtres\u00eb t\u00eb holl\u00eb (1,5 mm) n\u00eb cdo ngjyr\u00eb t\u00eb d\u00ebshiruar p\u00ebr t\u00eb krijuar stilin e d\u00ebshiruar dekorativ t\u00eb llacit t\u00eb cimentos. 2-3 dit\u00eb mbas plot\u00ebsimit t\u00eb aplikimit, dhe me kusht q\u00eb sip\u00ebrfaqja \u00ebsht\u00eb thar\u00eb, mund t\u00eb aplikohen llaqet mbrojt\u00ebse.<\/span><\/p>\n<p><strong><span style=\"color: #000000;\">P\u00ebrgatitja e n\u00ebnshtres\u00ebs<\/span><\/strong><\/p>\n<p><span style=\"color: #000000;\">N\u00ebnshtresa duhet t\u00eb het\u00eb e past\u00ebr, pa pluhur, pa vaj, material t\u00eb lira etj. Cdo zgav\u00ebr si plasaritjet ose vrimat n\u00eb n\u00ebnshtresa duhet t\u00eb mbushen. Para p\u00ebrdorimit t\u00eb DUROCRET-DECO FLEX n\u00eb sip\u00ebrfaqe thith\u00ebse, si mure, beton, suva ose borde gipsi, duhet fillimisht t\u00eb astarohen me astarin akrilik UNI-PRIMER ose FLEX-PRIMER n\u00eb 1-2 shtresa, n\u00eb var\u00ebsi me konditat e motit, me kusht q\u00eb astari \u00ebsht\u00eb thar\u00eb mjaftuesh\u00ebm. N\u00ebnshtresat jo thith\u00ebse, si shtresat me pllaka t\u00eb vjetra ose mozaiket, duhet t\u00eb astarohen me astarin SUPERGRUND, DUROCRET-DECO FLEX mund t\u00eb aplikohet pas 24 or\u00ebsh, me kusht q\u00eb astari t\u00eb jet\u00eb thar\u00eb krejt.<\/span>[\/vc_column_text][vc_row_inner][vc_column_inner width=&#8221;1\/2&#8243;]<div class=\"standard-arrow bullet-top\"><ul>\n<li><span style=\"color: #000000;\">Temperatura gjat\u00eb aplikimit duhet t\u00eb jet\u00eb nd\u00ebrmjet +5 oC dhe +30 oC.<\/span><\/li>\n<li><span style=\"color: #000000;\">Gjat\u00eb ver\u00ebs rekomandohet t\u00eb merren masat e nevojshme p\u00ebr t\u00eb mbrojtur DUROCRET-DECO FLEX nga humbja e ujit si rezultat i temperaturave t\u00eb larta.<\/span><\/li>\n<\/ul>\n<\/div>[\/vc_column_inner][vc_column_inner width=&#8221;1\/2&#8243;]<div class=\"standard-arrow bullet-top\"><ul>\n<li><span style=\"color: #000000;\">Produkti p\u00ebrmban cimento dhe reagon si alkalin me ujin, k\u00ebshtu q\u00eb ai klasifikohet si irritues.<\/span><\/li>\n<\/ul>\n<\/div>[\/vc_column_inner][\/vc_row_inner][vc_row_inner css=&#8221;.vc_custom_1683100048912{padding-top: 20px !important;}&#8221;][vc_column_inner width=&#8221;1\/2&#8243;]<div class=\"aio-icon-component    style_1\"><div id=\"Info-box-wrap-8303\" class=\"aio-icon-box default-icon\" style=\"\"  ><div class=\"aio-icon-default\"><div class=\"ult-just-icon-wrapper  \"><div class=\"align-icon\" style=\"text-align:center;\">\n<div class=\"aio-icon-img \" style=\"font-size:65px;display:inline-block;\" >\n\t<img decoding=\"async\" class=\"img-icon\" alt=\"null\" src=\"https:\/\/aedcolor.com\/wp-content\/uploads\/2023\/05\/image-2.png\"\/>\n<\/div><\/div><\/div><\/div><div class=\"aio-icon-header\" ><h3 class=\"aio-icon-title ult-responsive\"  data-ultimate-target='#Info-box-wrap-8303 .aio-icon-title'  data-responsive-json-new='{\"font-size\":\"\",\"line-height\":\"\"}'  style=\"\">Sip\u00ebrfaqe: Beton, suva<\/h3><\/div> <!-- header --><\/div> <!-- aio-icon-box --><\/div> <!-- aio-icon-component -->[\/vc_column_inner][vc_column_inner width=&#8221;1\/2&#8243;]<div class=\"aio-icon-component    style_1\"><div id=\"Info-box-wrap-3929\" class=\"aio-icon-box default-icon\" style=\"\"  ><div class=\"aio-icon-default\"><div class=\"ult-just-icon-wrapper  \"><div class=\"align-icon\" style=\"text-align:center;\">\n<div class=\"aio-icon-img \" style=\"font-size:65px;display:inline-block;\" >\n\t<img decoding=\"async\" class=\"img-icon\" alt=\"null\" src=\"https:\/\/aedcolor.com\/wp-content\/uploads\/2023\/05\/image-1.png\"\/>\n<\/div><\/div><\/div><\/div><div class=\"aio-icon-header\" ><h3 class=\"aio-icon-title ult-responsive\"  data-ultimate-target='#Info-box-wrap-3929 .aio-icon-title'  data-responsive-json-new='{\"font-size\":\"\",\"line-height\":\"\"}'  style=\"\">Aplikimi: Furc\u00eb, rul <\/h3><\/div> <!-- header --><\/div> <!-- aio-icon-box --><\/div> <!-- aio-icon-component -->[\/vc_column_inner][\/vc_row_inner][\/vc_column][\/vc_row]<\/p>\n<\/div>","protected":false},"excerpt":{"rendered":"<p>[vc_row css=&#8221;.vc_custom_1683099634441{padding-bottom: 30px !important;}&#8221;][vc_column width=&#8221;2\/3&#8243;][vc_custom_heading text=&#8221;DUROCRET-DECO FLEX&#8221; font_container=&#8221;tag:h2|font_size:50|text_align:left&#8221; use_theme_fonts=&#8221;yes&#8221; link=&#8221;|title:AQUAMAT%20-%20SUPERELASTIC||&#8221;][\/vc_column][\/vc_row][vc_row][vc_column width=&#8221;1\/2&#8243;][vc_single_image image=&#8221;6386&#8243; img_size=&#8221;full&#8221;][\/vc_column][vc_column width=&#8221;1\/2&#8243;][vc_column_text]DUROCRET-DECO FLEX \u00ebsht\u00eb nj\u00eb llac fleksib\u00ebl i parap\u00ebrzier, me baz\u00eb cimentoje i modifikuar me polimer, i p\u00ebrforcuar me fibra, pa p\u00ebrb\u00ebr\u00ebs korroziv\u00eb, dhe q\u00eb \u00ebsht\u00eb i p\u00ebrshtatsh\u00ebm p\u00ebr p\u00ebrdorim n\u00eb ambiente t\u00eb brendshme dhe t\u00eb jashtme n\u00eb dysheme dhe mure, duke ofruar:&hellip;<\/p>\n","protected":false},"author":2,"featured_media":0,"parent":0,"menu_order":0,"comment_status":"closed","ping_status":"closed","template":"","meta":{"footnotes":""},"class_list":["post-8746","page","type-page","status-publish","hentry","description-off"],"_links":{"self":[{"href":"https:\/\/aedcolor.com\/index.php\/wp-json\/wp\/v2\/pages\/8746","targetHints":{"allow":["GET"]}}],"collection":[{"href":"https:\/\/aedcolor.com\/index.php\/wp-json\/wp\/v2\/pages"}],"about":[{"href":"https:\/\/aedcolor.com\/index.php\/wp-json\/wp\/v2\/types\/page"}],"author":[{"embeddable":true,"href":"https:\/\/aedcolor.com\/index.php\/wp-json\/wp\/v2\/users\/2"}],"replies":[{"embeddable":true,"href":"https:\/\/aedcolor.com\/index.php\/wp-json\/wp\/v2\/comments?post=8746"}],"version-history":[{"count":1,"href":"https:\/\/aedcolor.com\/index.php\/wp-json\/wp\/v2\/pages\/8746\/revisions"}],"predecessor-version":[{"id":8748,"href":"https:\/\/aedcolor.com\/index.php\/wp-json\/wp\/v2\/pages\/8746\/revisions\/8748"}],"wp:attachment":[{"href":"https:\/\/aedcolor.com\/index.php\/wp-json\/wp\/v2\/media?parent=8746"}],"curies":[{"name":"wp","href":"https:\/\/api.w.org\/{rel}","templated":true}]}}