{"id":8751,"date":"2023-09-07T09:49:24","date_gmt":"2023-09-07T09:49:24","guid":{"rendered":"https:\/\/aedcolor.com\/?page_id=8751"},"modified":"2023-09-07T09:49:24","modified_gmt":"2023-09-07T09:49:24","slug":"ferroseal-csi","status":"publish","type":"page","link":"https:\/\/aedcolor.com\/index.php\/ferroseal-csi\/","title":{"rendered":"FERROSEAL-CSI"},"content":{"rendered":"<div class=\"wpb-content-wrapper\"><p>[vc_row css=&#8221;.vc_custom_1683099634441{padding-bottom: 30px !important;}&#8221;][vc_column width=&#8221;2\/3&#8243;][vc_custom_heading text=&#8221;FERROSEAL-CSI&#8221; font_container=&#8221;tag:h2|font_size:50|text_align:left&#8221; use_theme_fonts=&#8221;yes&#8221; link=&#8221;|title:AQUAMAT%20-%20SUPERELASTIC||&#8221;][\/vc_column][\/vc_row][vc_row][vc_column width=&#8221;1\/2&#8243;][vc_single_image image=&#8221;8749&#8243; img_size=&#8221;full&#8221;][\/vc_column][vc_column width=&#8221;1\/2&#8243;][vc_column_text]<span style=\"color: #000000;\"><strong>FERROSEAL-CSI \u00ebsht\u00eb nj\u00eb dispersion uji me aft\u00ebsi t\u00eb larta dep\u00ebrtuese.<\/strong> Aplikohet n\u00eb sip\u00ebrfaqe betoni, parandalon ndryshkjen dhe \u00ebsht\u00eb krijuar p\u00ebr tu p\u00ebrdorur si parandalues g\u00ebrryerje p\u00ebr elementet p\u00ebrforcuese. Ka aft\u00ebsi t\u00eb hyj\u00eb thell\u00eb n\u00eb beton dhe t\u00eb krijoj\u00eb nj\u00eb shtres\u00eb mbrojt\u00ebse n\u00eb sip\u00ebrfaqen e celikut.<\/span><\/p>\n<ul>\n<li><span style=\"color: #000000;\">Shton koh\u00ebn e punueshm\u00ebris\u00eb t\u00eb struktur\u00ebs.<\/span><\/li>\n<li><span style=\"color: #000000;\">Parandalon fillimin e ndryshkjes n\u00eb struktura t\u00eb reja.<\/span><\/li>\n<li><span style=\"color: #000000;\">Ul ritmin e ndryshkjes n\u00eb struktura ekzistuese.<\/span><\/li>\n<li><span style=\"color: #000000;\">Nuk ndryshon pamjen e strukturave prej betoni.<\/span><\/li>\n<li><span style=\"color: #000000;\">Aplikohet kollaj.\u00a0<\/span><\/li>\n<\/ul>\n<p><span style=\"color: #000000;\">FERROSEAL CSI p\u00ebrdoret p\u00ebr mbrojtjen parandaluese t\u00eb hekurit p\u00ebrforcues n\u00eb elementet e nd\u00ebrtesave t\u00eb betonit mbi dhe n\u00ebn dhe. Gjithashtu \u00ebsht\u00eb ideal p\u00ebr riparime n\u00eb beton. Pvrfundimisht, pvrshtatet p\u00ebr mbrojtjen ndaj ndryshkut n\u00eb struktura prej betoni t\u00eb cilat jan\u00eb t\u00eb ekspozuara n\u00eb ambiente t\u00eb egra si urat, uj\u00ebsjell\u00ebsit, etj.<\/span>[\/vc_column_text][vc_row_inner][vc_column_inner width=&#8221;1\/2&#8243;]<div class=\"standard-arrow bullet-top\"><ul>\n<li><span style=\"color: #000000;\"><span style=\"color: #000000;\">Temperatura gjat\u00eb p\u00ebrdorimit duhet t\u00eb jet\u00eb t\u00eb pakt\u00ebn +5 oC.<\/span><\/span><\/li>\n<li><span style=\"color: #000000;\">Materialet e m\u00ebposhtme duhet t\u00eb mbrohen nga kontakti me FERROSEAL-CSI: vulos\u00ebs silikoni, PVC, shtresa epokside dhe poliuretanike, shtresa metalike (alumini, baker, celik te galvanizuar), druri, mermeri dhe gur\u00eb natyral<\/span><\/li>\n<\/ul>\n<\/div>[\/vc_column_inner][vc_column_inner width=&#8221;1\/2&#8243;]<div class=\"standard-arrow bullet-top\"><ul>\n<li><span style=\"color: #000000;\">Nuk duhet t\u00eb p\u00ebrdoret n\u00eb sip\u00ebrfaqe t\u00eb ngopura me uj\u00eb.<\/span><\/li>\n<\/ul>\n<\/div>[\/vc_column_inner][\/vc_row_inner][vc_row_inner css=&#8221;.vc_custom_1683100048912{padding-top: 20px !important;}&#8221;][vc_column_inner width=&#8221;1\/2&#8243;]<div class=\"aio-icon-component    style_1\"><div id=\"Info-box-wrap-5768\" class=\"aio-icon-box default-icon\" style=\"\"  ><div class=\"aio-icon-default\"><div class=\"ult-just-icon-wrapper  \"><div class=\"align-icon\" style=\"text-align:center;\">\n<div class=\"aio-icon-img \" style=\"font-size:65px;display:inline-block;\" >\n\t<img decoding=\"async\" class=\"img-icon\" alt=\"null\" src=\"https:\/\/aedcolor.com\/wp-content\/uploads\/2023\/05\/image-2.png\"\/>\n<\/div><\/div><\/div><\/div><div class=\"aio-icon-header\" ><h3 class=\"aio-icon-title ult-responsive\"  data-ultimate-target='#Info-box-wrap-5768 .aio-icon-title'  data-responsive-json-new='{\"font-size\":\"\",\"line-height\":\"\"}'  style=\"\">Sip\u00ebrfaqe: Beton, suva<\/h3><\/div> <!-- header --><\/div> <!-- aio-icon-box --><\/div> <!-- aio-icon-component -->[\/vc_column_inner][vc_column_inner width=&#8221;1\/2&#8243;]<div class=\"aio-icon-component    style_1\"><div id=\"Info-box-wrap-7234\" class=\"aio-icon-box default-icon\" style=\"\"  ><div class=\"aio-icon-default\"><div class=\"ult-just-icon-wrapper  \"><div class=\"align-icon\" style=\"text-align:center;\">\n<div class=\"aio-icon-img \" style=\"font-size:65px;display:inline-block;\" >\n\t<img decoding=\"async\" class=\"img-icon\" alt=\"null\" src=\"https:\/\/aedcolor.com\/wp-content\/uploads\/2023\/05\/image-1.png\"\/>\n<\/div><\/div><\/div><\/div><div class=\"aio-icon-header\" ><h3 class=\"aio-icon-title ult-responsive\"  data-ultimate-target='#Info-box-wrap-7234 .aio-icon-title'  data-responsive-json-new='{\"font-size\":\"\",\"line-height\":\"\"}'  style=\"\">Aplikimi: Furc\u00eb, rul <\/h3><\/div> <!-- header --><\/div> <!-- aio-icon-box --><\/div> <!-- aio-icon-component -->[\/vc_column_inner][\/vc_row_inner][\/vc_column][\/vc_row]<\/p>\n<\/div>","protected":false},"excerpt":{"rendered":"<p>[vc_row css=&#8221;.vc_custom_1683099634441{padding-bottom: 30px !important;}&#8221;][vc_column width=&#8221;2\/3&#8243;][vc_custom_heading text=&#8221;FERROSEAL-CSI&#8221; font_container=&#8221;tag:h2|font_size:50|text_align:left&#8221; use_theme_fonts=&#8221;yes&#8221; link=&#8221;|title:AQUAMAT%20-%20SUPERELASTIC||&#8221;][\/vc_column][\/vc_row][vc_row][vc_column width=&#8221;1\/2&#8243;][vc_single_image image=&#8221;8749&#8243; img_size=&#8221;full&#8221;][\/vc_column][vc_column width=&#8221;1\/2&#8243;][vc_column_text]FERROSEAL-CSI \u00ebsht\u00eb nj\u00eb dispersion uji me aft\u00ebsi t\u00eb larta dep\u00ebrtuese. Aplikohet n\u00eb sip\u00ebrfaqe betoni, parandalon ndryshkjen dhe \u00ebsht\u00eb krijuar p\u00ebr tu p\u00ebrdorur si parandalues g\u00ebrryerje p\u00ebr elementet p\u00ebrforcuese. Ka aft\u00ebsi t\u00eb hyj\u00eb thell\u00eb n\u00eb beton dhe t\u00eb krijoj\u00eb nj\u00eb shtres\u00eb mbrojt\u00ebse n\u00eb sip\u00ebrfaqen&hellip;<\/p>\n","protected":false},"author":2,"featured_media":0,"parent":0,"menu_order":0,"comment_status":"closed","ping_status":"closed","template":"","meta":{"footnotes":""},"class_list":["post-8751","page","type-page","status-publish","hentry","description-off"],"_links":{"self":[{"href":"https:\/\/aedcolor.com\/index.php\/wp-json\/wp\/v2\/pages\/8751","targetHints":{"allow":["GET"]}}],"collection":[{"href":"https:\/\/aedcolor.com\/index.php\/wp-json\/wp\/v2\/pages"}],"about":[{"href":"https:\/\/aedcolor.com\/index.php\/wp-json\/wp\/v2\/types\/page"}],"author":[{"embeddable":true,"href":"https:\/\/aedcolor.com\/index.php\/wp-json\/wp\/v2\/users\/2"}],"replies":[{"embeddable":true,"href":"https:\/\/aedcolor.com\/index.php\/wp-json\/wp\/v2\/comments?post=8751"}],"version-history":[{"count":1,"href":"https:\/\/aedcolor.com\/index.php\/wp-json\/wp\/v2\/pages\/8751\/revisions"}],"predecessor-version":[{"id":8753,"href":"https:\/\/aedcolor.com\/index.php\/wp-json\/wp\/v2\/pages\/8751\/revisions\/8753"}],"wp:attachment":[{"href":"https:\/\/aedcolor.com\/index.php\/wp-json\/wp\/v2\/media?parent=8751"}],"curies":[{"name":"wp","href":"https:\/\/api.w.org\/{rel}","templated":true}]}}