{"id":8757,"date":"2023-09-07T10:39:54","date_gmt":"2023-09-07T10:39:54","guid":{"rendered":"https:\/\/aedcolor.com\/?page_id=8757"},"modified":"2023-09-07T10:39:54","modified_gmt":"2023-09-07T10:39:54","slug":"durocret-deco-2","status":"publish","type":"page","link":"https:\/\/aedcolor.com\/index.php\/durocret-deco-2\/","title":{"rendered":"DUROCRET-DECO"},"content":{"rendered":"<div class=\"wpb-content-wrapper\"><p>[vc_row css=&#8221;.vc_custom_1683099634441{padding-bottom: 30px !important;}&#8221;][vc_column width=&#8221;2\/3&#8243;][vc_custom_heading text=&#8221;DUROCRET-DECO&#8221; font_container=&#8221;tag:h2|font_size:50|text_align:left&#8221; use_theme_fonts=&#8221;yes&#8221; link=&#8221;|title:AQUAMAT%20-%20SUPERELASTIC||&#8221;][\/vc_column][\/vc_row][vc_row][vc_column width=&#8221;1\/2&#8243;][vc_single_image image=&#8221;6392&#8243; img_size=&#8221;full&#8221;][\/vc_column][vc_column width=&#8221;1\/2&#8243;][vc_column_text]<strong><span style=\"color: #000000;\">DUROCRET-DECO \u00ebsht\u00eb nj\u00eb llac i parap\u00ebrzier me baz\u00eb cimentoje i modifikuar me polimer dhe i p\u00ebrforcuar me fibra i cili nuk p\u00ebrmban p\u00ebrb\u00ebr\u00ebs korroziv\u00eb dhe q\u00eb \u00ebsht\u00eb i p\u00ebrshtatsh\u00ebm p\u00ebr p\u00ebrdorim n\u00eb ambiente t\u00eb brendshme dhe t\u00eb jashtme, duke ofruar:<\/span><\/strong><\/p>\n<ul>\n<li><span style=\"color: #000000;\">Rezistenc\u00eb ndaj g\u00ebrryerjes<\/span><\/li>\n<li><span style=\"color: #000000;\">Ngjitje shum\u00eb t\u00eb mir\u00eb me n\u00ebnshtres\u00ebn<\/span><\/li>\n<li><span style=\"color: #000000;\">Pap\u00ebrshkueshm\u00ebri nga uji<\/span><\/li>\n<li><span style=\"color: #000000;\">Resultat t\u00eb vecant\u00eb estetik.<\/span><\/li>\n<\/ul>\n<p><span style=\"color: #000000;\">Klasifikohet si llac PCC R2 p\u00ebr riparime betoni, sipas En 1504-3.<\/span><\/p>\n<p><span style=\"color: #000000;\">DUROCRET-DECO p\u00ebrdoret si llac cimentoje n\u00eb shum\u00eb raste, si n\u00eb shkall\u00eb, dysheme, mure dhe p\u00ebr struktura t\u00eb vecanta si shtrate inkaso, artikuj sanitar\u00eb inkaso (lavamane, dushe, etj). Mund t\u00eb p\u00ebrdoret brenda dhe jasht\u00eb, n\u00eb sht\u00ebpi, hotele dhe n\u00eb cfar\u00ebdo rasti ku k\u00ebrkohet nj\u00eb estetik\u00eb e vecant\u00eb (p.sh. arkitektur\u00eb cikladike).<\/span><\/p>\n<p><strong><span style=\"color: #000000;\">P\u00ebrgatitja e n\u00ebnshtres\u00ebs<\/span><\/strong><\/p>\n<p><span style=\"color: #000000;\">Sip\u00ebrfaqja duhet t\u00eb jet\u00eb e past\u00ebr, pa pluhur, pa vaj, materiale t\u00eb lira etj. Cfar\u00ebdo lloj plasaritje ose vrim\u00eb duhet t\u00eb mbulohet me materialet e p\u00ebrshtatshme. Para aplikimit t\u00eb DUROCRET-DECO n\u00eb sip\u00ebrfaqe thith\u00ebse, si n\u00eb muratur\u00eb, betoni, suva, bord gipsi duhet b\u00ebr\u00eb astarim me astarin akrilik UNI-PRIMER ose FLEX-PRIMER n\u00eb 1-2 shtresa, n\u00eb var\u00ebsi t\u00eb thithjes s\u00eb n\u00ebnshtres\u00ebs. DUROCRET-DECO aplikohet mbas 2-3 or\u00ebsh, sipas kushteeve t\u00eb motit dhe mbasi astari \u00ebsht\u00eb thar\u00eb. Sip\u00ebrfaqet jo thith\u00ebse si shtresat e vjetra t\u00eb pllakave ose mozaik\u00ebt, duhet t\u00eb astarohen me astarin SUPERGRUND. DUROCRET-DECO mund t\u00eb aplikohet mbas 24 or\u00ebsh dhe vet\u00ebm po t\u00eb jet\u00eb thar\u00eb krejt astari.<\/span>[\/vc_column_text][vc_row_inner][vc_column_inner width=&#8221;1\/2&#8243;]<div class=\"standard-arrow bullet-top\"><ul>\n<li><span style=\"color: #000000;\"><span style=\"color: #000000;\">Temperatura gjat\u00eb aplikimit duhet t\u00eb jet\u00eb ndvrmjet +5 oC dhe +30 oC.<\/span><\/span><\/li>\n<li><span style=\"color: #000000;\">Gjat\u00eb ver\u00ebs rekomandohet t\u00eb merren masat e nevojshme p\u00ebr t\u00eb mbrojtur DUROCRET-DECO nga humbja e ujit si rezultat i temperaturave t\u00eb larta.<\/span><\/li>\n<\/ul>\n<\/div>[\/vc_column_inner][vc_column_inner width=&#8221;1\/2&#8243;]<div class=\"standard-arrow bullet-top\"><ul>\n<li><span style=\"color: #000000;\">Produkti p\u00ebrmban cimento dhe reagon si alkalin me ujin, k\u00ebshtu q\u00eb klasifikohet si irritues.<\/span><\/li>\n<\/ul>\n<\/div>[\/vc_column_inner][\/vc_row_inner][vc_row_inner css=&#8221;.vc_custom_1683100048912{padding-top: 20px !important;}&#8221;][vc_column_inner width=&#8221;1\/2&#8243;]<div class=\"aio-icon-component    style_1\"><div id=\"Info-box-wrap-7362\" class=\"aio-icon-box default-icon\" style=\"\"  ><div class=\"aio-icon-default\"><div class=\"ult-just-icon-wrapper  \"><div class=\"align-icon\" style=\"text-align:center;\">\n<div class=\"aio-icon-img \" style=\"font-size:65px;display:inline-block;\" >\n\t<img decoding=\"async\" class=\"img-icon\" alt=\"null\" src=\"https:\/\/aedcolor.com\/wp-content\/uploads\/2023\/05\/image-2.png\"\/>\n<\/div><\/div><\/div><\/div><div class=\"aio-icon-header\" ><h3 class=\"aio-icon-title ult-responsive\"  data-ultimate-target='#Info-box-wrap-7362 .aio-icon-title'  data-responsive-json-new='{\"font-size\":\"\",\"line-height\":\"\"}'  style=\"\">Sip\u00ebrfaqe: Beton, suva<\/h3><\/div> <!-- header --><\/div> <!-- aio-icon-box --><\/div> <!-- aio-icon-component -->[\/vc_column_inner][vc_column_inner width=&#8221;1\/2&#8243;]<div class=\"aio-icon-component    style_1\"><div id=\"Info-box-wrap-8024\" class=\"aio-icon-box default-icon\" style=\"\"  ><div class=\"aio-icon-default\"><div class=\"ult-just-icon-wrapper  \"><div class=\"align-icon\" style=\"text-align:center;\">\n<div class=\"aio-icon-img \" style=\"font-size:65px;display:inline-block;\" >\n\t<img decoding=\"async\" class=\"img-icon\" alt=\"null\" src=\"https:\/\/aedcolor.com\/wp-content\/uploads\/2023\/05\/image-1.png\"\/>\n<\/div><\/div><\/div><\/div><div class=\"aio-icon-header\" ><h3 class=\"aio-icon-title ult-responsive\"  data-ultimate-target='#Info-box-wrap-8024 .aio-icon-title'  data-responsive-json-new='{\"font-size\":\"\",\"line-height\":\"\"}'  style=\"\">Aplikimi: Furc\u00eb, rul <\/h3><\/div> <!-- header --><\/div> <!-- aio-icon-box --><\/div> <!-- aio-icon-component -->[\/vc_column_inner][\/vc_row_inner][\/vc_column][\/vc_row]<\/p>\n<\/div>","protected":false},"excerpt":{"rendered":"<p>[vc_row css=&#8221;.vc_custom_1683099634441{padding-bottom: 30px !important;}&#8221;][vc_column width=&#8221;2\/3&#8243;][vc_custom_heading text=&#8221;DUROCRET-DECO&#8221; font_container=&#8221;tag:h2|font_size:50|text_align:left&#8221; use_theme_fonts=&#8221;yes&#8221; link=&#8221;|title:AQUAMAT%20-%20SUPERELASTIC||&#8221;][\/vc_column][\/vc_row][vc_row][vc_column width=&#8221;1\/2&#8243;][vc_single_image image=&#8221;6392&#8243; img_size=&#8221;full&#8221;][\/vc_column][vc_column width=&#8221;1\/2&#8243;][vc_column_text]DUROCRET-DECO \u00ebsht\u00eb nj\u00eb llac i parap\u00ebrzier me baz\u00eb cimentoje i modifikuar me polimer dhe i p\u00ebrforcuar me fibra i cili nuk p\u00ebrmban p\u00ebrb\u00ebr\u00ebs korroziv\u00eb dhe q\u00eb \u00ebsht\u00eb i p\u00ebrshtatsh\u00ebm p\u00ebr p\u00ebrdorim n\u00eb ambiente t\u00eb brendshme dhe t\u00eb jashtme, duke ofruar: Rezistenc\u00eb ndaj g\u00ebrryerjes&hellip;<\/p>\n","protected":false},"author":2,"featured_media":0,"parent":0,"menu_order":0,"comment_status":"closed","ping_status":"closed","template":"","meta":{"footnotes":""},"class_list":["post-8757","page","type-page","status-publish","hentry","description-off"],"_links":{"self":[{"href":"https:\/\/aedcolor.com\/index.php\/wp-json\/wp\/v2\/pages\/8757","targetHints":{"allow":["GET"]}}],"collection":[{"href":"https:\/\/aedcolor.com\/index.php\/wp-json\/wp\/v2\/pages"}],"about":[{"href":"https:\/\/aedcolor.com\/index.php\/wp-json\/wp\/v2\/types\/page"}],"author":[{"embeddable":true,"href":"https:\/\/aedcolor.com\/index.php\/wp-json\/wp\/v2\/users\/2"}],"replies":[{"embeddable":true,"href":"https:\/\/aedcolor.com\/index.php\/wp-json\/wp\/v2\/comments?post=8757"}],"version-history":[{"count":1,"href":"https:\/\/aedcolor.com\/index.php\/wp-json\/wp\/v2\/pages\/8757\/revisions"}],"predecessor-version":[{"id":8759,"href":"https:\/\/aedcolor.com\/index.php\/wp-json\/wp\/v2\/pages\/8757\/revisions\/8759"}],"wp:attachment":[{"href":"https:\/\/aedcolor.com\/index.php\/wp-json\/wp\/v2\/media?parent=8757"}],"curies":[{"name":"wp","href":"https:\/\/api.w.org\/{rel}","templated":true}]}}