{"id":8763,"date":"2023-09-07T12:05:18","date_gmt":"2023-09-07T12:05:18","guid":{"rendered":"https:\/\/aedcolor.com\/?page_id=8763"},"modified":"2023-09-07T12:05:18","modified_gmt":"2023-09-07T12:05:18","slug":"durocret-penetrate-2","status":"publish","type":"page","link":"https:\/\/aedcolor.com\/index.php\/durocret-penetrate-2\/","title":{"rendered":"DUROCRET-PENETRATE"},"content":{"rendered":"<div class=\"wpb-content-wrapper\"><p>[vc_row css=&#8221;.vc_custom_1683099634441{padding-bottom: 30px !important;}&#8221;][vc_column width=&#8221;2\/3&#8243;][vc_custom_heading text=&#8221;DUROCRET-PENETRATE&#8221; font_container=&#8221;tag:h2|font_size:50|text_align:left&#8221; use_theme_fonts=&#8221;yes&#8221; link=&#8221;|title:AQUAMAT%20-%20SUPERELASTIC||&#8221;][\/vc_column][\/vc_row][vc_row][vc_column width=&#8221;1\/2&#8243;][vc_single_image image=&#8221;1863&#8243; img_size=&#8221;full&#8221;][\/vc_column][vc_column width=&#8221;1\/2&#8243;][vc_column_text]<span style=\"color: #000000;\"><strong>DUROCRET-PENETRATE \u00ebsht\u00eb nj\u00eb llac i parap\u00ebrzier me baz\u00eb cimentoje, i cili nuk p\u00ebrmban p\u00ebrb\u00ebr\u00ebs korroziv\u00eb dhe q\u00eb \u00ebsht\u00eb i p\u00ebrshtatsh\u00ebm p\u00ebr p\u00ebrdorim n\u00eb ambiente t\u00eb brendshme dhe t\u00eb jashtme.<\/strong> P\u00ebrb\u00ebhet nga kimikate aktive t\u00eb vecanta, t\u00eb cilat kur bien n\u00eb kontakt me lag\u00ebshtin\u00eb dhe hidroksidin e pranish\u00ebm t\u00eb g\u00eblqeres, reagon dhe formon lidhje t\u00eb patretshme (kristale). K\u00ebto kristale bllokojn\u00eb poret kapilare dhe izolojn\u00eb plasaritjet e tkurrjes brenda betonit, n\u00eb m\u00ebnyr\u00eb q\u00eb t\u00eb parandaloj\u00eb thithjen e m\u00ebtejshme t\u00eb ujit.<\/span><\/p>\n<p><strong><span style=\"color: #000000;\">N\u00ebnshtresa<\/span><\/strong><\/p>\n<p><span style=\"color: #000000;\">N\u00ebnshtresa\u00a0 duhet t\u00eb jet\u00eb e past\u00ebr, pa mbetje vaji, pa materiale t\u00eb l\u00ebna n\u00eb gjendje t\u00eb lir\u00eb mbi t\u00eb, pa pluhur etj. Sip\u00ebrfaqet shum\u00eb t\u00eb l\u00ebmuara duhet t\u00eb trajtohen me presion t\u00eb moderuar r\u00ebre ose uji, ose t\u00eb trajtohen me kujdes me larje kimike me 15% acid klorhidrik. Rrjedhjet e ujit duhet t\u00eb bllokohen me cimento AQUAFIX q\u00eb mpikset shpejt. Sip\u00ebrfaqja duhet t\u00eb laget, para aplikimit t\u00eb DUROCRET-PENETRATE.<\/span><\/p>\n<p><strong><span style=\"color: #000000;\">P\u00ebrdorimi<\/span><\/strong><\/p>\n<p><span style=\"color: #000000;\">DUROCRET-PENETRATE hidhet sasia ekzakte e ujit duke u trazuar vazhdimisht, derisa t\u00eb krijohet nj\u00eb p\u00ebrzierje uniforme. Materiali aplikohet me mistri si zakonisht. Mbas aplikimit, sip\u00ebrfaqja e p\u00ebrfunduar duhet t\u00eb laget p\u00ebr 2-3 dit\u00eb n\u00eb m\u00ebnyr\u00eb q\u00eb t\u00eb mbetet pak e lagur shtresa hidroizoluese dhe t\u00eb ngurt\u00ebsohet n\u00eb m\u00ebnyr\u00ebn e duhur.<\/span>[\/vc_column_text][vc_row_inner][vc_column_inner width=&#8221;1\/2&#8243;]<div class=\"standard-arrow bullet-top\"><ul>\n<li><span style=\"color: #000000;\"><span style=\"color: #000000;\">P\u00ebrdorimi i sasis\u00eb s\u00eb ujit mbi at\u00eb q\u00eb rekomandohet, mund t\u00eb krijoj\u00eb rritje n\u00eb rrjedhshm\u00ebrin\u00eb e materialit e cila v\u00ebshtir\u00ebson aplikimin. Gjithmon\u00eb duhet p\u00ebrdorur me sakt\u00ebsi sasia e rekomanduar e p\u00ebrzierjes.<\/span><\/span><\/li>\n<li><span style=\"color: #000000;\">Temperatura gjat\u00eb aplikimit duhet t\u00eb jet\u00eb t\u00eb pakt\u00ebn +5 oC.<\/span><\/li>\n<\/ul>\n<\/div>[\/vc_column_inner][vc_column_inner width=&#8221;1\/2&#8243;]<div class=\"standard-arrow bullet-top\"><ul>\n<li><span style=\"color: #000000;\">Produkti p\u00ebrmban cimento dhe reagon si alkalin me ujin, k\u00ebshtu q\u00eb ai klasifikohet si irritues.<\/span><\/li>\n<\/ul>\n<\/div>[\/vc_column_inner][\/vc_row_inner][vc_row_inner css=&#8221;.vc_custom_1683100048912{padding-top: 20px !important;}&#8221;][vc_column_inner width=&#8221;1\/2&#8243;]<div class=\"aio-icon-component    style_1\"><div id=\"Info-box-wrap-5050\" class=\"aio-icon-box default-icon\" style=\"\"  ><div class=\"aio-icon-default\"><div class=\"ult-just-icon-wrapper  \"><div class=\"align-icon\" style=\"text-align:center;\">\n<div class=\"aio-icon-img \" style=\"font-size:65px;display:inline-block;\" >\n\t<img decoding=\"async\" class=\"img-icon\" alt=\"null\" src=\"https:\/\/aedcolor.com\/wp-content\/uploads\/2023\/05\/image-2.png\"\/>\n<\/div><\/div><\/div><\/div><div class=\"aio-icon-header\" ><h3 class=\"aio-icon-title ult-responsive\"  data-ultimate-target='#Info-box-wrap-5050 .aio-icon-title'  data-responsive-json-new='{\"font-size\":\"\",\"line-height\":\"\"}'  style=\"\">Sip\u00ebrfaqe: Beton, suva<\/h3><\/div> <!-- header --><\/div> <!-- aio-icon-box --><\/div> <!-- aio-icon-component -->[\/vc_column_inner][vc_column_inner width=&#8221;1\/2&#8243;]<div class=\"aio-icon-component    style_1\"><div id=\"Info-box-wrap-5766\" class=\"aio-icon-box default-icon\" style=\"\"  ><div class=\"aio-icon-default\"><div class=\"ult-just-icon-wrapper  \"><div class=\"align-icon\" style=\"text-align:center;\">\n<div class=\"aio-icon-img \" style=\"font-size:65px;display:inline-block;\" >\n\t<img decoding=\"async\" class=\"img-icon\" alt=\"null\" src=\"https:\/\/aedcolor.com\/wp-content\/uploads\/2023\/05\/image-1.png\"\/>\n<\/div><\/div><\/div><\/div><div class=\"aio-icon-header\" ><h3 class=\"aio-icon-title ult-responsive\"  data-ultimate-target='#Info-box-wrap-5766 .aio-icon-title'  data-responsive-json-new='{\"font-size\":\"\",\"line-height\":\"\"}'  style=\"\">Aplikimi: Mistri<\/h3><\/div> <!-- header --><\/div> <!-- aio-icon-box --><\/div> <!-- aio-icon-component -->[\/vc_column_inner][\/vc_row_inner][\/vc_column][\/vc_row]<\/p>\n<\/div>","protected":false},"excerpt":{"rendered":"<p>[vc_row css=&#8221;.vc_custom_1683099634441{padding-bottom: 30px !important;}&#8221;][vc_column width=&#8221;2\/3&#8243;][vc_custom_heading text=&#8221;DUROCRET-PENETRATE&#8221; font_container=&#8221;tag:h2|font_size:50|text_align:left&#8221; use_theme_fonts=&#8221;yes&#8221; link=&#8221;|title:AQUAMAT%20-%20SUPERELASTIC||&#8221;][\/vc_column][\/vc_row][vc_row][vc_column width=&#8221;1\/2&#8243;][vc_single_image image=&#8221;1863&#8243; img_size=&#8221;full&#8221;][\/vc_column][vc_column width=&#8221;1\/2&#8243;][vc_column_text]DUROCRET-PENETRATE \u00ebsht\u00eb nj\u00eb llac i parap\u00ebrzier me baz\u00eb cimentoje, i cili nuk p\u00ebrmban p\u00ebrb\u00ebr\u00ebs korroziv\u00eb dhe q\u00eb \u00ebsht\u00eb i p\u00ebrshtatsh\u00ebm p\u00ebr p\u00ebrdorim n\u00eb ambiente t\u00eb brendshme dhe t\u00eb jashtme. P\u00ebrb\u00ebhet nga kimikate aktive t\u00eb vecanta, t\u00eb cilat kur bien n\u00eb kontakt me lag\u00ebshtin\u00eb&hellip;<\/p>\n","protected":false},"author":2,"featured_media":0,"parent":0,"menu_order":0,"comment_status":"closed","ping_status":"closed","template":"","meta":{"footnotes":""},"class_list":["post-8763","page","type-page","status-publish","hentry","description-off"],"_links":{"self":[{"href":"https:\/\/aedcolor.com\/index.php\/wp-json\/wp\/v2\/pages\/8763","targetHints":{"allow":["GET"]}}],"collection":[{"href":"https:\/\/aedcolor.com\/index.php\/wp-json\/wp\/v2\/pages"}],"about":[{"href":"https:\/\/aedcolor.com\/index.php\/wp-json\/wp\/v2\/types\/page"}],"author":[{"embeddable":true,"href":"https:\/\/aedcolor.com\/index.php\/wp-json\/wp\/v2\/users\/2"}],"replies":[{"embeddable":true,"href":"https:\/\/aedcolor.com\/index.php\/wp-json\/wp\/v2\/comments?post=8763"}],"version-history":[{"count":1,"href":"https:\/\/aedcolor.com\/index.php\/wp-json\/wp\/v2\/pages\/8763\/revisions"}],"predecessor-version":[{"id":8765,"href":"https:\/\/aedcolor.com\/index.php\/wp-json\/wp\/v2\/pages\/8763\/revisions\/8765"}],"wp:attachment":[{"href":"https:\/\/aedcolor.com\/index.php\/wp-json\/wp\/v2\/media?parent=8763"}],"curies":[{"name":"wp","href":"https:\/\/api.w.org\/{rel}","templated":true}]}}