{"id":8768,"date":"2023-09-07T13:00:54","date_gmt":"2023-09-07T13:00:54","guid":{"rendered":"https:\/\/aedcolor.com\/?page_id=8768"},"modified":"2023-09-07T13:00:54","modified_gmt":"2023-09-07T13:00:54","slug":"fix-rapid-2","status":"publish","type":"page","link":"https:\/\/aedcolor.com\/index.php\/fix-rapid-2\/","title":{"rendered":"FIX-RAPID"},"content":{"rendered":"<div class=\"wpb-content-wrapper\"><p>[vc_row css=&#8221;.vc_custom_1683099634441{padding-bottom: 30px !important;}&#8221;][vc_column width=&#8221;2\/3&#8243;][vc_custom_heading text=&#8221;FIX-RAPID&#8221; font_container=&#8221;tag:h2|font_size:50|text_align:left&#8221; use_theme_fonts=&#8221;yes&#8221; link=&#8221;|title:AQUAMAT%20-%20SUPERELASTIC||&#8221;][\/vc_column][\/vc_row][vc_row][vc_column width=&#8221;1\/2&#8243;][vc_single_image image=&#8221;8766&#8243; img_size=&#8221;full&#8221;][\/vc_column][vc_column width=&#8221;1\/2&#8243;][vc_column_text]<span style=\"color: #000000;\"><strong>FIX-RAPID \u00ebsht\u00eb nj\u00eb cimento me mpiksje t\u00eb shpejt\u00eb, q\u00eb reagon me ujin q\u00eb shtohet dhe menj\u00ebher\u00eb fillon t\u00eb fort\u00ebsohet.<\/strong> FIX-RAPID p\u00ebrdoret p\u00ebr riparime t\u00eb shpejta, fiksime, ankorime, mbyllje t\u00eb gropave ose t\u00eb vrimave etj.dhe n\u00eb p\u00ebrgjith\u00ebsi n\u00eb raste kur k\u00ebrkohet forc\u00eb e madhe dhe p\u00ebrdorim i shpejt\u00eb. FIX-RAPID mund t\u00eb p\u00ebrdoret n\u00eb dysheme, mure, tavane n\u00eb ambiente t\u00eb brendshme dhe t\u00eb jashtme.<\/span><\/p>\n<p><strong><span style=\"color: #000000;\">P\u00ebrgatitja e n\u00ebnshtres\u00ebs<\/span><\/strong><\/p>\n<p><span style=\"color: #000000;\">Sip\u00ebrfaqja duhet t\u00eb jet\u00eb e past\u00ebr, pa pluhur, vaj, materiale t\u00eb lira etj., dhe duhet t\u00eb njomet t\u00ebr\u00ebsisht p\u00ebrpara p\u00ebrdorimit t\u00eb FIX RAPID.<\/span><\/p>\n<p><strong><span style=\"color: #000000;\">P\u00ebrdorimi<\/span><\/strong><\/p>\n<p><span style=\"color: #000000;\">FIX-RAPID hidhet gradualisht n\u00eb uj\u00eb duke u trazuar vazhdimisht, derisa t\u00eb krijohet nj\u00eb stuko e lidhur q\u00eb nuk p\u00ebrhapet, e p\u00ebrshtatshme p\u00ebr punime mbush\u00ebse ose mermetuese. Koha e p\u00ebrzierjes nuk duhet t\u00eb kaloj\u00eb 1 minut\u00eb. Rekomandohet q\u00eb t\u00eb p\u00ebrzihet nj\u00eb sasi e vogel her\u00eb pas here, p\u00ebr shkak t\u00eb koh\u00ebs s\u00eb shkurt\u00ebr t\u00eb punimit.<\/span>[\/vc_column_text][vc_row_inner][vc_column_inner width=&#8221;1\/2&#8243;]<div class=\"standard-arrow bullet-top\"><ul>\n<li><span style=\"color: #000000;\"><span style=\"color: #000000;\">Temperatura gjat\u00eb p\u00ebrdorimit duhet t\u00eb jet\u00eb t\u00eb pakt\u00ebn +5 oC.<\/span><\/span><\/li>\n<li><span style=\"color: #000000;\">Sip\u00ebrfaqja metalike q\u00eb do jet\u00eb n\u00eb kontakt me FIX-RAPID duhet te jet\u00eb e mbrojtur.<\/span><\/li>\n<li><span style=\"color: #000000;\">N\u00eb raste pune ose p\u00ebrdorimi t\u00eb zgjeruar q\u00eb k\u00ebrkojn\u00eb trash\u00ebsi m\u00eb t\u00eb madhe, FIX-RAPID mund t\u00eb p\u00ebrzihet me 1-3 pjes\u00eb r\u00ebre sipas volumit, para shtres\u00ebs s\u00eb ujit. N\u00eb k\u00ebt\u00eb rast koha e mpiksjes shtohet pak. Gjithashtu, koha e mpiksjes mund t\u00eb shtohet sipas d\u00ebshir\u00ebs po t\u00eb shtohet cimento e zakonshme.<\/span><\/li>\n<li><span style=\"color: #000000;\">Gjat\u00eb p\u00ebrdorimit rekomandohet p\u00ebrdorimi i dorezave plastike.<\/span><\/li>\n<li><span style=\"color: #000000;\">Materiali q\u00eb ka filluar t\u00eb forcohet nuk duhet t\u00eb rizbutet me uj\u00eb.<\/span><\/li>\n<\/ul>\n<\/div>[\/vc_column_inner][vc_column_inner width=&#8221;1\/2&#8243;]<div class=\"standard-arrow bullet-top\"><ul>\n<li><span style=\"color: #000000;\">Produkti p\u00ebrmban cimento dhe reagon si alkalin me ujin, k\u00ebshtu q\u00eb ai klasifikohet si irritues.<\/span><\/li>\n<\/ul>\n<\/div>[\/vc_column_inner][\/vc_row_inner][vc_row_inner css=&#8221;.vc_custom_1683100048912{padding-top: 20px !important;}&#8221;][vc_column_inner width=&#8221;1\/2&#8243;]<div class=\"aio-icon-component    style_1\"><div id=\"Info-box-wrap-7054\" class=\"aio-icon-box default-icon\" style=\"\"  ><div class=\"aio-icon-default\"><div class=\"ult-just-icon-wrapper  \"><div class=\"align-icon\" style=\"text-align:center;\">\n<div class=\"aio-icon-img \" style=\"font-size:65px;display:inline-block;\" >\n\t<img decoding=\"async\" class=\"img-icon\" alt=\"null\" src=\"https:\/\/aedcolor.com\/wp-content\/uploads\/2023\/05\/image-2.png\"\/>\n<\/div><\/div><\/div><\/div><div class=\"aio-icon-header\" ><h3 class=\"aio-icon-title ult-responsive\"  data-ultimate-target='#Info-box-wrap-7054 .aio-icon-title'  data-responsive-json-new='{\"font-size\":\"\",\"line-height\":\"\"}'  style=\"\">Sip\u00ebrfaqe: Beton, suva<\/h3><\/div> <!-- header --><\/div> <!-- aio-icon-box --><\/div> <!-- aio-icon-component -->[\/vc_column_inner][vc_column_inner width=&#8221;1\/2&#8243;]<div class=\"aio-icon-component    style_1\"><div id=\"Info-box-wrap-5606\" class=\"aio-icon-box default-icon\" style=\"\"  ><div class=\"aio-icon-default\"><div class=\"ult-just-icon-wrapper  \"><div class=\"align-icon\" style=\"text-align:center;\">\n<div class=\"aio-icon-img \" style=\"font-size:65px;display:inline-block;\" >\n\t<img decoding=\"async\" class=\"img-icon\" alt=\"null\" src=\"https:\/\/aedcolor.com\/wp-content\/uploads\/2023\/05\/image-1.png\"\/>\n<\/div><\/div><\/div><\/div><div class=\"aio-icon-header\" ><h3 class=\"aio-icon-title ult-responsive\"  data-ultimate-target='#Info-box-wrap-5606 .aio-icon-title'  data-responsive-json-new='{\"font-size\":\"\",\"line-height\":\"\"}'  style=\"\">Aplikimi: Mistri<\/h3><\/div> <!-- header --><\/div> <!-- aio-icon-box --><\/div> <!-- aio-icon-component -->[\/vc_column_inner][\/vc_row_inner][\/vc_column][\/vc_row]<\/p>\n<\/div>","protected":false},"excerpt":{"rendered":"<p>[vc_row css=&#8221;.vc_custom_1683099634441{padding-bottom: 30px !important;}&#8221;][vc_column width=&#8221;2\/3&#8243;][vc_custom_heading text=&#8221;FIX-RAPID&#8221; font_container=&#8221;tag:h2|font_size:50|text_align:left&#8221; use_theme_fonts=&#8221;yes&#8221; link=&#8221;|title:AQUAMAT%20-%20SUPERELASTIC||&#8221;][\/vc_column][\/vc_row][vc_row][vc_column width=&#8221;1\/2&#8243;][vc_single_image image=&#8221;8766&#8243; img_size=&#8221;full&#8221;][\/vc_column][vc_column width=&#8221;1\/2&#8243;][vc_column_text]FIX-RAPID \u00ebsht\u00eb nj\u00eb cimento me mpiksje t\u00eb shpejt\u00eb, q\u00eb reagon me ujin q\u00eb shtohet dhe menj\u00ebher\u00eb fillon t\u00eb fort\u00ebsohet. FIX-RAPID p\u00ebrdoret p\u00ebr riparime t\u00eb shpejta, fiksime, ankorime, mbyllje t\u00eb gropave ose t\u00eb vrimave etj.dhe n\u00eb p\u00ebrgjith\u00ebsi n\u00eb raste kur k\u00ebrkohet forc\u00eb e madhe&hellip;<\/p>\n","protected":false},"author":2,"featured_media":0,"parent":0,"menu_order":0,"comment_status":"closed","ping_status":"closed","template":"","meta":{"footnotes":""},"class_list":["post-8768","page","type-page","status-publish","hentry","description-off"],"_links":{"self":[{"href":"https:\/\/aedcolor.com\/index.php\/wp-json\/wp\/v2\/pages\/8768","targetHints":{"allow":["GET"]}}],"collection":[{"href":"https:\/\/aedcolor.com\/index.php\/wp-json\/wp\/v2\/pages"}],"about":[{"href":"https:\/\/aedcolor.com\/index.php\/wp-json\/wp\/v2\/types\/page"}],"author":[{"embeddable":true,"href":"https:\/\/aedcolor.com\/index.php\/wp-json\/wp\/v2\/users\/2"}],"replies":[{"embeddable":true,"href":"https:\/\/aedcolor.com\/index.php\/wp-json\/wp\/v2\/comments?post=8768"}],"version-history":[{"count":1,"href":"https:\/\/aedcolor.com\/index.php\/wp-json\/wp\/v2\/pages\/8768\/revisions"}],"predecessor-version":[{"id":8770,"href":"https:\/\/aedcolor.com\/index.php\/wp-json\/wp\/v2\/pages\/8768\/revisions\/8770"}],"wp:attachment":[{"href":"https:\/\/aedcolor.com\/index.php\/wp-json\/wp\/v2\/media?parent=8768"}],"curies":[{"name":"wp","href":"https:\/\/api.w.org\/{rel}","templated":true}]}}