{"id":8781,"date":"2023-09-08T07:16:06","date_gmt":"2023-09-08T07:16:06","guid":{"rendered":"https:\/\/aedcolor.com\/?page_id=8781"},"modified":"2023-09-08T07:16:06","modified_gmt":"2023-09-08T07:16:06","slug":"epomax-cmt","status":"publish","type":"page","link":"https:\/\/aedcolor.com\/index.php\/epomax-cmt\/","title":{"rendered":"EPOMAX-CMT"},"content":{"rendered":"<div class=\"wpb-content-wrapper\"><p>[vc_row css=&#8221;.vc_custom_1683099634441{padding-bottom: 30px !important;}&#8221;][vc_column width=&#8221;2\/3&#8243;][vc_custom_heading text=&#8221;EPOMAX-CMT&#8221; font_container=&#8221;tag:h2|font_size:50|text_align:left&#8221; use_theme_fonts=&#8221;yes&#8221; link=&#8221;|title:AQUAMAT%20-%20SUPERELASTIC||&#8221;][\/vc_column][\/vc_row][vc_row][vc_column width=&#8221;1\/2&#8243;][vc_single_image image=&#8221;8779&#8243; img_size=&#8221;full&#8221;][\/vc_column][vc_column width=&#8221;1\/2&#8243;][vc_column_text]<strong><span style=\"color: #000000;\">EPOMAX-CMT \u00ebsht\u00eb nj\u00eb llac thiksotropik p\u00ebr mure dhe dysheme, me baz\u00eb cimentoje dhe rr\u00ebshire epokside me baz\u00eb uji. Ofron avantazhet e m\u00ebposhtme:<\/span><\/strong><\/p>\n<ul>\n<li><span style=\"color: #000000;\">Zbatim m\u00eb t\u00eb thjesht\u00eb dhe m\u00eb ekonomik<\/span><\/li>\n<li><span style=\"color: #000000;\">Rezistenca mekanike t\u00eb larta fillestare dhe p\u00ebrfundimtare<\/span><\/li>\n<li><span style=\"color: #000000;\">Ngjitje t\u00eb shk\u00eblqyera me n\u00ebnshtres\u00ebn<\/span><\/li>\n<li><span style=\"color: #000000;\">Dep\u00ebrtueshm\u00ebri t\u00eb lart\u00eb nga avulli<\/span><\/li>\n<li><span style=\"color: #000000;\">Nuk \u00ebsht\u00eb g\u00ebrryes (i sigurt n\u00eb p\u00ebrforcimin e celikut).<\/span><\/li>\n<\/ul>\n<p><span style=\"color: #000000;\">Klasifikohet si llac riparues betoni PCC R4, sipas EN 1504-3.<\/span><\/p>\n<p><em><strong><span style=\"color: #000000;\">EPOMAX-CMT p\u00ebrdoret p\u00ebr:<\/span><\/strong><\/em><\/p>\n<ul>\n<li><span style=\"color: #000000;\">riparim,<\/span><\/li>\n<li><span style=\"color: #000000;\">zbutje<\/span><\/li>\n<li><span style=\"color: #000000;\">nivelimin<\/span><\/li>\n<\/ul>\n<p><span style=\"color: #000000;\">e mureve dhe dyshemeve prej betoni t\u00eb cilat do mbulohen me:<\/span><\/p>\n<ul>\n<li><span style=\"color: #000000;\">shtresa epokside<\/span><\/li>\n<li><span style=\"color: #000000;\">shtresa poliuretani<\/span><\/li>\n<li><span style=\"color: #000000;\">dysheme plastike<\/span><\/li>\n<li><span style=\"color: #000000;\">qilimi<\/span><\/li>\n<li><span style=\"color: #000000;\">parket druri etj.<\/span><\/li>\n<\/ul>\n<p><span style=\"color: #000000;\">Gjithashtu aplikohet kur betoni \u00ebsht\u00eb akoma i njom\u00eb, p\u00ebr t\u00eb krijuar n\u00ebnshtres\u00ebn e p\u00ebrshtatshme me trash\u00ebsi t\u00eb pakt\u00ebn 2mm p\u00ebr aplikimin e shtresave epokside, p\u00ebr t\u00eb shmangur probleme shk\u00ebputjeje etj. Gjithashtu, p\u00ebrshtatet dhe si shtres\u00eb p\u00ebrfundimtare, me trash\u00ebsi deri n\u00eb 3 mm, p\u00ebr zbutjen, nivelimin dhe rritjen e rezistenc\u00ebs mekanike t\u00eb sip\u00ebrfaqes ndaj forcave mekanike n\u00eb ambiente g\u00ebrryese.\u00a0<\/span><\/p>\n<p><strong><span style=\"color: #000000;\">P\u00ebrzierja e EPOMAX-CMT<\/span><\/strong><\/p>\n<p><span style=\"color: #000000;\">P\u00ebrb\u00ebr\u00ebsit A, B dhe C jan\u00eb t\u00eb paketuar n\u00eb raport p\u00ebrzierje t\u00eb parap\u00ebrcaktuar. Fillimisht, p\u00ebrb\u00ebr\u00ebsi A duhet t\u00eb p\u00ebrzihet mir\u00eb n\u00eb en\u00ebn e tij. Pastaj, duhet t\u00eb vihet n\u00eb nj\u00eb en\u00eb t\u00eb past\u00ebr rreth 30 litrash. M\u00eb pas, gjith\u00eb sasia e p\u00ebrb\u00ebr\u00ebsit B duhet t\u00eb hidhet n\u00eb p\u00ebrb\u00ebr\u00ebsin A. Dy p\u00ebrb\u00ebr\u00ebsit duhet t\u00eb p\u00ebrzihen p\u00ebr rreth 30 sekonda, me nj\u00eb mikser me xhiro t\u00eb ul\u00ebta (300rot\/min). \u00cbsht\u00eb e r\u00ebnd\u00ebsishme t\u00eb p\u00ebrzihet mir\u00eb materiali af\u00ebr an\u00ebve dhe fundit t\u00eb en\u00ebs p\u00ebr t\u00eb arritur shp\u00ebrndarje uniforme dhe t\u00eb ngurt\u00ebsuesit.P\u00ebrfundimisht, p\u00ebrb\u00ebr\u00ebsi C shtohet duke u p\u00ebrzier\u00eb vazhdimisht. P\u00ebrzierja b\u00ebhet me nj\u00eb mikser me xhiro t\u00eb ul\u00ebta dhe duhet t\u00eb vazhdohet derisa p\u00ebrzierja b\u00ebhet krejt uniforme (rreth 3 min). Nuk duhet hedhur uj\u00eb n\u00eb p\u00ebrzierje.<\/span>[\/vc_column_text][vc_row_inner][vc_column_inner width=&#8221;1\/2&#8243;]<div class=\"standard-arrow bullet-top\"><ul>\n<li><span style=\"color: #000000;\">Koha e pun\u00ebs\u00a0 e sistemeve epokside ulet kur rritet temperatura e ambientit.<\/span><\/li>\n<li><span style=\"color: #000000;\">Sip\u00ebrfaqja e EPOMAX-CMT pas aplikimit duhet t\u00eb mbrohet nga lag\u00ebshtia p\u00ebr 24 or\u00eb. Lag\u00ebshtia mund t\u00eb zbardh\u00eb sip\u00ebrfaqen ose\/dhe ta b\u00ebj\u00eb t\u00eb ngjis\u00eb. Shtresat q\u00eb kan\u00eb humbur ngjyr\u00ebn ose q\u00eb ngjisin n\u00eb sip\u00ebrfaqe duhet t\u00eb hiqen me f\u00ebrkim ose bluajtje dhe t\u00eb rishtrohen.<\/span><\/li>\n<\/ul>\n<\/div>[\/vc_column_inner][vc_column_inner width=&#8221;1\/2&#8243;]<div class=\"standard-arrow bullet-top\"><ul>\n<li><span style=\"color: #000000;\">N\u00eb raste kur koha nd\u00ebrmjet shtresave \u00ebsht\u00eb m\u00eb e gjat\u00eb se sa parashikoheshe ose n\u00eb rast se dyshemet\u00eb e vjetra do\u00a0 shtrohen prap\u00eb, sip\u00ebrfaqja duhet pastruar krejt para aplikimit t\u00eb shtres\u00ebs s\u00eb re.<\/span><\/li>\n<li><span style=\"color: #000000;\">Pas mpiksjes, EPOMAX-CMT \u00ebsht\u00eb krejt e sigurt p\u00ebr sh\u00ebndetin.<\/span><\/li>\n<\/ul>\n<\/div>[\/vc_column_inner][\/vc_row_inner][vc_row_inner css=&#8221;.vc_custom_1683100048912{padding-top: 20px !important;}&#8221;][vc_column_inner width=&#8221;1\/2&#8243;]<div class=\"aio-icon-component    style_1\"><div id=\"Info-box-wrap-8025\" class=\"aio-icon-box default-icon\" style=\"\"  ><div class=\"aio-icon-default\"><div class=\"ult-just-icon-wrapper  \"><div class=\"align-icon\" style=\"text-align:center;\">\n<div class=\"aio-icon-img \" style=\"font-size:65px;display:inline-block;\" >\n\t<img decoding=\"async\" class=\"img-icon\" alt=\"null\" src=\"https:\/\/aedcolor.com\/wp-content\/uploads\/2023\/05\/image-2.png\"\/>\n<\/div><\/div><\/div><\/div><div class=\"aio-icon-header\" ><h3 class=\"aio-icon-title ult-responsive\"  data-ultimate-target='#Info-box-wrap-8025 .aio-icon-title'  data-responsive-json-new='{\"font-size\":\"\",\"line-height\":\"\"}'  style=\"\">Sip\u00ebrfaqe: Beton<\/h3><\/div> <!-- header --><\/div> <!-- aio-icon-box --><\/div> <!-- aio-icon-component -->[\/vc_column_inner][vc_column_inner width=&#8221;1\/2&#8243;]<div class=\"aio-icon-component    style_1\"><div id=\"Info-box-wrap-6003\" class=\"aio-icon-box default-icon\" style=\"\"  ><div class=\"aio-icon-default\"><div class=\"ult-just-icon-wrapper  \"><div class=\"align-icon\" style=\"text-align:center;\">\n<div class=\"aio-icon-img \" style=\"font-size:65px;display:inline-block;\" >\n\t<img decoding=\"async\" class=\"img-icon\" alt=\"null\" src=\"https:\/\/aedcolor.com\/wp-content\/uploads\/2023\/05\/image-1.png\"\/>\n<\/div><\/div><\/div><\/div><div class=\"aio-icon-header\" ><h3 class=\"aio-icon-title ult-responsive\"  data-ultimate-target='#Info-box-wrap-6003 .aio-icon-title'  data-responsive-json-new='{\"font-size\":\"\",\"line-height\":\"\"}'  style=\"\">Aplikimi: Mistri<\/h3><\/div> <!-- header --><\/div> <!-- aio-icon-box --><\/div> <!-- aio-icon-component -->[\/vc_column_inner][\/vc_row_inner][\/vc_column][\/vc_row]<\/p>\n<\/div>","protected":false},"excerpt":{"rendered":"<p>[vc_row css=&#8221;.vc_custom_1683099634441{padding-bottom: 30px !important;}&#8221;][vc_column width=&#8221;2\/3&#8243;][vc_custom_heading text=&#8221;EPOMAX-CMT&#8221; font_container=&#8221;tag:h2|font_size:50|text_align:left&#8221; use_theme_fonts=&#8221;yes&#8221; link=&#8221;|title:AQUAMAT%20-%20SUPERELASTIC||&#8221;][\/vc_column][\/vc_row][vc_row][vc_column width=&#8221;1\/2&#8243;][vc_single_image image=&#8221;8779&#8243; img_size=&#8221;full&#8221;][\/vc_column][vc_column width=&#8221;1\/2&#8243;][vc_column_text]EPOMAX-CMT \u00ebsht\u00eb nj\u00eb llac thiksotropik p\u00ebr mure dhe dysheme, me baz\u00eb cimentoje dhe rr\u00ebshire epokside me baz\u00eb uji. Ofron avantazhet e m\u00ebposhtme: Zbatim m\u00eb t\u00eb thjesht\u00eb dhe m\u00eb ekonomik Rezistenca mekanike t\u00eb larta fillestare dhe p\u00ebrfundimtare Ngjitje t\u00eb shk\u00eblqyera me n\u00ebnshtres\u00ebn Dep\u00ebrtueshm\u00ebri t\u00eb&hellip;<\/p>\n","protected":false},"author":2,"featured_media":0,"parent":0,"menu_order":0,"comment_status":"closed","ping_status":"closed","template":"","meta":{"footnotes":""},"class_list":["post-8781","page","type-page","status-publish","hentry","description-off"],"_links":{"self":[{"href":"https:\/\/aedcolor.com\/index.php\/wp-json\/wp\/v2\/pages\/8781","targetHints":{"allow":["GET"]}}],"collection":[{"href":"https:\/\/aedcolor.com\/index.php\/wp-json\/wp\/v2\/pages"}],"about":[{"href":"https:\/\/aedcolor.com\/index.php\/wp-json\/wp\/v2\/types\/page"}],"author":[{"embeddable":true,"href":"https:\/\/aedcolor.com\/index.php\/wp-json\/wp\/v2\/users\/2"}],"replies":[{"embeddable":true,"href":"https:\/\/aedcolor.com\/index.php\/wp-json\/wp\/v2\/comments?post=8781"}],"version-history":[{"count":1,"href":"https:\/\/aedcolor.com\/index.php\/wp-json\/wp\/v2\/pages\/8781\/revisions"}],"predecessor-version":[{"id":8783,"href":"https:\/\/aedcolor.com\/index.php\/wp-json\/wp\/v2\/pages\/8781\/revisions\/8783"}],"wp:attachment":[{"href":"https:\/\/aedcolor.com\/index.php\/wp-json\/wp\/v2\/media?parent=8781"}],"curies":[{"name":"wp","href":"https:\/\/api.w.org\/{rel}","templated":true}]}}