{"id":8796,"date":"2023-09-08T08:56:14","date_gmt":"2023-09-08T08:56:14","guid":{"rendered":"https:\/\/aedcolor.com\/?page_id=8796"},"modified":"2023-09-08T08:56:14","modified_gmt":"2023-09-08T08:56:14","slug":"durebond","status":"publish","type":"page","link":"https:\/\/aedcolor.com\/index.php\/durebond\/","title":{"rendered":"DUREBOND"},"content":{"rendered":"<div class=\"wpb-content-wrapper\"><p>[vc_row css=&#8221;.vc_custom_1683099634441{padding-bottom: 30px !important;}&#8221;][vc_column width=&#8221;2\/3&#8243;][vc_custom_heading text=&#8221;DUREBOND&#8221; font_container=&#8221;tag:h2|font_size:50|text_align:left&#8221; use_theme_fonts=&#8221;yes&#8221; link=&#8221;|title:AQUAMAT%20-%20SUPERELASTIC||&#8221;][\/vc_column][\/vc_row][vc_row][vc_column width=&#8221;1\/2&#8243;][vc_single_image image=&#8221;8794&#8243; img_size=&#8221;full&#8221;][\/vc_column][vc_column width=&#8221;1\/2&#8243;][vc_column_text]<span style=\"color: #000000;\"><strong>DUREBOND \u00ebsht\u00eb nj\u00eb sistem epoksid me 2 p\u00ebrb\u00ebr\u00ebs pa tret\u00ebs, i cili ofron ngjitje t\u00eb shk\u00eblqyer n\u00eb beton dhe hekur, si dhe rezistenc\u00eb t\u00eb lart\u00eb n\u00eb shtypje dhe n\u00eb p\u00ebrkulje, edhe kur aplikohet mbi n\u00ebnshtresa t\u00eb lag\u00ebshta.<\/strong> \u00cbsht\u00eb n\u00eb p\u00ebrputhje me k\u00ebrkesat e ASTM C 881-90, Tipi II, Klasa 2, Klasa B+c. Klasifikohet si nj\u00eb agjent lidh\u00ebs strukturor p\u00ebr llacin ose betonin dhe si produkt p\u00ebr injektimin e betonit, sipas standarteve EN 1504-4 dhe EN 1504-5. Certifikuar Nr. 2032-CPR-10.11. DUREBOND p\u00ebrdoret si ur\u00eb ngjit\u00ebse p\u00ebr ngjitjen e llacit ose t\u00eb betonit t\u00eb njom\u00eb me sip\u00ebrfaqe t\u00eb vjetra betoni ose llaci t\u00eb forcuar. DUREBOND p\u00ebrdoret gjithashtu p\u00ebr riparimin e plasaritjeve t\u00eb betonit m\u00eb t\u00eb m\u00ebdha se 3 mm n\u00ebp\u00ebrmjet injektimit, me q\u00ebllim q\u00eb t\u00eb lidh\u00eb dhe t\u00eb mermetoj\u00eb struktur\u00ebn fillestare monolite. DUREBOND \u00ebsht\u00eb nj\u00eb ndihm\u00eb ideale p\u00ebr instalimin dhe ankorimin e shufrave p\u00ebrforcuese n\u00eb elementet ekzistuese t\u00eb betonit.<\/span><\/p>\n<p><strong><span style=\"color: #000000;\">N\u00ebnshtresa<\/span><\/strong><\/p>\n<p><em><strong><span style=\"color: #000000;\">Sip\u00ebrfaqja e aplikuar duhet t\u00eb jet\u00eb:<\/span><\/strong><\/em><\/p>\n<ul>\n<li><span style=\"color: #000000;\">E that\u00eb dhe e q\u00ebndrueshme<\/span><\/li>\n<li><span style=\"color: #000000;\">Pa materiale q\u00eb pengojn\u00eb ngjitjen, si p.sh. pluhuri, grasoja, grimcat e lira etj., dhe t\u00eb mos ket\u00eb uj\u00eb t\u00eb grumbulluar.<\/span><\/li>\n<\/ul>\n<p><strong><span style=\"color: #000000;\">P\u00ebrzierja e 2 p\u00ebrb\u00ebr\u00ebsve<\/span><\/strong><\/p>\n<p><span style=\"color: #000000;\">P\u00ebrb\u00ebr\u00ebsit A (rr\u00ebshira) dhe B (forcuesi) jan\u00eb t\u00eb paketuar n\u00eb dy en\u00eb t\u00eb ndara, t\u00eb cilat kan\u00eb raportin e paracaktuar t\u00eb p\u00ebrzierjes sipas pesh\u00ebs. E gjith\u00eb sasia e p\u00ebrb\u00ebr\u00ebsit hidhet n\u00eb p\u00ebrb\u00ebr\u00ebsin A. P\u00ebrzierja duhet t\u00eb kryhet p\u00ebr rreth 5 minuta, duke p\u00ebrdorur nj\u00eb veg\u00ebl dore t\u00eb p\u00ebrshtatshme (p.sh. mistri e vog\u00ebl) ose duke p\u00ebrdorur nj\u00eb mikser me xhiro t\u00eb ul\u00ebta (300 rrot\/min). \u00cbsht\u00eb e r\u00ebnd\u00ebsishme\u00a0 q\u00eb p\u00ebrzierja t\u00eb trazohet plot\u00ebsisht pran\u00eb an\u00ebve dhe fundit t\u00eb en\u00ebs n\u00eb m\u00ebnyr\u00eb q\u00eb t\u00eb arrihet p\u00ebrhapja uniforme e forcuesit. N\u00ebse nevojitet m\u00eb pak se nj\u00eb kuti, 5 pjes\u00eb sipas pesh\u00ebs s\u00eb p\u00ebrb\u00ebr\u00ebsit A dhe 1 pjes\u00eb sipas pesh\u00ebs s\u00eb p\u00ebrb\u00ebr\u00ebsitB, duhet t\u00eb hidhen n\u00eb nj\u00eb en\u00eb t\u00eb past\u00ebr dhe t\u00eb p\u00ebrzihen si m\u00eb lart\u00eb.<\/span>[\/vc_column_text][vc_row_inner][vc_column_inner width=&#8221;1\/2&#8243;]<div class=\"standard-arrow bullet-top\"><ul>\n<li><span style=\"color: #000000;\">Punueshm\u00ebria e materialeve epokside ndikohet nga temperatura e tyre. Temperatura ideale e p\u00ebrdorimit \u00ebsht\u00eb midis +15 oC dhe +25 oC n\u00eb m\u00ebnyr\u00eb q\u00eb produkti t\u00eb jet\u00eb i leht\u00eb p\u00ebr tu p\u00ebrdorur dhe p\u00ebr tu thar\u00eb, ashtu sic shpjegohet m\u00eb lart\u00eb. Temperatura e ambientit n\u00ebn +15 oC do t\u00eb\u00a0 rris\u00eb koh\u00ebn e tharjes dhe temperatura mbi +30 oC do t\u00eb p\u00ebrshpejtoj\u00eb koh\u00ebn e tharjes. Gjat\u00eb dimrit rekomandohet nj\u00eb ngrohje paraprake e produktit, kurse n\u00eb ver\u00eb rekomandohet ruajtja e materialit n\u00eb nj\u00eb vend t\u00eb fresk\u00ebt p\u00ebrpara p\u00ebrdorimit.<\/span><\/li>\n<\/ul>\n<\/div>[\/vc_column_inner][vc_column_inner width=&#8221;1\/2&#8243;]<div class=\"standard-arrow bullet-top\"><ul>\n<li><span style=\"color: #000000;\">Pas ngurt\u00ebsimit, DUREBOND \u00ebsht\u00eb totalisht e sigurt p\u00ebr sh\u00ebndetin.<\/span><\/li>\n<\/ul>\n<\/div>[\/vc_column_inner][\/vc_row_inner][vc_row_inner css=&#8221;.vc_custom_1683100048912{padding-top: 20px !important;}&#8221;][vc_column_inner width=&#8221;1\/2&#8243;]<div class=\"aio-icon-component    style_1\"><div id=\"Info-box-wrap-2125\" class=\"aio-icon-box default-icon\" style=\"\"  ><div class=\"aio-icon-default\"><div class=\"ult-just-icon-wrapper  \"><div class=\"align-icon\" style=\"text-align:center;\">\n<div class=\"aio-icon-img \" style=\"font-size:65px;display:inline-block;\" >\n\t<img decoding=\"async\" class=\"img-icon\" alt=\"null\" src=\"https:\/\/aedcolor.com\/wp-content\/uploads\/2023\/05\/image-2.png\"\/>\n<\/div><\/div><\/div><\/div><div class=\"aio-icon-header\" ><h3 class=\"aio-icon-title ult-responsive\"  data-ultimate-target='#Info-box-wrap-2125 .aio-icon-title'  data-responsive-json-new='{\"font-size\":\"\",\"line-height\":\"\"}'  style=\"\">Sip\u00ebrfaqe: Beton<\/h3><\/div> <!-- header --><\/div> <!-- aio-icon-box --><\/div> <!-- aio-icon-component -->[\/vc_column_inner][vc_column_inner width=&#8221;1\/2&#8243;]<div class=\"aio-icon-component    style_1\"><div id=\"Info-box-wrap-4633\" class=\"aio-icon-box default-icon\" style=\"\"  ><div class=\"aio-icon-default\"><div class=\"ult-just-icon-wrapper  \"><div class=\"align-icon\" style=\"text-align:center;\">\n<div class=\"aio-icon-img \" style=\"font-size:65px;display:inline-block;\" >\n\t<img decoding=\"async\" class=\"img-icon\" alt=\"null\" src=\"https:\/\/aedcolor.com\/wp-content\/uploads\/2023\/05\/image-1.png\"\/>\n<\/div><\/div><\/div><\/div><div class=\"aio-icon-header\" ><h3 class=\"aio-icon-title ult-responsive\"  data-ultimate-target='#Info-box-wrap-4633 .aio-icon-title'  data-responsive-json-new='{\"font-size\":\"\",\"line-height\":\"\"}'  style=\"\">Aplikimi: Mistri<\/h3><\/div> <!-- header --><\/div> <!-- aio-icon-box --><\/div> <!-- aio-icon-component -->[\/vc_column_inner][\/vc_row_inner][\/vc_column][\/vc_row]<\/p>\n<\/div>","protected":false},"excerpt":{"rendered":"<p>[vc_row css=&#8221;.vc_custom_1683099634441{padding-bottom: 30px !important;}&#8221;][vc_column width=&#8221;2\/3&#8243;][vc_custom_heading text=&#8221;DUREBOND&#8221; font_container=&#8221;tag:h2|font_size:50|text_align:left&#8221; use_theme_fonts=&#8221;yes&#8221; link=&#8221;|title:AQUAMAT%20-%20SUPERELASTIC||&#8221;][\/vc_column][\/vc_row][vc_row][vc_column width=&#8221;1\/2&#8243;][vc_single_image image=&#8221;8794&#8243; img_size=&#8221;full&#8221;][\/vc_column][vc_column width=&#8221;1\/2&#8243;][vc_column_text]DUREBOND \u00ebsht\u00eb nj\u00eb sistem epoksid me 2 p\u00ebrb\u00ebr\u00ebs pa tret\u00ebs, i cili ofron ngjitje t\u00eb shk\u00eblqyer n\u00eb beton dhe hekur, si dhe rezistenc\u00eb t\u00eb lart\u00eb n\u00eb shtypje dhe n\u00eb p\u00ebrkulje, edhe kur aplikohet mbi n\u00ebnshtresa t\u00eb lag\u00ebshta. \u00cbsht\u00eb n\u00eb p\u00ebrputhje me k\u00ebrkesat e&hellip;<\/p>\n","protected":false},"author":2,"featured_media":0,"parent":0,"menu_order":0,"comment_status":"closed","ping_status":"closed","template":"","meta":{"footnotes":""},"class_list":["post-8796","page","type-page","status-publish","hentry","description-off"],"_links":{"self":[{"href":"https:\/\/aedcolor.com\/index.php\/wp-json\/wp\/v2\/pages\/8796","targetHints":{"allow":["GET"]}}],"collection":[{"href":"https:\/\/aedcolor.com\/index.php\/wp-json\/wp\/v2\/pages"}],"about":[{"href":"https:\/\/aedcolor.com\/index.php\/wp-json\/wp\/v2\/types\/page"}],"author":[{"embeddable":true,"href":"https:\/\/aedcolor.com\/index.php\/wp-json\/wp\/v2\/users\/2"}],"replies":[{"embeddable":true,"href":"https:\/\/aedcolor.com\/index.php\/wp-json\/wp\/v2\/comments?post=8796"}],"version-history":[{"count":1,"href":"https:\/\/aedcolor.com\/index.php\/wp-json\/wp\/v2\/pages\/8796\/revisions"}],"predecessor-version":[{"id":8798,"href":"https:\/\/aedcolor.com\/index.php\/wp-json\/wp\/v2\/pages\/8796\/revisions\/8798"}],"wp:attachment":[{"href":"https:\/\/aedcolor.com\/index.php\/wp-json\/wp\/v2\/media?parent=8796"}],"curies":[{"name":"wp","href":"https:\/\/api.w.org\/{rel}","templated":true}]}}