{"id":8820,"date":"2023-09-09T06:38:35","date_gmt":"2023-09-09T06:38:35","guid":{"rendered":"https:\/\/aedcolor.com\/?page_id=8820"},"modified":"2023-09-09T07:04:27","modified_gmt":"2023-09-09T07:04:27","slug":"unicret-fast-2","status":"publish","type":"page","link":"https:\/\/aedcolor.com\/index.php\/unicret-fast-2\/","title":{"rendered":"UNICRET-FAST"},"content":{"rendered":"<div class=\"wpb-content-wrapper\"><p>[vc_row css=&#8221;.vc_custom_1683099634441{padding-bottom: 30px !important;}&#8221;][vc_column width=&#8221;2\/3&#8243;][vc_custom_heading text=&#8221;UNICRET-FAST&#8221; font_container=&#8221;tag:h2|font_size:50|text_align:left&#8221; use_theme_fonts=&#8221;yes&#8221; link=&#8221;|title:AQUAMAT%20-%20SUPERELASTIC||&#8221;][\/vc_column][\/vc_row][vc_row][vc_column width=&#8221;1\/2&#8243;][vc_single_image image=&#8221;8825&#8243; img_size=&#8221;full&#8221;][\/vc_column][vc_column width=&#8221;1\/2&#8243;][vc_column_text]<strong><span style=\"color: #000000;\">UNICRET-FAST \u00ebsht\u00eb nj\u00eb llac i bardh\u00eb me mpiksje t\u00eb shpejt\u00eb, i cili ofron:<\/span><\/strong><\/p>\n<ul>\n<li><span style=\"color: #000000;\">Cil\u00ebsi t\u00eb q\u00ebndrueshme<\/span><\/li>\n<li><span style=\"color: #000000;\">P\u00ebrdorim t\u00eb thjesht\u00eb (nevojitet vet\u00ebm uj\u00eb)<\/span><\/li>\n<li><span style=\"color: #000000;\">Pun\u00eb t\u00eb shpejt\u00eb<\/span><\/li>\n<li><span style=\"color: #000000;\">Punueshm\u00ebri shum\u00eb t\u00eb mir\u00eb<\/span><\/li>\n<li><span style=\"color: #000000;\">Ngjitje shum\u00eb t\u00eb mir\u00eb me n\u00ebnshtres\u00ebn.<\/span><\/li>\n<\/ul>\n<p><span style=\"color: #000000;\">Ai klasifikohet si llac i llojit GP CS II W0, sipas standardit EN 998-1.\u00cbsht\u00eb i certifikuar me shenj\u00ebn CE si llac GP CS II W0, sipas EN 998-1 dhe EN 998-2, si llac murature i projektuar p\u00ebr q\u00ebllime t\u00eb p\u00ebrgjithshme, p\u00ebr p\u00ebrdorim t\u00eb jasht\u00ebm, n\u00eb element\u00eb t\u00eb cil\u00ebt i n\u00ebnshtrohen k\u00ebrkesave strukturore. Numri i certifikat\u00ebs: 0906-CPR-02412008. UNICRET-FAST \u00ebsht\u00eb i p\u00ebrshtatsh\u00ebm p\u00ebr mermetimet e shpejta t\u00eb suvas\u00eb.<\/span><\/p>\n<p><strong><span style=\"color: #000000;\">N\u00ebnshtresa<\/span><\/strong><\/p>\n<p><span style=\"color: #000000;\">Sip\u00ebrfaqja duhet t\u00eb jet\u00eb e past\u00ebr, pa pluhur, pa vaj, materiale t\u00eb lira etj., dhe duhet lagur plot\u00ebsisht p\u00ebrpara p\u00ebrdorimit t\u00eb UNICRET-FAST. Mbi sip\u00ebrfaqe t\u00eb v\u00ebshtira ose shum\u00eb t\u00eb l\u00ebmuara, mund\u00a0 t\u00eb paraprij\u00eb nj\u00eb shtres\u00eb me spruco ngjit\u00ebse (me derdhje t\u00eb trash\u00eb), e cila p\u00ebrb\u00ebhet nga UNICRET-FAST i p\u00ebrmir\u00ebsuar me lateksin ADIPLAST q\u00eb hollohet n\u00eb ujin e p\u00ebrzierjes n\u00eb raportin ADIPLAST q\u00eb hollohet n\u00eb ujin e p\u00ebrzierjes n\u00eb raportin ADIPLAST: uj\u00eb = 1:3 sipas volumit.<\/span><\/p>\n<p><strong><span style=\"color: #000000;\">P\u00ebrdorimi<\/span><\/strong><\/p>\n<p><span style=\"color: #000000;\">UNICRET-FAST hidhet n\u00eb uj\u00eb duke u trazuar vazhdimisht, derisa t\u00eb krijohet nj\u00eb p\u00ebrzierje n\u00eb form\u00ebn e k\u00ebrkuar t\u00eb punueshm\u00ebris\u00eb. Ai aplikohet si llaci i zakonsh\u00ebm p\u00ebr suvatim ose p\u00ebr muratur\u00eb dhe trajtohet me nj\u00eb p\u00ebrdaf me sip\u00ebrfaqe me sfungjer rreth 45 minuta pas aplikimit.<\/span>[\/vc_column_text][vc_row_inner][vc_column_inner width=&#8221;1\/2&#8243;]<div class=\"standard-arrow bullet-top\"><ul>\n<li><span style=\"color: #000000;\"><span style=\"color: #000000;\">Temperatura gjat\u00eb aplikimit duhet t\u00eb jet\u00eb t\u00eb pakt\u00ebn +5 oC<\/span><\/span><\/li>\n<li><span style=\"color: #000000;\">Shtimi i lateksit polimer ADIPLAST n\u00eb p\u00ebrzierjen e UNICRET-FAST rezulton n\u00eb nj\u00eb vones\u00eb t\u00eb vog\u00ebl t\u00eb mpiksjes s\u00eb tij.<\/span><\/li>\n<\/ul>\n<\/div>[\/vc_column_inner][vc_column_inner width=&#8221;1\/2&#8243;]<div class=\"standard-arrow bullet-top\"><ul>\n<li><span style=\"color: #000000;\">N\u00eb mot t\u00eb nxeht\u00eb UNICRET-FAST duhet t\u00eb laget me uj\u00eb pas aplikimit, p\u00ebr ta mbrojtur nga humbja e ujit.<\/span><\/li>\n<li><span style=\"color: #000000;\">UNICRET-FAST p\u00ebrmban cimento dhe reagon si alkalin me ujin, k\u00ebshtu q\u00eb klasifikohet si irritues.<\/span><\/li>\n<\/ul>\n<\/div>[\/vc_column_inner][\/vc_row_inner][vc_row_inner css=&#8221;.vc_custom_1683100048912{padding-top: 20px !important;}&#8221;][vc_column_inner width=&#8221;1\/2&#8243;]<div class=\"aio-icon-component    style_1\"><div id=\"Info-box-wrap-9427\" class=\"aio-icon-box default-icon\" style=\"\"  ><div class=\"aio-icon-default\"><div class=\"ult-just-icon-wrapper  \"><div class=\"align-icon\" style=\"text-align:center;\">\n<div class=\"aio-icon-img \" style=\"font-size:65px;display:inline-block;\" >\n\t<img decoding=\"async\" class=\"img-icon\" alt=\"null\" src=\"https:\/\/aedcolor.com\/wp-content\/uploads\/2023\/05\/image-2.png\"\/>\n<\/div><\/div><\/div><\/div><div class=\"aio-icon-header\" ><h3 class=\"aio-icon-title ult-responsive\"  data-ultimate-target='#Info-box-wrap-9427 .aio-icon-title'  data-responsive-json-new='{\"font-size\":\"\",\"line-height\":\"\"}'  style=\"\">Sip\u00ebrfaqe: Beton<\/h3><\/div> <!-- header --><\/div> <!-- aio-icon-box --><\/div> <!-- aio-icon-component -->[\/vc_column_inner][vc_column_inner width=&#8221;1\/2&#8243;]<div class=\"aio-icon-component    style_1\"><div id=\"Info-box-wrap-4482\" class=\"aio-icon-box default-icon\" style=\"\"  ><div class=\"aio-icon-default\"><div class=\"ult-just-icon-wrapper  \"><div class=\"align-icon\" style=\"text-align:center;\">\n<div class=\"aio-icon-img \" style=\"font-size:65px;display:inline-block;\" >\n\t<img decoding=\"async\" class=\"img-icon\" alt=\"null\" src=\"https:\/\/aedcolor.com\/wp-content\/uploads\/2023\/05\/image-1.png\"\/>\n<\/div><\/div><\/div><\/div><div class=\"aio-icon-header\" ><h3 class=\"aio-icon-title ult-responsive\"  data-ultimate-target='#Info-box-wrap-4482 .aio-icon-title'  data-responsive-json-new='{\"font-size\":\"\",\"line-height\":\"\"}'  style=\"\">Aplikimi: Mistri<\/h3><\/div> <!-- header --><\/div> <!-- aio-icon-box --><\/div> <!-- aio-icon-component -->[\/vc_column_inner][\/vc_row_inner][\/vc_column][\/vc_row]<\/p>\n<\/div>","protected":false},"excerpt":{"rendered":"<p>[vc_row css=&#8221;.vc_custom_1683099634441{padding-bottom: 30px !important;}&#8221;][vc_column width=&#8221;2\/3&#8243;][vc_custom_heading text=&#8221;UNICRET-FAST&#8221; font_container=&#8221;tag:h2|font_size:50|text_align:left&#8221; use_theme_fonts=&#8221;yes&#8221; link=&#8221;|title:AQUAMAT%20-%20SUPERELASTIC||&#8221;][\/vc_column][\/vc_row][vc_row][vc_column width=&#8221;1\/2&#8243;][vc_single_image image=&#8221;8825&#8243; img_size=&#8221;full&#8221;][\/vc_column][vc_column width=&#8221;1\/2&#8243;][vc_column_text]UNICRET-FAST \u00ebsht\u00eb nj\u00eb llac i bardh\u00eb me mpiksje t\u00eb shpejt\u00eb, i cili ofron: Cil\u00ebsi t\u00eb q\u00ebndrueshme P\u00ebrdorim t\u00eb thjesht\u00eb (nevojitet vet\u00ebm uj\u00eb) Pun\u00eb t\u00eb shpejt\u00eb Punueshm\u00ebri shum\u00eb t\u00eb mir\u00eb Ngjitje shum\u00eb t\u00eb mir\u00eb me n\u00ebnshtres\u00ebn. Ai klasifikohet si llac i llojit GP CS&hellip;<\/p>\n","protected":false},"author":2,"featured_media":0,"parent":0,"menu_order":0,"comment_status":"closed","ping_status":"closed","template":"","meta":{"footnotes":""},"class_list":["post-8820","page","type-page","status-publish","hentry","description-off"],"_links":{"self":[{"href":"https:\/\/aedcolor.com\/index.php\/wp-json\/wp\/v2\/pages\/8820","targetHints":{"allow":["GET"]}}],"collection":[{"href":"https:\/\/aedcolor.com\/index.php\/wp-json\/wp\/v2\/pages"}],"about":[{"href":"https:\/\/aedcolor.com\/index.php\/wp-json\/wp\/v2\/types\/page"}],"author":[{"embeddable":true,"href":"https:\/\/aedcolor.com\/index.php\/wp-json\/wp\/v2\/users\/2"}],"replies":[{"embeddable":true,"href":"https:\/\/aedcolor.com\/index.php\/wp-json\/wp\/v2\/comments?post=8820"}],"version-history":[{"count":3,"href":"https:\/\/aedcolor.com\/index.php\/wp-json\/wp\/v2\/pages\/8820\/revisions"}],"predecessor-version":[{"id":8828,"href":"https:\/\/aedcolor.com\/index.php\/wp-json\/wp\/v2\/pages\/8820\/revisions\/8828"}],"wp:attachment":[{"href":"https:\/\/aedcolor.com\/index.php\/wp-json\/wp\/v2\/media?parent=8820"}],"curies":[{"name":"wp","href":"https:\/\/api.w.org\/{rel}","templated":true}]}}