{"id":8831,"date":"2023-09-09T07:20:20","date_gmt":"2023-09-09T07:20:20","guid":{"rendered":"https:\/\/aedcolor.com\/?page_id=8831"},"modified":"2023-10-05T09:41:34","modified_gmt":"2023-10-05T09:41:34","slug":"domolit","status":"publish","type":"page","link":"https:\/\/aedcolor.com\/index.php\/domolit\/","title":{"rendered":"DOMOLIT"},"content":{"rendered":"<div class=\"wpb-content-wrapper\"><p>[vc_row css=&#8221;.vc_custom_1683099634441{padding-bottom: 30px !important;}&#8221;][vc_column width=&#8221;2\/3&#8243;][vc_custom_heading text=&#8221;DOMOLIT&#8221; font_container=&#8221;tag:h2|font_size:50|text_align:left&#8221; use_theme_fonts=&#8221;yes&#8221; link=&#8221;|title:AQUAMAT%20-%20SUPERELASTIC||&#8221;][\/vc_column][\/vc_row][vc_row][vc_column width=&#8221;1\/2&#8243;][vc_single_image image=&#8221;8829&#8243; img_size=&#8221;full&#8221;][\/vc_column][vc_column width=&#8221;1\/2&#8243;][vc_column_text]<strong><span style=\"color: #000000;\">DOMOLIT \u00ebsht\u00eb nj\u00eb p\u00ebrzierje e l\u00ebngshme q\u00eb p\u00ebrdoret p\u00ebr t\u00eb z\u00ebvend\u00ebsuar cimenton n\u00eb llacin cimento-g\u00eblqere, duke u ofruar t\u00eb gjitha llojeve t\u00eb llacit me cimento gjith\u00eb avantazhet dhe duke eleminuar t\u00eb gjitha disavantazhet dhe duke eliminuar t\u00eb gjitha disavantazhet e g\u00eblqeres:<\/span><\/strong><\/p>\n<ul>\n<li><span style=\"color: #000000;\">Rrit aft\u00ebsin\u00eb ngjit\u00ebse t\u00eb p\u00ebrzierjes s\u00eb fresk\u00ebt me n\u00ebnshtres\u00ebn.<\/span><\/li>\n<li><span style=\"color: #000000;\">Ofron koh\u00eb t\u00eb gjat\u00eb punimi p\u00ebrpara mpiksjes.<\/span><\/li>\n<li><span style=\"color: #000000;\">P\u00ebrmir\u00ebson plasticitetin me an\u00eb t\u00eb veprimit t\u00eb flluskave t\u00eb ajrit.<\/span><\/li>\n<li><span style=\"color: #000000;\">Rrit kohezionin e llacit, eliminon boshll\u00ebqet e ajrit, suvaja nuk &#8220;varet&#8221;.<\/span><\/li>\n<li><span style=\"color: #000000;\">Rrit rezistenc\u00ebn e muratur\u00ebs.<\/span><\/li>\n<li><span style=\"color: #000000;\">Ul ndjesh\u00ebm koston e llacit.<\/span><\/li>\n<li><span style=\"color: #000000;\">Eliminon problemet e magazinimit t\u00eb g\u00eblqeres.<\/span><\/li>\n<li><span style=\"color: #000000;\">Nuk p\u00ebrmban klorure ose p\u00ebrb\u00ebr\u00ebs t\u00eb tjer\u00eb g\u00ebrryes.<\/span><\/li>\n<\/ul>\n<p><span style=\"color: #000000;\">Certifikuar me sh\u00ebnimin CE si p\u00ebrzierje ajri\/ plastifikuese p\u00ebr llac murature, n\u00eb baz\u00eb t\u00eb EN 934-3: T2. DOMOLIT \u00ebsht\u00eb nj\u00eb ndihm\u00eb ideale p\u00ebr p\u00ebrgatitjen e llacit p\u00ebr nd\u00ebrtim muresh, shtrim, suvatim ose t\u00eb mermerit, si dhe p\u00ebr shtresa t\u00eb forta n\u00eb p\u00ebrgjith\u00ebsi. DOMOLIT shtrohet n\u00eb ujin e p\u00ebrzierjes s\u00eb llacit. P\u00ebr shkak t\u00eb efektit t\u00eb saj planifikues, nevojitet m\u00eb pak uj\u00eb p\u00ebr p\u00ebrzierjen.<\/span>[\/vc_column_text][vc_row_inner][vc_column_inner width=&#8221;1\/2&#8243;]<div class=\"standard-arrow bullet-top\"><ul>\n<li><span style=\"color: #000000;\">DOMOLIT ofron punueshm\u00ebri m\u00eb t\u00eb mir\u00eb kur p\u00ebrzihet me r\u00ebr\u00eb me kokrriza t\u00eb im\u00ebta.<\/span><\/li>\n<\/ul>\n<\/div>[\/vc_column_inner][vc_column_inner width=&#8221;1\/2&#8243;]<div class=\"standard-arrow bullet-top\"><ul>\n<li><span style=\"color: #000000;\">Nj\u00eb doz\u00eb me e madhe ( m\u00eb shum\u00eb se 0,4% sipas pesh\u00ebs s\u00eb cimentos) do t\u00eb zvog\u00ebloj\u00eb fort\u00ebsin\u00eb e llacit.<\/span><\/li>\n<\/ul>\n<\/div>[\/vc_column_inner][\/vc_row_inner][vc_row_inner css=&#8221;.vc_custom_1683100048912{padding-top: 20px !important;}&#8221;][vc_column_inner width=&#8221;1\/2&#8243;]<div class=\"aio-icon-component    style_1\"><div id=\"Info-box-wrap-2205\" class=\"aio-icon-box default-icon\" style=\"\"  ><div class=\"aio-icon-default\"><div class=\"ult-just-icon-wrapper  \"><div class=\"align-icon\" style=\"text-align:center;\">\n<div class=\"aio-icon-img \" style=\"font-size:65px;display:inline-block;\" >\n\t<img decoding=\"async\" class=\"img-icon\" alt=\"null\" src=\"https:\/\/aedcolor.com\/wp-content\/uploads\/2023\/05\/image-2.png\"\/>\n<\/div><\/div><\/div><\/div><div class=\"aio-icon-header\" ><h3 class=\"aio-icon-title ult-responsive\"  data-ultimate-target='#Info-box-wrap-2205 .aio-icon-title'  data-responsive-json-new='{\"font-size\":\"\",\"line-height\":\"\"}'  style=\"\">Sip\u00ebrfaqe: Beton<\/h3><\/div> <!-- header --><\/div> <!-- aio-icon-box --><\/div> <!-- aio-icon-component -->[\/vc_column_inner][vc_column_inner width=&#8221;1\/2&#8243;]<div class=\"aio-icon-component    style_1\"><div id=\"Info-box-wrap-6830\" class=\"aio-icon-box default-icon\" style=\"\"  ><div class=\"aio-icon-default\"><div class=\"ult-just-icon-wrapper  \"><div class=\"align-icon\" style=\"text-align:center;\">\n<div class=\"aio-icon-img \" style=\"font-size:65px;display:inline-block;\" >\n\t<img decoding=\"async\" class=\"img-icon\" alt=\"null\" src=\"https:\/\/aedcolor.com\/wp-content\/uploads\/2023\/05\/image-1.png\"\/>\n<\/div><\/div><\/div><\/div><div class=\"aio-icon-header\" ><h3 class=\"aio-icon-title ult-responsive\"  data-ultimate-target='#Info-box-wrap-6830 .aio-icon-title'  data-responsive-json-new='{\"font-size\":\"\",\"line-height\":\"\"}'  style=\"\">Aplikimi: Mistri<\/h3><\/div> <!-- header --><\/div> <!-- aio-icon-box --><\/div> <!-- aio-icon-component -->[\/vc_column_inner][\/vc_row_inner][\/vc_column][\/vc_row]<\/p>\n<\/div>","protected":false},"excerpt":{"rendered":"<p>[vc_row css=&#8221;.vc_custom_1683099634441{padding-bottom: 30px !important;}&#8221;][vc_column width=&#8221;2\/3&#8243;][vc_custom_heading text=&#8221;DOMOLIT&#8221; font_container=&#8221;tag:h2|font_size:50|text_align:left&#8221; use_theme_fonts=&#8221;yes&#8221; link=&#8221;|title:AQUAMAT%20-%20SUPERELASTIC||&#8221;][\/vc_column][\/vc_row][vc_row][vc_column width=&#8221;1\/2&#8243;][vc_single_image image=&#8221;8829&#8243; img_size=&#8221;full&#8221;][\/vc_column][vc_column width=&#8221;1\/2&#8243;][vc_column_text]DOMOLIT \u00ebsht\u00eb nj\u00eb p\u00ebrzierje e l\u00ebngshme q\u00eb p\u00ebrdoret p\u00ebr t\u00eb z\u00ebvend\u00ebsuar cimenton n\u00eb llacin cimento-g\u00eblqere, duke u ofruar t\u00eb gjitha llojeve t\u00eb llacit me cimento gjith\u00eb avantazhet dhe duke eleminuar t\u00eb gjitha disavantazhet dhe duke eliminuar t\u00eb gjitha disavantazhet e g\u00eblqeres: Rrit aft\u00ebsin\u00eb&hellip;<\/p>\n","protected":false},"author":2,"featured_media":0,"parent":0,"menu_order":0,"comment_status":"closed","ping_status":"closed","template":"","meta":{"footnotes":""},"class_list":["post-8831","page","type-page","status-publish","hentry","description-off"],"_links":{"self":[{"href":"https:\/\/aedcolor.com\/index.php\/wp-json\/wp\/v2\/pages\/8831","targetHints":{"allow":["GET"]}}],"collection":[{"href":"https:\/\/aedcolor.com\/index.php\/wp-json\/wp\/v2\/pages"}],"about":[{"href":"https:\/\/aedcolor.com\/index.php\/wp-json\/wp\/v2\/types\/page"}],"author":[{"embeddable":true,"href":"https:\/\/aedcolor.com\/index.php\/wp-json\/wp\/v2\/users\/2"}],"replies":[{"embeddable":true,"href":"https:\/\/aedcolor.com\/index.php\/wp-json\/wp\/v2\/comments?post=8831"}],"version-history":[{"count":4,"href":"https:\/\/aedcolor.com\/index.php\/wp-json\/wp\/v2\/pages\/8831\/revisions"}],"predecessor-version":[{"id":9443,"href":"https:\/\/aedcolor.com\/index.php\/wp-json\/wp\/v2\/pages\/8831\/revisions\/9443"}],"wp:attachment":[{"href":"https:\/\/aedcolor.com\/index.php\/wp-json\/wp\/v2\/media?parent=8831"}],"curies":[{"name":"wp","href":"https:\/\/api.w.org\/{rel}","templated":true}]}}