{"id":8836,"date":"2023-09-09T08:14:09","date_gmt":"2023-09-09T08:14:09","guid":{"rendered":"https:\/\/aedcolor.com\/?page_id=8836"},"modified":"2023-09-09T08:14:09","modified_gmt":"2023-09-09T08:14:09","slug":"stuccocret-2","status":"publish","type":"page","link":"https:\/\/aedcolor.com\/index.php\/stuccocret-2\/","title":{"rendered":"STUCCOCRET"},"content":{"rendered":"<div class=\"wpb-content-wrapper\"><p>[vc_row css=&#8221;.vc_custom_1683099634441{padding-bottom: 30px !important;}&#8221;][vc_column width=&#8221;2\/3&#8243;][vc_custom_heading text=&#8221;STUCCOCRET&#8221; font_container=&#8221;tag:h2|font_size:50|text_align:left&#8221; use_theme_fonts=&#8221;yes&#8221; link=&#8221;|title:AQUAMAT%20-%20SUPERELASTIC||&#8221;][\/vc_column][\/vc_row][vc_row][vc_column width=&#8221;1\/2&#8243;][vc_single_image image=&#8221;8834&#8243; img_size=&#8221;full&#8221;][\/vc_column][vc_column width=&#8221;1\/2&#8243;][vc_column_text]<span style=\"color: #000000;\"><strong>SUTCCOCRET \u00ebsht\u00eb nj\u00eb mbush\u00ebs pluhuroz ultra i im\u00ebt, i bardh\u00eb, me baz\u00eb cimentoje, i p\u00ebrforcuar me polimere (rr\u00ebshira).<\/strong> Pasi i hidhet uj\u00eb, ai formon nj\u00eb past\u00eb pa gunga, me shkall\u00eb t\u00eb lart\u00eb punueshm\u00ebrie dhe q\u00eb p\u00ebrhapet leht\u00ebsisht. Ai siguron nj\u00eb sip\u00ebrfaqe plot\u00ebsisht t\u00eb l\u00ebmuar e cila lustrohet leht\u00eb dhe gati p\u00ebr tu lyer. I certifikuar sipas EN 998-1 dhe i klasifikuar si llac i tipit GP CS II, W0 me sh\u00ebnimin CE. STUCCOCRET p\u00ebrdoret p\u00ebr l\u00ebmimin dhe p\u00ebrgatitjen e sip\u00ebrfaqeve t\u00eb brendshme q\u00eb do t\u00eb lyhen me boj\u00eb ose me veshje t\u00eb tjera. \u00cbsht\u00eb e p\u00ebrshtatshme p\u00ebr sip\u00ebrfaqe t\u00eb brendshme, p\u00ebrfshir\u00eb ato prej suvaje, betoni apo gipsi dhe z\u00ebvend\u00ebson stukot vajore dhe materialet e tjera t\u00eb ngjashme.<\/span><\/p>\n<p><strong><span style=\"color: #000000;\">N\u00ebnshtresa<\/span><\/strong><\/p>\n<p><span style=\"color: #000000;\">Sip\u00ebrfaqja q\u00eb t\u00eb trajtohet duhet t\u00eb jet\u00eb pa pluhur, boj\u00eb, materiale t\u00eb shk\u00ebputura etj. Astarizimi ose p\u00ebrgatitja me vaj nuk jan\u00eb t\u00eb nevojshme p\u00ebrpara aplikimit n\u00eb suva ose beton. Pllakat e gipsit duhet t\u00eb lyhen me astarin akrilik FLEX-PRIMER.<\/span><\/p>\n<p><strong><span style=\"color: #000000;\">P\u00ebrdorimi<\/span><\/strong><\/p>\n<p><span style=\"color: #000000;\">P\u00ebrziejm\u00eb sasin\u00eb e nj\u00eb thesi me STUCCOCRET me uj\u00eb, deri sa t\u00eb krijohet nj\u00eb p\u00ebrzierje homogjene n\u00eb trajt\u00eb paste me punueshm\u00ebrin\u00eb e p\u00ebrshtatshme (p\u00ebr patinim). Materiali shtrohet me spatull n\u00eb dy shtresa (duar). Shtresa e dyt\u00eb vijon pasi \u00ebsht\u00eb thar\u00eb e para (pas 2-3 or\u00ebsh). F\u00ebrkimi dhe lyerja e sip\u00ebrfaqes p\u00ebrfundimtare b\u00ebhet pas rreth 12 or\u00ebsh.<\/span>[\/vc_column_text][vc_row_inner][vc_column_inner width=&#8221;1\/2&#8243;]<div class=\"standard-arrow bullet-top\"><ul>\n<li><span style=\"color: #000000;\">Konsumi: Rreth 1,1 kg\/m2 p\u00ebr shtres\u00eb me trash\u00ebsi 1 mm.<\/span><\/li>\n<\/ul>\n<\/div>[\/vc_column_inner][vc_column_inner width=&#8221;1\/2&#8243;]<div class=\"standard-arrow bullet-top\"><ul>\n<li><span style=\"color: #000000;\">Amballazhimi: Thas\u00eb 4kg, 10kg dhe 20kg<\/span><\/li>\n<\/ul>\n<\/div>[\/vc_column_inner][\/vc_row_inner][vc_row_inner css=&#8221;.vc_custom_1683100048912{padding-top: 20px !important;}&#8221;][vc_column_inner width=&#8221;1\/2&#8243;]<div class=\"aio-icon-component    style_1\"><div id=\"Info-box-wrap-7930\" class=\"aio-icon-box default-icon\" style=\"\"  ><div class=\"aio-icon-default\"><div class=\"ult-just-icon-wrapper  \"><div class=\"align-icon\" style=\"text-align:center;\">\n<div class=\"aio-icon-img \" style=\"font-size:65px;display:inline-block;\" >\n\t<img decoding=\"async\" class=\"img-icon\" alt=\"null\" src=\"https:\/\/aedcolor.com\/wp-content\/uploads\/2023\/05\/image-2.png\"\/>\n<\/div><\/div><\/div><\/div><div class=\"aio-icon-header\" ><h3 class=\"aio-icon-title ult-responsive\"  data-ultimate-target='#Info-box-wrap-7930 .aio-icon-title'  data-responsive-json-new='{\"font-size\":\"\",\"line-height\":\"\"}'  style=\"\">Sip\u00ebrfaqe: Beton<\/h3><\/div> <!-- header --><\/div> <!-- aio-icon-box --><\/div> <!-- aio-icon-component -->[\/vc_column_inner][vc_column_inner width=&#8221;1\/2&#8243;]<div class=\"aio-icon-component    style_1\"><div id=\"Info-box-wrap-2143\" class=\"aio-icon-box default-icon\" style=\"\"  ><div class=\"aio-icon-default\"><div class=\"ult-just-icon-wrapper  \"><div class=\"align-icon\" style=\"text-align:center;\">\n<div class=\"aio-icon-img \" style=\"font-size:65px;display:inline-block;\" >\n\t<img decoding=\"async\" class=\"img-icon\" alt=\"null\" src=\"https:\/\/aedcolor.com\/wp-content\/uploads\/2023\/05\/image-1.png\"\/>\n<\/div><\/div><\/div><\/div><div class=\"aio-icon-header\" ><h3 class=\"aio-icon-title ult-responsive\"  data-ultimate-target='#Info-box-wrap-2143 .aio-icon-title'  data-responsive-json-new='{\"font-size\":\"\",\"line-height\":\"\"}'  style=\"\">Aplikimi: Mistri<\/h3><\/div> <!-- header --><\/div> <!-- aio-icon-box --><\/div> <!-- aio-icon-component -->[\/vc_column_inner][\/vc_row_inner][\/vc_column][\/vc_row]<\/p>\n<\/div>","protected":false},"excerpt":{"rendered":"<p>[vc_row css=&#8221;.vc_custom_1683099634441{padding-bottom: 30px !important;}&#8221;][vc_column width=&#8221;2\/3&#8243;][vc_custom_heading text=&#8221;STUCCOCRET&#8221; font_container=&#8221;tag:h2|font_size:50|text_align:left&#8221; use_theme_fonts=&#8221;yes&#8221; link=&#8221;|title:AQUAMAT%20-%20SUPERELASTIC||&#8221;][\/vc_column][\/vc_row][vc_row][vc_column width=&#8221;1\/2&#8243;][vc_single_image image=&#8221;8834&#8243; img_size=&#8221;full&#8221;][\/vc_column][vc_column width=&#8221;1\/2&#8243;][vc_column_text]SUTCCOCRET \u00ebsht\u00eb nj\u00eb mbush\u00ebs pluhuroz ultra i im\u00ebt, i bardh\u00eb, me baz\u00eb cimentoje, i p\u00ebrforcuar me polimere (rr\u00ebshira). Pasi i hidhet uj\u00eb, ai formon nj\u00eb past\u00eb pa gunga, me shkall\u00eb t\u00eb lart\u00eb punueshm\u00ebrie dhe q\u00eb p\u00ebrhapet leht\u00ebsisht. Ai siguron nj\u00eb sip\u00ebrfaqe plot\u00ebsisht t\u00eb&hellip;<\/p>\n","protected":false},"author":2,"featured_media":0,"parent":0,"menu_order":0,"comment_status":"closed","ping_status":"closed","template":"","meta":{"footnotes":""},"class_list":["post-8836","page","type-page","status-publish","hentry","description-off"],"_links":{"self":[{"href":"https:\/\/aedcolor.com\/index.php\/wp-json\/wp\/v2\/pages\/8836","targetHints":{"allow":["GET"]}}],"collection":[{"href":"https:\/\/aedcolor.com\/index.php\/wp-json\/wp\/v2\/pages"}],"about":[{"href":"https:\/\/aedcolor.com\/index.php\/wp-json\/wp\/v2\/types\/page"}],"author":[{"embeddable":true,"href":"https:\/\/aedcolor.com\/index.php\/wp-json\/wp\/v2\/users\/2"}],"replies":[{"embeddable":true,"href":"https:\/\/aedcolor.com\/index.php\/wp-json\/wp\/v2\/comments?post=8836"}],"version-history":[{"count":1,"href":"https:\/\/aedcolor.com\/index.php\/wp-json\/wp\/v2\/pages\/8836\/revisions"}],"predecessor-version":[{"id":8838,"href":"https:\/\/aedcolor.com\/index.php\/wp-json\/wp\/v2\/pages\/8836\/revisions\/8838"}],"wp:attachment":[{"href":"https:\/\/aedcolor.com\/index.php\/wp-json\/wp\/v2\/media?parent=8836"}],"curies":[{"name":"wp","href":"https:\/\/api.w.org\/{rel}","templated":true}]}}