{"id":8851,"date":"2023-09-09T08:58:18","date_gmt":"2023-09-09T08:58:18","guid":{"rendered":"https:\/\/aedcolor.com\/?page_id=8851"},"modified":"2023-09-09T09:49:58","modified_gmt":"2023-09-09T09:49:58","slug":"gb-cover","status":"publish","type":"page","link":"https:\/\/aedcolor.com\/index.php\/gb-cover\/","title":{"rendered":"GB-COVER"},"content":{"rendered":"<div class=\"wpb-content-wrapper\"><p>[vc_row css=&#8221;.vc_custom_1683099634441{padding-bottom: 30px !important;}&#8221;][vc_column width=&#8221;2\/3&#8243;][vc_custom_heading text=&#8221;GB-COVER&#8221; font_container=&#8221;tag:h2|font_size:50|text_align:left&#8221; use_theme_fonts=&#8221;yes&#8221; link=&#8221;|title:AQUAMAT%20-%20SUPERELASTIC||&#8221;][\/vc_column][\/vc_row][vc_row][vc_column width=&#8221;1\/2&#8243;][vc_single_image image=&#8221;8854&#8243; img_size=&#8221;full&#8221;][\/vc_column][vc_column width=&#8221;1\/2&#8243;][vc_column_text]<span style=\"color: #000000;\"><strong>GB-COVER \u00ebsht\u00eb nj\u00eb stuko e gatshm\u00eb p\u00ebr p\u00ebrdorim, e p\u00ebrshtatshme p\u00ebr stukime (nivelimi i shtres\u00ebs s\u00eb hequr) dhe patinime t\u00eb pllakave t\u00eb gipsit.<\/strong> \u00cbsht\u00eb shum\u00eb praktik n\u00eb p\u00ebrdorim dhe smerilim. Ofron nj\u00eb sip\u00ebrfaqe finale t\u00eb rrafsh\u00ebt dhe t\u00eb l\u00ebmuarr, t\u00eb gatshme p\u00ebr lyerje me astar dhe boj\u00eb. E certifikuar sipas EN 13963 dhe e klasifikuar si nj\u00eb p\u00ebrb\u00ebrje lidh\u00ebse e tipit 3A p\u00ebr pllaka gipsi (p\u00ebrb\u00ebrja e shtratit dhe e lustr\u00ebs). e sh\u00ebnjuar si CE. GB-COVER \u00ebsht\u00eb ideal p\u00ebr stukimin e pllakave t\u00eb gipsit, nd\u00ebrsa n\u00eb kombinim me shiritat bashkues p\u00ebrdoret si p\u00ebrb\u00ebr\u00ebs bashkues p\u00ebr patinimin dhe mbushjen e plasaritjeve.<\/span><\/p>\n<p><strong><span style=\"color: #000000;\">N\u00ebnshtresa<\/span><\/strong><\/p>\n<p><span style=\"color: #000000;\">Sip\u00ebrfaqja duhet t\u00eb jet\u00eb e q\u00ebndrueshme dhe pa pluhur, graso, grimca t\u00eb lira etj.<\/span><\/p>\n<p><strong><span style=\"color: #000000;\">P\u00ebrdorimi<\/span><\/strong><\/p>\n<p><em><strong><span style=\"color: #000000;\">a) Stukimi<\/span><\/strong><\/em><\/p>\n<p><span style=\"color: #000000;\">GB-COVER aplikohet me spatul n\u00eb dy duar duke p\u00ebrdorur nj\u00eb teknik\u00eb zvarritjeje. Dora e dyt\u00eb jepet pasi e para t\u00eb jet\u00eb thar\u00eb.<\/span><\/p>\n<p><em><strong><span style=\"color: #000000;\">b) Patinimi dhe mbushja e plasaritjeve<\/span><\/strong><\/em><\/p>\n<p><span style=\"color: #000000;\">Fillimisht vendoset nj\u00eb shirit me vet\u00ebngjitje mbi vendin e bashkimit ose mbi plasaritje.<\/span><\/p>\n<p><span style=\"color: #000000;\">GB-COVER aplikohet mbi sip\u00ebrfaqen e that\u00eb dhe t\u00eb past\u00ebr, n\u00eb dy shtresa dhe duke p\u00ebrdorur nj\u00eb mistri. Shtresa e dyt\u00eb b\u00ebhet pasi t\u00eb jet\u00eb thar\u00eb dora e par\u00eb. N\u00eb m\u00ebnyr\u00eb alternative, n\u00ebse shiriti nuk \u00ebsht\u00eb me vet\u00ebngjitje, fillimisht aplikohet nj\u00eb shtres\u00eb me GB-COVER p\u00ebrgjat\u00eb vendit t\u00eb bashkimit ose plasaritjes, dhe nd\u00ebrkoh\u00eb q\u00eb \u00ebsht\u00eb ende e njom\u00eb, vendoset shiriti dhe ngjeshet q\u00eb t\u00eb futet n\u00eb p\u00ebrb\u00ebr\u00ebsin bashkues. Kur sip\u00ebrfaqja t\u00eb jet\u00eb thar\u00eb, aplikohet dora e dyt\u00eb. Pas stukimit ose patinimit, sip\u00ebrfaqja finale l\u00ebmohet me let\u00ebr smerili me q\u00ebllim q\u00eb t\u00eb lyhet me astar dhe pastaj t\u00eb lyhet me boj\u00eb.<\/span>[\/vc_column_text][vc_row_inner][vc_column_inner width=&#8221;1\/2&#8243;]<div class=\"standard-arrow bullet-top\"><ul>\n<li><span style=\"color: #000000;\">GB-COVER ofrohet n\u00eb en\u00eb plastike 7 kg dhe 20 kg.<\/span><\/li>\n<\/ul>\n<\/div>[\/vc_column_inner][vc_column_inner width=&#8221;1\/2&#8243;]<div class=\"standard-arrow bullet-top\"><ul>\n<li><span style=\"color: #000000;\">2,0-3,0 kg\/m2, n\u00eb var\u00ebsi t\u00eb trash\u00ebsis\u00eb s\u00eb shtres\u00ebs.<\/span><\/li>\n<\/ul>\n<\/div>[\/vc_column_inner][\/vc_row_inner][vc_row_inner css=&#8221;.vc_custom_1683100048912{padding-top: 20px !important;}&#8221;][vc_column_inner width=&#8221;1\/2&#8243;]<div class=\"aio-icon-component    style_1\"><div id=\"Info-box-wrap-3635\" class=\"aio-icon-box default-icon\" style=\"\"  ><div class=\"aio-icon-default\"><div class=\"ult-just-icon-wrapper  \"><div class=\"align-icon\" style=\"text-align:center;\">\n<div class=\"aio-icon-img \" style=\"font-size:65px;display:inline-block;\" >\n\t<img decoding=\"async\" class=\"img-icon\" alt=\"null\" src=\"https:\/\/aedcolor.com\/wp-content\/uploads\/2023\/05\/image-2.png\"\/>\n<\/div><\/div><\/div><\/div><div class=\"aio-icon-header\" ><h3 class=\"aio-icon-title ult-responsive\"  data-ultimate-target='#Info-box-wrap-3635 .aio-icon-title'  data-responsive-json-new='{\"font-size\":\"\",\"line-height\":\"\"}'  style=\"\">Sip\u00ebrfaqe: Beton<\/h3><\/div> <!-- header --><\/div> <!-- aio-icon-box --><\/div> <!-- aio-icon-component -->[\/vc_column_inner][vc_column_inner width=&#8221;1\/2&#8243;]<div class=\"aio-icon-component    style_1\"><div id=\"Info-box-wrap-5549\" class=\"aio-icon-box default-icon\" style=\"\"  ><div class=\"aio-icon-default\"><div class=\"ult-just-icon-wrapper  \"><div class=\"align-icon\" style=\"text-align:center;\">\n<div class=\"aio-icon-img \" style=\"font-size:65px;display:inline-block;\" >\n\t<img decoding=\"async\" class=\"img-icon\" alt=\"null\" src=\"https:\/\/aedcolor.com\/wp-content\/uploads\/2023\/05\/image-1.png\"\/>\n<\/div><\/div><\/div><\/div><div class=\"aio-icon-header\" ><h3 class=\"aio-icon-title ult-responsive\"  data-ultimate-target='#Info-box-wrap-5549 .aio-icon-title'  data-responsive-json-new='{\"font-size\":\"\",\"line-height\":\"\"}'  style=\"\">Aplikimi: Mistri<\/h3><\/div> <!-- header --><\/div> <!-- aio-icon-box --><\/div> <!-- aio-icon-component -->[\/vc_column_inner][\/vc_row_inner][\/vc_column][\/vc_row]<\/p>\n<\/div>","protected":false},"excerpt":{"rendered":"<p>[vc_row css=&#8221;.vc_custom_1683099634441{padding-bottom: 30px !important;}&#8221;][vc_column width=&#8221;2\/3&#8243;][vc_custom_heading text=&#8221;GB-COVER&#8221; font_container=&#8221;tag:h2|font_size:50|text_align:left&#8221; use_theme_fonts=&#8221;yes&#8221; link=&#8221;|title:AQUAMAT%20-%20SUPERELASTIC||&#8221;][\/vc_column][\/vc_row][vc_row][vc_column width=&#8221;1\/2&#8243;][vc_single_image image=&#8221;8854&#8243; img_size=&#8221;full&#8221;][\/vc_column][vc_column width=&#8221;1\/2&#8243;][vc_column_text]GB-COVER \u00ebsht\u00eb nj\u00eb stuko e gatshm\u00eb p\u00ebr p\u00ebrdorim, e p\u00ebrshtatshme p\u00ebr stukime (nivelimi i shtres\u00ebs s\u00eb hequr) dhe patinime t\u00eb pllakave t\u00eb gipsit. \u00cbsht\u00eb shum\u00eb praktik n\u00eb p\u00ebrdorim dhe smerilim. Ofron nj\u00eb sip\u00ebrfaqe finale t\u00eb rrafsh\u00ebt dhe t\u00eb l\u00ebmuarr, t\u00eb gatshme p\u00ebr lyerje&hellip;<\/p>\n","protected":false},"author":2,"featured_media":0,"parent":0,"menu_order":0,"comment_status":"closed","ping_status":"closed","template":"","meta":{"footnotes":""},"class_list":["post-8851","page","type-page","status-publish","hentry","description-off"],"_links":{"self":[{"href":"https:\/\/aedcolor.com\/index.php\/wp-json\/wp\/v2\/pages\/8851","targetHints":{"allow":["GET"]}}],"collection":[{"href":"https:\/\/aedcolor.com\/index.php\/wp-json\/wp\/v2\/pages"}],"about":[{"href":"https:\/\/aedcolor.com\/index.php\/wp-json\/wp\/v2\/types\/page"}],"author":[{"embeddable":true,"href":"https:\/\/aedcolor.com\/index.php\/wp-json\/wp\/v2\/users\/2"}],"replies":[{"embeddable":true,"href":"https:\/\/aedcolor.com\/index.php\/wp-json\/wp\/v2\/comments?post=8851"}],"version-history":[{"count":3,"href":"https:\/\/aedcolor.com\/index.php\/wp-json\/wp\/v2\/pages\/8851\/revisions"}],"predecessor-version":[{"id":8859,"href":"https:\/\/aedcolor.com\/index.php\/wp-json\/wp\/v2\/pages\/8851\/revisions\/8859"}],"wp:attachment":[{"href":"https:\/\/aedcolor.com\/index.php\/wp-json\/wp\/v2\/media?parent=8851"}],"curies":[{"name":"wp","href":"https:\/\/api.w.org\/{rel}","templated":true}]}}