{"id":8865,"date":"2023-09-09T11:03:12","date_gmt":"2023-09-09T11:03:12","guid":{"rendered":"https:\/\/aedcolor.com\/?page_id=8865"},"modified":"2023-09-09T11:03:12","modified_gmt":"2023-09-09T11:03:12","slug":"graffiti-remover","status":"publish","type":"page","link":"https:\/\/aedcolor.com\/index.php\/graffiti-remover\/","title":{"rendered":"GRAFFITI-REMOVER"},"content":{"rendered":"<div class=\"wpb-content-wrapper\"><p>[vc_row css=&#8221;.vc_custom_1683099634441{padding-bottom: 30px !important;}&#8221;][vc_column width=&#8221;2\/3&#8243;][vc_custom_heading text=&#8221;GRAFFITI-REMOVER&#8221; font_container=&#8221;tag:h2|font_size:50|text_align:left&#8221; use_theme_fonts=&#8221;yes&#8221; link=&#8221;|title:AQUAMAT%20-%20SUPERELASTIC||&#8221;][\/vc_column][\/vc_row][vc_row][vc_column width=&#8221;1\/2&#8243;][vc_single_image image=&#8221;8866&#8243; img_size=&#8221;full&#8221;][\/vc_column][vc_column width=&#8221;1\/2&#8243;][vc_column_text]<span style=\"color: #000000;\"><strong>GRAFFITI-REMOVER \u00ebsht\u00eb nj\u00eb agjent i fort\u00eb pastrues p\u00ebr t\u00eb hequr shenjat nga graffiti, t\u00eb cilat jan\u00eb krijuar me sp\u00ebrkatje ose me shkrim, etj.<\/strong> P\u00ebrdoret p\u00ebr t\u00eb pastruar sip\u00ebrfaqe t\u00eb ndryshme, si metal, xham, mermer, gur, beton, muratura t\u00eb ekspozuara, etj. Mund t\u00eb p\u00ebrdoret gjithashtu dhe n\u00eb sip\u00ebrfaqe t\u00eb lyera mbasi t\u00eb testohet.<\/span><\/p>\n<p><span style=\"color: #000000;\">Lageni sfungjerin n\u00eb GRAFFITI-REMOVER dhe pastroni sip\u00ebrfaqe duke veshur dorashka mbrojt\u00ebse. Po t\u00eb nevojitet, p\u00ebrs\u00ebrisni procedur\u00ebn dhe n\u00eb fund, shplajeni sip\u00ebrfaqen me uj\u00eb t\u00eb past\u00ebr. Konsumi varet nga lloji i graffiti dhe nga thithshm\u00ebria e sip\u00ebrfaqes. Pas pastrimit-me kusht q\u00eb sip\u00ebrfaqja \u00ebsht\u00eb thar\u00eb krejt-rekomandohet q\u00eb ta mbroni me ISOMAT AG 80-2K, boj\u00ebn e vecant\u00eb, trnsparente p\u00ebr mbrojtjen e sip\u00ebrfaqeve nga grafitti. ISOMAT AG 80-2K parandalon boj\u00ebn nga graffiti t\u00eb dep\u00ebrtoj\u00eb n\u00eb n\u00ebnshtresa dhe nuk influencohet nga p\u00ebrdorimi i ISOMAT GRAFFITI REMOVER. Si rezultat i k\u00ebsaj, sip\u00ebrfaqet jan\u00eb t\u00eb mbrojtura p\u00ebr m\u00eb gjat\u00eb.<\/span>[\/vc_column_text][vc_row_inner][vc_column_inner width=&#8221;1\/2&#8243;]<div class=\"standard-arrow bullet-top\"><ul>\n<li><span style=\"color: #000000;\">N\u00eb rast se p\u00ebrdorni GRAFFITI-REMOVER p\u00ebr aplikim t\u00eb brendsh\u00ebm, duhen marr masa paraprake p\u00ebr ajrosjen e duhur t\u00eb ambientit.<\/span><\/li>\n<\/ul>\n<\/div>[\/vc_column_inner][vc_column_inner width=&#8221;1\/2&#8243;]<div class=\"standard-arrow bullet-top\"><ul>\n<li><span style=\"color: #000000;\">Zjarri gjat\u00eb aplikimit duhet shmangur<\/span><\/li>\n<\/ul>\n<\/div>[\/vc_column_inner][\/vc_row_inner][vc_row_inner css=&#8221;.vc_custom_1683100048912{padding-top: 20px !important;}&#8221;][vc_column_inner width=&#8221;1\/2&#8243;]<div class=\"aio-icon-component    style_1\"><div id=\"Info-box-wrap-8130\" class=\"aio-icon-box default-icon\" style=\"\"  ><div class=\"aio-icon-default\"><div class=\"ult-just-icon-wrapper  \"><div class=\"align-icon\" style=\"text-align:center;\">\n<div class=\"aio-icon-img \" style=\"font-size:65px;display:inline-block;\" >\n\t<img decoding=\"async\" class=\"img-icon\" alt=\"null\" src=\"https:\/\/aedcolor.com\/wp-content\/uploads\/2023\/05\/image-2.png\"\/>\n<\/div><\/div><\/div><\/div><div class=\"aio-icon-header\" ><h3 class=\"aio-icon-title ult-responsive\"  data-ultimate-target='#Info-box-wrap-8130 .aio-icon-title'  data-responsive-json-new='{\"font-size\":\"\",\"line-height\":\"\"}'  style=\"\">Sip\u00ebrfaqe: Beton<\/h3><\/div> <!-- header --><\/div> <!-- aio-icon-box --><\/div> <!-- aio-icon-component -->[\/vc_column_inner][vc_column_inner width=&#8221;1\/2&#8243;]<div class=\"aio-icon-component    style_1\"><div id=\"Info-box-wrap-5739\" class=\"aio-icon-box default-icon\" style=\"\"  ><div class=\"aio-icon-default\"><div class=\"ult-just-icon-wrapper  \"><div class=\"align-icon\" style=\"text-align:center;\">\n<div class=\"aio-icon-img \" style=\"font-size:65px;display:inline-block;\" >\n\t<img decoding=\"async\" class=\"img-icon\" alt=\"null\" src=\"https:\/\/aedcolor.com\/wp-content\/uploads\/2023\/05\/image-1.png\"\/>\n<\/div><\/div><\/div><\/div><div class=\"aio-icon-header\" ><h3 class=\"aio-icon-title ult-responsive\"  data-ultimate-target='#Info-box-wrap-5739 .aio-icon-title'  data-responsive-json-new='{\"font-size\":\"\",\"line-height\":\"\"}'  style=\"\">Aplikimi: Mistri<\/h3><\/div> <!-- header --><\/div> <!-- aio-icon-box --><\/div> <!-- aio-icon-component -->[\/vc_column_inner][\/vc_row_inner][\/vc_column][\/vc_row]<\/p>\n<\/div>","protected":false},"excerpt":{"rendered":"<p>[vc_row css=&#8221;.vc_custom_1683099634441{padding-bottom: 30px !important;}&#8221;][vc_column width=&#8221;2\/3&#8243;][vc_custom_heading text=&#8221;GRAFFITI-REMOVER&#8221; font_container=&#8221;tag:h2|font_size:50|text_align:left&#8221; use_theme_fonts=&#8221;yes&#8221; link=&#8221;|title:AQUAMAT%20-%20SUPERELASTIC||&#8221;][\/vc_column][\/vc_row][vc_row][vc_column width=&#8221;1\/2&#8243;][vc_single_image image=&#8221;8866&#8243; img_size=&#8221;full&#8221;][\/vc_column][vc_column width=&#8221;1\/2&#8243;][vc_column_text]GRAFFITI-REMOVER \u00ebsht\u00eb nj\u00eb agjent i fort\u00eb pastrues p\u00ebr t\u00eb hequr shenjat nga graffiti, t\u00eb cilat jan\u00eb krijuar me sp\u00ebrkatje ose me shkrim, etj. P\u00ebrdoret p\u00ebr t\u00eb pastruar sip\u00ebrfaqe t\u00eb ndryshme, si metal, xham, mermer, gur, beton, muratura t\u00eb ekspozuara, etj. Mund t\u00eb p\u00ebrdoret&hellip;<\/p>\n","protected":false},"author":2,"featured_media":0,"parent":0,"menu_order":0,"comment_status":"closed","ping_status":"closed","template":"","meta":{"footnotes":""},"class_list":["post-8865","page","type-page","status-publish","hentry","description-off"],"_links":{"self":[{"href":"https:\/\/aedcolor.com\/index.php\/wp-json\/wp\/v2\/pages\/8865","targetHints":{"allow":["GET"]}}],"collection":[{"href":"https:\/\/aedcolor.com\/index.php\/wp-json\/wp\/v2\/pages"}],"about":[{"href":"https:\/\/aedcolor.com\/index.php\/wp-json\/wp\/v2\/types\/page"}],"author":[{"embeddable":true,"href":"https:\/\/aedcolor.com\/index.php\/wp-json\/wp\/v2\/users\/2"}],"replies":[{"embeddable":true,"href":"https:\/\/aedcolor.com\/index.php\/wp-json\/wp\/v2\/comments?post=8865"}],"version-history":[{"count":1,"href":"https:\/\/aedcolor.com\/index.php\/wp-json\/wp\/v2\/pages\/8865\/revisions"}],"predecessor-version":[{"id":8869,"href":"https:\/\/aedcolor.com\/index.php\/wp-json\/wp\/v2\/pages\/8865\/revisions\/8869"}],"wp:attachment":[{"href":"https:\/\/aedcolor.com\/index.php\/wp-json\/wp\/v2\/media?parent=8865"}],"curies":[{"name":"wp","href":"https:\/\/api.w.org\/{rel}","templated":true}]}}