{"id":8872,"date":"2023-09-09T13:01:37","date_gmt":"2023-09-09T13:01:37","guid":{"rendered":"https:\/\/aedcolor.com\/?page_id=8872"},"modified":"2023-09-09T13:01:37","modified_gmt":"2023-09-09T13:01:37","slug":"ps-20-2","status":"publish","type":"page","link":"https:\/\/aedcolor.com\/index.php\/ps-20-2\/","title":{"rendered":"PS-20"},"content":{"rendered":"<div class=\"wpb-content-wrapper\"><p>[vc_row css=&#8221;.vc_custom_1683099634441{padding-bottom: 30px !important;}&#8221;][vc_column width=&#8221;2\/3&#8243;][vc_custom_heading text=&#8221;PS-20&#8243; font_container=&#8221;tag:h2|font_size:50|text_align:left&#8221; use_theme_fonts=&#8221;yes&#8221; link=&#8221;|title:AQUAMAT%20-%20SUPERELASTIC||&#8221;][\/vc_column][\/vc_row][vc_row][vc_column width=&#8221;1\/2&#8243;][vc_single_image image=&#8221;8870&#8243; img_size=&#8221;full&#8221;][\/vc_column][vc_column width=&#8221;1\/2&#8243;][vc_column_text]<strong><span style=\"color: #000000;\">PS-20 \u00ebsht\u00eb nj\u00eb tret\u00ebsir\u00eb e tejdukshme, e gatshme p\u00ebr p\u00ebrdorim, me baz\u00eb silikoni me tret\u00ebs, p\u00ebr trajtimin hidrofobik (kund\u00ebr ujit) t\u00eb n\u00ebnshtresave inorganike.<\/span><\/strong><\/p>\n<ul>\n<li><span style=\"color: #000000;\">Ofron largim t\u00eb shk\u00eblqyer t\u00eb ujit dhe mbrojtje p\u00ebr koh\u00eb shum\u00eb t\u00eb gjat\u00eb.<\/span><\/li>\n<li><span style=\"color: #000000;\">\u00cbsht\u00eb i p\u00ebrshkuesh\u00ebm nga avujt e ujit, duke lejuar &#8220;frym\u00ebmarrjen&#8221; e struktur\u00ebs.<\/span><\/li>\n<li><span style=\"color: #000000;\">Nuk formon cip\u00eb mbi sip\u00ebrfaqen e aplikimit dhe nuk e ndryshon paraqitjen e saj.<\/span><\/li>\n<li><span style=\"color: #000000;\">Mbron sip\u00ebrfaqen nga formimet e krip\u00ebrave dhe nga ndikimet e ngric\u00ebs ose pislliqeve, sepse pengon thithjen e ujit t\u00eb shiut ose t\u00eb papast\u00ebrtive.<\/span><\/li>\n<li><span style=\"color: #000000;\">I p\u00ebrshtatsh\u00ebm p\u00ebr n\u00ebnshtresa shum\u00eb alkaline.<\/span><\/li>\n<li><span style=\"color: #000000;\">Shum\u00eb efikas pas p\u00ebrdorimit.<\/span><\/li>\n<\/ul>\n<p><span style=\"color: #000000;\">Certifikuar sipas standardeve EN 1504-2 dhe klasifikuar si nj\u00eb ngop\u00ebs hidrofobik (kund\u00ebr ujit). I sh\u00ebnuar me CE. PS-20 aplikohet n\u00eb sip\u00ebrfaqe t\u00eb ndryshme (gur natyror ose sintetik, suva e pa lyer, muratur\u00eb e kspozuar, tulla dekorative, pllaka catie, pllaka betoni etj.) p\u00ebr mbrojtjen e tyre nga shiu. I p\u00ebrshtatsh\u00ebm gjithashtu edhe p\u00ebr hidroizolimin e bashkimeve mes pllakave.<\/span><\/p>\n<p><strong><span style=\"color: #000000;\">N\u00ebnshtresa<\/span><\/strong><\/p>\n<p><span style=\"color: #000000;\">Sip\u00ebrfaqet ku do t\u00eb aplikohet PS-20 duhet t\u00eb pastrohen, t\u00eb jen\u00eb t\u00eb thata dhe t\u00eb ken\u00eb pore t\u00eb hapura. Sip\u00ebrfaqet e afvta si dritaret, elementet e lyera me boj\u00eb, materialet e ndjeshme ndaj tret\u00ebsve, si polistireni, izoluesit ose vulos\u00ebsit elastik\u00eb, bitumet etj., duhet t\u00eb mbrohen gjat\u00eb aplikimit t\u00eb PS-20.<\/span><\/p>\n<p><strong><span style=\"color: #000000;\">P\u00ebrdorimi<\/span><\/strong><\/p>\n<p><span style=\"color: #000000;\">Ps-20 aplikohet me furc\u00eb, rul ose me sp\u00ebrkatje. Zakonisht nj\u00eb ose dy duar jan\u00eb t\u00eb mjaftueshme. Dora e dyt\u00eb b\u00ebhet nd\u00ebrkoh\u00eb q\u00eb dora e par\u00eb \u00ebsht\u00eb ende e fresk\u00ebt. Hidroizolimi \u00ebsht\u00eb m\u00eb efikas n\u00eb sip\u00ebrfaqet e pjerrta dhe q\u00eb nuk mbajn\u00eb uj\u00eb.<\/span>[\/vc_column_text][vc_row_inner][vc_column_inner width=&#8221;1\/2&#8243;]<div class=\"standard-arrow bullet-top\"><ul>\n<li><span style=\"color: #000000;\">Konsumi: 0,2-0,4 lit\u00ebr\/m2, n\u00eb var\u00ebsi tv aft\u00ebsis\u00eb thith\u00ebse t\u00eb sip\u00ebrfaqes.<\/span><\/li>\n<\/ul>\n<\/div>[\/vc_column_inner][vc_column_inner width=&#8221;1\/2&#8243;]<div class=\"standard-arrow bullet-top\"><ul>\n<li><span style=\"color: #000000;\">Ambalazhimi: PS-20 ofrohet n\u00eb kuti metalike 1 lit\u00ebr, 3 litra dhe 20 litra.<\/span><\/li>\n<\/ul>\n<\/div>[\/vc_column_inner][\/vc_row_inner][vc_row_inner css=&#8221;.vc_custom_1683100048912{padding-top: 20px !important;}&#8221;][vc_column_inner width=&#8221;1\/2&#8243;]<div class=\"aio-icon-component    style_1\"><div id=\"Info-box-wrap-6300\" class=\"aio-icon-box default-icon\" style=\"\"  ><div class=\"aio-icon-default\"><div class=\"ult-just-icon-wrapper  \"><div class=\"align-icon\" style=\"text-align:center;\">\n<div class=\"aio-icon-img \" style=\"font-size:65px;display:inline-block;\" >\n\t<img decoding=\"async\" class=\"img-icon\" alt=\"null\" src=\"https:\/\/aedcolor.com\/wp-content\/uploads\/2023\/05\/image-2.png\"\/>\n<\/div><\/div><\/div><\/div><div class=\"aio-icon-header\" ><h3 class=\"aio-icon-title ult-responsive\"  data-ultimate-target='#Info-box-wrap-6300 .aio-icon-title'  data-responsive-json-new='{\"font-size\":\"\",\"line-height\":\"\"}'  style=\"\">Sip\u00ebrfaqe: Beton<\/h3><\/div> <!-- header --><\/div> <!-- aio-icon-box --><\/div> <!-- aio-icon-component -->[\/vc_column_inner][vc_column_inner width=&#8221;1\/2&#8243;]<div class=\"aio-icon-component    style_1\"><div id=\"Info-box-wrap-9804\" class=\"aio-icon-box default-icon\" style=\"\"  ><div class=\"aio-icon-default\"><div class=\"ult-just-icon-wrapper  \"><div class=\"align-icon\" style=\"text-align:center;\">\n<div class=\"aio-icon-img \" style=\"font-size:65px;display:inline-block;\" >\n\t<img decoding=\"async\" class=\"img-icon\" alt=\"null\" src=\"https:\/\/aedcolor.com\/wp-content\/uploads\/2023\/05\/image-1.png\"\/>\n<\/div><\/div><\/div><\/div><div class=\"aio-icon-header\" ><h3 class=\"aio-icon-title ult-responsive\"  data-ultimate-target='#Info-box-wrap-9804 .aio-icon-title'  data-responsive-json-new='{\"font-size\":\"\",\"line-height\":\"\"}'  style=\"\">Aplikimi: Mistri<\/h3><\/div> <!-- header --><\/div> <!-- aio-icon-box --><\/div> <!-- aio-icon-component -->[\/vc_column_inner][\/vc_row_inner][\/vc_column][\/vc_row]<\/p>\n<\/div>","protected":false},"excerpt":{"rendered":"<p>[vc_row css=&#8221;.vc_custom_1683099634441{padding-bottom: 30px !important;}&#8221;][vc_column width=&#8221;2\/3&#8243;][vc_custom_heading text=&#8221;PS-20&#8243; font_container=&#8221;tag:h2|font_size:50|text_align:left&#8221; use_theme_fonts=&#8221;yes&#8221; link=&#8221;|title:AQUAMAT%20-%20SUPERELASTIC||&#8221;][\/vc_column][\/vc_row][vc_row][vc_column width=&#8221;1\/2&#8243;][vc_single_image image=&#8221;8870&#8243; img_size=&#8221;full&#8221;][\/vc_column][vc_column width=&#8221;1\/2&#8243;][vc_column_text]PS-20 \u00ebsht\u00eb nj\u00eb tret\u00ebsir\u00eb e tejdukshme, e gatshme p\u00ebr p\u00ebrdorim, me baz\u00eb silikoni me tret\u00ebs, p\u00ebr trajtimin hidrofobik (kund\u00ebr ujit) t\u00eb n\u00ebnshtresave inorganike. Ofron largim t\u00eb shk\u00eblqyer t\u00eb ujit dhe mbrojtje p\u00ebr koh\u00eb shum\u00eb t\u00eb gjat\u00eb. \u00cbsht\u00eb i p\u00ebrshkuesh\u00ebm nga avujt e ujit,&hellip;<\/p>\n","protected":false},"author":2,"featured_media":0,"parent":0,"menu_order":0,"comment_status":"closed","ping_status":"closed","template":"","meta":{"footnotes":""},"class_list":["post-8872","page","type-page","status-publish","hentry","description-off"],"_links":{"self":[{"href":"https:\/\/aedcolor.com\/index.php\/wp-json\/wp\/v2\/pages\/8872","targetHints":{"allow":["GET"]}}],"collection":[{"href":"https:\/\/aedcolor.com\/index.php\/wp-json\/wp\/v2\/pages"}],"about":[{"href":"https:\/\/aedcolor.com\/index.php\/wp-json\/wp\/v2\/types\/page"}],"author":[{"embeddable":true,"href":"https:\/\/aedcolor.com\/index.php\/wp-json\/wp\/v2\/users\/2"}],"replies":[{"embeddable":true,"href":"https:\/\/aedcolor.com\/index.php\/wp-json\/wp\/v2\/comments?post=8872"}],"version-history":[{"count":1,"href":"https:\/\/aedcolor.com\/index.php\/wp-json\/wp\/v2\/pages\/8872\/revisions"}],"predecessor-version":[{"id":8874,"href":"https:\/\/aedcolor.com\/index.php\/wp-json\/wp\/v2\/pages\/8872\/revisions\/8874"}],"wp:attachment":[{"href":"https:\/\/aedcolor.com\/index.php\/wp-json\/wp\/v2\/media?parent=8872"}],"curies":[{"name":"wp","href":"https:\/\/api.w.org\/{rel}","templated":true}]}}