{"id":8882,"date":"2023-09-11T10:35:38","date_gmt":"2023-09-11T10:35:38","guid":{"rendered":"https:\/\/aedcolor.com\/?page_id=8882"},"modified":"2023-09-11T10:35:38","modified_gmt":"2023-09-11T10:35:38","slug":"nanopro-l","status":"publish","type":"page","link":"https:\/\/aedcolor.com\/index.php\/nanopro-l\/","title":{"rendered":"NANOPRO-L"},"content":{"rendered":"<div class=\"wpb-content-wrapper\"><p>[vc_row css=&#8221;.vc_custom_1683099634441{padding-bottom: 30px !important;}&#8221;][vc_column width=&#8221;2\/3&#8243;][vc_custom_heading text=&#8221;NANOPRO-L&#8221; font_container=&#8221;tag:h2|font_size:50|text_align:left&#8221; use_theme_fonts=&#8221;yes&#8221; link=&#8221;|title:AQUAMAT%20-%20SUPERELASTIC||&#8221;][\/vc_column][\/vc_row][vc_row][vc_column width=&#8221;1\/2&#8243;][vc_single_image image=&#8221;8588&#8243; img_size=&#8221;full&#8221;][\/vc_column][vc_column width=&#8221;1\/2&#8243;][vc_column_text]<span style=\"color: #000000;\"><strong>Emulsion me baz\u00eb uji me aft\u00ebsi t\u00eb larta dep\u00ebrtuese, i mb\u00ebshtetur n\u00eb struktur\u00ebn nanomolekulare.<\/strong> Mbron sip\u00ebrfaqet poroze dhe pak poroze (mermer\u00eb, granite etj), nga njollat e vajit lag\u00ebshtia dhe njollat e krip\u00ebrave, nd\u00ebrkoh\u00eb q\u00eb parandalon rritjen e mykut. Po t\u00eb p\u00ebrdoret n\u00eb dozat e rekomanduara, nuk formon cip\u00eb mbi sip\u00ebrfaqen e aplikimit dhe nuk e ndryshon paraqitjen e saj. Certifikuar sipas standarteve EN 1504-2 dhe klasifikuar si nj\u00eb ngop\u00ebs hidrofobik (kund\u00ebr ujit). I sh\u00ebnuar me CE. NANOPRO-L p\u00ebrdoret p\u00ebr t\u00eb mbrojtur nga njollat e vajit, lag\u00ebshtia dhe njollat e krip\u00ebrave n\u00eb sip\u00ebrfaqe jo poroze si mermer\u00eb t\u00eb l\u00ebmuar, granit\u00eb, etj. ose sip\u00ebrfaqe poroze, si betoni, muratura, suvaja, stukoja e pllakave, pllakat e gipsit dhe t\u00eb fibr\u00ebs, guri natyror etj. I p\u00ebrshtatsh\u00ebm p\u00ebr p\u00ebrdorim n\u00eb ambiente t\u00eb brendshme dhe t\u00eb jashtme.<\/span><\/p>\n<p><strong><span style=\"color: #000000;\">N\u00ebnshtresa<\/span><\/strong><\/p>\n<p><span style=\"color: #000000;\">Sip\u00ebrfaqja q\u00eb do t\u00eb lyhet duhet t\u00eb jet\u00eb e that\u00eb dhe pa pluhur, graso, papast\u00ebrti etj.<\/span><\/p>\n<p><strong><span style=\"color: #000000;\">P\u00ebrdorimi<\/span><\/strong><\/p>\n<p><span style=\"color: #000000;\">NANOPRO-L trazohet plot\u00ebsisht dhe aplikohet n\u00eb m\u00ebnyr\u00eb uniforme mbi n\u00ebnshtres\u00eb me an\u00eb t\u00eb furc\u00ebs, rulit ose sp\u00ebrkatjes. Mbas rreth 15 minutash dhe para tharjes s\u00eb materialit, sip\u00ebrfaqja pastrohet duke u f\u00ebrkuar me nj\u00eb leck\u00eb pak t\u00eb lagur. P\u00ebr sip\u00ebrfaqe shum\u00eb poroze, nj\u00eb shtres\u00eb e dyt\u00eb mund t\u00eb aplikohet p\u00ebrpara se shtresa e par\u00eb t\u00eb jet\u00eb thar\u00eb plot\u00ebsisht. Rezistenca totale ndaj vajrave arrihet 2 dit\u00eb mbas aplikimit.<\/span>[\/vc_column_text][vc_row_inner][vc_column_inner width=&#8221;1\/2&#8243;]<div class=\"standard-arrow bullet-top\"><ul>\n<li><span style=\"color: #000000;\">Temperatura gjat\u00eb aplikimit duhet t\u00eb jet\u00eb nga +5 oC deri n\u00eb +30 oC.<\/span><\/li>\n<\/ul>\n<\/div>[\/vc_column_inner][vc_column_inner width=&#8221;1\/2&#8243;]<div class=\"standard-arrow bullet-top\"><ul>\n<li><span style=\"color: #000000;\">NANOPRO-L ofrohet n\u00eb amballazhe plastike 1 l, 5 l dhe 20 l.<\/span><\/li>\n<\/ul>\n<\/div>[\/vc_column_inner][\/vc_row_inner][vc_row_inner css=&#8221;.vc_custom_1683100048912{padding-top: 20px !important;}&#8221;][vc_column_inner width=&#8221;1\/2&#8243;]<div class=\"aio-icon-component    style_1\"><div id=\"Info-box-wrap-1873\" class=\"aio-icon-box default-icon\" style=\"\"  ><div class=\"aio-icon-default\"><div class=\"ult-just-icon-wrapper  \"><div class=\"align-icon\" style=\"text-align:center;\">\n<div class=\"aio-icon-img \" style=\"font-size:65px;display:inline-block;\" >\n\t<img decoding=\"async\" class=\"img-icon\" alt=\"null\" src=\"https:\/\/aedcolor.com\/wp-content\/uploads\/2023\/05\/image-2.png\"\/>\n<\/div><\/div><\/div><\/div><div class=\"aio-icon-header\" ><h3 class=\"aio-icon-title ult-responsive\"  data-ultimate-target='#Info-box-wrap-1873 .aio-icon-title'  data-responsive-json-new='{\"font-size\":\"\",\"line-height\":\"\"}'  style=\"\">Sip\u00ebrfaqe: Beton<\/h3><\/div> <!-- header --><\/div> <!-- aio-icon-box --><\/div> <!-- aio-icon-component -->[\/vc_column_inner][vc_column_inner width=&#8221;1\/2&#8243;]<div class=\"aio-icon-component    style_1\"><div id=\"Info-box-wrap-4490\" class=\"aio-icon-box default-icon\" style=\"\"  ><div class=\"aio-icon-default\"><div class=\"ult-just-icon-wrapper  \"><div class=\"align-icon\" style=\"text-align:center;\">\n<div class=\"aio-icon-img \" style=\"font-size:65px;display:inline-block;\" >\n\t<img decoding=\"async\" class=\"img-icon\" alt=\"null\" src=\"https:\/\/aedcolor.com\/wp-content\/uploads\/2023\/05\/image-1.png\"\/>\n<\/div><\/div><\/div><\/div><div class=\"aio-icon-header\" ><h3 class=\"aio-icon-title ult-responsive\"  data-ultimate-target='#Info-box-wrap-4490 .aio-icon-title'  data-responsive-json-new='{\"font-size\":\"\",\"line-height\":\"\"}'  style=\"\">Aplikimi: Furc\u00eb, rul<\/h3><\/div> <!-- header --><\/div> <!-- aio-icon-box --><\/div> <!-- aio-icon-component -->[\/vc_column_inner][\/vc_row_inner][\/vc_column][\/vc_row]<\/p>\n<\/div>","protected":false},"excerpt":{"rendered":"<p>[vc_row css=&#8221;.vc_custom_1683099634441{padding-bottom: 30px !important;}&#8221;][vc_column width=&#8221;2\/3&#8243;][vc_custom_heading text=&#8221;NANOPRO-L&#8221; font_container=&#8221;tag:h2|font_size:50|text_align:left&#8221; use_theme_fonts=&#8221;yes&#8221; link=&#8221;|title:AQUAMAT%20-%20SUPERELASTIC||&#8221;][\/vc_column][\/vc_row][vc_row][vc_column width=&#8221;1\/2&#8243;][vc_single_image image=&#8221;8588&#8243; img_size=&#8221;full&#8221;][\/vc_column][vc_column width=&#8221;1\/2&#8243;][vc_column_text]Emulsion me baz\u00eb uji me aft\u00ebsi t\u00eb larta dep\u00ebrtuese, i mb\u00ebshtetur n\u00eb struktur\u00ebn nanomolekulare. Mbron sip\u00ebrfaqet poroze dhe pak poroze (mermer\u00eb, granite etj), nga njollat e vajit lag\u00ebshtia dhe njollat e krip\u00ebrave, nd\u00ebrkoh\u00eb q\u00eb parandalon rritjen e mykut. Po t\u00eb p\u00ebrdoret n\u00eb dozat&hellip;<\/p>\n","protected":false},"author":2,"featured_media":0,"parent":0,"menu_order":0,"comment_status":"closed","ping_status":"closed","template":"","meta":{"footnotes":""},"class_list":["post-8882","page","type-page","status-publish","hentry","description-off"],"_links":{"self":[{"href":"https:\/\/aedcolor.com\/index.php\/wp-json\/wp\/v2\/pages\/8882","targetHints":{"allow":["GET"]}}],"collection":[{"href":"https:\/\/aedcolor.com\/index.php\/wp-json\/wp\/v2\/pages"}],"about":[{"href":"https:\/\/aedcolor.com\/index.php\/wp-json\/wp\/v2\/types\/page"}],"author":[{"embeddable":true,"href":"https:\/\/aedcolor.com\/index.php\/wp-json\/wp\/v2\/users\/2"}],"replies":[{"embeddable":true,"href":"https:\/\/aedcolor.com\/index.php\/wp-json\/wp\/v2\/comments?post=8882"}],"version-history":[{"count":1,"href":"https:\/\/aedcolor.com\/index.php\/wp-json\/wp\/v2\/pages\/8882\/revisions"}],"predecessor-version":[{"id":8884,"href":"https:\/\/aedcolor.com\/index.php\/wp-json\/wp\/v2\/pages\/8882\/revisions\/8884"}],"wp:attachment":[{"href":"https:\/\/aedcolor.com\/index.php\/wp-json\/wp\/v2\/media?parent=8882"}],"curies":[{"name":"wp","href":"https:\/\/api.w.org\/{rel}","templated":true}]}}