{"id":8890,"date":"2023-09-11T11:25:15","date_gmt":"2023-09-11T11:25:15","guid":{"rendered":"https:\/\/aedcolor.com\/?page_id=8890"},"modified":"2023-09-11T11:25:15","modified_gmt":"2023-09-11T11:25:15","slug":"vs-1","status":"publish","type":"page","link":"https:\/\/aedcolor.com\/index.php\/vs-1\/","title":{"rendered":"VS-1"},"content":{"rendered":"<div class=\"wpb-content-wrapper\"><p>[vc_row css=&#8221;.vc_custom_1683099634441{padding-bottom: 30px !important;}&#8221;][vc_column width=&#8221;2\/3&#8243;][vc_custom_heading text=&#8221;VS-1&#8243; font_container=&#8221;tag:h2|font_size:50|text_align:left&#8221; use_theme_fonts=&#8221;yes&#8221; link=&#8221;|title:AQUAMAT%20-%20SUPERELASTIC||&#8221;][\/vc_column][\/vc_row][vc_row][vc_column width=&#8221;1\/2&#8243;][vc_single_image image=&#8221;8888&#8243; img_size=&#8221;full&#8221;][\/vc_column][vc_column width=&#8221;1\/2&#8243;][vc_column_text]<strong><span style=\"color: #000000;\">VS-1 \u00ebsht\u00eb nj\u00eb vernik akrilik transparent i gatsh\u00ebm p\u00ebr p\u00ebrdorim, i cili p\u00ebrdoret p\u00ebr ngopjen e gur\u00ebve natyral\u00eb (rrasa ose pllaka guri) dhe t\u00eb materialeve artificiale t\u00eb nd\u00ebrtimit (tulla dekorative, tjegullat etj.).<\/span><\/strong><\/p>\n<ul>\n<li><span style=\"color: #000000;\">Ofron mbrojtje t\u00eb q\u00ebndrueshme<\/span><\/li>\n<li><span style=\"color: #000000;\">Ofron largim shum\u00eb t\u00eb mir\u00eb t\u00eb ujit<\/span><\/li>\n<li><span style=\"color: #000000;\">I jep drit\u00eb ngjyr\u00ebs natyrale t\u00eb materialit mbi t\u00eb cilin aplikohet.<\/span><\/li>\n<li><span style=\"color: #000000;\">\u00cbsht\u00eb e q\u00ebndrueshme n\u00ebn rrezatimin UV; nuk zverdhet me kalimin e koh\u00ebs.<\/span><\/li>\n<li><span style=\"color: #000000;\">Pastron sip\u00ebrfaqet nga njollat e krip\u00ebrave, si dhe ndikimet e ngric\u00ebs dhe papast\u00ebrtive, p\u00ebr shkak t\u00eb rezistenc\u00ebs s\u00eb tij ndaj ujit t\u00eb shiut dhe ndaj p\u00ebrthithjes s\u00eb papast\u00ebrtive.<\/span><\/li>\n<li><span style=\"color: #000000;\">\u00cbsht\u00eb i p\u00ebrshtatsh\u00ebm p\u00ebr p\u00ebrdorim n\u00eb ambiente t\u00eb jashtme dhe t\u00eb brendshme.<\/span><\/li>\n<\/ul>\n<p><span style=\"color: #000000;\">VS-1 nxjerr n\u00eb pah ngjyr\u00ebn materiale t\u00eb materialit mbi t\u00eb cilin aplikohet, duke e mbrojtur at\u00eb n\u00eb t\u00eb nj\u00ebjt\u00ebn koh\u00eb nga ndikimi i ujit t\u00eb shiut dhe ndotja atmosferike. \u00cbsht\u00eb i p\u00ebrshtatsh\u00ebm p\u00ebr ngopjen e gurit natyral, t\u00eb muratur\u00ebs s\u00eb ekspozuar, tjegullave etj. Ai aplikohet n\u00eb mure dhe dysheme, n\u00eb ambiente t\u00eb brendshme ose t\u00eb jashtme.<\/span><\/p>\n<p><strong><span style=\"color: #000000;\">N\u00ebnshtresa<\/span><\/strong><\/p>\n<p><span style=\"color: #000000;\">Sip\u00ebrfaqet q\u00eb do t\u00eb trajtohen me VS-1 duhet t\u00eb ken\u00eb pore t\u00eb hapura. Sip\u00ebrfaqet e af\u00ebrta, si dritare, sip\u00ebrfaqet e lyera me boj\u00eb dhe materialet q\u00eb preken nga kontraktime tret\u00ebsit, si p.sh. polistireni, silikonet e bashkimeve, bitiumet etj., duhet t\u00eb mbrohen gjat\u00eb p\u00ebrdorimit t\u00eb VS-1.<\/span><\/p>\n<p><strong><span style=\"color: #000000;\">P\u00ebrdorimi<\/span><\/strong><\/p>\n<p><span style=\"color: #000000;\">Aplikimi i VS-1 kryhet n\u00eb dy duar me an\u00eb t\u00eb furc\u00ebs, rulit ose me sp\u00ebrkatje. Dora e dyt\u00eb jepet pasi t\u00eb jet\u00eb thar\u00eb dora e par\u00eb.<\/span>[\/vc_column_text][vc_row_inner][vc_column_inner width=&#8221;1\/2&#8243;]<div class=\"standard-arrow bullet-top\"><ul>\n<li><span style=\"color: #000000;\">Temperatura gjat\u00eb aplikimit t\u00eb produktit duhet t\u00eb jet\u00eb nd\u00ebrmjet +5 oC dhe +35 oC.<\/span><\/li>\n<li><span style=\"color: #000000;\">VS-1 p\u00ebrmban tret\u00ebs. P\u00ebr aplikim t\u00eb brendsh\u00ebm, siguroni nj\u00eb ajrosje t\u00eb mir\u00eb.<\/span><\/li>\n<\/ul>\n<\/div>[\/vc_column_inner][vc_column_inner width=&#8221;1\/2&#8243;]<div class=\"standard-arrow bullet-top\"><ul>\n<li><span style=\"color: #000000;\">Pas forcimit, VS-1 \u00ebsht\u00eb plot\u00ebsisht i sigurt p\u00ebr sh\u00ebndetin.<\/span><\/li>\n<\/ul>\n<\/div>[\/vc_column_inner][\/vc_row_inner][vc_row_inner css=&#8221;.vc_custom_1683100048912{padding-top: 20px !important;}&#8221;][vc_column_inner width=&#8221;1\/2&#8243;]<div class=\"aio-icon-component    style_1\"><div id=\"Info-box-wrap-4546\" class=\"aio-icon-box default-icon\" style=\"\"  ><div class=\"aio-icon-default\"><div class=\"ult-just-icon-wrapper  \"><div class=\"align-icon\" style=\"text-align:center;\">\n<div class=\"aio-icon-img \" style=\"font-size:65px;display:inline-block;\" >\n\t<img decoding=\"async\" class=\"img-icon\" alt=\"null\" src=\"https:\/\/aedcolor.com\/wp-content\/uploads\/2023\/05\/image-2.png\"\/>\n<\/div><\/div><\/div><\/div><div class=\"aio-icon-header\" ><h3 class=\"aio-icon-title ult-responsive\"  data-ultimate-target='#Info-box-wrap-4546 .aio-icon-title'  data-responsive-json-new='{\"font-size\":\"\",\"line-height\":\"\"}'  style=\"\">Sip\u00ebrfaqe: Beton<\/h3><\/div> <!-- header --><\/div> <!-- aio-icon-box --><\/div> <!-- aio-icon-component -->[\/vc_column_inner][vc_column_inner width=&#8221;1\/2&#8243;]<div class=\"aio-icon-component    style_1\"><div id=\"Info-box-wrap-9335\" class=\"aio-icon-box default-icon\" style=\"\"  ><div class=\"aio-icon-default\"><div class=\"ult-just-icon-wrapper  \"><div class=\"align-icon\" style=\"text-align:center;\">\n<div class=\"aio-icon-img \" style=\"font-size:65px;display:inline-block;\" >\n\t<img decoding=\"async\" class=\"img-icon\" alt=\"null\" src=\"https:\/\/aedcolor.com\/wp-content\/uploads\/2023\/05\/image-1.png\"\/>\n<\/div><\/div><\/div><\/div><div class=\"aio-icon-header\" ><h3 class=\"aio-icon-title ult-responsive\"  data-ultimate-target='#Info-box-wrap-9335 .aio-icon-title'  data-responsive-json-new='{\"font-size\":\"\",\"line-height\":\"\"}'  style=\"\">Aplikimi: Furc\u00eb, rul<\/h3><\/div> <!-- header --><\/div> <!-- aio-icon-box --><\/div> <!-- aio-icon-component -->[\/vc_column_inner][\/vc_row_inner][\/vc_column][\/vc_row]<\/p>\n<\/div>","protected":false},"excerpt":{"rendered":"<p>[vc_row css=&#8221;.vc_custom_1683099634441{padding-bottom: 30px !important;}&#8221;][vc_column width=&#8221;2\/3&#8243;][vc_custom_heading text=&#8221;VS-1&#8243; font_container=&#8221;tag:h2|font_size:50|text_align:left&#8221; use_theme_fonts=&#8221;yes&#8221; link=&#8221;|title:AQUAMAT%20-%20SUPERELASTIC||&#8221;][\/vc_column][\/vc_row][vc_row][vc_column width=&#8221;1\/2&#8243;][vc_single_image image=&#8221;8888&#8243; img_size=&#8221;full&#8221;][\/vc_column][vc_column width=&#8221;1\/2&#8243;][vc_column_text]VS-1 \u00ebsht\u00eb nj\u00eb vernik akrilik transparent i gatsh\u00ebm p\u00ebr p\u00ebrdorim, i cili p\u00ebrdoret p\u00ebr ngopjen e gur\u00ebve natyral\u00eb (rrasa ose pllaka guri) dhe t\u00eb materialeve artificiale t\u00eb nd\u00ebrtimit (tulla dekorative, tjegullat etj.). Ofron mbrojtje t\u00eb q\u00ebndrueshme Ofron largim shum\u00eb t\u00eb mir\u00eb t\u00eb ujit&hellip;<\/p>\n","protected":false},"author":2,"featured_media":0,"parent":0,"menu_order":0,"comment_status":"closed","ping_status":"closed","template":"","meta":{"footnotes":""},"class_list":["post-8890","page","type-page","status-publish","hentry","description-off"],"_links":{"self":[{"href":"https:\/\/aedcolor.com\/index.php\/wp-json\/wp\/v2\/pages\/8890","targetHints":{"allow":["GET"]}}],"collection":[{"href":"https:\/\/aedcolor.com\/index.php\/wp-json\/wp\/v2\/pages"}],"about":[{"href":"https:\/\/aedcolor.com\/index.php\/wp-json\/wp\/v2\/types\/page"}],"author":[{"embeddable":true,"href":"https:\/\/aedcolor.com\/index.php\/wp-json\/wp\/v2\/users\/2"}],"replies":[{"embeddable":true,"href":"https:\/\/aedcolor.com\/index.php\/wp-json\/wp\/v2\/comments?post=8890"}],"version-history":[{"count":1,"href":"https:\/\/aedcolor.com\/index.php\/wp-json\/wp\/v2\/pages\/8890\/revisions"}],"predecessor-version":[{"id":8892,"href":"https:\/\/aedcolor.com\/index.php\/wp-json\/wp\/v2\/pages\/8890\/revisions\/8892"}],"wp:attachment":[{"href":"https:\/\/aedcolor.com\/index.php\/wp-json\/wp\/v2\/media?parent=8890"}],"curies":[{"name":"wp","href":"https:\/\/api.w.org\/{rel}","templated":true}]}}