{"id":8896,"date":"2023-09-11T12:52:47","date_gmt":"2023-09-11T12:52:47","guid":{"rendered":"https:\/\/aedcolor.com\/?page_id=8896"},"modified":"2023-09-11T12:52:47","modified_gmt":"2023-09-11T12:52:47","slug":"varnish-pu-2k-2","status":"publish","type":"page","link":"https:\/\/aedcolor.com\/index.php\/varnish-pu-2k-2\/","title":{"rendered":"VARNISH-PU 2K"},"content":{"rendered":"<div class=\"wpb-content-wrapper\"><p>[vc_row css=&#8221;.vc_custom_1683099634441{padding-bottom: 30px !important;}&#8221;][vc_column width=&#8221;2\/3&#8243;][vc_custom_heading text=&#8221;VARNISH-PU 2K&#8221; font_container=&#8221;tag:h2|font_size:50|text_align:left&#8221; use_theme_fonts=&#8221;yes&#8221; link=&#8221;|title:AQUAMAT%20-%20SUPERELASTIC||&#8221;][\/vc_column][\/vc_row][vc_row][vc_column width=&#8221;1\/2&#8243;][vc_single_image image=&#8221;8894&#8243; img_size=&#8221;full&#8221;][\/vc_column][vc_column width=&#8221;1\/2&#8243;][vc_column_text]<strong><span style=\"color: #000000;\">VARNISH-PU 2K \u00ebsht\u00eb nj\u00eb llak poliuretani transparent, alifatik me dy p\u00ebrb\u00ebr\u00ebs. Membrana q\u00eb krijohet \u00ebsht\u00eb e pap\u00ebrshkueshme dhe i reziston rrezeve UV; nuk b\u00ebhet i verdh\u00eb dhe ka rezistenc\u00eb shum\u00eb t\u00eb mir\u00eb mekanike dhe kimike. Ofron avantazhet e m\u00ebposhtme:<\/span><\/strong><\/p>\n<ul>\n<li><span style=\"color: #000000;\">P\u00ebrdorim t\u00eb thjesht\u00eb.<\/span><\/li>\n<li><span style=\"color: #000000;\">Rezistenc\u00eb nga rrezet UV dhe nga konditat e motit (shi, ngric\u00eb).<\/span><\/li>\n<li><span style=\"color: #000000;\">Rezistenc\u00eb nga pastruesit, vajrat, uji i detit, alkalet.<\/span><\/li>\n<li><span style=\"color: #000000;\">Dep\u00ebrtueshm\u00ebri nga avulli.<\/span><\/li>\n<li><span style=\"color: #000000;\">Rezistenc\u00eb ndaj trafikut t\u00eb k\u00ebmb\u00ebsor\u00ebve dhe trafikut t\u00eb leht\u00eb t\u00eb makinave.<\/span><\/li>\n<\/ul>\n<p><span style=\"color: #000000;\">\u00cbsht\u00eb certifikuar me shenj\u00ebn CE si veshje\u00a0 p\u00ebr mbrojtjen e sip\u00ebrfaqes s\u00eb betonit, sipas EN 1504-2. VARNISH-PU 2K p\u00ebrshtatet p\u00ebr hidroizolimin dhe mbrojtjen e:<\/span><\/p>\n<ul>\n<li><span style=\"color: #000000;\">Llaceve dekorues prej cimento<\/span><\/li>\n<li><span style=\"color: #000000;\">Betonit<\/span><\/li>\n<li><span style=\"color: #000000;\">Gur\u00ebve natyral<\/span><\/li>\n<li><span style=\"color: #000000;\">Drurit<\/span><\/li>\n<li><span style=\"color: #000000;\">Sip\u00ebrfaqeve metalike<\/span><\/li>\n<li><span style=\"color: #000000;\">Bojrave epokside (p.sh. si mbrojtje e EPOXYCOAT-S brenda pishinave). Ofron rezistenc\u00eb ndaj kthimit n\u00eb &#8220;shkum\u00ebs&#8221; dhe humbjen e ngjyr\u00ebs, t\u00eb cilat shkaktohen nga rrezet UV.<\/span><\/li>\n<\/ul>\n<p><strong><span style=\"color: #000000;\">P\u00ebrgatitja e n\u00ebnshtres\u00ebs<\/span><\/strong><\/p>\n<p><span style=\"color: #000000;\">N\u00ebnshtresa duhet t\u00eb jet\u00eb e that\u00eb, e past\u00ebr, pa graso, material t\u00eb lir\u00eb, pluhur, etj.<\/span><\/p>\n<p><strong><span style=\"color: #000000;\">P\u00ebrzierja<\/span><\/strong><\/p>\n<p><span style=\"color: #000000;\">P\u00ebrb\u00ebr\u00ebsit A (rr\u00ebshira) dhe B (forcuesi) jan\u00eb t\u00eb paketuar n\u00eb dy en\u00eb t\u00eb vecanta, n\u00eb raportin e sakt\u00eb t\u00eb paracaktuar t\u00eb p\u00ebrzierjes sipas pesh\u00ebs. Gjith\u00eb sasia e p\u00ebrb\u00ebr\u00ebsit B shtohet n\u00eb p\u00ebrb\u00ebr\u00ebsin A. Dy p\u00ebrb\u00ebr\u00ebsit duhet t\u00eb p\u00ebrzihen p\u00ebr 2-3 or\u00eb, duke p\u00ebrdorur nj\u00eb mikser me xhiro t\u00eb ul\u00ebta (300 rot\/min). \u00cbsht\u00eb e r\u00ebnd\u00ebsishme q\u00eb t\u00eb p\u00ebrzihet krejt p\u00ebrzierja, n\u00eb an\u00ebn dhe fundin e en\u00ebs. Rekomandohet q\u00eb t\u00eb lihet e pa trazuar p\u00ebr disa minuta pas przierjes, q\u00eb t\u00eb dal\u00eb ajri i bllokuar.<\/span><\/p>\n<p><strong><span style=\"color: #000000;\">P\u00ebrdorimi-Konsumi<\/span><\/strong><\/p>\n<p><span style=\"color: #000000;\">VARNISH-PU 2K aplikohet me rul, furc\u00eb ose pistolet\u00eb vakumi. Nevojiten 2-4 duar, n\u00eb var\u00ebsi t\u00eb porozitetit dhe t\u00eb p\u00ebrdorimit t\u00eb n\u00ebnshtres\u00ebs. Cdo dor\u00eb shtrohet brenda 24 or\u00ebve nga e m\u00ebparshmja, n\u00eb var\u00ebsi t\u00eb kushteve t\u00eb motit.\u00a0<\/span>[\/vc_column_text][vc_row_inner][vc_column_inner width=&#8221;1\/2&#8243;]<div class=\"standard-arrow bullet-top\"><ul>\n<li><span style=\"color: #000000;\"><span style=\"color: #000000;\">N\u00ebnshtresat me lag\u00ebshti duhet t\u00eb jen\u00eb krejt t\u00eb thata, para p\u00ebrdorimit t\u00eb VARNISH-PU 2K.<\/span><\/span><\/li>\n<li><span style=\"color: #000000;\">Shtresa e sistemeve epokside duhet t\u00eb shtrohet 1-2 pas aplikimit t\u00eb tyre pasi t\u00eb jen\u00eb thar\u00eb<\/span><\/li>\n<li><span style=\"color: #000000;\">Kur shtrohen n\u00eb pishina, pishina duhet t\u00eb jet\u00eb e mbushur me uj\u00eb t\u00eb pakt\u00ebn p\u00ebr 7 dit\u00eb pas aplikimit t\u00eb VARNISH-PU 2K.<\/span><\/li>\n<li><span style=\"color: #000000;\">Sip\u00ebrfaqet mbi t\u00eb cilat jan\u00eb shtruar ngopjet n\u00eb t\u00eb kaluar\u00ebn mund t\u00eb krijojn\u00eb problem ngjitjeje. Rekomandohet q\u00eb t\u00eb b\u00ebhet nj\u00eb prov\u00eb, p\u00ebr t\u00eb kontrolluar p\u00ebrshtatjen e n\u00ebnshtres\u00ebs.<\/span><\/li>\n<\/ul>\n<\/div>[\/vc_column_inner][vc_column_inner width=&#8221;1\/2&#8243;]<div class=\"standard-arrow bullet-top\"><ul>\n<li><span style=\"color: #000000;\">Temperatura gjat\u00eb p\u00ebrdorimit dhe forcimit t\u00eb produktit duhet t\u00eb jet\u00eb nd\u00ebrmjet +8 oC dhe +35 oC.<\/span><\/li>\n<li><span style=\"color: #000000;\">Lag\u00ebshtia e n\u00ebnshtres\u00ebs duhet t\u00eb jet\u00eb n\u00ebn 4% dhe lag\u00ebshtia e ambientit n\u00ebn 65%. Lag\u00ebshtia e lart\u00eb e ambientit mundt\u00eb influencoj\u00eb negativisht mpiksjen e VARNISH-PU 2K.<\/span><\/li>\n<li><span style=\"color: #000000;\">Po t\u00eb pritet q\u00eb temperatura do t\u00eb jet\u00eb n\u00ebn +8 oC ose po t\u00eb ekzistoj\u00eb mund\u00ebsi shiu brenda 48 or\u00ebve q\u00eb vijn\u00eb, p\u00ebrdorimi duhet t\u00eb vonohet.<\/span><\/li>\n<\/ul>\n<\/div>[\/vc_column_inner][\/vc_row_inner][vc_row_inner css=&#8221;.vc_custom_1683100048912{padding-top: 20px !important;}&#8221;][vc_column_inner width=&#8221;1\/2&#8243;]<div class=\"aio-icon-component    style_1\"><div id=\"Info-box-wrap-5004\" class=\"aio-icon-box default-icon\" style=\"\"  ><div class=\"aio-icon-default\"><div class=\"ult-just-icon-wrapper  \"><div class=\"align-icon\" style=\"text-align:center;\">\n<div class=\"aio-icon-img \" style=\"font-size:65px;display:inline-block;\" >\n\t<img decoding=\"async\" class=\"img-icon\" alt=\"null\" src=\"https:\/\/aedcolor.com\/wp-content\/uploads\/2023\/05\/image-2.png\"\/>\n<\/div><\/div><\/div><\/div><div class=\"aio-icon-header\" ><h3 class=\"aio-icon-title ult-responsive\"  data-ultimate-target='#Info-box-wrap-5004 .aio-icon-title'  data-responsive-json-new='{\"font-size\":\"\",\"line-height\":\"\"}'  style=\"\">Sip\u00ebrfaqe: Beton<\/h3><\/div> <!-- header --><\/div> <!-- aio-icon-box --><\/div> <!-- aio-icon-component -->[\/vc_column_inner][vc_column_inner width=&#8221;1\/2&#8243;]<div class=\"aio-icon-component    style_1\"><div id=\"Info-box-wrap-3266\" class=\"aio-icon-box default-icon\" style=\"\"  ><div class=\"aio-icon-default\"><div class=\"ult-just-icon-wrapper  \"><div class=\"align-icon\" style=\"text-align:center;\">\n<div class=\"aio-icon-img \" style=\"font-size:65px;display:inline-block;\" >\n\t<img decoding=\"async\" class=\"img-icon\" alt=\"null\" src=\"https:\/\/aedcolor.com\/wp-content\/uploads\/2023\/05\/image-1.png\"\/>\n<\/div><\/div><\/div><\/div><div class=\"aio-icon-header\" ><h3 class=\"aio-icon-title ult-responsive\"  data-ultimate-target='#Info-box-wrap-3266 .aio-icon-title'  data-responsive-json-new='{\"font-size\":\"\",\"line-height\":\"\"}'  style=\"\">Aplikimi: Furc\u00eb, rul<\/h3><\/div> <!-- header --><\/div> <!-- aio-icon-box --><\/div> <!-- aio-icon-component -->[\/vc_column_inner][\/vc_row_inner][\/vc_column][\/vc_row]<\/p>\n<\/div>","protected":false},"excerpt":{"rendered":"<p>[vc_row css=&#8221;.vc_custom_1683099634441{padding-bottom: 30px !important;}&#8221;][vc_column width=&#8221;2\/3&#8243;][vc_custom_heading text=&#8221;VARNISH-PU 2K&#8221; font_container=&#8221;tag:h2|font_size:50|text_align:left&#8221; use_theme_fonts=&#8221;yes&#8221; link=&#8221;|title:AQUAMAT%20-%20SUPERELASTIC||&#8221;][\/vc_column][\/vc_row][vc_row][vc_column width=&#8221;1\/2&#8243;][vc_single_image image=&#8221;8894&#8243; img_size=&#8221;full&#8221;][\/vc_column][vc_column width=&#8221;1\/2&#8243;][vc_column_text]VARNISH-PU 2K \u00ebsht\u00eb nj\u00eb llak poliuretani transparent, alifatik me dy p\u00ebrb\u00ebr\u00ebs. Membrana q\u00eb krijohet \u00ebsht\u00eb e pap\u00ebrshkueshme dhe i reziston rrezeve UV; nuk b\u00ebhet i verdh\u00eb dhe ka rezistenc\u00eb shum\u00eb t\u00eb mir\u00eb mekanike dhe kimike. Ofron avantazhet e m\u00ebposhtme: P\u00ebrdorim t\u00eb thjesht\u00eb.&hellip;<\/p>\n","protected":false},"author":2,"featured_media":0,"parent":0,"menu_order":0,"comment_status":"closed","ping_status":"closed","template":"","meta":{"footnotes":""},"class_list":["post-8896","page","type-page","status-publish","hentry","description-off"],"_links":{"self":[{"href":"https:\/\/aedcolor.com\/index.php\/wp-json\/wp\/v2\/pages\/8896","targetHints":{"allow":["GET"]}}],"collection":[{"href":"https:\/\/aedcolor.com\/index.php\/wp-json\/wp\/v2\/pages"}],"about":[{"href":"https:\/\/aedcolor.com\/index.php\/wp-json\/wp\/v2\/types\/page"}],"author":[{"embeddable":true,"href":"https:\/\/aedcolor.com\/index.php\/wp-json\/wp\/v2\/users\/2"}],"replies":[{"embeddable":true,"href":"https:\/\/aedcolor.com\/index.php\/wp-json\/wp\/v2\/comments?post=8896"}],"version-history":[{"count":1,"href":"https:\/\/aedcolor.com\/index.php\/wp-json\/wp\/v2\/pages\/8896\/revisions"}],"predecessor-version":[{"id":8898,"href":"https:\/\/aedcolor.com\/index.php\/wp-json\/wp\/v2\/pages\/8896\/revisions\/8898"}],"wp:attachment":[{"href":"https:\/\/aedcolor.com\/index.php\/wp-json\/wp\/v2\/media?parent=8896"}],"curies":[{"name":"wp","href":"https:\/\/api.w.org\/{rel}","templated":true}]}}