{"id":8901,"date":"2023-09-11T13:47:15","date_gmt":"2023-09-11T13:47:15","guid":{"rendered":"https:\/\/aedcolor.com\/?page_id=8901"},"modified":"2023-09-11T13:47:15","modified_gmt":"2023-09-11T13:47:15","slug":"anti-grafiti-ag-77","status":"publish","type":"page","link":"https:\/\/aedcolor.com\/index.php\/anti-grafiti-ag-77\/","title":{"rendered":"ANTI-GRAFFITI AG 77"},"content":{"rendered":"<div class=\"wpb-content-wrapper\"><p>[vc_row css=&#8221;.vc_custom_1683099634441{padding-bottom: 30px !important;}&#8221;][vc_column width=&#8221;2\/3&#8243;][vc_custom_heading text=&#8221;ANTI-GRAFFITI AG 77&#8243; font_container=&#8221;tag:h2|font_size:50|text_align:left&#8221; use_theme_fonts=&#8221;yes&#8221; link=&#8221;|title:AQUAMAT%20-%20SUPERELASTIC||&#8221;][\/vc_column][\/vc_row][vc_row][vc_column width=&#8221;1\/2&#8243;][vc_single_image image=&#8221;8899&#8243; img_size=&#8221;full&#8221;][\/vc_column][vc_column width=&#8221;1\/2&#8243;][vc_column_text]<span style=\"color: #000000;\"><strong>Emulsion lyer\u00ebs me baz\u00eb parafine p\u00ebr mbrojtjen e sip\u00ebrfaqeve nga grafiti, ndotjet e mjedisit ose njollat etj.<\/strong> Nuk ndryshon paraqitjen e sip\u00ebrfaqes dhe lejon pastrimin e leht\u00eb. Ofron q\u00ebndrueshm\u00ebri dhe rezistenc\u00eb t\u00eb madhe ndaj kushteve t\u00eb motit. ANTI-GRAFFITI AG 77 p\u00ebrdoret mbi sip\u00ebrfaqet prej betoni, suvaje, guri, metali mermeri, sip\u00ebrfaqet e lyera etj. p\u00ebr ti mbrojtur ato nga grafiti ose ndotjet e mjedisit. Ai leht\u00ebson gjithashtu heqjen me leht\u00ebsi t\u00eb posterave. I p\u00ebrshtatsh\u00ebm p\u00ebr fasada, statuje, monumente, tabela orientuese metalike etj.<\/span><\/p>\n<p><strong><span style=\"color: #000000;\">N\u00ebnshtresa<\/span><\/strong><\/p>\n<p><span style=\"color: #000000;\">Sip\u00ebrfaqja duhet t\u00eb jet\u00eb e that\u00eb dhe pa pluhur, graso, grimca t\u00eb lira dhe njolla t\u00eb vjetra.<\/span><\/p>\n<p><strong><span style=\"color: #000000;\">P\u00ebrdorimi<\/span><\/strong><\/p>\n<p><span style=\"color: #000000;\">Materiali trazohet leht\u00eb p\u00ebrpara p\u00ebrdorimit dhe pastaj aplikohet jo i holluar me furc\u00eb, rul ose sp\u00ebrkatje, n\u00eb 1-2 shtresa, n\u00eb var\u00ebsi t\u00eb aft\u00ebsis\u00eb thith\u00ebse t\u00eb n\u00ebnshtres\u00ebs. Dora e dyt\u00eb jepet pasi shtresa e par\u00eb t\u00eb jet\u00eb thar\u00eb. N\u00eb sip\u00ebrfaqet me aft\u00ebsi thith\u00ebse t\u00eb m\u00ebdha, shtresa e par\u00eb mund t\u00eb hollohet me uj\u00eb deri n\u00eb 10% t\u00eb pesh\u00ebs. Pastrimi i nj\u00eb sip\u00ebrfaqeje t\u00eb trajtuar me ANTI GRAFFITI AG 77 b\u00ebhet leht\u00ebsisht duke p\u00ebrdorur uj\u00eb t\u00eb nxeht\u00eb me presion ose duke e f\u00ebrkuar me nj\u00eb sfungjer. P\u00ebr njolla t\u00eb forta rekomandohet p\u00ebrdorimi i detergjentit ose pastruesi special SM-25. Pas pastrimit, sip\u00ebrfaqja duhet t\u00eb mbrohet p\u00ebrs\u00ebri.<\/span>[\/vc_column_text][vc_row_inner][vc_column_inner width=&#8221;1\/2&#8243;]<div class=\"standard-arrow bullet-top\"><ul>\n<li><span style=\"color: #000000;\"><span style=\"color: #000000;\">Konsumi: 50-100 ml\/m2, n\u00eb var\u00ebsi t\u00eb aft\u00ebsis\u00eb thith\u00ebse t\u00eb sip\u00ebrfaqes<\/span><\/span><\/li>\n<\/ul>\n<\/div>[\/vc_column_inner][vc_column_inner width=&#8221;1\/2&#8243;]<div class=\"standard-arrow bullet-top\"><ul>\n<li><span style=\"color: #000000;\"><span style=\"color: #000000;\">ANTI-GRAFFITI AG 77 ofrohet n\u00eb ambalazhime plastike 1 l dhe 3 l.<\/span><\/span><\/li>\n<\/ul>\n<\/div>[\/vc_column_inner][\/vc_row_inner][vc_row_inner css=&#8221;.vc_custom_1683100048912{padding-top: 20px !important;}&#8221;][vc_column_inner width=&#8221;1\/2&#8243;]<div class=\"aio-icon-component    style_1\"><div id=\"Info-box-wrap-3945\" class=\"aio-icon-box default-icon\" style=\"\"  ><div class=\"aio-icon-default\"><div class=\"ult-just-icon-wrapper  \"><div class=\"align-icon\" style=\"text-align:center;\">\n<div class=\"aio-icon-img \" style=\"font-size:65px;display:inline-block;\" >\n\t<img decoding=\"async\" class=\"img-icon\" alt=\"null\" src=\"https:\/\/aedcolor.com\/wp-content\/uploads\/2023\/05\/image-2.png\"\/>\n<\/div><\/div><\/div><\/div><div class=\"aio-icon-header\" ><h3 class=\"aio-icon-title ult-responsive\"  data-ultimate-target='#Info-box-wrap-3945 .aio-icon-title'  data-responsive-json-new='{\"font-size\":\"\",\"line-height\":\"\"}'  style=\"\">Sip\u00ebrfaqe: Beton<\/h3><\/div> <!-- header --><\/div> <!-- aio-icon-box --><\/div> <!-- aio-icon-component -->[\/vc_column_inner][vc_column_inner width=&#8221;1\/2&#8243;]<div class=\"aio-icon-component    style_1\"><div id=\"Info-box-wrap-5332\" class=\"aio-icon-box default-icon\" style=\"\"  ><div class=\"aio-icon-default\"><div class=\"ult-just-icon-wrapper  \"><div class=\"align-icon\" style=\"text-align:center;\">\n<div class=\"aio-icon-img \" style=\"font-size:65px;display:inline-block;\" >\n\t<img decoding=\"async\" class=\"img-icon\" alt=\"null\" src=\"https:\/\/aedcolor.com\/wp-content\/uploads\/2023\/05\/image-1.png\"\/>\n<\/div><\/div><\/div><\/div><div class=\"aio-icon-header\" ><h3 class=\"aio-icon-title ult-responsive\"  data-ultimate-target='#Info-box-wrap-5332 .aio-icon-title'  data-responsive-json-new='{\"font-size\":\"\",\"line-height\":\"\"}'  style=\"\">Aplikimi: Furc\u00eb, rul<\/h3><\/div> <!-- header --><\/div> <!-- aio-icon-box --><\/div> <!-- aio-icon-component -->[\/vc_column_inner][\/vc_row_inner][\/vc_column][\/vc_row]<\/p>\n<\/div>","protected":false},"excerpt":{"rendered":"<p>[vc_row css=&#8221;.vc_custom_1683099634441{padding-bottom: 30px !important;}&#8221;][vc_column width=&#8221;2\/3&#8243;][vc_custom_heading text=&#8221;ANTI-GRAFFITI AG 77&#8243; font_container=&#8221;tag:h2|font_size:50|text_align:left&#8221; use_theme_fonts=&#8221;yes&#8221; link=&#8221;|title:AQUAMAT%20-%20SUPERELASTIC||&#8221;][\/vc_column][\/vc_row][vc_row][vc_column width=&#8221;1\/2&#8243;][vc_single_image image=&#8221;8899&#8243; img_size=&#8221;full&#8221;][\/vc_column][vc_column width=&#8221;1\/2&#8243;][vc_column_text]Emulsion lyer\u00ebs me baz\u00eb parafine p\u00ebr mbrojtjen e sip\u00ebrfaqeve nga grafiti, ndotjet e mjedisit ose njollat etj. Nuk ndryshon paraqitjen e sip\u00ebrfaqes dhe lejon pastrimin e leht\u00eb. Ofron q\u00ebndrueshm\u00ebri dhe rezistenc\u00eb t\u00eb madhe ndaj kushteve t\u00eb motit. ANTI-GRAFFITI AG 77 p\u00ebrdoret&hellip;<\/p>\n","protected":false},"author":2,"featured_media":0,"parent":0,"menu_order":0,"comment_status":"closed","ping_status":"closed","template":"","meta":{"footnotes":""},"class_list":["post-8901","page","type-page","status-publish","hentry","description-off"],"_links":{"self":[{"href":"https:\/\/aedcolor.com\/index.php\/wp-json\/wp\/v2\/pages\/8901","targetHints":{"allow":["GET"]}}],"collection":[{"href":"https:\/\/aedcolor.com\/index.php\/wp-json\/wp\/v2\/pages"}],"about":[{"href":"https:\/\/aedcolor.com\/index.php\/wp-json\/wp\/v2\/types\/page"}],"author":[{"embeddable":true,"href":"https:\/\/aedcolor.com\/index.php\/wp-json\/wp\/v2\/users\/2"}],"replies":[{"embeddable":true,"href":"https:\/\/aedcolor.com\/index.php\/wp-json\/wp\/v2\/comments?post=8901"}],"version-history":[{"count":1,"href":"https:\/\/aedcolor.com\/index.php\/wp-json\/wp\/v2\/pages\/8901\/revisions"}],"predecessor-version":[{"id":8905,"href":"https:\/\/aedcolor.com\/index.php\/wp-json\/wp\/v2\/pages\/8901\/revisions\/8905"}],"wp:attachment":[{"href":"https:\/\/aedcolor.com\/index.php\/wp-json\/wp\/v2\/media?parent=8901"}],"curies":[{"name":"wp","href":"https:\/\/api.w.org\/{rel}","templated":true}]}}