{"id":8908,"date":"2023-09-12T06:56:07","date_gmt":"2023-09-12T06:56:07","guid":{"rendered":"https:\/\/aedcolor.com\/?page_id=8908"},"modified":"2023-09-12T06:56:07","modified_gmt":"2023-09-12T06:56:07","slug":"cl-clean","status":"publish","type":"page","link":"https:\/\/aedcolor.com\/index.php\/cl-clean\/","title":{"rendered":"CL-CLEAN"},"content":{"rendered":"<div class=\"wpb-content-wrapper\"><p>[vc_row css=&#8221;.vc_custom_1683099634441{padding-bottom: 30px !important;}&#8221;][vc_column width=&#8221;2\/3&#8243;][vc_custom_heading text=&#8221;CL-CLEAN&#8221; font_container=&#8221;tag:h2|font_size:50|text_align:left&#8221; use_theme_fonts=&#8221;yes&#8221; link=&#8221;|title:AQUAMAT%20-%20SUPERELASTIC||&#8221;][\/vc_column][\/vc_row][vc_row][vc_column width=&#8221;1\/2&#8243;][vc_single_image image=&#8221;8906&#8243; img_size=&#8221;full&#8221;][\/vc_column][vc_column width=&#8221;1\/2&#8243;][vc_column_text]<span style=\"color: #000000;\">CL-CLEAN \u00ebsht\u00eb nj\u00eb l\u00ebng special p\u00ebr pastrim, i bazuar n\u00eb acid organik q\u00eb p\u00ebrdoret p\u00ebr pastrimin e mbetjeve t\u00eb betonit, cimentos, suvas\u00eb, kol\u00ebs s\u00eb pllakave dhe krip\u00ebs. Ai \u00ebsht\u00eb i p\u00ebrshtatsh\u00ebm p\u00ebr raste t\u00eb lidhura me ujin e pijsh\u00ebm ose ruajtjen e ushqimit, meqen\u00ebse nuk l\u00eb asnj mbetje. CL-CLEAN p\u00ebrdoret p\u00ebr t\u00eb pastruar mbetjet e cimentos, g\u00eblqeres ose krip\u00ebrave t\u00eb mbetura mbi pllakat qeramike, gurin natyral ose sip\u00ebrfaqet e papastra t\u00eb mermerit. Ai \u00ebsht\u00eb gjithashtu i p\u00ebrshtatsh\u00ebm p\u00ebr pastrimin e fasadave t\u00eb nd\u00ebrtesave nga mbetjet e llacit t\u00eb cimentos ose krip\u00ebrave.<\/span><\/p>\n<p><span style=\"color: #000000;\">CL-CLEAN p\u00ebrhapet mbi sip\u00ebrfaqen q\u00eb do t\u00eb pastrohet ose hollohet me uj\u00eb, deri n\u00eb raport 1:1. L\u00ebreni l\u00ebngun t\u00eb veproj\u00eb p\u00ebr 2-3 minuta dhe f\u00ebrkojeni sip\u00ebrfaqen me nj\u00eb furc\u00eb t\u00eb fort\u00eb (jo metalike). Lajeni sip\u00ebrfaqen me shum\u00eb uj\u00eb. N\u00eb raste t\u00eb v\u00ebshtira, mund t\u00eb jet\u00eb e nevojshme q\u00eb procedura t\u00eb p\u00ebrs\u00ebritet.<\/span>[\/vc_column_text][vc_row_inner][vc_column_inner width=&#8221;1\/2&#8243;]<div class=\"standard-arrow bullet-top\"><ul>\n<li><span style=\"color: #000000;\">Produkti p\u00ebrmban acid organik dhe klasifikohet si g\u00ebrryes.<\/span><\/li>\n<li><span style=\"color: #000000;\">Shikoni rreziqet e p\u00ebrdorimit dhe k\u00ebshillat p\u00ebr sigurin\u00eb q\u00eb jan\u00eb t\u00eb shkruara mbi etiket\u00eb<\/span><\/li>\n<li><span style=\"color: #000000;\">N\u00eb rast p\u00ebrdorimi n\u00eb ambiente t\u00eb mbyllura, duhet t\u00eb merren masa p\u00ebr ajrosje t\u00eb mir\u00eb.<\/span><\/li>\n<li><span style=\"color: #000000;\">P\u00ebr sip\u00ebrfaqe smalti, pastrimi duhet t\u00eb jet\u00eb i shkurt\u00ebr dhe duhet t\u00eb ndiqet nga nj\u00eb larje e plot\u00eb menj\u00ebher\u00eb pas k\u00ebsaj.<\/span><\/li>\n<\/ul>\n<\/div>[\/vc_column_inner][vc_column_inner width=&#8221;1\/2&#8243;]<div class=\"standard-arrow bullet-top\"><ul>\n<li><span style=\"color: #000000;\">Veglat ose en\u00ebt metalike nuk jan\u00eb t\u00eb p\u00ebrshtatshme p\u00ebr aplikimin e CL-CLEAN.<\/span><\/li>\n<li><span style=\"color: #000000;\">P\u00ebr t\u00eb shmangur rrezikun e zbehjes s\u00eb ngjyr\u00ebs, p\u00ebrpara aplikimit t\u00eb gjer\u00eb, rekomandohet testimi n\u00eb nj\u00eb sip\u00ebrfaqe t\u00eb kufizuar.<\/span><\/li>\n<li><span style=\"color: #000000;\">Produkti p\u00ebrmban acid formik.<\/span><\/li>\n<\/ul>\n<\/div>[\/vc_column_inner][\/vc_row_inner][vc_row_inner css=&#8221;.vc_custom_1683100048912{padding-top: 20px !important;}&#8221;][vc_column_inner width=&#8221;1\/2&#8243;]<div class=\"aio-icon-component    style_1\"><div id=\"Info-box-wrap-9830\" class=\"aio-icon-box default-icon\" style=\"\"  ><div class=\"aio-icon-default\"><div class=\"ult-just-icon-wrapper  \"><div class=\"align-icon\" style=\"text-align:center;\">\n<div class=\"aio-icon-img \" style=\"font-size:65px;display:inline-block;\" >\n\t<img decoding=\"async\" class=\"img-icon\" alt=\"null\" src=\"https:\/\/aedcolor.com\/wp-content\/uploads\/2023\/05\/image-2.png\"\/>\n<\/div><\/div><\/div><\/div><div class=\"aio-icon-header\" ><h3 class=\"aio-icon-title ult-responsive\"  data-ultimate-target='#Info-box-wrap-9830 .aio-icon-title'  data-responsive-json-new='{\"font-size\":\"\",\"line-height\":\"\"}'  style=\"\">Sip\u00ebrfaqe: Beton<\/h3><\/div> <!-- header --><\/div> <!-- aio-icon-box --><\/div> <!-- aio-icon-component -->[\/vc_column_inner][vc_column_inner width=&#8221;1\/2&#8243;]<div class=\"aio-icon-component    style_1\"><div id=\"Info-box-wrap-4508\" class=\"aio-icon-box default-icon\" style=\"\"  ><div class=\"aio-icon-default\"><div class=\"ult-just-icon-wrapper  \"><div class=\"align-icon\" style=\"text-align:center;\">\n<div class=\"aio-icon-img \" style=\"font-size:65px;display:inline-block;\" >\n\t<img decoding=\"async\" class=\"img-icon\" alt=\"null\" src=\"https:\/\/aedcolor.com\/wp-content\/uploads\/2023\/05\/image-1.png\"\/>\n<\/div><\/div><\/div><\/div><div class=\"aio-icon-header\" ><h3 class=\"aio-icon-title ult-responsive\"  data-ultimate-target='#Info-box-wrap-4508 .aio-icon-title'  data-responsive-json-new='{\"font-size\":\"\",\"line-height\":\"\"}'  style=\"\">Aplikimi: Furc\u00eb, rul<\/h3><\/div> <!-- header --><\/div> <!-- aio-icon-box --><\/div> <!-- aio-icon-component -->[\/vc_column_inner][\/vc_row_inner][\/vc_column][\/vc_row]<\/p>\n<\/div>","protected":false},"excerpt":{"rendered":"<p>[vc_row css=&#8221;.vc_custom_1683099634441{padding-bottom: 30px !important;}&#8221;][vc_column width=&#8221;2\/3&#8243;][vc_custom_heading text=&#8221;CL-CLEAN&#8221; font_container=&#8221;tag:h2|font_size:50|text_align:left&#8221; use_theme_fonts=&#8221;yes&#8221; link=&#8221;|title:AQUAMAT%20-%20SUPERELASTIC||&#8221;][\/vc_column][\/vc_row][vc_row][vc_column width=&#8221;1\/2&#8243;][vc_single_image image=&#8221;8906&#8243; img_size=&#8221;full&#8221;][\/vc_column][vc_column width=&#8221;1\/2&#8243;][vc_column_text]CL-CLEAN \u00ebsht\u00eb nj\u00eb l\u00ebng special p\u00ebr pastrim, i bazuar n\u00eb acid organik q\u00eb p\u00ebrdoret p\u00ebr pastrimin e mbetjeve t\u00eb betonit, cimentos, suvas\u00eb, kol\u00ebs s\u00eb pllakave dhe krip\u00ebs. Ai \u00ebsht\u00eb i p\u00ebrshtatsh\u00ebm p\u00ebr raste t\u00eb lidhura me ujin e pijsh\u00ebm ose ruajtjen e ushqimit,&hellip;<\/p>\n","protected":false},"author":2,"featured_media":0,"parent":0,"menu_order":0,"comment_status":"closed","ping_status":"closed","template":"","meta":{"footnotes":""},"class_list":["post-8908","page","type-page","status-publish","hentry","description-off"],"_links":{"self":[{"href":"https:\/\/aedcolor.com\/index.php\/wp-json\/wp\/v2\/pages\/8908","targetHints":{"allow":["GET"]}}],"collection":[{"href":"https:\/\/aedcolor.com\/index.php\/wp-json\/wp\/v2\/pages"}],"about":[{"href":"https:\/\/aedcolor.com\/index.php\/wp-json\/wp\/v2\/types\/page"}],"author":[{"embeddable":true,"href":"https:\/\/aedcolor.com\/index.php\/wp-json\/wp\/v2\/users\/2"}],"replies":[{"embeddable":true,"href":"https:\/\/aedcolor.com\/index.php\/wp-json\/wp\/v2\/comments?post=8908"}],"version-history":[{"count":1,"href":"https:\/\/aedcolor.com\/index.php\/wp-json\/wp\/v2\/pages\/8908\/revisions"}],"predecessor-version":[{"id":8911,"href":"https:\/\/aedcolor.com\/index.php\/wp-json\/wp\/v2\/pages\/8908\/revisions\/8911"}],"wp:attachment":[{"href":"https:\/\/aedcolor.com\/index.php\/wp-json\/wp\/v2\/media?parent=8908"}],"curies":[{"name":"wp","href":"https:\/\/api.w.org\/{rel}","templated":true}]}}