{"id":8919,"date":"2023-09-12T09:02:26","date_gmt":"2023-09-12T09:02:26","guid":{"rendered":"https:\/\/aedcolor.com\/?page_id=8919"},"modified":"2023-09-12T09:02:26","modified_gmt":"2023-09-12T09:02:26","slug":"cl-mold","status":"publish","type":"page","link":"https:\/\/aedcolor.com\/index.php\/cl-mold\/","title":{"rendered":"CL-MOLD"},"content":{"rendered":"<div class=\"wpb-content-wrapper\"><p>[vc_row css=&#8221;.vc_custom_1683099634441{padding-bottom: 30px !important;}&#8221;][vc_column width=&#8221;2\/3&#8243;][vc_custom_heading text=&#8221;CL-MOLD&#8221; font_container=&#8221;tag:h2|font_size:50|text_align:left&#8221; use_theme_fonts=&#8221;yes&#8221; link=&#8221;|title:AQUAMAT%20-%20SUPERELASTIC||&#8221;][\/vc_column][\/vc_row][vc_row][vc_column width=&#8221;1\/2&#8243;][vc_single_image image=&#8221;8917&#8243; img_size=&#8221;full&#8221;][\/vc_column][vc_column width=&#8221;1\/2&#8243;][vc_column_text]<span style=\"color: #000000;\"><strong>L\u00ebng special me aktivitet kundra mykut p\u00ebr ambiente t\u00eb brendshme dhe t\u00eb jashtme.<\/strong> Pastron dhe disifekton sip\u00ebrfaqet nga myku, bakteret dhe algat. \u00cbsht\u00eb pa er\u00eb dhe miq\u00ebsor p\u00ebr p\u00ebrdoruesin dhe ambientin. P\u00ebrdoret n\u00eb sip\u00ebrfaqe t\u00eb lyera t\u00eb cilat jan\u00eb prekur nga myku, por dhe p\u00ebr t\u00eb parandaluar rritjen e mikroorganizmave mbi sip\u00ebrfaqen e boj\u00ebs, n\u00eb ambiente me lag\u00ebshti t\u00eb lart\u00eb. \u00cbsht\u00eb shum\u00eb i efektsh\u00ebm n\u00eb sip\u00ebrfaqe si mure, tavane, gur\u00eb natyral, tulla, cimento, pishina, etj. Gjithashtu mund t\u00eb p\u00ebrdoret p\u00ebr dizinfektim nga funget dhe p\u00ebr ruajtjen e kushteve sanitare n\u00eb ambiente si kuzhina, restorante, hotele, industri ose depo ushqimi etj.\u00a0<\/span><\/p>\n<p><span style=\"color: #000000;\">SI l\u00ebng p\u00ebr heqjen e mykurt: CL-MOLD p\u00ebrhapet i pa holluar mbi sip\u00ebrfaqen q\u00eb \u00ebsht\u00eb influencuar nga myku, bakteret ose algat, me leck\u00eb ose me sfungjer dhe lihet t\u00eb veproj\u00eb p\u00ebr 24 or\u00eb. Pastaj hiqen mbetjet e mykut me sfungjer, b\u00ebhet shplarje me uj\u00eb t\u00eb past\u00ebr dhe sip\u00ebrfaqja lihet te thahet krejt.<\/span><\/p>\n<p><span style=\"color: #000000;\"><em>P\u00ebrdorim parandalues:<\/em> Aplikoni CL-MOLD n\u00eb sip\u00ebrfaqen elyer koh\u00eb pas kohe p\u00ebr t\u00eb siguruar mbrojtje me afat t\u00eb gjat\u00eb nga rritja e mikroorganizmave.<\/span><\/p>\n<p><span style=\"color: #000000;\"><em>P\u00ebrdorim dizinfektimi:<\/em> Si dizinfektues l\u00ebngu CL-MOLD aplikohet n\u00eb sip\u00ebrfaqe t\u00eb holluar n\u00eb raport 1:10 me uj\u00eb.<\/span><\/p>\n<p>[\/vc_column_text][vc_row_inner][vc_column_inner width=&#8221;1\/2&#8243;]<div class=\"standard-arrow bullet-top\"><ul>\n<li><span style=\"color: #000000;\"><span style=\"color: #000000;\">Konsumi: 15-20 m2\/l, n\u00eb var\u00ebsi me thithshm\u00ebrin\u00eb e sip\u00ebrfaqes.<\/span><\/span><\/li>\n<\/ul>\n<\/div>[\/vc_column_inner][vc_column_inner width=&#8221;1\/2&#8243;]<div class=\"standard-arrow bullet-top\"><ul>\n<li><span style=\"color: #000000;\"><span style=\"color: #000000;\">Ofrohet ne amballazhe 1 litra.<\/span><\/span><\/li>\n<\/ul>\n<\/div>[\/vc_column_inner][\/vc_row_inner][vc_row_inner css=&#8221;.vc_custom_1683100048912{padding-top: 20px !important;}&#8221;][vc_column_inner width=&#8221;1\/2&#8243;]<div class=\"aio-icon-component    style_1\"><div id=\"Info-box-wrap-3035\" class=\"aio-icon-box default-icon\" style=\"\"  ><div class=\"aio-icon-default\"><div class=\"ult-just-icon-wrapper  \"><div class=\"align-icon\" style=\"text-align:center;\">\n<div class=\"aio-icon-img \" style=\"font-size:65px;display:inline-block;\" >\n\t<img decoding=\"async\" class=\"img-icon\" alt=\"null\" src=\"https:\/\/aedcolor.com\/wp-content\/uploads\/2023\/05\/image-2.png\"\/>\n<\/div><\/div><\/div><\/div><div class=\"aio-icon-header\" ><h3 class=\"aio-icon-title ult-responsive\"  data-ultimate-target='#Info-box-wrap-3035 .aio-icon-title'  data-responsive-json-new='{\"font-size\":\"\",\"line-height\":\"\"}'  style=\"\">Sip\u00ebrfaqe: Beton<\/h3><\/div> <!-- header --><\/div> <!-- aio-icon-box --><\/div> <!-- aio-icon-component -->[\/vc_column_inner][vc_column_inner width=&#8221;1\/2&#8243;]<div class=\"aio-icon-component    style_1\"><div id=\"Info-box-wrap-8868\" class=\"aio-icon-box default-icon\" style=\"\"  ><div class=\"aio-icon-default\"><div class=\"ult-just-icon-wrapper  \"><div class=\"align-icon\" style=\"text-align:center;\">\n<div class=\"aio-icon-img \" style=\"font-size:65px;display:inline-block;\" >\n\t<img decoding=\"async\" class=\"img-icon\" alt=\"null\" src=\"https:\/\/aedcolor.com\/wp-content\/uploads\/2023\/05\/image-1.png\"\/>\n<\/div><\/div><\/div><\/div><div class=\"aio-icon-header\" ><h3 class=\"aio-icon-title ult-responsive\"  data-ultimate-target='#Info-box-wrap-8868 .aio-icon-title'  data-responsive-json-new='{\"font-size\":\"\",\"line-height\":\"\"}'  style=\"\">Aplikimi: Furc\u00eb, rul<\/h3><\/div> <!-- header --><\/div> <!-- aio-icon-box --><\/div> <!-- aio-icon-component -->[\/vc_column_inner][\/vc_row_inner][\/vc_column][\/vc_row]<\/p>\n<\/div>","protected":false},"excerpt":{"rendered":"<p>[vc_row css=&#8221;.vc_custom_1683099634441{padding-bottom: 30px !important;}&#8221;][vc_column width=&#8221;2\/3&#8243;][vc_custom_heading text=&#8221;CL-MOLD&#8221; font_container=&#8221;tag:h2|font_size:50|text_align:left&#8221; use_theme_fonts=&#8221;yes&#8221; link=&#8221;|title:AQUAMAT%20-%20SUPERELASTIC||&#8221;][\/vc_column][\/vc_row][vc_row][vc_column width=&#8221;1\/2&#8243;][vc_single_image image=&#8221;8917&#8243; img_size=&#8221;full&#8221;][\/vc_column][vc_column width=&#8221;1\/2&#8243;][vc_column_text]L\u00ebng special me aktivitet kundra mykut p\u00ebr ambiente t\u00eb brendshme dhe t\u00eb jashtme. Pastron dhe disifekton sip\u00ebrfaqet nga myku, bakteret dhe algat. \u00cbsht\u00eb pa er\u00eb dhe miq\u00ebsor p\u00ebr p\u00ebrdoruesin dhe ambientin. P\u00ebrdoret n\u00eb sip\u00ebrfaqe t\u00eb lyera t\u00eb cilat jan\u00eb prekur nga myku, por&hellip;<\/p>\n","protected":false},"author":2,"featured_media":0,"parent":0,"menu_order":0,"comment_status":"closed","ping_status":"closed","template":"","meta":{"footnotes":""},"class_list":["post-8919","page","type-page","status-publish","hentry","description-off"],"_links":{"self":[{"href":"https:\/\/aedcolor.com\/index.php\/wp-json\/wp\/v2\/pages\/8919","targetHints":{"allow":["GET"]}}],"collection":[{"href":"https:\/\/aedcolor.com\/index.php\/wp-json\/wp\/v2\/pages"}],"about":[{"href":"https:\/\/aedcolor.com\/index.php\/wp-json\/wp\/v2\/types\/page"}],"author":[{"embeddable":true,"href":"https:\/\/aedcolor.com\/index.php\/wp-json\/wp\/v2\/users\/2"}],"replies":[{"embeddable":true,"href":"https:\/\/aedcolor.com\/index.php\/wp-json\/wp\/v2\/comments?post=8919"}],"version-history":[{"count":1,"href":"https:\/\/aedcolor.com\/index.php\/wp-json\/wp\/v2\/pages\/8919\/revisions"}],"predecessor-version":[{"id":8921,"href":"https:\/\/aedcolor.com\/index.php\/wp-json\/wp\/v2\/pages\/8919\/revisions\/8921"}],"wp:attachment":[{"href":"https:\/\/aedcolor.com\/index.php\/wp-json\/wp\/v2\/media?parent=8919"}],"curies":[{"name":"wp","href":"https:\/\/api.w.org\/{rel}","templated":true}]}}