{"id":8936,"date":"2023-09-12T12:30:42","date_gmt":"2023-09-12T12:30:42","guid":{"rendered":"https:\/\/aedcolor.com\/?page_id=8936"},"modified":"2023-09-12T12:30:42","modified_gmt":"2023-09-12T12:30:42","slug":"flex-pu-2k","status":"publish","type":"page","link":"https:\/\/aedcolor.com\/index.php\/flex-pu-2k\/","title":{"rendered":"FLEX PU-2K"},"content":{"rendered":"<div class=\"wpb-content-wrapper\"><p>[vc_row css=&#8221;.vc_custom_1683099634441{padding-bottom: 30px !important;}&#8221;][vc_column width=&#8221;2\/3&#8243;][vc_custom_heading text=&#8221;FLEX PU-2K&#8221; font_container=&#8221;tag:h2|font_size:50|text_align:left&#8221; use_theme_fonts=&#8221;yes&#8221; link=&#8221;|title:AQUAMAT%20-%20SUPERELASTIC||&#8221;][\/vc_column][\/vc_row][vc_row][vc_column width=&#8221;1\/2&#8243;][vc_single_image image=&#8221;8934&#8243; img_size=&#8221;full&#8221;][\/vc_column][vc_column width=&#8221;1\/2&#8243;][vc_column_text]<span style=\"color: #000000;\"><strong>FLEX PU-2K \u00ebsht\u00eb nj\u00eb mastik\u00eb me dy p\u00ebrb\u00ebr\u00ebs me baz\u00eb rr\u00ebshire poliuretani. Kur p\u00ebrziehet, dy p\u00ebrb\u00ebr\u00ebsit vullkanizohen n\u00eb nj\u00eb mas\u00eb t\u00eb lidhur dhe elastike.<\/strong> Mastika ka rezistenc\u00eb t\u00eb shk\u00eblqyer ndaj rrezeve UV dhe stabilitet termik (p\u00ebrmban stabilizues UV dhe antioksidant\u00eb).<\/span><\/p>\n<p><strong><span style=\"color: #000000;\">Ofrohet n\u00eb dy tipe:<\/span><\/strong><\/p>\n<ul>\n<li><span style=\"color: #000000;\">FLEX PU-2KV p\u00ebr sip\u00ebrfaqe vertikale<\/span><\/li>\n<li><span style=\"color: #000000;\">FLEX PU-2KH p\u00ebr sip\u00ebrfaqe horizontale.<\/span><\/li>\n<\/ul>\n<p><span style=\"color: #000000;\">FLEX PU-2K \u00ebsht\u00eb i p\u00ebrshtatsh\u00ebm p\u00ebr mbylljen e nyjeve vertikale dhe horizontale t\u00eb betonit n\u00eb nd\u00ebrtesa dhe punime inxhinierike dhe hidraulike. FLEX-PU 2K \u00ebsht\u00eb rezistent ndaj karburantit dhe vajit. \u00cbsht\u00eb testuar sipas standardeve EN 14187-4: P\u00ebrcaktimi i ndryshimit t\u00eb mas\u00ebs dhe v\u00ebllimit pas zhytjes n\u00eb karburante testuese dhe kimikate t\u00eb l\u00ebngshme.<\/span><\/p>\n<p><strong><span style=\"color: #000000;\">P\u00ebrgatitja e n\u00ebnshtres\u00ebs<\/span><\/strong><\/p>\n<ul>\n<li><span style=\"color: #000000;\">Deformimi maksimal i pritur i fug\u00ebs, i cili varet nga gjat\u00ebsia e elementeve nd\u00ebrtuese, koeficienti i zgjerimit t\u00eb n\u00ebnshtres\u00ebs dhe luhatja maksimale e temperatur\u00ebs gjat\u00eb vitit, nuk duhet t\u00eb kalojn\u00eb 25-30% t\u00eb gjer\u00ebsis\u00eb origjinale t\u00eb fug\u00ebs. Idealisht rekomandohet q\u00eb gjer\u00ebsia minimale e fug\u00ebs t\u00eb mos jet\u00eb m\u00eb pak se 1.0-1.5 cm dhe maksimalja mos t\u00eb jet\u00eb m\u00eb shum\u00eb se 5 cm. Megjithat\u00eb, mund t\u00eb p\u00ebrdoret n\u00eb rast ku gjer\u00ebsia e fug\u00ebs \u00ebsht\u00eb deri 8 cm. Thell\u00ebsia e mastik\u00ebs mund t\u00eb p\u00ebrshtatet n\u00eb 50% me gjer\u00ebsin\u00eb e fug\u00ebs, por duhet t\u00eb jet\u00eb t\u00eb pakt\u00ebn 1,5 cm.<\/span><\/li>\n<li><span style=\"color: #000000;\">Pjes\u00ebt an\u00ebsore t\u00eb fug\u00ebs duhet t\u00eb pastrohen krejt nga materialet e lira, pluhuri, etj., duke i hequr me aj\u00ebr me presion.<\/span><\/li>\n<li><span style=\"color: #000000;\">Kur nevojitet, pjes\u00ebt an\u00ebsore t\u00eb fug\u00ebs vishen me PRIMER-PU 100 p\u00ebr t\u00eb p\u00ebrforcuar ngjitjen e mastik\u00ebs.<\/span><\/li>\n<li><span style=\"color: #000000;\">Kur nevojitet, thell\u00ebsia e mastik\u00ebs kontrollohet me CELUFILL. N\u00eb k\u00ebt\u00eb m\u00ebnyr\u00eb, mastika nuk ngjitet me pjes\u00ebn e poshtme t\u00eb fug\u00ebs dhe \u00ebsht\u00eb e lir\u00eb t\u00eb l\u00ebviz\u00eb, duke ndjekur l\u00ebvizjet e tkurrjes-bymimit t\u00eb fug\u00ebs.<\/span><\/li>\n<\/ul>\n<p><strong><span style=\"color: #000000;\">P\u00ebrdorimi<\/span><\/strong><\/p>\n<ul>\n<li><span style=\"color: #000000;\">Dy p\u00ebrb\u00ebr\u00ebsit, t\u00eb paketuar me raport t\u00eb fiksuar sipas pesh\u00ebs, duhet t\u00eb p\u00ebrzihen krejt me nj\u00eb tjet\u00ebr duke p\u00ebrdorur nj\u00eb mikser t\u00eb p\u00ebrshtatsh\u00ebm, p.sh. t\u00eb vendoset nj\u00eb p\u00ebrzjer\u00ebs n\u00eb form\u00eb helike n\u00eb mikser. P\u00ebrzierja duhet t\u00eb vazhdoj\u00eb derisa t\u00eb homogjenizohen krejt p\u00ebrb\u00ebr\u00ebsit. Meq\u00eb dy p\u00ebrb\u00ebr\u00ebsit kan\u00eb ngjyra t\u00eb ndryshme (A-i bardh\u00eb, B-i zi), homogjenizimi mund t\u00eb kontrollohet me sy (kur p\u00ebrzierja ka ngjyr\u00eb gri, pa njolla t\u00eb cel\u00ebta ose t\u00eb err\u00ebta ose vija, p\u00ebrzierja \u00ebsht\u00eb e p\u00ebrfunduar).<\/span><\/li>\n<li><span style=\"color: #000000;\">Mastika e p\u00ebrzier\u00eb vendoset brenda fug\u00ebs me\u00a0 ndihm\u00ebn e nj\u00eb pistolete t\u00eb vecant\u00eb p\u00ebr k\u00ebt\u00eb pun\u00eb, ose me shpatull (p\u00ebr p\u00ebrdorime t\u00eb vogla).<\/span><\/li>\n<li><span style=\"color: #000000;\">Sip\u00ebrfaqja e mastik\u00ebs s\u00eb njom\u00eb drejtohet me nj\u00eb shpatull q\u00eb t\u00eb krijoj\u00eb nj\u00eb menisk konkav.<\/span><\/li>\n<\/ul>\n<p>[\/vc_column_text][vc_row_inner][vc_column_inner width=&#8221;1\/2&#8243;]<div class=\"standard-arrow bullet-top\"><ul>\n<li><span style=\"color: #000000;\">Konsumi: 1,45 kg\/l t\u00eb volumit t\u00eb p\u00ebrgjithsh\u00ebm.<\/span><\/li>\n<\/ul>\n<\/div>[\/vc_column_inner][vc_column_inner width=&#8221;1\/2&#8243;]<div class=\"standard-arrow bullet-top\"><ul>\n<li><span style=\"color: #000000;\">FLEX PU-2K ofrohet ne kuti (A+B) prej 5 kg, dhe p\u00ebrb\u00ebr\u00ebsit A dh\u00a0 kan\u00eb raport t\u00eb fiksuar sipas pesh\u00ebs.<\/span><\/li>\n<\/ul>\n<\/div>[\/vc_column_inner][\/vc_row_inner][vc_row_inner css=&#8221;.vc_custom_1683100048912{padding-top: 20px !important;}&#8221;][vc_column_inner width=&#8221;1\/2&#8243;]<div class=\"aio-icon-component    style_1\"><div id=\"Info-box-wrap-7195\" class=\"aio-icon-box default-icon\" style=\"\"  ><div class=\"aio-icon-default\"><div class=\"ult-just-icon-wrapper  \"><div class=\"align-icon\" style=\"text-align:center;\">\n<div class=\"aio-icon-img \" style=\"font-size:65px;display:inline-block;\" >\n\t<img decoding=\"async\" class=\"img-icon\" alt=\"null\" src=\"https:\/\/aedcolor.com\/wp-content\/uploads\/2023\/05\/image-2.png\"\/>\n<\/div><\/div><\/div><\/div><div class=\"aio-icon-header\" ><h3 class=\"aio-icon-title ult-responsive\"  data-ultimate-target='#Info-box-wrap-7195 .aio-icon-title'  data-responsive-json-new='{\"font-size\":\"\",\"line-height\":\"\"}'  style=\"\">Sip\u00ebrfaqe: Beton<\/h3><\/div> <!-- header --><\/div> <!-- aio-icon-box --><\/div> <!-- aio-icon-component -->[\/vc_column_inner][vc_column_inner width=&#8221;1\/2&#8243;]<div class=\"aio-icon-component    style_1\"><div id=\"Info-box-wrap-2562\" class=\"aio-icon-box default-icon\" style=\"\"  ><div class=\"aio-icon-default\"><div class=\"ult-just-icon-wrapper  \"><div class=\"align-icon\" style=\"text-align:center;\">\n<div class=\"aio-icon-img \" style=\"font-size:65px;display:inline-block;\" >\n\t<img decoding=\"async\" class=\"img-icon\" alt=\"null\" src=\"https:\/\/aedcolor.com\/wp-content\/uploads\/2023\/05\/image-1.png\"\/>\n<\/div><\/div><\/div><\/div><div class=\"aio-icon-header\" ><h3 class=\"aio-icon-title ult-responsive\"  data-ultimate-target='#Info-box-wrap-2562 .aio-icon-title'  data-responsive-json-new='{\"font-size\":\"\",\"line-height\":\"\"}'  style=\"\">Aplikimi: Furc\u00eb, rul<\/h3><\/div> <!-- header --><\/div> <!-- aio-icon-box --><\/div> <!-- aio-icon-component -->[\/vc_column_inner][\/vc_row_inner][\/vc_column][\/vc_row]<\/p>\n<\/div>","protected":false},"excerpt":{"rendered":"<p>[vc_row css=&#8221;.vc_custom_1683099634441{padding-bottom: 30px !important;}&#8221;][vc_column width=&#8221;2\/3&#8243;][vc_custom_heading text=&#8221;FLEX PU-2K&#8221; font_container=&#8221;tag:h2|font_size:50|text_align:left&#8221; use_theme_fonts=&#8221;yes&#8221; link=&#8221;|title:AQUAMAT%20-%20SUPERELASTIC||&#8221;][\/vc_column][\/vc_row][vc_row][vc_column width=&#8221;1\/2&#8243;][vc_single_image image=&#8221;8934&#8243; img_size=&#8221;full&#8221;][\/vc_column][vc_column width=&#8221;1\/2&#8243;][vc_column_text]FLEX PU-2K \u00ebsht\u00eb nj\u00eb mastik\u00eb me dy p\u00ebrb\u00ebr\u00ebs me baz\u00eb rr\u00ebshire poliuretani. Kur p\u00ebrziehet, dy p\u00ebrb\u00ebr\u00ebsit vullkanizohen n\u00eb nj\u00eb mas\u00eb t\u00eb lidhur dhe elastike. Mastika ka rezistenc\u00eb t\u00eb shk\u00eblqyer ndaj rrezeve UV dhe stabilitet termik (p\u00ebrmban stabilizues UV dhe antioksidant\u00eb). Ofrohet n\u00eb&hellip;<\/p>\n","protected":false},"author":2,"featured_media":0,"parent":0,"menu_order":0,"comment_status":"closed","ping_status":"closed","template":"","meta":{"footnotes":""},"class_list":["post-8936","page","type-page","status-publish","hentry","description-off"],"_links":{"self":[{"href":"https:\/\/aedcolor.com\/index.php\/wp-json\/wp\/v2\/pages\/8936","targetHints":{"allow":["GET"]}}],"collection":[{"href":"https:\/\/aedcolor.com\/index.php\/wp-json\/wp\/v2\/pages"}],"about":[{"href":"https:\/\/aedcolor.com\/index.php\/wp-json\/wp\/v2\/types\/page"}],"author":[{"embeddable":true,"href":"https:\/\/aedcolor.com\/index.php\/wp-json\/wp\/v2\/users\/2"}],"replies":[{"embeddable":true,"href":"https:\/\/aedcolor.com\/index.php\/wp-json\/wp\/v2\/comments?post=8936"}],"version-history":[{"count":1,"href":"https:\/\/aedcolor.com\/index.php\/wp-json\/wp\/v2\/pages\/8936\/revisions"}],"predecessor-version":[{"id":8938,"href":"https:\/\/aedcolor.com\/index.php\/wp-json\/wp\/v2\/pages\/8936\/revisions\/8938"}],"wp:attachment":[{"href":"https:\/\/aedcolor.com\/index.php\/wp-json\/wp\/v2\/media?parent=8936"}],"curies":[{"name":"wp","href":"https:\/\/api.w.org\/{rel}","templated":true}]}}