{"id":8941,"date":"2023-09-12T13:24:28","date_gmt":"2023-09-12T13:24:28","guid":{"rendered":"https:\/\/aedcolor.com\/?page_id=8941"},"modified":"2023-09-12T13:24:51","modified_gmt":"2023-09-12T13:24:51","slug":"asphaltos","status":"publish","type":"page","link":"https:\/\/aedcolor.com\/index.php\/asphaltos\/","title":{"rendered":"ASPHALTOS"},"content":{"rendered":"<div class=\"wpb-content-wrapper\"><p>[vc_row css=&#8221;.vc_custom_1683099634441{padding-bottom: 30px !important;}&#8221;][vc_column width=&#8221;2\/3&#8243;][vc_custom_heading text=&#8221;ASPHALTOS&#8221; font_container=&#8221;tag:h2|font_size:50|text_align:left&#8221; use_theme_fonts=&#8221;yes&#8221; link=&#8221;|title:AQUAMAT%20-%20SUPERELASTIC||&#8221;][\/vc_column][\/vc_row][vc_row][vc_column width=&#8221;1\/2&#8243;][vc_single_image image=&#8221;8939&#8243; img_size=&#8221;full&#8221;][\/vc_column][vc_column width=&#8221;1\/2&#8243;][vc_column_text]<span style=\"color: #000000;\"><strong>P\u00ebrzierje e ftoht\u00eb asfalti, e gatshme p\u00ebr tu p\u00ebrdorur, p\u00ebr mbushjen e gropave t\u00eb vogla t\u00eb trotuareve me asfalt ose me beton.<\/strong> Mund\u00ebson fleksibilitet t\u00eb lart\u00eb, pa u car\u00eb p\u00ebr shkak t\u00eb ehekteve tkurrje-zgjerim. Ngjitet n\u00eb m\u00ebnyr\u00eb t\u00eb mrekullueshme te n\u00ebnshtresa dhe nuk d\u00ebmtohet nga rrotat e gomave. P\u00ebrfshin rezistenc\u00eb t\u00eb lart\u00eb ndaj kushteve t\u00eb motit dhe vjetrimit. Siguron aplikim t\u00eb thjesht\u00eb pa pasur nevoj\u00eb p\u00ebr p\u00ebrgatitjen e n\u00ebnshtres\u00ebs dhe pa k\u00ebrkuar pajisje tv vecanta. Trotuari mund t\u00eb lirohet menj\u00ebher\u00eb p\u00ebr l\u00ebvizje. I p\u00ebrshtatsh\u00ebm p\u00ebr restaurimin e shpejt\u00eb t\u00eb d\u00ebmtimeve t\u00eb vogla (gropave, carjeve etj) n\u00eb trotuare me asfalt ose me beton, n\u00eb rrug\u00eb fshati, n\u00eb rrug\u00eb, n\u00eb ura, parkingje, si dhe n\u00eb oborret e fabrikave, shkollave, spitaleve etj.<\/span><\/p>\n<p><strong><span style=\"color: #000000;\">N\u00ebnshtresa<\/span><\/strong><\/p>\n<p><span style=\"color: #000000;\">Zona q\u00eb do t\u00eb restaurohet duhet t\u00eb jet\u00eb e past\u00ebr, pa pluhur, pa vaj, grimca t\u00eb lira etj. vecan\u00ebrisht n\u00eb perimetrin e saj, Gjithashtu, ajo nuk duhet t\u00eb mbaj\u00eb uj\u00eb. N\u00eb rast se thell\u00ebsia e riparimit kalon 10 cm, rekomandohet hedhja e r\u00ebr\u00ebs dhe zhavorrit dhe ngjeshja e tyre plot\u00ebsisht.<\/span><\/p>\n<p><strong><span style=\"color: #000000;\">P\u00ebrdorimi<\/span><\/strong><\/p>\n<p><span style=\"color: #000000;\">P\u00ebrzierja riparuese \u00ebsht\u00eb e gatshme dhe nuk ka nevoj\u00eb p\u00ebr tundje ose p\u00ebr trazim. Gropa mbushet me p\u00ebrzierjen e asfaltit n\u00eb m\u00ebnyr\u00eb q\u00eb t\u00eb dal\u00eb 1-2 cm mbi nivelin e trotuarit. Pastaj, produkti ngjeshet sic duhet me nj\u00eb lopat\u00eb, me rul ose madje dhe me rrotat e nj\u00eb makine. Trotuari i riparuar mund t\u00eb hapet menj\u00ebher\u00eb p\u00ebr l\u00ebvizje.<\/span>[\/vc_column_text][vc_row_inner][vc_column_inner width=&#8221;1\/2&#8243;]<div class=\"standard-arrow bullet-top\"><ul>\n<li><span style=\"color: #000000;\">Konsumi: Rreth 21 kg\/m2\/cm trash\u00ebsi shtres\u00eb.<\/span><\/li>\n<\/ul>\n<\/div>[\/vc_column_inner][vc_column_inner width=&#8221;1\/2&#8243;]<div class=\"standard-arrow bullet-top\"><ul>\n<li><span style=\"color: #000000;\">ASPHALTOS ofrohet n\u00eb en\u00eb plastike prej 25 kg.<\/span><\/li>\n<\/ul>\n<\/div>[\/vc_column_inner][\/vc_row_inner][vc_row_inner css=&#8221;.vc_custom_1683100048912{padding-top: 20px !important;}&#8221;][vc_column_inner width=&#8221;1\/2&#8243;]<div class=\"aio-icon-component    style_1\"><div id=\"Info-box-wrap-1741\" class=\"aio-icon-box default-icon\" style=\"\"  ><div class=\"aio-icon-default\"><div class=\"ult-just-icon-wrapper  \"><div class=\"align-icon\" style=\"text-align:center;\">\n<div class=\"aio-icon-img \" style=\"font-size:65px;display:inline-block;\" >\n\t<img decoding=\"async\" class=\"img-icon\" alt=\"null\" src=\"https:\/\/aedcolor.com\/wp-content\/uploads\/2023\/05\/image-2.png\"\/>\n<\/div><\/div><\/div><\/div><div class=\"aio-icon-header\" ><h3 class=\"aio-icon-title ult-responsive\"  data-ultimate-target='#Info-box-wrap-1741 .aio-icon-title'  data-responsive-json-new='{\"font-size\":\"\",\"line-height\":\"\"}'  style=\"\">Sip\u00ebrfaqe: Beton<\/h3><\/div> <!-- header --><\/div> <!-- aio-icon-box --><\/div> <!-- aio-icon-component -->[\/vc_column_inner][vc_column_inner width=&#8221;1\/2&#8243;]<div class=\"aio-icon-component    style_1\"><div id=\"Info-box-wrap-5563\" class=\"aio-icon-box default-icon\" style=\"\"  ><div class=\"aio-icon-default\"><div class=\"ult-just-icon-wrapper  \"><div class=\"align-icon\" style=\"text-align:center;\">\n<div class=\"aio-icon-img \" style=\"font-size:65px;display:inline-block;\" >\n\t<img decoding=\"async\" class=\"img-icon\" alt=\"null\" src=\"https:\/\/aedcolor.com\/wp-content\/uploads\/2023\/05\/image-1.png\"\/>\n<\/div><\/div><\/div><\/div><div class=\"aio-icon-header\" ><h3 class=\"aio-icon-title ult-responsive\"  data-ultimate-target='#Info-box-wrap-5563 .aio-icon-title'  data-responsive-json-new='{\"font-size\":\"\",\"line-height\":\"\"}'  style=\"\">Aplikimi: Rul<\/h3><\/div> <!-- header --><\/div> <!-- aio-icon-box --><\/div> <!-- aio-icon-component -->[\/vc_column_inner][\/vc_row_inner][\/vc_column][\/vc_row]<\/p>\n<\/div>","protected":false},"excerpt":{"rendered":"<p>[vc_row css=&#8221;.vc_custom_1683099634441{padding-bottom: 30px !important;}&#8221;][vc_column width=&#8221;2\/3&#8243;][vc_custom_heading text=&#8221;ASPHALTOS&#8221; font_container=&#8221;tag:h2|font_size:50|text_align:left&#8221; use_theme_fonts=&#8221;yes&#8221; link=&#8221;|title:AQUAMAT%20-%20SUPERELASTIC||&#8221;][\/vc_column][\/vc_row][vc_row][vc_column width=&#8221;1\/2&#8243;][vc_single_image image=&#8221;8939&#8243; img_size=&#8221;full&#8221;][\/vc_column][vc_column width=&#8221;1\/2&#8243;][vc_column_text]P\u00ebrzierje e ftoht\u00eb asfalti, e gatshme p\u00ebr tu p\u00ebrdorur, p\u00ebr mbushjen e gropave t\u00eb vogla t\u00eb trotuareve me asfalt ose me beton. Mund\u00ebson fleksibilitet t\u00eb lart\u00eb, pa u car\u00eb p\u00ebr shkak t\u00eb ehekteve tkurrje-zgjerim. Ngjitet n\u00eb m\u00ebnyr\u00eb t\u00eb mrekullueshme te n\u00ebnshtresa dhe nuk&hellip;<\/p>\n","protected":false},"author":2,"featured_media":0,"parent":0,"menu_order":0,"comment_status":"closed","ping_status":"closed","template":"","meta":{"footnotes":""},"class_list":["post-8941","page","type-page","status-publish","hentry","description-off"],"_links":{"self":[{"href":"https:\/\/aedcolor.com\/index.php\/wp-json\/wp\/v2\/pages\/8941","targetHints":{"allow":["GET"]}}],"collection":[{"href":"https:\/\/aedcolor.com\/index.php\/wp-json\/wp\/v2\/pages"}],"about":[{"href":"https:\/\/aedcolor.com\/index.php\/wp-json\/wp\/v2\/types\/page"}],"author":[{"embeddable":true,"href":"https:\/\/aedcolor.com\/index.php\/wp-json\/wp\/v2\/users\/2"}],"replies":[{"embeddable":true,"href":"https:\/\/aedcolor.com\/index.php\/wp-json\/wp\/v2\/comments?post=8941"}],"version-history":[{"count":2,"href":"https:\/\/aedcolor.com\/index.php\/wp-json\/wp\/v2\/pages\/8941\/revisions"}],"predecessor-version":[{"id":8944,"href":"https:\/\/aedcolor.com\/index.php\/wp-json\/wp\/v2\/pages\/8941\/revisions\/8944"}],"wp:attachment":[{"href":"https:\/\/aedcolor.com\/index.php\/wp-json\/wp\/v2\/media?parent=8941"}],"curies":[{"name":"wp","href":"https:\/\/api.w.org\/{rel}","templated":true}]}}