{"id":8948,"date":"2023-09-12T14:01:06","date_gmt":"2023-09-12T14:01:06","guid":{"rendered":"https:\/\/aedcolor.com\/?page_id=8948"},"modified":"2023-09-12T14:01:06","modified_gmt":"2023-09-12T14:01:06","slug":"isomac-2","status":"publish","type":"page","link":"https:\/\/aedcolor.com\/index.php\/isomac-2\/","title":{"rendered":"ISOMAC"},"content":{"rendered":"<div class=\"wpb-content-wrapper\"><p>[vc_row css=&#8221;.vc_custom_1683099634441{padding-bottom: 30px !important;}&#8221;][vc_column width=&#8221;2\/3&#8243;][vc_custom_heading text=&#8221;ISOMAC&#8221; font_container=&#8221;tag:h2|font_size:50|text_align:left&#8221; use_theme_fonts=&#8221;yes&#8221; link=&#8221;|title:AQUAMAT%20-%20SUPERELASTIC||&#8221;][\/vc_column][\/vc_row][vc_row][vc_column width=&#8221;1\/2&#8243;][vc_single_image image=&#8221;8946&#8243; img_size=&#8221;full&#8221;][\/vc_column][vc_column width=&#8221;1\/2&#8243;][vc_column_text]<span style=\"color: #000000;\"><strong>Mbyll\u00ebs\u00a0 fugash me nj\u00eb p\u00ebrb\u00ebr\u00ebs i aplikuesh\u00ebm n\u00eb t\u00eb ftoht\u00eb, i p\u00ebrb\u00ebr\u00eb nga bitumi, polimere elastomerike, fibra minerale, aditiv\u00eb special, mbush\u00ebs dhe nj\u00eb sasi e vog\u00ebl tret\u00ebsi organik.<\/strong> I p\u00ebrshtatsh\u00ebm p\u00ebr mbylljen e fugave horizontale, p\u00ebr mbylljen e fugave n\u00eb zona komplekse t\u00eb detaleve ku \u00ebsht\u00eb e v\u00ebshtir\u00eb t\u00eb p\u00ebrdoren membranat e flet\u00ebve bituminoze (si p.sh. ulluqe, qoshe metalike, parapete, vrima ajrosjeje, etj) si dhe p\u00ebr ngjitjen e dhogave bituminoze t\u00eb catis\u00eb.<\/span><\/p>\n<p><span style=\"color: #000000;\">Sip\u00ebrfaqja duhet t\u00eb jet\u00eb e l\u00ebmuar, e past\u00ebr, e that\u00eb dhe pa pluhur, vajra, yndyr\u00eb dhe ndot\u00ebs t\u00eb tjer\u00eb. ISOMAC aplikohet me mistri n\u00eb t\u00eb ftoht\u00eb.<\/span>[\/vc_column_text][vc_row_inner][vc_column_inner width=&#8221;1\/2&#8243;]<div class=\"standard-arrow bullet-top\"><ul>\n<li><span style=\"color: #000000;\">Membrana e formuar pas avullimit t\u00eb tret\u00ebsit nuk duhet t\u00eb ngacmohet me acide ose baza t\u00eb holluara dhe l\u00ebngje t\u00eb ndryshme g\u00ebrryese. Ajo nuk \u00ebsht\u00eb rezistente ndaj vajrave.<\/span><\/li>\n<li><span style=\"color: #000000;\">P\u00ebr aplikimet q\u00eb kan\u00eb t\u00eb b\u00ebjn\u00eb me mbylljen e fugave, rekomandohet p\u00ebrdorimi i llakut bituminoz ISOLAC-BT p\u00ebrpara aplikimit t\u00eb ISOMAC.<\/span><\/li>\n<\/ul>\n<\/div>[\/vc_column_inner][vc_column_inner width=&#8221;1\/2&#8243;]<div class=\"standard-arrow bullet-top\"><ul>\n<li><span style=\"color: #000000;\">Kur sip\u00ebrfaqja e mbuluar me ISOMAC ekspozohet n\u00ebn rrezet direkte t\u00eb diellit, \u00ebsht\u00eb e nevojshme ta mbroni at\u00eb me nj\u00eb shtres\u00eb reflektuese t\u00eb rrezatimit diellor prej alumini ISOLAC-BT ALU p\u00ebr t\u00eb shmangur plakjen e parakohshme.<\/span><\/li>\n<li><span style=\"color: #000000;\">ISOMAC \u00ebsht\u00eb material i ndezsh\u00ebm dhe ndaj ai duhet t\u00eb mbahet larg cdo burimi flake.<\/span><\/li>\n<\/ul>\n<\/div>[\/vc_column_inner][\/vc_row_inner][vc_row_inner css=&#8221;.vc_custom_1683100048912{padding-top: 20px !important;}&#8221;][vc_column_inner width=&#8221;1\/2&#8243;]<div class=\"aio-icon-component    style_1\"><div id=\"Info-box-wrap-1366\" class=\"aio-icon-box default-icon\" style=\"\"  ><div class=\"aio-icon-default\"><div class=\"ult-just-icon-wrapper  \"><div class=\"align-icon\" style=\"text-align:center;\">\n<div class=\"aio-icon-img \" style=\"font-size:65px;display:inline-block;\" >\n\t<img decoding=\"async\" class=\"img-icon\" alt=\"null\" src=\"https:\/\/aedcolor.com\/wp-content\/uploads\/2023\/05\/image-2.png\"\/>\n<\/div><\/div><\/div><\/div><div class=\"aio-icon-header\" ><h3 class=\"aio-icon-title ult-responsive\"  data-ultimate-target='#Info-box-wrap-1366 .aio-icon-title'  data-responsive-json-new='{\"font-size\":\"\",\"line-height\":\"\"}'  style=\"\">Sip\u00ebrfaqe: Beton<\/h3><\/div> <!-- header --><\/div> <!-- aio-icon-box --><\/div> <!-- aio-icon-component -->[\/vc_column_inner][vc_column_inner width=&#8221;1\/2&#8243;]<div class=\"aio-icon-component    style_1\"><div id=\"Info-box-wrap-4908\" class=\"aio-icon-box default-icon\" style=\"\"  ><div class=\"aio-icon-default\"><div class=\"ult-just-icon-wrapper  \"><div class=\"align-icon\" style=\"text-align:center;\">\n<div class=\"aio-icon-img \" style=\"font-size:65px;display:inline-block;\" >\n\t<img decoding=\"async\" class=\"img-icon\" alt=\"null\" src=\"https:\/\/aedcolor.com\/wp-content\/uploads\/2023\/05\/image-1.png\"\/>\n<\/div><\/div><\/div><\/div><div class=\"aio-icon-header\" ><h3 class=\"aio-icon-title ult-responsive\"  data-ultimate-target='#Info-box-wrap-4908 .aio-icon-title'  data-responsive-json-new='{\"font-size\":\"\",\"line-height\":\"\"}'  style=\"\">Aplikimi: Rul<\/h3><\/div> <!-- header --><\/div> <!-- aio-icon-box --><\/div> <!-- aio-icon-component -->[\/vc_column_inner][\/vc_row_inner][\/vc_column][\/vc_row]<\/p>\n<\/div>","protected":false},"excerpt":{"rendered":"<p>[vc_row css=&#8221;.vc_custom_1683099634441{padding-bottom: 30px !important;}&#8221;][vc_column width=&#8221;2\/3&#8243;][vc_custom_heading text=&#8221;ISOMAC&#8221; font_container=&#8221;tag:h2|font_size:50|text_align:left&#8221; use_theme_fonts=&#8221;yes&#8221; link=&#8221;|title:AQUAMAT%20-%20SUPERELASTIC||&#8221;][\/vc_column][\/vc_row][vc_row][vc_column width=&#8221;1\/2&#8243;][vc_single_image image=&#8221;8946&#8243; img_size=&#8221;full&#8221;][\/vc_column][vc_column width=&#8221;1\/2&#8243;][vc_column_text]Mbyll\u00ebs\u00a0 fugash me nj\u00eb p\u00ebrb\u00ebr\u00ebs i aplikuesh\u00ebm n\u00eb t\u00eb ftoht\u00eb, i p\u00ebrb\u00ebr\u00eb nga bitumi, polimere elastomerike, fibra minerale, aditiv\u00eb special, mbush\u00ebs dhe nj\u00eb sasi e vog\u00ebl tret\u00ebsi organik. I p\u00ebrshtatsh\u00ebm p\u00ebr mbylljen e fugave horizontale, p\u00ebr mbylljen e fugave n\u00eb zona komplekse t\u00eb&hellip;<\/p>\n","protected":false},"author":2,"featured_media":0,"parent":0,"menu_order":0,"comment_status":"closed","ping_status":"closed","template":"","meta":{"footnotes":""},"class_list":["post-8948","page","type-page","status-publish","hentry","description-off"],"_links":{"self":[{"href":"https:\/\/aedcolor.com\/index.php\/wp-json\/wp\/v2\/pages\/8948","targetHints":{"allow":["GET"]}}],"collection":[{"href":"https:\/\/aedcolor.com\/index.php\/wp-json\/wp\/v2\/pages"}],"about":[{"href":"https:\/\/aedcolor.com\/index.php\/wp-json\/wp\/v2\/types\/page"}],"author":[{"embeddable":true,"href":"https:\/\/aedcolor.com\/index.php\/wp-json\/wp\/v2\/users\/2"}],"replies":[{"embeddable":true,"href":"https:\/\/aedcolor.com\/index.php\/wp-json\/wp\/v2\/comments?post=8948"}],"version-history":[{"count":1,"href":"https:\/\/aedcolor.com\/index.php\/wp-json\/wp\/v2\/pages\/8948\/revisions"}],"predecessor-version":[{"id":8950,"href":"https:\/\/aedcolor.com\/index.php\/wp-json\/wp\/v2\/pages\/8948\/revisions\/8950"}],"wp:attachment":[{"href":"https:\/\/aedcolor.com\/index.php\/wp-json\/wp\/v2\/media?parent=8948"}],"curies":[{"name":"wp","href":"https:\/\/api.w.org\/{rel}","templated":true}]}}