{"id":8952,"date":"2023-09-13T08:11:22","date_gmt":"2023-09-13T08:11:22","guid":{"rendered":"https:\/\/aedcolor.com\/?page_id=8952"},"modified":"2023-09-13T08:11:22","modified_gmt":"2023-09-13T08:11:22","slug":"isomastic-a","status":"publish","type":"page","link":"https:\/\/aedcolor.com\/index.php\/isomastic-a\/","title":{"rendered":"ISOMASTIC-A"},"content":{"rendered":"<div class=\"wpb-content-wrapper\"><p>[vc_row css=&#8221;.vc_custom_1683099634441{padding-bottom: 30px !important;}&#8221;][vc_column width=&#8221;2\/3&#8243;][vc_custom_heading text=&#8221;ISOMASTIC-A&#8221; font_container=&#8221;tag:h2|font_size:50|text_align:left&#8221; use_theme_fonts=&#8221;yes&#8221; link=&#8221;|title:AQUAMAT%20-%20SUPERELASTIC||&#8221;][\/vc_column][\/vc_row][vc_row][vc_column width=&#8221;1\/2&#8243;][vc_single_image image=&#8221;8953&#8243; img_size=&#8221;full&#8221;][\/vc_column][vc_column width=&#8221;1\/2&#8243;][vc_column_text]<strong><span style=\"color: #000000;\">ISOMASTIC-A \u00ebsht\u00eb nj\u00eb izolues elastoplastik me nj\u00eb p\u00ebrb\u00ebr\u00ebs dhe pa tret\u00ebs, me baz\u00eb rr\u00ebshirash akrilike dhe q\u00eb ofron:<\/span><\/strong><\/p>\n<ul>\n<li><span style=\"color: #000000;\">Rezistenc\u00eb ndaj luhatjeve t\u00eb temperaturave nga -20 oC deri n\u00eb +70 oC.<\/span><\/li>\n<li><span style=\"color: #000000;\">Ngjitje t\u00eb shk\u00eblqyer n\u00eb nj\u00eb gam\u00eb t\u00eb gjer\u00eb materialesh nd\u00ebrtimi<\/span><\/li>\n<li><span style=\"color: #000000;\">Mund\u00ebsi lyerjeje pas forcimit<\/span><\/li>\n<li><span style=\"color: #000000;\">Rezistenc\u00eb ndaj ngric\u00ebs.<\/span><\/li>\n<\/ul>\n<p><span style=\"color: #000000;\">ISOMASTIC-A \u00ebsht\u00eb i p\u00ebrshtatsh\u00ebm p\u00ebr izolimin e fugave horizontale dhe vertikale, n\u00eb hap\u00ebsira t\u00eb brendshme dhe t\u00eb jashtme, mbi shtresa si betoni, suvaje, llaci, druri, gur\u00eb etj. P\u00ebrdoret gjithashtu p\u00ebr izolimin e plasaritjeve t\u00eb im\u00ebta mbi suva dhe vende bashkimi midis drurit ose skeleteve metalike dhe mureve, parvazeve etj. Nuk ndikohet nga ngrica dhe p\u00ebrshtatet p\u00ebr deformime dimensionale deri n\u00eb 8%. Nuk duhet p\u00ebrdorur mbi vende bashkimi q\u00eb shkelen rregullisht ose n\u00eb vende bashkimi t\u00eb zhytura p\u00ebrgjithmon\u00eb n\u00ebn uj\u00eb (depozita ose rezervuar\u00eb uji) ose mbi shtresa bituminoze.<\/span><\/p>\n<p><strong><span style=\"color: #000000;\">N\u00ebnshtresa<\/span><\/strong><\/p>\n<p><span style=\"color: #000000;\">Sip\u00ebrfaqja duhet t\u00eb jet\u00eb pa pluhur, materiale t\u00eb lira mbi t\u00eb etj. N\u00eb rast t\u00eb plasaritjeve t\u00eb holla t\u00eb izolimit, ato duhet t\u00eb zgjerohen me nj\u00eb veg\u00ebl prer\u00ebse (p.sh dalt\u00eb) ose me disk prer\u00ebs n\u00eb nj\u00eb gjer\u00ebsi minimumi 3 mm. Vendi i bashkimit ose plasaritja e zgjeruar duhet t\u00eb pastrohet me nj\u00eb furc\u00eb p\u00ebr lyerje ose furc\u00eb teli dhe pastaj t\u00eb fryhet me aj\u00ebr me presion. P\u00ebr t\u00eb evituar ndotjen e pad\u00ebshiruar n\u00eb buz\u00ebt e fugave, vendoset nj\u00eb let\u00ebr shiriti me vet\u00ebngjitje p\u00ebrgjat\u00eb an\u00ebve dhe pastaj hiqet menj\u00ebher\u00eb pas izolimit t\u00eb fugave (p\u00ebrpara formimit t\u00eb cip\u00ebs).<\/span><\/p>\n<p><strong><span style=\"color: #000000;\">P\u00ebrdorimi<\/span><\/strong><\/p>\n<p><span style=\"color: #000000;\">Futeni tubetin n\u00eb nj\u00eb pistolet\u00eb t\u00eb vecant\u00eb dhe priteni maj\u00ebn me k\u00ebnd t\u00eb pjerr\u00ebt, n\u00eb m\u00ebnyr\u00eb q\u00eb ajo t\u00eb mos futet brenda fug\u00ebs, por thjesht t\u00eb prek\u00eb dhe t\u00eb rr\u00ebshqas\u00eb p\u00ebrgjat\u00eb an\u00ebve. Silikoni aplikohet duke l\u00ebvizur tubin p\u00ebrgjat\u00eb aksit t\u00eb fug\u00ebs me nj\u00eb k\u00ebnd 45\u00b0. Nd\u00ebrkoh\u00eb q\u00eb \u00ebsht\u00eb i njom\u00eb, silikoni nivelohet duke p\u00ebrdorur nj\u00eb spatul.<\/span>[\/vc_column_text][vc_row_inner][vc_column_inner width=&#8221;1\/2&#8243;]<div class=\"standard-arrow bullet-top\"><ul>\n<li><span style=\"color: #000000;\"><span style=\"color: #000000;\">Temperatura gjat\u00eb aplikimit duhet t\u00eb jet\u00eb t\u00eb pakt\u00ebn +15 oC.<\/span><\/span><\/li>\n<li><span style=\"color: #000000;\">Gjat\u00eb or\u00ebve t\u00eb para t\u00eb forcimit, izoluesi duhet t\u00eb mbrohet nga lag\u00ebshtia.<\/span><\/li>\n<\/ul>\n<\/div>[\/vc_column_inner][vc_column_inner width=&#8221;1\/2&#8243;]<div class=\"standard-arrow bullet-top\"><ul>\n<li><span style=\"color: #000000;\"><span style=\"color: #000000;\">ISOMASTIC-A nuk d\u00ebmton mjedisin dhe prandaj nuk nevojiten masa paraprake t\u00eb vecanta.<\/span><\/span><\/li>\n<\/ul>\n<\/div>[\/vc_column_inner][\/vc_row_inner][vc_row_inner css=&#8221;.vc_custom_1683100048912{padding-top: 20px !important;}&#8221;][vc_column_inner width=&#8221;1\/2&#8243;]<div class=\"aio-icon-component    style_1\"><div id=\"Info-box-wrap-3439\" class=\"aio-icon-box default-icon\" style=\"\"  ><div class=\"aio-icon-default\"><div class=\"ult-just-icon-wrapper  \"><div class=\"align-icon\" style=\"text-align:center;\">\n<div class=\"aio-icon-img \" style=\"font-size:65px;display:inline-block;\" >\n\t<img decoding=\"async\" class=\"img-icon\" alt=\"null\" src=\"https:\/\/aedcolor.com\/wp-content\/uploads\/2023\/05\/image-2.png\"\/>\n<\/div><\/div><\/div><\/div><div class=\"aio-icon-header\" ><h3 class=\"aio-icon-title ult-responsive\"  data-ultimate-target='#Info-box-wrap-3439 .aio-icon-title'  data-responsive-json-new='{\"font-size\":\"\",\"line-height\":\"\"}'  style=\"\">Sip\u00ebrfaqe: Beton<\/h3><\/div> <!-- header --><\/div> <!-- aio-icon-box --><\/div> <!-- aio-icon-component -->[\/vc_column_inner][vc_column_inner width=&#8221;1\/2&#8243;]<div class=\"aio-icon-component    style_1\"><div id=\"Info-box-wrap-7473\" class=\"aio-icon-box default-icon\" style=\"\"  ><div class=\"aio-icon-default\"><div class=\"ult-just-icon-wrapper  \"><div class=\"align-icon\" style=\"text-align:center;\">\n<div class=\"aio-icon-img \" style=\"font-size:65px;display:inline-block;\" >\n\t<img decoding=\"async\" class=\"img-icon\" alt=\"null\" src=\"https:\/\/aedcolor.com\/wp-content\/uploads\/2023\/05\/image-1.png\"\/>\n<\/div><\/div><\/div><\/div><div class=\"aio-icon-header\" ><h3 class=\"aio-icon-title ult-responsive\"  data-ultimate-target='#Info-box-wrap-7473 .aio-icon-title'  data-responsive-json-new='{\"font-size\":\"\",\"line-height\":\"\"}'  style=\"\">Aplikimi: Rul<\/h3><\/div> <!-- header --><\/div> <!-- aio-icon-box --><\/div> <!-- aio-icon-component -->[\/vc_column_inner][\/vc_row_inner][\/vc_column][\/vc_row]<\/p>\n<\/div>","protected":false},"excerpt":{"rendered":"<p>[vc_row css=&#8221;.vc_custom_1683099634441{padding-bottom: 30px !important;}&#8221;][vc_column width=&#8221;2\/3&#8243;][vc_custom_heading text=&#8221;ISOMASTIC-A&#8221; font_container=&#8221;tag:h2|font_size:50|text_align:left&#8221; use_theme_fonts=&#8221;yes&#8221; link=&#8221;|title:AQUAMAT%20-%20SUPERELASTIC||&#8221;][\/vc_column][\/vc_row][vc_row][vc_column width=&#8221;1\/2&#8243;][vc_single_image image=&#8221;8953&#8243; img_size=&#8221;full&#8221;][\/vc_column][vc_column width=&#8221;1\/2&#8243;][vc_column_text]ISOMASTIC-A \u00ebsht\u00eb nj\u00eb izolues elastoplastik me nj\u00eb p\u00ebrb\u00ebr\u00ebs dhe pa tret\u00ebs, me baz\u00eb rr\u00ebshirash akrilike dhe q\u00eb ofron: Rezistenc\u00eb ndaj luhatjeve t\u00eb temperaturave nga -20 oC deri n\u00eb +70 oC. Ngjitje t\u00eb shk\u00eblqyer n\u00eb nj\u00eb gam\u00eb t\u00eb gjer\u00eb materialesh nd\u00ebrtimi Mund\u00ebsi lyerjeje pas&hellip;<\/p>\n","protected":false},"author":2,"featured_media":0,"parent":0,"menu_order":0,"comment_status":"closed","ping_status":"closed","template":"","meta":{"footnotes":""},"class_list":["post-8952","page","type-page","status-publish","hentry","description-off"],"_links":{"self":[{"href":"https:\/\/aedcolor.com\/index.php\/wp-json\/wp\/v2\/pages\/8952","targetHints":{"allow":["GET"]}}],"collection":[{"href":"https:\/\/aedcolor.com\/index.php\/wp-json\/wp\/v2\/pages"}],"about":[{"href":"https:\/\/aedcolor.com\/index.php\/wp-json\/wp\/v2\/types\/page"}],"author":[{"embeddable":true,"href":"https:\/\/aedcolor.com\/index.php\/wp-json\/wp\/v2\/users\/2"}],"replies":[{"embeddable":true,"href":"https:\/\/aedcolor.com\/index.php\/wp-json\/wp\/v2\/comments?post=8952"}],"version-history":[{"count":1,"href":"https:\/\/aedcolor.com\/index.php\/wp-json\/wp\/v2\/pages\/8952\/revisions"}],"predecessor-version":[{"id":8956,"href":"https:\/\/aedcolor.com\/index.php\/wp-json\/wp\/v2\/pages\/8952\/revisions\/8956"}],"wp:attachment":[{"href":"https:\/\/aedcolor.com\/index.php\/wp-json\/wp\/v2\/media?parent=8952"}],"curies":[{"name":"wp","href":"https:\/\/api.w.org\/{rel}","templated":true}]}}