{"id":8964,"date":"2023-09-13T09:30:02","date_gmt":"2023-09-13T09:30:02","guid":{"rendered":"https:\/\/aedcolor.com\/?page_id=8964"},"modified":"2023-09-13T09:30:02","modified_gmt":"2023-09-13T09:30:02","slug":"domosil-s","status":"publish","type":"page","link":"https:\/\/aedcolor.com\/index.php\/domosil-s\/","title":{"rendered":"DOMOSIL-S"},"content":{"rendered":"<div class=\"wpb-content-wrapper\"><p>[vc_row css=&#8221;.vc_custom_1683099634441{padding-bottom: 30px !important;}&#8221;][vc_column width=&#8221;2\/3&#8243;][vc_custom_heading text=&#8221;DOMOSIL-S&#8221; font_container=&#8221;tag:h2|font_size:50|text_align:left&#8221; use_theme_fonts=&#8221;yes&#8221; link=&#8221;|title:AQUAMAT%20-%20SUPERELASTIC||&#8221;][\/vc_column][\/vc_row][vc_row][vc_column width=&#8221;1\/2&#8243;][vc_single_image image=&#8221;8962&#8243; img_size=&#8221;full&#8221;][\/vc_column][vc_column width=&#8221;1\/2&#8243;][vc_column_text]<strong><span style=\"color: #000000;\">DOMOSIL-S \u00ebsht\u00eb nj\u00eb silikon rezistent ndaj formimit t\u00eb mykut p\u00ebr pun\u00eb me k\u00ebrkesa t\u00eb larta, i cili ofron:<\/span><\/strong><\/p>\n<ul>\n<li><span style=\"color: #000000;\">Rezistenc\u00eb t\u00eb lart\u00eb mekanike<\/span><\/li>\n<li><span style=\"color: #000000;\">Rezistenc\u00eb ndaj luhatjeve t\u00eb temperaturave nga -60 oC deri +220 oC.<\/span><\/li>\n<li><span style=\"color: #000000;\">Ngjitje t\u00eb shk\u00eblqyer n\u00eb cdo lloj materiali nd\u00ebrtimi jo-poroz.<\/span><\/li>\n<li><span style=\"color: #000000;\">Q\u00ebndrueshm\u00ebri t\u00eb lart\u00eb ndaj vjet\u00ebrimit.<\/span><\/li>\n<li><span style=\"color: #000000;\">Parandalim t\u00eb rritjes s\u00eb mykut dhe t\u00eb k\u00ebrpudhave.<\/span><\/li>\n<\/ul>\n<p><span style=\"color: #000000;\">DOMOSIL-S \u00ebsht\u00eb i p\u00ebrshtatsh\u00ebm p\u00ebr vulosjen e fugave vertikale dhe horizontale me gjer\u00ebsi 3-40 mm mbi sip\u00ebrfaqe materialesh jo-poroze, si xhami, alumini, porcelani (pllakat etj.) dhe mbi qeramikat jo-poroze, n\u00eb ambiente t\u00eb brendshme dhe t\u00eb jashtme. Ai p\u00ebrdoret n\u00eb mjedise me shum\u00eb lag\u00ebshti (kuzhina, banja etj), si dhe n\u00eb spitale, laborator\u00eb biologjik\u00eb dhe mikrobiologjik\u00eb etj. Ai parandalon rritjen e mykut ose t\u00eb k\u00ebrpudhave, t\u00eb cilat krijojn\u00eb pika t\u00eb zeza dhe njolla n\u00eb k\u00ebto mjedise. Nuk rekomandohet t\u00eb p\u00ebrdoret n\u00eb akuariume p\u00ebr shkak t\u00eb fungiciteve q\u00eb p\u00ebrmban.<\/span><\/p>\n<p><strong><span style=\"color: #000000;\">N\u00ebnshtresa<\/span><\/strong><\/p>\n<p><span style=\"color: #000000;\">Sip\u00ebrfaqja duhet t\u00eb<strong>\u00a0<\/strong>jet\u00eb pa pluhur, grimca t\u00eb lira, graso etj. K\u00ebshillohet q\u00eb fugat t\u00eb pastrohen duke p\u00ebrdorur nj\u00eb furc\u00eb lyerjeje ose furc\u00eb teli dhe pastaj t\u00eb fryhen me aj\u00ebr me presion. P\u00ebr t\u00eb evituar ndotjen e padvshiruar n\u00eb buz\u00ebt e fugave, vendoset nj\u00eb let\u00ebr shirit me vet\u00ebngjitje p\u00ebrgjat\u00eb an\u00ebve dhe pastaj hiqet menj\u00ebher\u00eb pas izolimit t\u00eb fugave (p\u00ebrpara formimit t\u00eb cip\u00ebs)<\/span><\/p>\n<p><strong><span style=\"color: #000000;\">P\u00ebrdorimi<\/span><\/strong><\/p>\n<p><span style=\"color: #000000;\">Futeni tubetin n\u00eb nj\u00eb pistolet\u00eb t\u00eb vecant\u00eb dhe priteni maj\u00ebn me k\u00ebnd t\u00eb pjerr\u00ebt, n\u00eb m\u00ebnyr\u00eb q\u00eb ajo t\u00eb mos futet brenda fug\u00ebs, por thjesht t\u00eb prek\u00eb dhe t\u00eb rr\u00ebshqas\u00eb p\u00ebrgjat\u00eb an\u00ebve. Silikoni aplikohet duke l\u00ebvizur tubin p\u00ebrgjat\u00eb aksit t\u00eb fug\u00ebs me nj\u00eb k\u00ebnd 45 oC. Nd\u00ebrkoh\u00eb q\u00eb \u00ebsht\u00eb i njom\u00eb, silikoni nivelohet duke p\u00ebrdorur nj\u00eb spatul ose me gisht.<\/span><\/p>\n<p>[\/vc_column_text][vc_row_inner][vc_column_inner width=&#8221;1\/2&#8243;]<div class=\"standard-arrow bullet-top\"><ul>\n<li><span style=\"color: #000000;\">Temperatura e ambientit gjat\u00ebp\u00ebrdorimit duhet t\u00eb jet\u00eb midis -10 oC deri n\u00eb +60 oC.<\/span><\/li>\n<\/ul>\n<\/div>[\/vc_column_inner][vc_column_inner width=&#8221;1\/2&#8243;]<div class=\"standard-arrow bullet-top\"><ul>\n<li><span style=\"color: #000000;\">Ambalazhimi: Tubeta me 280 ml.<\/span><\/li>\n<\/ul>\n<\/div>[\/vc_column_inner][\/vc_row_inner][vc_row_inner css=&#8221;.vc_custom_1683100048912{padding-top: 20px !important;}&#8221;][vc_column_inner width=&#8221;1\/2&#8243;]<div class=\"aio-icon-component    style_1\"><div id=\"Info-box-wrap-8253\" class=\"aio-icon-box default-icon\" style=\"\"  ><div class=\"aio-icon-default\"><div class=\"ult-just-icon-wrapper  \"><div class=\"align-icon\" style=\"text-align:center;\">\n<div class=\"aio-icon-img \" style=\"font-size:65px;display:inline-block;\" >\n\t<img decoding=\"async\" class=\"img-icon\" alt=\"null\" src=\"https:\/\/aedcolor.com\/wp-content\/uploads\/2023\/05\/image-2.png\"\/>\n<\/div><\/div><\/div><\/div><div class=\"aio-icon-header\" ><h3 class=\"aio-icon-title ult-responsive\"  data-ultimate-target='#Info-box-wrap-8253 .aio-icon-title'  data-responsive-json-new='{\"font-size\":\"\",\"line-height\":\"\"}'  style=\"\">Sip\u00ebrfaqe: Beton<\/h3><\/div> <!-- header --><\/div> <!-- aio-icon-box --><\/div> <!-- aio-icon-component -->[\/vc_column_inner][vc_column_inner width=&#8221;1\/2&#8243;]<div class=\"aio-icon-component    style_1\"><div id=\"Info-box-wrap-6373\" class=\"aio-icon-box default-icon\" style=\"\"  ><div class=\"aio-icon-default\"><div class=\"ult-just-icon-wrapper  \"><div class=\"align-icon\" style=\"text-align:center;\">\n<div class=\"aio-icon-img \" style=\"font-size:65px;display:inline-block;\" >\n\t<img decoding=\"async\" class=\"img-icon\" alt=\"null\" src=\"https:\/\/aedcolor.com\/wp-content\/uploads\/2023\/05\/image-1.png\"\/>\n<\/div><\/div><\/div><\/div><div class=\"aio-icon-header\" ><h3 class=\"aio-icon-title ult-responsive\"  data-ultimate-target='#Info-box-wrap-6373 .aio-icon-title'  data-responsive-json-new='{\"font-size\":\"\",\"line-height\":\"\"}'  style=\"\">Aplikimi: Pistolet\u00eb t\u00eb vecant\u00eb<\/h3><\/div> <!-- header --><\/div> <!-- aio-icon-box --><\/div> <!-- aio-icon-component -->[\/vc_column_inner][\/vc_row_inner][\/vc_column][\/vc_row]<\/p>\n<\/div>","protected":false},"excerpt":{"rendered":"<p>[vc_row css=&#8221;.vc_custom_1683099634441{padding-bottom: 30px !important;}&#8221;][vc_column width=&#8221;2\/3&#8243;][vc_custom_heading text=&#8221;DOMOSIL-S&#8221; font_container=&#8221;tag:h2|font_size:50|text_align:left&#8221; use_theme_fonts=&#8221;yes&#8221; link=&#8221;|title:AQUAMAT%20-%20SUPERELASTIC||&#8221;][\/vc_column][\/vc_row][vc_row][vc_column width=&#8221;1\/2&#8243;][vc_single_image image=&#8221;8962&#8243; img_size=&#8221;full&#8221;][\/vc_column][vc_column width=&#8221;1\/2&#8243;][vc_column_text]DOMOSIL-S \u00ebsht\u00eb nj\u00eb silikon rezistent ndaj formimit t\u00eb mykut p\u00ebr pun\u00eb me k\u00ebrkesa t\u00eb larta, i cili ofron: Rezistenc\u00eb t\u00eb lart\u00eb mekanike Rezistenc\u00eb ndaj luhatjeve t\u00eb temperaturave nga -60 oC deri +220 oC. Ngjitje t\u00eb shk\u00eblqyer n\u00eb cdo lloj materiali nd\u00ebrtimi jo-poroz. Q\u00ebndrueshm\u00ebri&hellip;<\/p>\n","protected":false},"author":2,"featured_media":0,"parent":0,"menu_order":0,"comment_status":"closed","ping_status":"closed","template":"","meta":{"footnotes":""},"class_list":["post-8964","page","type-page","status-publish","hentry","description-off"],"_links":{"self":[{"href":"https:\/\/aedcolor.com\/index.php\/wp-json\/wp\/v2\/pages\/8964","targetHints":{"allow":["GET"]}}],"collection":[{"href":"https:\/\/aedcolor.com\/index.php\/wp-json\/wp\/v2\/pages"}],"about":[{"href":"https:\/\/aedcolor.com\/index.php\/wp-json\/wp\/v2\/types\/page"}],"author":[{"embeddable":true,"href":"https:\/\/aedcolor.com\/index.php\/wp-json\/wp\/v2\/users\/2"}],"replies":[{"embeddable":true,"href":"https:\/\/aedcolor.com\/index.php\/wp-json\/wp\/v2\/comments?post=8964"}],"version-history":[{"count":1,"href":"https:\/\/aedcolor.com\/index.php\/wp-json\/wp\/v2\/pages\/8964\/revisions"}],"predecessor-version":[{"id":8966,"href":"https:\/\/aedcolor.com\/index.php\/wp-json\/wp\/v2\/pages\/8964\/revisions\/8966"}],"wp:attachment":[{"href":"https:\/\/aedcolor.com\/index.php\/wp-json\/wp\/v2\/media?parent=8964"}],"curies":[{"name":"wp","href":"https:\/\/api.w.org\/{rel}","templated":true}]}}