{"id":8974,"date":"2023-09-13T10:43:06","date_gmt":"2023-09-13T10:43:06","guid":{"rendered":"https:\/\/aedcolor.com\/?page_id=8974"},"modified":"2023-09-13T10:43:42","modified_gmt":"2023-09-13T10:43:42","slug":"domosil-pool","status":"publish","type":"page","link":"https:\/\/aedcolor.com\/index.php\/domosil-pool\/","title":{"rendered":"DOMOSIL-POOL"},"content":{"rendered":"<div class=\"wpb-content-wrapper\"><p>[vc_row css=&#8221;.vc_custom_1683099634441{padding-bottom: 30px !important;}&#8221;][vc_column width=&#8221;2\/3&#8243;][vc_custom_heading text=&#8221;DOMOSIL-POOL&#8221; font_container=&#8221;tag:h2|font_size:50|text_align:left&#8221; use_theme_fonts=&#8221;yes&#8221; link=&#8221;|title:AQUAMAT%20-%20SUPERELASTIC||&#8221;][\/vc_column][\/vc_row][vc_row][vc_column width=&#8221;1\/2&#8243;][vc_single_image image=&#8221;8972&#8243; img_size=&#8221;full&#8221;][\/vc_column][vc_column width=&#8221;1\/2&#8243;][vc_column_text]<strong><span style=\"color: #000000;\">DOMOSIL-POOL \u00ebsht\u00eb nj\u00eb silikon acetik p\u00ebr zhytje t\u00eb p\u00ebrhershme n\u00eb (pishina, akuarjume etj) i cili ofron:<\/span><\/strong><\/p>\n<ul>\n<li><span style=\"color: #000000;\">Rezistenc\u00eb t\u00eb lart\u00eb mekanike dhe aft\u00ebsi deformuese.<\/span><\/li>\n<li><span style=\"color: #000000;\">Rezistenc\u00eb ndaj luhatjeve t\u00eb temperaturave nga -50 oC deri +200 oC.<\/span><\/li>\n<li><span style=\"color: #000000;\">Ngjitje t\u00eb shk\u00eblqyer n\u00eb cdo lloj materiali nd\u00ebrtimi.<\/span><\/li>\n<li><span style=\"color: #000000;\">Q\u00ebndrueshm\u00ebri t\u00eb lart\u00eb ndaj vjetrimit dhe ujit.<\/span><\/li>\n<\/ul>\n<p><span style=\"color: #000000;\">DOMOSIL-POOL \u00ebsht\u00eb i p\u00ebrshtatsh\u00ebm p\u00ebr vulosjen e fugave me gjer\u00ebsi 3-40 mm, p\u00ebr p\u00ebrdorim t\u00eb brendsh\u00ebm ose t\u00eb jasht\u00ebm. Ngjitet shum\u00eb mir\u00eb n\u00eb sip\u00ebrfaqe si xhami, porcelani (pllakat, produktet sanitare etj), aluminni etij. P\u00ebrshtatet p\u00ebr fugat e akuarjumeve, varkat, strukturat prej xhami etj. Nuk mund t\u00eb lyhet mbi t\u00eb.<\/span><\/p>\n<p><strong><span style=\"color: #000000;\">N\u00ebnshtresa\u00a0<\/span><\/strong><\/p>\n<p><span style=\"color: #000000;\">Sip\u00ebrfaqja duhet t\u00eb jet\u00eb pa pluhur, grimca t\u00eb lira, graso etj. K\u00ebshillohet q\u00eb fugat t\u00eb pastrohen duke p\u00ebrdorur nj\u00eb furc\u00eb lyerjeje ose furc\u00eb teli dhe pastaj t\u00eb fryhen me aj\u00ebr me presion. P\u00ebr t\u00eb evituar ndotjen epad\u00ebshiruar n\u00eb buz\u00ebt e fugave, vendoset nj\u00eb let\u00ebr shirit me vet\u00ebngjitje p\u00ebrgjat\u00eb an\u00ebve dhe pastaj hiqet menj\u00ebher\u00eb pas izolimit t\u00eb fugave (p\u00ebrpara formimit t\u00eb cip\u00ebs).<\/span><\/p>\n<p><strong><span style=\"color: #000000;\">P\u00ebrdorimi<\/span><\/strong><\/p>\n<p><span style=\"color: #000000;\">Futeni tubetin n\u00eb nj\u00eb pistolet\u00eb t\u00eb vecant\u00eb dhe priteni maj\u00ebn me k\u00ebnd t\u00eb pjerr\u00ebt, n\u00eb m\u00ebnyr\u00eb q\u00eb ajo t\u00eb mos futet brenda fug\u00ebs, por thjesht t\u00eb prek\u00eb dhe t\u00eb rr\u00ebshqas\u00eb p\u00ebrgjat\u00eb an\u00ebve. Silikoni aplikohet duke l\u00ebvizur tubin p\u00ebrgjat\u00eb aksit t\u00eb fug\u00ebs me nj\u00eb k\u00ebnd 45\u00b0. Nd\u00ebrkoh\u00eb q\u00eb \u00ebsht\u00eb i njom\u00eb, silikoni nivelohet duke p\u00ebrdorur nj\u00eb spatul ose me dor\u00eb.<\/span>[\/vc_column_text][vc_row_inner][vc_column_inner width=&#8221;1\/2&#8243;]<div class=\"standard-arrow bullet-top\"><ul>\n<li><span style=\"color: #000000;\"><span style=\"color: #000000;\">Ambalazhimi: Tubeta me 280 ml.<\/span><\/span><\/li>\n<\/ul>\n<\/div>[\/vc_column_inner][vc_column_inner width=&#8221;1\/2&#8243;]<div class=\"standard-arrow bullet-top\"><ul>\n<li><span style=\"color: #000000;\"><span style=\"color: #000000;\">T\u00eb pakt\u00ebn 12 muaj nga data e prodhimit duhet t\u00eb mbahet n\u00eb ambiente t\u00eb thata dhe pa ngric\u00eb<\/span><\/span><\/li>\n<\/ul>\n<\/div>[\/vc_column_inner][\/vc_row_inner][vc_row_inner css=&#8221;.vc_custom_1683100048912{padding-top: 20px !important;}&#8221;][vc_column_inner width=&#8221;1\/2&#8243;]<div class=\"aio-icon-component    style_1\"><div id=\"Info-box-wrap-9856\" class=\"aio-icon-box default-icon\" style=\"\"  ><div class=\"aio-icon-default\"><div class=\"ult-just-icon-wrapper  \"><div class=\"align-icon\" style=\"text-align:center;\">\n<div class=\"aio-icon-img \" style=\"font-size:65px;display:inline-block;\" >\n\t<img decoding=\"async\" class=\"img-icon\" alt=\"null\" src=\"https:\/\/aedcolor.com\/wp-content\/uploads\/2023\/05\/image-2.png\"\/>\n<\/div><\/div><\/div><\/div><div class=\"aio-icon-header\" ><h3 class=\"aio-icon-title ult-responsive\"  data-ultimate-target='#Info-box-wrap-9856 .aio-icon-title'  data-responsive-json-new='{\"font-size\":\"\",\"line-height\":\"\"}'  style=\"\">Sip\u00ebrfaqe: Beton<\/h3><\/div> <!-- header --><\/div> <!-- aio-icon-box --><\/div> <!-- aio-icon-component -->[\/vc_column_inner][vc_column_inner width=&#8221;1\/2&#8243;]<div class=\"aio-icon-component    style_1\"><div id=\"Info-box-wrap-3302\" class=\"aio-icon-box default-icon\" style=\"\"  ><div class=\"aio-icon-default\"><div class=\"ult-just-icon-wrapper  \"><div class=\"align-icon\" style=\"text-align:center;\">\n<div class=\"aio-icon-img \" style=\"font-size:65px;display:inline-block;\" >\n\t<img decoding=\"async\" class=\"img-icon\" alt=\"null\" src=\"https:\/\/aedcolor.com\/wp-content\/uploads\/2023\/05\/image-1.png\"\/>\n<\/div><\/div><\/div><\/div><div class=\"aio-icon-header\" ><h3 class=\"aio-icon-title ult-responsive\"  data-ultimate-target='#Info-box-wrap-3302 .aio-icon-title'  data-responsive-json-new='{\"font-size\":\"\",\"line-height\":\"\"}'  style=\"\">Aplikimi: Pistolet\u00eb t\u00eb vecant\u00eb<\/h3><\/div> <!-- header --><\/div> <!-- aio-icon-box --><\/div> <!-- aio-icon-component -->[\/vc_column_inner][\/vc_row_inner][\/vc_column][\/vc_row]<\/p>\n<\/div>","protected":false},"excerpt":{"rendered":"<p>[vc_row css=&#8221;.vc_custom_1683099634441{padding-bottom: 30px !important;}&#8221;][vc_column width=&#8221;2\/3&#8243;][vc_custom_heading text=&#8221;DOMOSIL-POOL&#8221; font_container=&#8221;tag:h2|font_size:50|text_align:left&#8221; use_theme_fonts=&#8221;yes&#8221; link=&#8221;|title:AQUAMAT%20-%20SUPERELASTIC||&#8221;][\/vc_column][\/vc_row][vc_row][vc_column width=&#8221;1\/2&#8243;][vc_single_image image=&#8221;8972&#8243; img_size=&#8221;full&#8221;][\/vc_column][vc_column width=&#8221;1\/2&#8243;][vc_column_text]DOMOSIL-POOL \u00ebsht\u00eb nj\u00eb silikon acetik p\u00ebr zhytje t\u00eb p\u00ebrhershme n\u00eb (pishina, akuarjume etj) i cili ofron: Rezistenc\u00eb t\u00eb lart\u00eb mekanike dhe aft\u00ebsi deformuese. Rezistenc\u00eb ndaj luhatjeve t\u00eb temperaturave nga -50 oC deri +200 oC. Ngjitje t\u00eb shk\u00eblqyer n\u00eb cdo lloj materiali nd\u00ebrtimi. Q\u00ebndrueshm\u00ebri&hellip;<\/p>\n","protected":false},"author":2,"featured_media":0,"parent":0,"menu_order":0,"comment_status":"closed","ping_status":"closed","template":"","meta":{"footnotes":""},"class_list":["post-8974","page","type-page","status-publish","hentry","description-off"],"_links":{"self":[{"href":"https:\/\/aedcolor.com\/index.php\/wp-json\/wp\/v2\/pages\/8974","targetHints":{"allow":["GET"]}}],"collection":[{"href":"https:\/\/aedcolor.com\/index.php\/wp-json\/wp\/v2\/pages"}],"about":[{"href":"https:\/\/aedcolor.com\/index.php\/wp-json\/wp\/v2\/types\/page"}],"author":[{"embeddable":true,"href":"https:\/\/aedcolor.com\/index.php\/wp-json\/wp\/v2\/users\/2"}],"replies":[{"embeddable":true,"href":"https:\/\/aedcolor.com\/index.php\/wp-json\/wp\/v2\/comments?post=8974"}],"version-history":[{"count":2,"href":"https:\/\/aedcolor.com\/index.php\/wp-json\/wp\/v2\/pages\/8974\/revisions"}],"predecessor-version":[{"id":8977,"href":"https:\/\/aedcolor.com\/index.php\/wp-json\/wp\/v2\/pages\/8974\/revisions\/8977"}],"wp:attachment":[{"href":"https:\/\/aedcolor.com\/index.php\/wp-json\/wp\/v2\/media?parent=8974"}],"curies":[{"name":"wp","href":"https:\/\/api.w.org\/{rel}","templated":true}]}}